{"id":58744,"date":"2026-01-06T16:24:46","date_gmt":"2026-01-06T16:24:46","guid":{"rendered":"https:\/\/shoponlinedz.com\/product\/boite-a-musique-decorative-en-forme-de-violoncelle\/"},"modified":"2026-02-16T16:52:31","modified_gmt":"2026-02-16T15:52:31","slug":"boite-a-musique-decorative-en-forme-de-violoncelle","status":"publish","type":"product","link":"https:\/\/shoponlinedz.com\/en\/product\/boite-a-musique-decorative-en-forme-de-violoncelle\/","title":{"rendered":"Bo\u00eete \u00e0 Musique D\u00e9corative en Forme de Violoncelle"},"content":{"rendered":"<figure class=\"attachment attachment--preview\" data-trix-attachment=\"{&quot;contentType&quot;:&quot;image&quot;,&quot;height&quot;:1024,&quot;url&quot;:&quot;https:\/\/sawaqli.fra1.cdn.digitaloceanspaces.com\/22393\/cello-cnc.jpg&quot;,&quot;width&quot;:1024}\" data-trix-content-type=\"image\"><img decoding=\"async\" class=\"aligncenter\" src=\"https:\/\/sawaqli.fra1.cdn.digitaloceanspaces.com\/22393\/cello-cnc.jpg\" width=\"1024\" height=\"1024\" \/><figcaption class=\"attachment__caption\"><\/figcaption><\/figure>\n<figure class=\"attachment attachment--preview\" data-trix-attachment=\"{&quot;contentType&quot;:&quot;image&quot;,&quot;height&quot;:1024,&quot;url&quot;:&quot;https:\/\/sawaqli.fra1.cdn.digitaloceanspaces.com\/22394\/cello-1.jpg&quot;,&quot;width&quot;:1024}\" data-trix-content-type=\"image\"><img decoding=\"async\" class=\"aligncenter\" src=\"https:\/\/sawaqli.fra1.cdn.digitaloceanspaces.com\/22394\/cello-1.jpg\" width=\"1024\" height=\"1024\" \/><figcaption class=\"attachment__caption\"><\/figcaption><\/figure>\n<figure class=\"attachment attachment--preview\" data-trix-attachment=\"{&quot;contentType&quot;:&quot;image&quot;,&quot;height&quot;:1024,&quot;url&quot;:&quot;https:\/\/sawaqli.fra1.cdn.digitaloceanspaces.com\/22395\/cello-2.jpg&quot;,&quot;width&quot;:1024}\" data-trix-content-type=\"image\"><img decoding=\"async\" class=\"aligncenter\" src=\"https:\/\/sawaqli.fra1.cdn.digitaloceanspaces.com\/22395\/cello-2.jpg\" width=\"1024\" height=\"1024\" \/><figcaption class=\"attachment__caption\"><\/figcaption><\/figure>\n<figure class=\"attachment attachment--preview\" data-trix-attachment=\"{&quot;contentType&quot;:&quot;image&quot;,&quot;height&quot;:1024,&quot;url&quot;:&quot;https:\/\/sawaqli.fra1.cdn.digitaloceanspaces.com\/22396\/cello-3.jpg&quot;,&quot;width&quot;:1024}\" data-trix-content-type=\"image\"><img decoding=\"async\" class=\"aligncenter\" src=\"https:\/\/sawaqli.fra1.cdn.digitaloceanspaces.com\/22396\/cello-3.jpg\" width=\"1024\" height=\"1024\" \/><figcaption class=\"attachment__caption\"><\/figcaption><\/figure>\n<figure class=\"attachment attachment--preview\" data-trix-attachment=\"{&quot;contentType&quot;:&quot;image&quot;,&quot;height&quot;:1024,&quot;url&quot;:&quot;https:\/\/sawaqli.fra1.cdn.digitaloceanspaces.com\/22397\/cello-6.jpg&quot;,&quot;width&quot;:1024}\" data-trix-content-type=\"image\"><img decoding=\"async\" class=\"aligncenter\" src=\"https:\/\/sawaqli.fra1.cdn.digitaloceanspaces.com\/22397\/cello-6.jpg\" width=\"1024\" height=\"1024\" \/><figcaption class=\"attachment__caption\"><\/figcaption><\/figure>\n<p style=\"text-align: center;\">","protected":false},"excerpt":{"rendered":"<p>\u0635\u0646\u062f\u0648\u0642 \u0645\u0648\u0633\u064a\u0642\u0649 \u0639\u0644\u0649 \u0634\u0643\u0644 \u062a\u0634\u064a\u0644\u0648 (\u0643\u0645\u0627\u0646 \u062c\u0647\u064a\u0631)\u0647\u062f\u064a\u0629 \u0645\u062b\u0627\u0644\u064a\u0629: \u0647\u062f\u064a\u0629 \u0631\u0627\u0626\u0639\u0629 \u0644\u0644\u0635\u062f\u064a\u0642\u0627\u062a\u060c \u0627\u0644\u0632\u0648\u062c\u0629\u060c \u0627\u0644\u0623\u0637\u0641\u0627\u0644\u060c \u0623\u0648 \u0644\u0644\u0645\u0646\u0627\u0633\u0628\u0627\u062a \u0645\u062b\u0644 \u0631\u0623\u0633 \u0627\u0644\u0633\u0646\u0629\u060c \u0639\u064a\u062f \u0627\u0644\u0645\u064a\u0644\u0627\u062f\u060c \u0639\u064a\u062f \u0627\u0644\u062d\u0628 \u0648\u0623\u0639\u064a\u0627\u062f \u0627\u0644\u0645\u064a\u0644\u0627\u062f.\u062a\u0634\u063a\u064a\u0644 \u0628\u0633\u064a\u0637: \u0644\u0627 \u064a\u062d\u062a\u0627\u062c \u0625\u0644\u0649 \u0628\u0637\u0627\u0631\u064a\u0627\u062a\u060c \u0641\u0642\u0637 \u0642\u0645 \u0628\u0644\u0641 \u0627\u0644\u0632\u0646\u0628\u0631\u0643 \u0627\u0644\u062c\u0627\u0646\u0628\u064a \u0644\u064a\u0633\u062a\u0645\u062a\u0639 \u0627\u0644\u062c\u0645\u064a\u0639 \u0628\u0644\u062d\u0646 \u062c\u0645\u064a\u0644.\u062d\u0631\u0641\u064a\u0629 \u0639\u0627\u0644\u064a\u0629: \u062a\u0635\u0645\u064a\u0645 \u0643\u0631\u062a\u0648\u0646\u064a \u062f\u0642\u064a\u0642 \u0639\u0644\u0649 \u0634\u0643\u0644 \u062a\u0634\u064a\u0644\u0648 \u0645\u0646\u0627\u0633\u0628 \u0644\u0644\u0647\u062f\u0627\u064a\u0627 \u0648\u0627\u0644\u0645\u0642\u062a\u0646\u064a\u0627\u062a \u0648\u0627\u0644\u062f\u064a\u0643\u0648\u0631\u0627\u062a.\u0645\u0648\u0627\u062f \u0645\u0645\u062a\u0627\u0632\u0629: \u0645\u0635\u0646\u0648\u0639 \u0645\u0646 \u062e\u0627\u0645\u0627\u062a \u0639\u0627\u0644\u064a\u0629 \u0627\u0644\u062c\u0648\u062f\u0629 \u0645\u0639 \u062d\u0631\u0643\u0629 \u0645\u064a\u0643\u0627\u0646\u064a\u0643\u064a\u0629 \u062f\u0642\u064a\u0642\u0629.\u0632\u064a\u0646\u0629 \u0623\u0646\u064a\u0642\u0629: \u062d\u062c\u0645\u0647 \u0645\u0646\u0627\u0633\u0628 \u0644\u0648\u0636\u0639\u0647 \u0641\u064a \u0623\u064a \u0645\u0643\u0627\u0646 \u062f\u0648\u0646 \u0623\u0646 \u064a\u0634\u063a\u0644 \u0645\u0633\u0627\u062d\u0629 \u0643\u0628\u064a\u0631\u0629..<\/p>","protected":false},"featured_media":58743,"comment_status":"open","ping_status":"closed","template":"","meta":[],"product_brand":[],"product_cat":[2460],"product_tag":[],"class_list":{"0":"post-58744","1":"product","2":"type-product","3":"status-publish","4":"has-post-thumbnail","6":"product_cat-decoration","8":"first","9":"instock","10":"taxable","11":"shipping-taxable","12":"purchasable","13":"product-type-simple"},"jetpack_sharing_enabled":true,"_links":{"self":[{"href":"https:\/\/shoponlinedz.com\/en\/wp-json\/wp\/v2\/product\/58744","targetHints":{"allow":["GET"]}}],"collection":[{"href":"https:\/\/shoponlinedz.com\/en\/wp-json\/wp\/v2\/product"}],"about":[{"href":"https:\/\/shoponlinedz.com\/en\/wp-json\/wp\/v2\/types\/product"}],"replies":[{"embeddable":true,"href":"https:\/\/shoponlinedz.com\/en\/wp-json\/wp\/v2\/comments?post=58744"}],"version-history":[{"count":0,"href":"https:\/\/shoponlinedz.com\/en\/wp-json\/wp\/v2\/product\/58744\/revisions"}],"wp:featuredmedia":[{"embeddable":true,"href":"https:\/\/shoponlinedz.com\/en\/wp-json\/wp\/v2\/media\/58743"}],"wp:attachment":[{"href":"https:\/\/shoponlinedz.com\/en\/wp-json\/wp\/v2\/media?parent=58744"}],"wp:term":[{"taxonomy":"product_brand","embeddable":true,"href":"https:\/\/shoponlinedz.com\/en\/wp-json\/wp\/v2\/product_brand?post=58744"},{"taxonomy":"product_cat","embeddable":true,"href":"https:\/\/shoponlinedz.com\/en\/wp-json\/wp\/v2\/product_cat?post=58744"},{"taxonomy":"product_tag","embeddable":true,"href":"https:\/\/shoponlinedz.com\/en\/wp-json\/wp\/v2\/product_tag?post=58744"}],"curies":[{"name":"wp","href":"https:\/\/api.w.org\/{rel}","templated":true}]}}