{"id":58597,"date":"2026-01-06T16:19:03","date_gmt":"2026-01-06T16:19:03","guid":{"rendered":"https:\/\/shoponlinedz.com\/product\/lampe-tactile-en-silicone-rechargeable-usb-veilleuse-enfant-panda\/"},"modified":"2026-02-16T16:52:35","modified_gmt":"2026-02-16T15:52:35","slug":"lampe-tactile-en-silicone-rechargeable-usb-veilleuse-enfant-panda","status":"publish","type":"product","link":"https:\/\/shoponlinedz.com\/en\/product\/lampe-tactile-en-silicone-rechargeable-usb-veilleuse-enfant-panda\/","title":{"rendered":"Lampe Tactile en Silicone Rechargeable USB &#8211; Veilleuse Enfant Panda"},"content":{"rendered":"<figure class=\"attachment attachment--preview\" data-trix-attachment=\"{&quot;contentType&quot;:&quot;image&quot;,&quot;height&quot;:1024,&quot;url&quot;:&quot;https:\/\/sawaqli.fra1.cdn.digitaloceanspaces.com\/24769\/Panda-veilleuse-cnc.jpg&quot;,&quot;width&quot;:1024}\" data-trix-content-type=\"image\"><img decoding=\"async\" class=\"aligncenter\" src=\"https:\/\/sawaqli.fra1.cdn.digitaloceanspaces.com\/24769\/Panda-veilleuse-cnc.jpg\" width=\"1024\" height=\"1024\" \/><figcaption class=\"attachment__caption\"><\/figcaption><\/figure>\n<figure class=\"attachment attachment--preview\" data-trix-attachment=\"{&quot;contentType&quot;:&quot;image&quot;,&quot;height&quot;:1024,&quot;url&quot;:&quot;https:\/\/sawaqli.fra1.cdn.digitaloceanspaces.com\/24770\/Panda-veilleuse-2.jpg&quot;,&quot;width&quot;:1024}\" data-trix-content-type=\"image\"><img decoding=\"async\" class=\"aligncenter\" src=\"https:\/\/sawaqli.fra1.cdn.digitaloceanspaces.com\/24770\/Panda-veilleuse-2.jpg\" width=\"1024\" height=\"1024\" \/><figcaption class=\"attachment__caption\"><\/figcaption><\/figure>\n<figure class=\"attachment attachment--preview\" data-trix-attachment=\"{&quot;contentType&quot;:&quot;image&quot;,&quot;height&quot;:1024,&quot;url&quot;:&quot;https:\/\/sawaqli.fra1.cdn.digitaloceanspaces.com\/24771\/Panda-veilleuse-1.jpg&quot;,&quot;width&quot;:1024}\" data-trix-content-type=\"image\"><img decoding=\"async\" class=\"aligncenter\" src=\"https:\/\/sawaqli.fra1.cdn.digitaloceanspaces.com\/24771\/Panda-veilleuse-1.jpg\" width=\"1024\" height=\"1024\" \/><figcaption class=\"attachment__caption\"><\/figcaption><\/figure>\n<figure class=\"attachment attachment--preview\" data-trix-attachment=\"{&quot;contentType&quot;:&quot;image&quot;,&quot;height&quot;:1024,&quot;url&quot;:&quot;https:\/\/sawaqli.fra1.cdn.digitaloceanspaces.com\/24772\/Panda-veilleuse-9.jpg&quot;,&quot;width&quot;:1024}\" data-trix-content-type=\"image\"><img decoding=\"async\" class=\"aligncenter\" src=\"https:\/\/sawaqli.fra1.cdn.digitaloceanspaces.com\/24772\/Panda-veilleuse-9.jpg\" width=\"1024\" height=\"1024\" \/><figcaption class=\"attachment__caption\"><\/figcaption><\/figure>\n<figure class=\"attachment attachment--preview\" data-trix-attachment=\"{&quot;contentType&quot;:&quot;image&quot;,&quot;height&quot;:1024,&quot;url&quot;:&quot;https:\/\/sawaqli.fra1.cdn.digitaloceanspaces.com\/24773\/Panda-veilleuse-10.jpg&quot;,&quot;width&quot;:1024}\" data-trix-content-type=\"image\"><img decoding=\"async\" class=\"aligncenter\" src=\"https:\/\/sawaqli.fra1.cdn.digitaloceanspaces.com\/24773\/Panda-veilleuse-10.jpg\" width=\"1024\" height=\"1024\" \/><figcaption class=\"attachment__caption\"><\/figcaption><\/figure>\n<p style=\"text-align: center;\">","protected":false},"excerpt":{"rendered":"<p>Cette Veilleuse LED peut cr\u00e9er une atmosph\u00e8re de r\u00eave pour votre chambre. Convient pour chambre, nursery, salle de b\u00e9b\u00e9, lampe d\u00e9corative et autres lieux romantiques.Touchez le Contr\u00f4le: mode normal de lumi\u00e8re blanche et mode de lumi\u00e8re clignotante de 7 couleurs et mode de couleurs simples, commande sensible de robinet pour allumer \/ \u00e9teindre la veilleuse enfant ou changer les modes de couleur comme vous souhaitez.Silicone Veilleuse Enfants:Les mat\u00e9riaux silicone s\u00fbrs ne contiennent aucune substance nocive et constituent une veilleuse 100% s\u00fbre pour votre tout-petit qui aime jouer et c\u00e2lin.Doux et Confortable: La lumi\u00e8re de nuit peut \u00eatre press\u00e9 et d\u00e9form\u00e9, puis revient \u00e0 sa forme normale, peut \u00eatre un jouet de d\u00e9compression lorsque vous vous ennuyez, en col\u00e8re ou d\u00e9prim\u00e9.USB Rechargeable : Vous pouvez charger la lampe de nuit par USB power ordinateur ou tout autre p\u00e9riph\u00e9rique avec port de sortie USB.<\/p>","protected":false},"featured_media":58596,"comment_status":"open","ping_status":"closed","template":"","meta":[],"product_brand":[],"product_cat":[2461],"product_tag":[],"class_list":{"0":"post-58597","1":"product","2":"type-product","3":"status-publish","4":"has-post-thumbnail","6":"product_cat-divers","8":"first","9":"instock","10":"taxable","11":"shipping-taxable","12":"purchasable","13":"product-type-simple"},"jetpack_sharing_enabled":true,"_links":{"self":[{"href":"https:\/\/shoponlinedz.com\/en\/wp-json\/wp\/v2\/product\/58597","targetHints":{"allow":["GET"]}}],"collection":[{"href":"https:\/\/shoponlinedz.com\/en\/wp-json\/wp\/v2\/product"}],"about":[{"href":"https:\/\/shoponlinedz.com\/en\/wp-json\/wp\/v2\/types\/product"}],"replies":[{"embeddable":true,"href":"https:\/\/shoponlinedz.com\/en\/wp-json\/wp\/v2\/comments?post=58597"}],"version-history":[{"count":0,"href":"https:\/\/shoponlinedz.com\/en\/wp-json\/wp\/v2\/product\/58597\/revisions"}],"wp:featuredmedia":[{"embeddable":true,"href":"https:\/\/shoponlinedz.com\/en\/wp-json\/wp\/v2\/media\/58596"}],"wp:attachment":[{"href":"https:\/\/shoponlinedz.com\/en\/wp-json\/wp\/v2\/media?parent=58597"}],"wp:term":[{"taxonomy":"product_brand","embeddable":true,"href":"https:\/\/shoponlinedz.com\/en\/wp-json\/wp\/v2\/product_brand?post=58597"},{"taxonomy":"product_cat","embeddable":true,"href":"https:\/\/shoponlinedz.com\/en\/wp-json\/wp\/v2\/product_cat?post=58597"},{"taxonomy":"product_tag","embeddable":true,"href":"https:\/\/shoponlinedz.com\/en\/wp-json\/wp\/v2\/product_tag?post=58597"}],"curies":[{"name":"wp","href":"https:\/\/api.w.org\/{rel}","templated":true}]}}