{"id":58591,"date":"2026-01-06T16:18:52","date_gmt":"2026-01-06T16:18:52","guid":{"rendered":"https:\/\/shoponlinedz.com\/product\/tablette-de-dessin-magnetique-pour-enfants-tableau-de-croquis-educatif-avec-billes-colorees-et-stylet-magnetique\/"},"modified":"2026-02-16T16:52:35","modified_gmt":"2026-02-16T15:52:35","slug":"tablette-de-dessin-magnetique-pour-enfants-tableau-de-croquis-educatif-avec-billes-colorees-et-stylet-magnetique","status":"publish","type":"product","link":"https:\/\/shoponlinedz.com\/en\/product\/tablette-de-dessin-magnetique-pour-enfants-tableau-de-croquis-educatif-avec-billes-colorees-et-stylet-magnetique\/","title":{"rendered":"Tablette de Dessin Magn\u00e9tique pour Enfants : Tableau de Croquis \u00c9ducatif avec Billes Color\u00e9es et Stylet Magn\u00e9tique"},"content":{"rendered":"<figure class=\"attachment attachment--preview\" data-trix-attachment=\"{&quot;contentType&quot;:&quot;image&quot;,&quot;height&quot;:1024,&quot;url&quot;:&quot;https:\/\/sawaqli.fra1.cdn.digitaloceanspaces.com\/24756\/Magnatic-Child-Game.jpg&quot;,&quot;width&quot;:1024}\" data-trix-content-type=\"image\"><img decoding=\"async\" class=\"aligncenter\" src=\"https:\/\/sawaqli.fra1.cdn.digitaloceanspaces.com\/24756\/Magnatic-Child-Game.jpg\" width=\"1024\" height=\"1024\" \/><figcaption class=\"attachment__caption\"><\/figcaption><\/figure>\n<figure class=\"attachment attachment--preview\" data-trix-attachment=\"{&quot;contentType&quot;:&quot;image&quot;,&quot;height&quot;:1024,&quot;url&quot;:&quot;https:\/\/sawaqli.fra1.cdn.digitaloceanspaces.com\/24757\/Magnatic-Child-Game-1.jpg&quot;,&quot;width&quot;:1024}\" data-trix-content-type=\"image\"><img decoding=\"async\" class=\"aligncenter\" src=\"https:\/\/sawaqli.fra1.cdn.digitaloceanspaces.com\/24757\/Magnatic-Child-Game-1.jpg\" width=\"1024\" height=\"1024\" \/><figcaption class=\"attachment__caption\"><\/figcaption><\/figure>\n<figure class=\"attachment attachment--preview\" data-trix-attachment=\"{&quot;contentType&quot;:&quot;image&quot;,&quot;height&quot;:1024,&quot;url&quot;:&quot;https:\/\/sawaqli.fra1.cdn.digitaloceanspaces.com\/24758\/Magnatic-Child-Game-2.jpg&quot;,&quot;width&quot;:1024}\" data-trix-content-type=\"image\"><img decoding=\"async\" class=\"aligncenter\" src=\"https:\/\/sawaqli.fra1.cdn.digitaloceanspaces.com\/24758\/Magnatic-Child-Game-2.jpg\" width=\"1024\" height=\"1024\" \/><figcaption class=\"attachment__caption\"><\/figcaption><\/figure>\n<figure class=\"attachment attachment--preview\" data-trix-attachment=\"{&quot;contentType&quot;:&quot;image&quot;,&quot;height&quot;:1024,&quot;url&quot;:&quot;https:\/\/sawaqli.fra1.cdn.digitaloceanspaces.com\/24759\/Magnatic-Child-Game-3.jpg&quot;,&quot;width&quot;:1024}\" data-trix-content-type=\"image\"><img decoding=\"async\" class=\"aligncenter\" src=\"https:\/\/sawaqli.fra1.cdn.digitaloceanspaces.com\/24759\/Magnatic-Child-Game-3.jpg\" width=\"1024\" height=\"1024\" \/><figcaption class=\"attachment__caption\"><\/figcaption><\/figure>\n<figure class=\"attachment attachment--preview\" data-trix-attachment=\"{&quot;contentType&quot;:&quot;image&quot;,&quot;height&quot;:1024,&quot;url&quot;:&quot;https:\/\/sawaqli.fra1.cdn.digitaloceanspaces.com\/24760\/Magnatic-Child-Game-4.jpg&quot;,&quot;width&quot;:1024}\" data-trix-content-type=\"image\"><img decoding=\"async\" class=\"aligncenter\" src=\"https:\/\/sawaqli.fra1.cdn.digitaloceanspaces.com\/24760\/Magnatic-Child-Game-4.jpg\" width=\"1024\" height=\"1024\" \/><figcaption class=\"attachment__caption\"><\/figcaption><\/figure>\n<p style=\"text-align: center\">","protected":false},"excerpt":{"rendered":"<p>\u0644\u0648\u062d\u0629 \u0631\u0633\u0645 \u0645\u063a\u0646\u0627\u0637\u064a\u0633\u064a\u0629 \u0645\u0644\u0648\u0646\u0629 \u0644\u0644\u0623\u0637\u0641\u0627\u0644\u062a\u0635\u0645\u064a\u0645 \u0645\u0628\u062a\u0643\u0631: \u062a\u0633\u062a\u062e\u062f\u0645 \u0643\u0631\u0627\u062a \u0645\u063a\u0646\u0627\u0637\u064a\u0633\u064a\u0629 \u0645\u0644\u0648\u0646\u0629 \u0644\u0635\u0646\u0639 \u0631\u0633\u0648\u0645\u0627\u062a \u0645\u0630\u0647\u0644\u0629 \u062a\u0634\u062f \u0627\u0646\u062a\u0628\u0627\u0647 \u0627\u0644\u0623\u0637\u0641\u0627\u0644.\u0642\u0644\u0645 \u0645\u063a\u0646\u0627\u0637\u064a\u0633\u064a \u0645\u0631\u0641\u0642: \u064a\u0633\u0645\u062d \u0628\u0627\u0644\u0631\u0633\u0645 \u0628\u0633\u0647\u0648\u0644\u0629 \u062f\u0648\u0646 \u062d\u0628\u0631 \u0623\u0648 \u0648\u0631\u0642 \u0645\u0646 \u062e\u0644\u0627\u0644 \u062c\u0630\u0628 \u0627\u0644\u0643\u0631\u0627\u062a \u0644\u0644\u0633\u0637\u062d.\u062a\u0646\u0645\u064a\u0629 \u0627\u0644\u0645\u0647\u0627\u0631\u0627\u062a: \u064a\u0639\u0632\u0632 \u0627\u0644\u0645\u0647\u0627\u0631\u0627\u062a \u0627\u0644\u062d\u0631\u0643\u064a\u0629 \u0627\u0644\u062f\u0642\u064a\u0642\u0629 \u0648\u0627\u0644\u062a\u0639\u0631\u0641 \u0639\u0644\u0649 \u0627\u0644\u0623\u0644\u0648\u0627\u0646 \u0648\u0627\u0644\u0623\u0634\u0643\u0627\u0644 \u0648\u062a\u062d\u0633\u064a\u0646 \u0627\u0644\u062a\u0631\u0643\u064a\u0632 \u0648\u0627\u0644\u062a\u0646\u0633\u064a\u0642 \u0628\u064a\u0646 \u0627\u0644\u0639\u064a\u0646 \u0648\u0627\u0644\u064a\u062f.\u0633\u0647\u0644\u0629 \u0627\u0644\u0645\u0633\u062d: \u064a\u0645\u0643\u0646 \u0645\u0633\u062d \u0627\u0644\u0631\u0633\u0648\u0645\u0627\u062a \u0628\u0633\u0647\u0648\u0644\u0629 \u0628\u062a\u0645\u0631\u064a\u0631 \u0627\u0644\u0642\u0644\u0645 \u0641\u0648\u0642 \u0627\u0644\u0633\u0637\u062d \u0644\u0645\u062a\u0639\u0629 \u0644\u0627 \u062a\u0646\u062a\u0647\u064a.\u0645\u062d\u0645\u0648\u0644\u0629 \u0648\u0645\u062a\u064a\u0646\u0629: \u0645\u0635\u0646\u0648\u0639\u0629 \u0645\u0646 \u062e\u0627\u0645\u0627\u062a \u0642\u0648\u064a\u0629 \u0648\u062e\u0641\u064a\u0641\u0629 \u0627\u0644\u0648\u0632\u0646\u060c \u0645\u062b\u0627\u0644\u064a\u0629 \u0644\u0644\u0627\u0633\u062a\u062e\u062f\u0627\u0645 \u0641\u064a \u0627\u0644\u0645\u0646\u0632\u0644 \u0623\u0648 \u0627\u0644\u0645\u062f\u0631\u0633\u0629 \u0623\u0648 \u0623\u062b\u0646\u0627\u0621 \u0627\u0644\u0633\u0641\u0631.<\/p>","protected":false},"featured_media":58590,"comment_status":"open","ping_status":"closed","template":"","meta":[],"product_brand":[],"product_cat":[2459],"product_tag":[],"class_list":{"0":"post-58591","1":"product","2":"type-product","3":"status-publish","4":"has-post-thumbnail","6":"product_cat-jouet-gaming","8":"first","9":"outofstock","10":"taxable","11":"shipping-taxable","12":"purchasable","13":"product-type-simple"},"jetpack_sharing_enabled":true,"_links":{"self":[{"href":"https:\/\/shoponlinedz.com\/en\/wp-json\/wp\/v2\/product\/58591","targetHints":{"allow":["GET"]}}],"collection":[{"href":"https:\/\/shoponlinedz.com\/en\/wp-json\/wp\/v2\/product"}],"about":[{"href":"https:\/\/shoponlinedz.com\/en\/wp-json\/wp\/v2\/types\/product"}],"replies":[{"embeddable":true,"href":"https:\/\/shoponlinedz.com\/en\/wp-json\/wp\/v2\/comments?post=58591"}],"version-history":[{"count":0,"href":"https:\/\/shoponlinedz.com\/en\/wp-json\/wp\/v2\/product\/58591\/revisions"}],"wp:featuredmedia":[{"embeddable":true,"href":"https:\/\/shoponlinedz.com\/en\/wp-json\/wp\/v2\/media\/58590"}],"wp:attachment":[{"href":"https:\/\/shoponlinedz.com\/en\/wp-json\/wp\/v2\/media?parent=58591"}],"wp:term":[{"taxonomy":"product_brand","embeddable":true,"href":"https:\/\/shoponlinedz.com\/en\/wp-json\/wp\/v2\/product_brand?post=58591"},{"taxonomy":"product_cat","embeddable":true,"href":"https:\/\/shoponlinedz.com\/en\/wp-json\/wp\/v2\/product_cat?post=58591"},{"taxonomy":"product_tag","embeddable":true,"href":"https:\/\/shoponlinedz.com\/en\/wp-json\/wp\/v2\/product_tag?post=58591"}],"curies":[{"name":"wp","href":"https:\/\/api.w.org\/{rel}","templated":true}]}}