{"id":58513,"date":"2026-01-06T16:16:03","date_gmt":"2026-01-06T16:16:03","guid":{"rendered":"https:\/\/shoponlinedz.com\/product\/ensemble-de-pedicure-coupe-ongles-16-pieces-avec-ciseaux-pince-a-epiler-outils-de-manucure-professionnels\/"},"modified":"2026-02-16T16:52:39","modified_gmt":"2026-02-16T15:52:39","slug":"ensemble-de-pedicure-coupe-ongles-16-pieces-avec-ciseaux-pince-a-epiler-outils-de-manucure-professionnels","status":"publish","type":"product","link":"https:\/\/shoponlinedz.com\/en\/product\/ensemble-de-pedicure-coupe-ongles-16-pieces-avec-ciseaux-pince-a-epiler-outils-de-manucure-professionnels\/","title":{"rendered":"Ensemble de p\u00e9dicure coupe-ongles 16 pi\u00e8ces avec ciseaux pince \u00e0 \u00e9piler outils de manucure professionnels"},"content":{"rendered":"<figure class=\"attachment attachment--preview\" data-trix-attachment=\"{&quot;contentType&quot;:&quot;image&quot;,&quot;height&quot;:1024,&quot;url&quot;:&quot;https:\/\/sawaqli.fra1.cdn.digitaloceanspaces.com\/25961\/Kit-19pcs-manicure-cnc.jpg&quot;,&quot;width&quot;:1024}\" data-trix-content-type=\"image\"><img decoding=\"async\" class=\"aligncenter\" src=\"https:\/\/sawaqli.fra1.cdn.digitaloceanspaces.com\/25961\/Kit-19pcs-manicure-cnc.jpg\" width=\"1024\" height=\"1024\" \/><figcaption class=\"attachment__caption\"><\/figcaption><\/figure>\n<figure class=\"attachment attachment--preview\" data-trix-attachment=\"{&quot;contentType&quot;:&quot;image&quot;,&quot;height&quot;:1024,&quot;url&quot;:&quot;https:\/\/sawaqli.fra1.cdn.digitaloceanspaces.com\/25962\/Kit-19pcs-manicure-7.jpg&quot;,&quot;width&quot;:1024}\" data-trix-content-type=\"image\"><img decoding=\"async\" class=\"aligncenter\" src=\"https:\/\/sawaqli.fra1.cdn.digitaloceanspaces.com\/25962\/Kit-19pcs-manicure-7.jpg\" width=\"1024\" height=\"1024\" \/><figcaption class=\"attachment__caption\"><\/figcaption><\/figure>\n<figure class=\"attachment attachment--preview\" data-trix-attachment=\"{&quot;contentType&quot;:&quot;image&quot;,&quot;height&quot;:1024,&quot;url&quot;:&quot;https:\/\/sawaqli.fra1.cdn.digitaloceanspaces.com\/25963\/Kit-19pcs-manicure-6.jpg&quot;,&quot;width&quot;:1024}\" data-trix-content-type=\"image\"><img decoding=\"async\" class=\"aligncenter\" src=\"https:\/\/sawaqli.fra1.cdn.digitaloceanspaces.com\/25963\/Kit-19pcs-manicure-6.jpg\" width=\"1024\" height=\"1024\" \/><figcaption class=\"attachment__caption\"><\/figcaption><\/figure>\n<figure class=\"attachment attachment--preview\" data-trix-attachment=\"{&quot;contentType&quot;:&quot;image&quot;,&quot;height&quot;:1024,&quot;url&quot;:&quot;https:\/\/sawaqli.fra1.cdn.digitaloceanspaces.com\/25964\/Kit-19pcs-manicure-5.jpg&quot;,&quot;width&quot;:1024}\" data-trix-content-type=\"image\"><img decoding=\"async\" class=\"aligncenter\" src=\"https:\/\/sawaqli.fra1.cdn.digitaloceanspaces.com\/25964\/Kit-19pcs-manicure-5.jpg\" width=\"1024\" height=\"1024\" \/><figcaption class=\"attachment__caption\"><\/figcaption><\/figure>\n<figure class=\"attachment attachment--preview\" data-trix-attachment=\"{&quot;contentType&quot;:&quot;image&quot;,&quot;height&quot;:1024,&quot;url&quot;:&quot;https:\/\/sawaqli.fra1.cdn.digitaloceanspaces.com\/25965\/Kit-19pcs-manicure-3.jpg&quot;,&quot;width&quot;:1024}\" data-trix-content-type=\"image\"><img decoding=\"async\" class=\"aligncenter\" src=\"https:\/\/sawaqli.fra1.cdn.digitaloceanspaces.com\/25965\/Kit-19pcs-manicure-3.jpg\" width=\"1024\" height=\"1024\" \/><figcaption class=\"attachment__caption\"><\/figcaption><\/figure>\n<p style=\"text-align: center;\">","protected":false},"excerpt":{"rendered":"<p>100% neuf et de qualit\u00e9, le kit de manucure comprend les soins du visage, des mains et des pieds. L\u2019ensemble complet de coupe-ongles est livr\u00e9 avec un \u00e9tui en cuir, ce qui permet \u00e0 chaque composant de s\u2019user moins facilement.Qualit\u00e9 sup\u00e9rieure : le kit de p\u00e9dicure est fabriqu\u00e9 en acier inoxydable robuste et dispose d\u2019une fermeture \u00e9clair lisse. Facile \u00e0 fermer et \u00e0 ouvrir. Les coupe-ongles sont tranchants et imperm\u00e9ables, ne rouillent pas facilement.Diff\u00e9rents outils peuvent r\u00e9pondre \u00e0 vos diverses demandes, notamment les soins des mains, les soins du visage, les soins des pieds, l\u00e9gers, parfaits pour un usage professionnel en salon et \u00e0 domicile.Cadeau id\u00e9al : le kit d\u2019ongles multifonctionnel r\u00e9pond \u00e0 tous vos besoins. Le meilleur cadeau pour les amis, les membres de la famille, les amoureux de la manucure et de la p\u00e9dicure.Pr\u00e9caution : Pour une longue dur\u00e9e de vie, il est pr\u00e9f\u00e9rable de garder l\u2019outil propre et sec apr\u00e8s utilisation, et de le remettre dans l\u2019\u00e9tui apr\u00e8s chaque utilisation.<\/p>","protected":false},"featured_media":58512,"comment_status":"open","ping_status":"closed","template":"","meta":[],"product_brand":[],"product_cat":[2461],"product_tag":[],"class_list":{"0":"post-58513","1":"product","2":"type-product","3":"status-publish","4":"has-post-thumbnail","6":"product_cat-divers","8":"first","9":"instock","10":"taxable","11":"shipping-taxable","12":"purchasable","13":"product-type-simple"},"jetpack_sharing_enabled":true,"_links":{"self":[{"href":"https:\/\/shoponlinedz.com\/en\/wp-json\/wp\/v2\/product\/58513","targetHints":{"allow":["GET"]}}],"collection":[{"href":"https:\/\/shoponlinedz.com\/en\/wp-json\/wp\/v2\/product"}],"about":[{"href":"https:\/\/shoponlinedz.com\/en\/wp-json\/wp\/v2\/types\/product"}],"replies":[{"embeddable":true,"href":"https:\/\/shoponlinedz.com\/en\/wp-json\/wp\/v2\/comments?post=58513"}],"version-history":[{"count":0,"href":"https:\/\/shoponlinedz.com\/en\/wp-json\/wp\/v2\/product\/58513\/revisions"}],"wp:featuredmedia":[{"embeddable":true,"href":"https:\/\/shoponlinedz.com\/en\/wp-json\/wp\/v2\/media\/58512"}],"wp:attachment":[{"href":"https:\/\/shoponlinedz.com\/en\/wp-json\/wp\/v2\/media?parent=58513"}],"wp:term":[{"taxonomy":"product_brand","embeddable":true,"href":"https:\/\/shoponlinedz.com\/en\/wp-json\/wp\/v2\/product_brand?post=58513"},{"taxonomy":"product_cat","embeddable":true,"href":"https:\/\/shoponlinedz.com\/en\/wp-json\/wp\/v2\/product_cat?post=58513"},{"taxonomy":"product_tag","embeddable":true,"href":"https:\/\/shoponlinedz.com\/en\/wp-json\/wp\/v2\/product_tag?post=58513"}],"curies":[{"name":"wp","href":"https:\/\/api.w.org\/{rel}","templated":true}]}}