{"id":58477,"date":"2026-01-06T16:14:46","date_gmt":"2026-01-06T16:14:46","guid":{"rendered":"https:\/\/shoponlinedz.com\/product\/gants-robotiques-de-reeducation-hemiplegique-entrainement-des-doigts-et-des-mains\/"},"modified":"2026-02-16T16:52:40","modified_gmt":"2026-02-16T15:52:40","slug":"gants-robotiques-de-reeducation-hemiplegique-entrainement-des-doigts-et-des-mains","status":"publish","type":"product","link":"https:\/\/shoponlinedz.com\/en\/product\/gants-robotiques-de-reeducation-hemiplegique-entrainement-des-doigts-et-des-mains\/","title":{"rendered":"Gants Robotiques de R\u00e9\u00e9ducation H\u00e9mipl\u00e9gique, Entra\u00eenement des Doigts et des Mains"},"content":{"rendered":"<figure class=\"attachment attachment--preview\" data-trix-attachment=\"{&quot;contentType&quot;:&quot;image&quot;,&quot;height&quot;:1024,&quot;url&quot;:&quot;https:\/\/sawaqli.fra1.cdn.digitaloceanspaces.com\/25992\/reducation.jpg&quot;,&quot;width&quot;:1024}\" data-trix-content-type=\"image\"><img decoding=\"async\" class=\"aligncenter\" src=\"https:\/\/sawaqli.fra1.cdn.digitaloceanspaces.com\/25992\/reducation.jpg\" width=\"1024\" height=\"1024\" \/><figcaption class=\"attachment__caption\"><\/figcaption><\/figure>\n<figure class=\"attachment attachment--preview\" data-trix-attachment=\"{&quot;contentType&quot;:&quot;image&quot;,&quot;height&quot;:1024,&quot;url&quot;:&quot;https:\/\/sawaqli.fra1.cdn.digitaloceanspaces.com\/25993\/reducation-3.jpg&quot;,&quot;width&quot;:1024}\" data-trix-content-type=\"image\"><img decoding=\"async\" class=\"aligncenter\" src=\"https:\/\/sawaqli.fra1.cdn.digitaloceanspaces.com\/25993\/reducation-3.jpg\" width=\"1024\" height=\"1024\" \/><figcaption class=\"attachment__caption\"><\/figcaption><\/figure>\n<figure class=\"attachment attachment--preview\" data-trix-attachment=\"{&quot;contentType&quot;:&quot;image&quot;,&quot;height&quot;:1024,&quot;url&quot;:&quot;https:\/\/sawaqli.fra1.cdn.digitaloceanspaces.com\/25994\/reducation-4.jpg&quot;,&quot;width&quot;:1024}\" data-trix-content-type=\"image\"><img decoding=\"async\" class=\"aligncenter\" src=\"https:\/\/sawaqli.fra1.cdn.digitaloceanspaces.com\/25994\/reducation-4.jpg\" width=\"1024\" height=\"1024\" \/><figcaption class=\"attachment__caption\"><\/figcaption><\/figure>\n<figure class=\"attachment attachment--preview\" data-trix-attachment=\"{&quot;contentType&quot;:&quot;image&quot;,&quot;height&quot;:1024,&quot;url&quot;:&quot;https:\/\/sawaqli.fra1.cdn.digitaloceanspaces.com\/25995\/reducation-5.jpg&quot;,&quot;width&quot;:1024}\" data-trix-content-type=\"image\"><img decoding=\"async\" class=\"aligncenter\" src=\"https:\/\/sawaqli.fra1.cdn.digitaloceanspaces.com\/25995\/reducation-5.jpg\" width=\"1024\" height=\"1024\" \/><figcaption class=\"attachment__caption\"><\/figcaption><\/figure>\n<figure class=\"attachment attachment--preview\" data-trix-attachment=\"{&quot;contentType&quot;:&quot;image&quot;,&quot;height&quot;:1024,&quot;url&quot;:&quot;https:\/\/sawaqli.fra1.cdn.digitaloceanspaces.com\/25996\/reducation-6.jpg&quot;,&quot;width&quot;:1024}\" data-trix-content-type=\"image\"><img decoding=\"async\" class=\"aligncenter\" src=\"https:\/\/sawaqli.fra1.cdn.digitaloceanspaces.com\/25996\/reducation-6.jpg\" width=\"1024\" height=\"1024\" \/><figcaption class=\"attachment__caption\"><\/figcaption><\/figure>\n<p style=\"text-align: center;\">","protected":false},"excerpt":{"rendered":"<p>\u0642\u0641\u0627\u0632\u0627\u062a \u0631\u0648\u0628\u0648\u062a\u064a\u0629 \u0644\u0625\u0639\u0627\u062f\u0629 \u0627\u0644\u062a\u0623\u0647\u064a\u0644 \u2013 \u0646\u0633\u062e\u0629 \u0645\u062d\u0633\u0646\u0629\u062a\u0635\u0645\u064a\u0645 \u0645\u0637\u0648\u0651\u0631: \u0625\u0636\u0627\u0641\u0629 \u0645\u0641\u0627\u0635\u0644 \u0645\u062a\u0639\u062f\u062f\u0629 \u0644\u0643\u0644 \u0625\u0635\u0628\u0639 \u0644\u062a\u062d\u0633\u064a\u0646 \u0627\u0644\u062d\u0631\u0643\u0629 \u0648\u0627\u0644\u0645\u0631\u0648\u0646\u0629.\u0648\u0636\u0639 \u0627\u0644\u0645\u0631\u0622\u0629 \u0644\u0645\u0631\u0636\u0649 \u0627\u0644\u0634\u0644\u0644 \u0627\u0644\u0646\u0635\u0641\u064a: \u0627\u0644\u064a\u062f \u0627\u0644\u0633\u0644\u064a\u0645\u0629 \u062a\u062d\u0631\u0643 \u0627\u0644\u064a\u062f \u0627\u0644\u0645\u0635\u0627\u0628\u0629 \u0628\u0627\u0644\u062a\u0632\u0627\u0645\u0646 \u0639\u0628\u0631 \u0645\u0633\u062a\u0634\u0639\u0631\u0627\u062a \u0627\u0644\u062d\u0631\u0643\u0629.\u0644\u0648\u062d\u0629 \u062a\u062d\u0643\u0645 \u0633\u0647\u0644\u0629: \u0634\u0627\u0634\u0629 \u0644\u0645\u0633 \u0645\u0639 \u0623\u0648\u0636\u0627\u0639 \u0645\u062a\u0639\u062f\u062f\u0629 (\u0627\u0644\u0648\u0636\u0639 \u0627\u0644\u0639\u0627\u062f\u064a\u060c \u0648\u0636\u0639 \u0627\u0644\u0645\u0631\u0622\u0629\u060c \u0648\u0636\u0639 \u0627\u0644\u0645\u0642\u0627\u0648\u0645\u0629)\u060c \u0648\u0625\u0645\u0643\u0627\u0646\u064a\u0629 \u0636\u0628\u0637 \u0634\u062f\u0629 \u0627\u0644\u062a\u0645\u0631\u064a\u0646 \u0648\u062a\u0634\u063a\u064a\u0644\/\u0625\u064a\u0642\u0627\u0641 \u0627\u0644\u062c\u0647\u0627\u0632 \u0628\u0633\u0647\u0648\u0644\u0629.\u062e\u0641\u064a\u0641\u0629 \u0648\u0633\u0647\u0644\u0629 \u0627\u0644\u062d\u0645\u0644: \u064a\u0645\u0643\u0646 \u0627\u0633\u062a\u062e\u062f\u0627\u0645\u0647\u0627 \u0641\u064a \u0627\u0644\u0645\u0646\u0632\u0644 \u0628\u062f\u0644 \u0627\u0644\u0630\u0647\u0627\u0628 \u0644\u0645\u0631\u0627\u0643\u0632 \u0625\u0639\u0627\u062f\u0629 \u0627\u0644\u062a\u0623\u0647\u064a\u0644 \u0627\u0644\u0645\u0643\u0644\u0641\u0629.\u0645\u062a\u0648\u0641\u0631\u0629 \u0628\u0645\u0642\u0627\u0633\u0627\u062a \u0648\u0623\u0644\u0648\u0627\u0646 \u0645\u062a\u0639\u062f\u062f\u0629: \u0645\u0646\u0627\u0633\u0628\u0629 \u0644\u0644\u0631\u062c\u0627\u0644 \u0648\u0627\u0644\u0646\u0633\u0627\u0621 \u0645\u0639 \u062c\u062f\u0648\u0644 \u0645\u0642\u0627\u0633\u0627\u062a \u062f\u0642\u064a\u0642 \u0644\u0644\u0627\u062e\u062a\u064a\u0627\u0631 \u0627\u0644\u0645\u0646\u0627\u0633\u0628<\/p>","protected":false},"featured_media":58476,"comment_status":"open","ping_status":"closed","template":"","meta":[],"product_brand":[],"product_cat":[2461],"product_tag":[],"class_list":{"0":"post-58477","1":"product","2":"type-product","3":"status-publish","4":"has-post-thumbnail","6":"product_cat-divers","8":"first","9":"instock","10":"taxable","11":"shipping-taxable","12":"purchasable","13":"product-type-simple"},"jetpack_sharing_enabled":true,"_links":{"self":[{"href":"https:\/\/shoponlinedz.com\/en\/wp-json\/wp\/v2\/product\/58477","targetHints":{"allow":["GET"]}}],"collection":[{"href":"https:\/\/shoponlinedz.com\/en\/wp-json\/wp\/v2\/product"}],"about":[{"href":"https:\/\/shoponlinedz.com\/en\/wp-json\/wp\/v2\/types\/product"}],"replies":[{"embeddable":true,"href":"https:\/\/shoponlinedz.com\/en\/wp-json\/wp\/v2\/comments?post=58477"}],"version-history":[{"count":0,"href":"https:\/\/shoponlinedz.com\/en\/wp-json\/wp\/v2\/product\/58477\/revisions"}],"wp:featuredmedia":[{"embeddable":true,"href":"https:\/\/shoponlinedz.com\/en\/wp-json\/wp\/v2\/media\/58476"}],"wp:attachment":[{"href":"https:\/\/shoponlinedz.com\/en\/wp-json\/wp\/v2\/media?parent=58477"}],"wp:term":[{"taxonomy":"product_brand","embeddable":true,"href":"https:\/\/shoponlinedz.com\/en\/wp-json\/wp\/v2\/product_brand?post=58477"},{"taxonomy":"product_cat","embeddable":true,"href":"https:\/\/shoponlinedz.com\/en\/wp-json\/wp\/v2\/product_cat?post=58477"},{"taxonomy":"product_tag","embeddable":true,"href":"https:\/\/shoponlinedz.com\/en\/wp-json\/wp\/v2\/product_tag?post=58477"}],"curies":[{"name":"wp","href":"https:\/\/api.w.org\/{rel}","templated":true}]}}