{"id":58455,"date":"2026-01-06T16:14:01","date_gmt":"2026-01-06T16:14:01","guid":{"rendered":"https:\/\/shoponlinedz.com\/product\/3-pcs-sac-a-dos-multifonctionnel-avec-sortie-usb-et-sortie-kit-man-noir\/"},"modified":"2026-02-16T16:52:41","modified_gmt":"2026-02-16T15:52:41","slug":"3-pcs-sac-a-dos-multifonctionnel-avec-sortie-usb-et-sortie-kit-man-noir","status":"publish","type":"product","link":"https:\/\/shoponlinedz.com\/en\/product\/3-pcs-sac-a-dos-multifonctionnel-avec-sortie-usb-et-sortie-kit-man-noir\/","title":{"rendered":"3 PCS Sac \u00e0 dos multifonctionnel Avec Sortie USB ET Sortie kit-man &#8211; Noir"},"content":{"rendered":"<figure class=\"attachment attachment--preview\" data-trix-attachment=\"{&quot;contentType&quot;:&quot;image&quot;,&quot;height&quot;:1024,&quot;url&quot;:&quot;https:\/\/sawaqli.fra1.cdn.digitaloceanspaces.com\/25303\/WhatsApp-Image-2022-04-27-at-02.26.13-3-600x600.jpg&quot;,&quot;width&quot;:1024}\" data-trix-content-type=\"image\"><img decoding=\"async\" class=\"aligncenter\" src=\"https:\/\/sawaqli.fra1.cdn.digitaloceanspaces.com\/25303\/WhatsApp-Image-2022-04-27-at-02.26.13-3-600x600.jpg\" width=\"1024\" height=\"1024\" \/><figcaption class=\"attachment__caption\"><\/figcaption><\/figure>\n<figure class=\"attachment attachment--preview\" data-trix-attachment=\"{&quot;contentType&quot;:&quot;image&quot;,&quot;height&quot;:1024,&quot;url&quot;:&quot;https:\/\/sawaqli.fra1.cdn.digitaloceanspaces.com\/25304\/O1CN01REbn8422i81znkJdo_!!2217671057153-0-cib.jpg&quot;,&quot;width&quot;:1024}\" data-trix-content-type=\"image\"><img decoding=\"async\" class=\"aligncenter\" src=\"https:\/\/sawaqli.fra1.cdn.digitaloceanspaces.com\/25304\/O1CN01REbn8422i81znkJdo_!!2217671057153-0-cib.jpg\" width=\"1024\" height=\"1024\" \/><figcaption class=\"attachment__caption\"><\/figcaption><\/figure>\n<p style=\"text-align: center;\">","protected":false},"excerpt":{"rendered":"<p>Caract\u00e9ristiques principalesConception en polyester polyester doux et confortableConception r\u00e9sistante \u00e0 l\u2019eau Apparence \u00e9l\u00e9gantesp\u00e9cification1. Marque : Xiaomi2. Liste : sac \u00e0 dos + sac \u00e0 bandouli\u00e8re + pochette3. Convient pour : usage quotidien, p\u00eache, plein air, shopping, voyage4. Genre : unisexe5. Mat\u00e9riau : polyester6. Style : d\u00e9contract\u00e9, \u00e0 la mode7. type : sac \u00e0 dos8. taille du produit (longueur x largeur x hauteur) : 29,0 cm * 13,0 cm * 46,0 cm9. poids du produit : 0,55 kgListe de colisage1 x sac \u00e0 dos + sac \u00e0 bandouli\u00e8re + pochette<\/p>","protected":false},"featured_media":58454,"comment_status":"open","ping_status":"closed","template":"","meta":[],"product_brand":[],"product_cat":[2474],"product_tag":[],"class_list":{"0":"post-58455","1":"product","2":"type-product","3":"status-publish","4":"has-post-thumbnail","6":"product_cat-sac-a-dos-et-mode","8":"first","9":"instock","10":"taxable","11":"shipping-taxable","12":"purchasable","13":"product-type-simple"},"jetpack_sharing_enabled":true,"_links":{"self":[{"href":"https:\/\/shoponlinedz.com\/en\/wp-json\/wp\/v2\/product\/58455","targetHints":{"allow":["GET"]}}],"collection":[{"href":"https:\/\/shoponlinedz.com\/en\/wp-json\/wp\/v2\/product"}],"about":[{"href":"https:\/\/shoponlinedz.com\/en\/wp-json\/wp\/v2\/types\/product"}],"replies":[{"embeddable":true,"href":"https:\/\/shoponlinedz.com\/en\/wp-json\/wp\/v2\/comments?post=58455"}],"version-history":[{"count":0,"href":"https:\/\/shoponlinedz.com\/en\/wp-json\/wp\/v2\/product\/58455\/revisions"}],"wp:featuredmedia":[{"embeddable":true,"href":"https:\/\/shoponlinedz.com\/en\/wp-json\/wp\/v2\/media\/58454"}],"wp:attachment":[{"href":"https:\/\/shoponlinedz.com\/en\/wp-json\/wp\/v2\/media?parent=58455"}],"wp:term":[{"taxonomy":"product_brand","embeddable":true,"href":"https:\/\/shoponlinedz.com\/en\/wp-json\/wp\/v2\/product_brand?post=58455"},{"taxonomy":"product_cat","embeddable":true,"href":"https:\/\/shoponlinedz.com\/en\/wp-json\/wp\/v2\/product_cat?post=58455"},{"taxonomy":"product_tag","embeddable":true,"href":"https:\/\/shoponlinedz.com\/en\/wp-json\/wp\/v2\/product_tag?post=58455"}],"curies":[{"name":"wp","href":"https:\/\/api.w.org\/{rel}","templated":true}]}}