{"id":58441,"date":"2026-01-06T16:13:34","date_gmt":"2026-01-06T16:13:34","guid":{"rendered":"https:\/\/shoponlinedz.com\/product\/sac-a-dos-unisexe-confort-et-style-pour-voyage-sport-et-ecole\/"},"modified":"2026-02-16T16:52:41","modified_gmt":"2026-02-16T15:52:41","slug":"sac-a-dos-unisexe-confort-et-style-pour-voyage-sport-et-ecole","status":"publish","type":"product","link":"https:\/\/shoponlinedz.com\/en\/product\/sac-a-dos-unisexe-confort-et-style-pour-voyage-sport-et-ecole\/","title":{"rendered":"Sac \u00e0 Dos Unisexe Confort et Style pour Voyage, Sport et \u00c9cole"},"content":{"rendered":"<figure class=\"attachment attachment--preview\" data-trix-attachment=\"{&quot;contentType&quot;:&quot;image&quot;,&quot;height&quot;:1024,&quot;url&quot;:&quot;https:\/\/sawaqli.fra1.cdn.digitaloceanspaces.com\/26583\/Gray-Bag-cnc.jpg&quot;,&quot;width&quot;:1024}\" data-trix-content-type=\"image\"><img decoding=\"async\" class=\"aligncenter\" src=\"https:\/\/sawaqli.fra1.cdn.digitaloceanspaces.com\/26583\/Gray-Bag-cnc.jpg\" width=\"1024\" height=\"1024\" \/><figcaption class=\"attachment__caption\"><\/figcaption><\/figure>\n<figure class=\"attachment attachment--preview\" data-trix-attachment=\"{&quot;contentType&quot;:&quot;image&quot;,&quot;height&quot;:1024,&quot;url&quot;:&quot;https:\/\/sawaqli.fra1.cdn.digitaloceanspaces.com\/26584\/Gray-Bag-6.jpg&quot;,&quot;width&quot;:1024}\" data-trix-content-type=\"image\"><img decoding=\"async\" class=\"aligncenter\" src=\"https:\/\/sawaqli.fra1.cdn.digitaloceanspaces.com\/26584\/Gray-Bag-6.jpg\" width=\"1024\" height=\"1024\" \/><figcaption class=\"attachment__caption\"><\/figcaption><\/figure>\n<figure class=\"attachment attachment--preview\" data-trix-attachment=\"{&quot;contentType&quot;:&quot;image&quot;,&quot;height&quot;:1024,&quot;url&quot;:&quot;https:\/\/sawaqli.fra1.cdn.digitaloceanspaces.com\/26585\/Gray-Bag-5.jpg&quot;,&quot;width&quot;:1024}\" data-trix-content-type=\"image\"><img decoding=\"async\" class=\"aligncenter\" src=\"https:\/\/sawaqli.fra1.cdn.digitaloceanspaces.com\/26585\/Gray-Bag-5.jpg\" width=\"1024\" height=\"1024\" \/><figcaption class=\"attachment__caption\"><\/figcaption><\/figure>\n<figure class=\"attachment attachment--preview\" data-trix-attachment=\"{&quot;contentType&quot;:&quot;image&quot;,&quot;height&quot;:1024,&quot;url&quot;:&quot;https:\/\/sawaqli.fra1.cdn.digitaloceanspaces.com\/26586\/Gray-Bag-3.jpg&quot;,&quot;width&quot;:1024}\" data-trix-content-type=\"image\"><img decoding=\"async\" class=\"aligncenter\" src=\"https:\/\/sawaqli.fra1.cdn.digitaloceanspaces.com\/26586\/Gray-Bag-3.jpg\" width=\"1024\" height=\"1024\" \/><figcaption class=\"attachment__caption\"><\/figcaption><\/figure>\n<figure class=\"attachment attachment--preview\" data-trix-attachment=\"{&quot;contentType&quot;:&quot;image&quot;,&quot;height&quot;:1024,&quot;url&quot;:&quot;https:\/\/sawaqli.fra1.cdn.digitaloceanspaces.com\/26587\/Gray-Bag-2.jpg&quot;,&quot;width&quot;:1024}\" data-trix-content-type=\"image\"><img decoding=\"async\" class=\"aligncenter\" src=\"https:\/\/sawaqli.fra1.cdn.digitaloceanspaces.com\/26587\/Gray-Bag-2.jpg\" width=\"1024\" height=\"1024\" \/><figcaption class=\"attachment__caption\"><\/figcaption><\/figure>\n<p style=\"text-align: center\">","protected":false},"excerpt":{"rendered":"<p>D\u00e9couvrez le sac \u00e0 dos parfait pour les hommes actifs, con\u00e7u pour allier style, confort et fonctionnalit\u00e9. Que ce soit pour vos voyages, vos activit\u00e9s sportives ou votre quotidien scolaire, ce sac \u00e0 dos polyvalent r\u00e9pond \u00e0 tous vos besoins. Fabriqu\u00e9 \u00e0 partir de mat\u00e9riaux robustes et r\u00e9sistants \u00e0 l\u2019usure, il assure une durabilit\u00e9 exceptionnelle tout en restant l\u00e9ger.Ce sac \u00e0 dos spacieux comprend plusieurs compartiments pour organiser vos affaires de mani\u00e8re pratique, y compris un espace d\u00e9di\u00e9 pour votre ordinateur portable ou vos livres. Son design ergonomique, avec des bretelles ajustables et rembourr\u00e9es, garantit un port confortable m\u00eame lors de longues journ\u00e9es.Avec son style moderne et \u00e9pur\u00e9, ce sac \u00e0 dos convient aussi bien pour les aventures en plein air que pour la vie quotidienne en milieu urbain. Que vous soyez \u00e9tudiant, sportif ou voyageur, ce sac \u00e0 dos est l\u2019accessoire incontournable qui s\u2019adapte \u00e0 votre mode de vie.Caract\u00e9ristiques :Mat\u00e9riaux r\u00e9sistants et l\u00e9gersCompartiment pour ordinateur portableBretelles ajustables et confortablesDesign moderne adapt\u00e9 \u00e0 toutes les occasionsId\u00e9al pour l\u2019\u00e9cole, le sport, le voyage et les sorties en plein air<\/p>","protected":false},"featured_media":58440,"comment_status":"open","ping_status":"closed","template":"","meta":[],"product_brand":[],"product_cat":[2474],"product_tag":[],"class_list":{"0":"post-58441","1":"product","2":"type-product","3":"status-publish","4":"has-post-thumbnail","6":"product_cat-sac-a-dos-et-mode","8":"first","9":"outofstock","10":"taxable","11":"shipping-taxable","12":"purchasable","13":"product-type-simple"},"jetpack_sharing_enabled":true,"_links":{"self":[{"href":"https:\/\/shoponlinedz.com\/en\/wp-json\/wp\/v2\/product\/58441","targetHints":{"allow":["GET"]}}],"collection":[{"href":"https:\/\/shoponlinedz.com\/en\/wp-json\/wp\/v2\/product"}],"about":[{"href":"https:\/\/shoponlinedz.com\/en\/wp-json\/wp\/v2\/types\/product"}],"replies":[{"embeddable":true,"href":"https:\/\/shoponlinedz.com\/en\/wp-json\/wp\/v2\/comments?post=58441"}],"version-history":[{"count":0,"href":"https:\/\/shoponlinedz.com\/en\/wp-json\/wp\/v2\/product\/58441\/revisions"}],"wp:featuredmedia":[{"embeddable":true,"href":"https:\/\/shoponlinedz.com\/en\/wp-json\/wp\/v2\/media\/58440"}],"wp:attachment":[{"href":"https:\/\/shoponlinedz.com\/en\/wp-json\/wp\/v2\/media?parent=58441"}],"wp:term":[{"taxonomy":"product_brand","embeddable":true,"href":"https:\/\/shoponlinedz.com\/en\/wp-json\/wp\/v2\/product_brand?post=58441"},{"taxonomy":"product_cat","embeddable":true,"href":"https:\/\/shoponlinedz.com\/en\/wp-json\/wp\/v2\/product_cat?post=58441"},{"taxonomy":"product_tag","embeddable":true,"href":"https:\/\/shoponlinedz.com\/en\/wp-json\/wp\/v2\/product_tag?post=58441"}],"curies":[{"name":"wp","href":"https:\/\/api.w.org\/{rel}","templated":true}]}}