{"id":58418,"date":"2026-01-06T16:12:49","date_gmt":"2026-01-06T16:12:49","guid":{"rendered":"https:\/\/shoponlinedz.com\/product\/sac-a-dos-de-voyage-grande-capacite-avec-plusieurs-compartiments-extensible-l-263\/"},"modified":"2026-02-16T16:52:43","modified_gmt":"2026-02-16T15:52:43","slug":"sac-a-dos-de-voyage-grande-capacite-avec-plusieurs-compartiments-extensible-l-263","status":"publish","type":"product","link":"https:\/\/shoponlinedz.com\/en\/product\/sac-a-dos-de-voyage-grande-capacite-avec-plusieurs-compartiments-extensible-l-263\/","title":{"rendered":"Sac \u00e0 dos de voyage grande capacit\u00e9 avec plusieurs compartiments extensible L-263"},"content":{"rendered":"<figure class=\"attachment attachment--preview\" data-trix-attachment=\"{&quot;contentType&quot;:&quot;image&quot;,&quot;height&quot;:1024,&quot;url&quot;:&quot;https:\/\/sawaqli.fra1.cdn.digitaloceanspaces.com\/26601\/L-263-12.jpg&quot;,&quot;width&quot;:1024}\" data-trix-content-type=\"image\"><img decoding=\"async\" class=\"aligncenter\" src=\"https:\/\/sawaqli.fra1.cdn.digitaloceanspaces.com\/26601\/L-263-12.jpg\" width=\"1024\" height=\"1024\" \/><figcaption class=\"attachment__caption\"><\/figcaption><\/figure>\n<p style=\"text-align: center;\">","protected":false},"excerpt":{"rendered":"<p>Sac \u00e0 dos de voyage : le grand sac \u00e0 dos contient 3 sacs de rangement sur mesure, ce qui peut am\u00e9liorer la qualit\u00e9 de votre voyage. La taille globale r\u00e9pond aux normes de taille de l\u2019avion et l\u2019ouverture zipp\u00e9e portable vous permet de passer rapidement le contr\u00f4le de s\u00e9curit\u00e9 de l\u2019a\u00e9roportPort de chargement USB : il y a une poche zipp\u00e9e \u00e0 l\u2019arri\u00e8re du sac, qui peut contenir des objets de valeur tels que des t\u00e9l\u00e9phones portables et des iPad, ce qui est antivol et pratique. Conception d\u2019interface USB, tr\u00e8s pratique pour charger vos appareils \u00e9lectroniques en connectant votre propre banque d\u2019alimentation. Par cons\u00e9quent, ce sac \u00e0 dos USB est le compagnon id\u00e9al pour vos voyagesMat\u00e9riaux de haute qualit\u00e9 : fabriqu\u00e9 en tissu Oxford l\u00e9ger et imperm\u00e9able, qui peut fournir une protection les jours de pluie. La fermeture \u00e9clair en m\u00e9tal du sac \u00e0 dos de voyage adopte des rails lisses double face et des coutures renforc\u00e9es, ce qui est l\u00e9ger et offre une protection \u00e9tanche pour les articles les jours de pluie.Sac \u00e0 dos multifonctionnel : voyage, bagage \u00e0 main, week-end, voyage transfrontalier, nuit\u00e9e, d\u00e9m\u00e9nagement d\u2019une vieille maison, valise, les sangles r\u00e9tractables incluses vous permettent de le compresser facilement dans un sac \u00e0 dos plus petit sans transporter de bagages<\/p>","protected":false},"featured_media":58417,"comment_status":"open","ping_status":"closed","template":"","meta":[],"product_brand":[],"product_cat":[2474],"product_tag":[],"class_list":{"0":"post-58418","1":"product","2":"type-product","3":"status-publish","4":"has-post-thumbnail","6":"product_cat-sac-a-dos-et-mode","8":"first","9":"instock","10":"taxable","11":"shipping-taxable","12":"purchasable","13":"product-type-simple"},"jetpack_sharing_enabled":true,"_links":{"self":[{"href":"https:\/\/shoponlinedz.com\/en\/wp-json\/wp\/v2\/product\/58418","targetHints":{"allow":["GET"]}}],"collection":[{"href":"https:\/\/shoponlinedz.com\/en\/wp-json\/wp\/v2\/product"}],"about":[{"href":"https:\/\/shoponlinedz.com\/en\/wp-json\/wp\/v2\/types\/product"}],"replies":[{"embeddable":true,"href":"https:\/\/shoponlinedz.com\/en\/wp-json\/wp\/v2\/comments?post=58418"}],"version-history":[{"count":0,"href":"https:\/\/shoponlinedz.com\/en\/wp-json\/wp\/v2\/product\/58418\/revisions"}],"wp:featuredmedia":[{"embeddable":true,"href":"https:\/\/shoponlinedz.com\/en\/wp-json\/wp\/v2\/media\/58417"}],"wp:attachment":[{"href":"https:\/\/shoponlinedz.com\/en\/wp-json\/wp\/v2\/media?parent=58418"}],"wp:term":[{"taxonomy":"product_brand","embeddable":true,"href":"https:\/\/shoponlinedz.com\/en\/wp-json\/wp\/v2\/product_brand?post=58418"},{"taxonomy":"product_cat","embeddable":true,"href":"https:\/\/shoponlinedz.com\/en\/wp-json\/wp\/v2\/product_cat?post=58418"},{"taxonomy":"product_tag","embeddable":true,"href":"https:\/\/shoponlinedz.com\/en\/wp-json\/wp\/v2\/product_tag?post=58418"}],"curies":[{"name":"wp","href":"https:\/\/api.w.org\/{rel}","templated":true}]}}