{"id":58387,"date":"2026-01-06T16:11:41","date_gmt":"2026-01-06T16:11:41","guid":{"rendered":"https:\/\/shoponlinedz.com\/product\/lampe-de-poche-led-super-lumineuse-150-000-lumens-rechargeable-usb\/"},"modified":"2026-02-16T16:52:44","modified_gmt":"2026-02-16T15:52:44","slug":"lampe-de-poche-led-super-lumineuse-150-000-lumens-rechargeable-usb","status":"publish","type":"product","link":"https:\/\/shoponlinedz.com\/en\/product\/lampe-de-poche-led-super-lumineuse-150-000-lumens-rechargeable-usb\/","title":{"rendered":"Lampe de poche LED super lumineuse 150 000 lumens rechargeable USB"},"content":{"rendered":"<figure class=\"attachment attachment--preview\" data-trix-attachment=\"{&quot;contentType&quot;:&quot;image&quot;,&quot;height&quot;:1024,&quot;url&quot;:&quot;https:\/\/sawaqli.fra1.cdn.digitaloceanspaces.com\/27229\/Bright-Flash-1.jpg&quot;,&quot;width&quot;:1024}\" data-trix-content-type=\"image\"><img decoding=\"async\" class=\"aligncenter\" src=\"https:\/\/sawaqli.fra1.cdn.digitaloceanspaces.com\/27229\/Bright-Flash-1.jpg\" width=\"1024\" height=\"1024\" \/><figcaption class=\"attachment__caption\"><\/figcaption><\/figure>\n<figure class=\"attachment attachment--preview\" data-trix-attachment=\"{&quot;contentType&quot;:&quot;image&quot;,&quot;height&quot;:1024,&quot;url&quot;:&quot;https:\/\/sawaqli.fra1.cdn.digitaloceanspaces.com\/27228\/Bright-Flash-5.jpg&quot;,&quot;width&quot;:1024}\" data-trix-content-type=\"image\"><img decoding=\"async\" class=\"aligncenter\" src=\"https:\/\/sawaqli.fra1.cdn.digitaloceanspaces.com\/27228\/Bright-Flash-5.jpg\" width=\"1024\" height=\"1024\" \/><figcaption class=\"attachment__caption\"><\/figcaption><\/figure>\n<figure class=\"attachment attachment--preview\" data-trix-attachment=\"{&quot;contentType&quot;:&quot;image&quot;,&quot;height&quot;:1024,&quot;url&quot;:&quot;https:\/\/sawaqli.fra1.cdn.digitaloceanspaces.com\/27227\/Bright-Flash-cnc.jpg&quot;,&quot;width&quot;:1024}\" data-trix-content-type=\"image\"><img decoding=\"async\" class=\"aligncenter\" src=\"https:\/\/sawaqli.fra1.cdn.digitaloceanspaces.com\/27227\/Bright-Flash-cnc.jpg\" width=\"1024\" height=\"1024\" \/><figcaption class=\"attachment__caption\"><\/figcaption><\/figure>\n<figure class=\"attachment attachment--preview\" data-trix-attachment=\"{&quot;contentType&quot;:&quot;image&quot;,&quot;height&quot;:1024,&quot;url&quot;:&quot;https:\/\/sawaqli.fra1.cdn.digitaloceanspaces.com\/27230\/Bright-Flash-2.jpg&quot;,&quot;width&quot;:1024}\" data-trix-content-type=\"image\"><img decoding=\"async\" class=\"aligncenter\" src=\"https:\/\/sawaqli.fra1.cdn.digitaloceanspaces.com\/27230\/Bright-Flash-2.jpg\" width=\"1024\" height=\"1024\" \/><figcaption class=\"attachment__caption\"><\/figcaption><\/figure>\n<figure class=\"attachment attachment--preview\" data-trix-attachment=\"{&quot;contentType&quot;:&quot;image&quot;,&quot;height&quot;:1024,&quot;url&quot;:&quot;https:\/\/sawaqli.fra1.cdn.digitaloceanspaces.com\/27231\/Bright-Flash-3.jpg&quot;,&quot;width&quot;:1024}\" data-trix-content-type=\"image\"><img decoding=\"async\" class=\"aligncenter\" src=\"https:\/\/sawaqli.fra1.cdn.digitaloceanspaces.com\/27231\/Bright-Flash-3.jpg\" width=\"1024\" height=\"1024\" \/><figcaption class=\"attachment__caption\"><\/figcaption><\/figure>\n<p style=\"text-align: center;\">","protected":false},"excerpt":{"rendered":"<p>Puces LED 30 W : puces \u00e0 technologie am\u00e9lior\u00e9e, pouvant \u00e9mettre jusqu\u2019\u00e0 150 000 lumens, soit 20 fois plus lumineux qu\u2019une lampe de poche ordinaire. Elle peut facilement \u00e9clairer une pi\u00e8ce de 2500 pieds carr\u00e9s ou se concentrer sur des objets jusqu\u2019\u00e0 2800 pieds de distance5 modes d\u2019\u00e9clairage : fort, moyen, faible, stroboscopique et SOS. Vous pouvez l\u2019utiliser de mani\u00e8re flexible dans diff\u00e9rents sc\u00e9narios. Le corps est antid\u00e9rapant, bouton en silicone, appuyez profond\u00e9ment pendant 2 \u00e0 3 secondes sous n\u2019importe quel mode pour \u00e9teindre sans parcourir tous les modesFonction zoom t\u00e9lescopique : effectuez un zoom arri\u00e8re ou avant sur la t\u00eate de la lampe de poche pour passer en mode projecteur et en mode projecteur. Le mode projecteur convient \u00e0 l\u2019observation \u00e0 longue port\u00e9e et le mode projecteur convient \u00e0 l\u2019\u00e9clairage de grandes surfaces, ce qui est tr\u00e8s pratique\u00c9clairage fluorescent : lorsque la lumi\u00e8re est allum\u00e9e, la lentille devient lentement rouge pour mettre en valeur le sentiment de luxe, et la bande fluorescente sur le corps du canon brillera apr\u00e8s avoir \u00e9t\u00e9 expos\u00e9e \u00e0 la lumi\u00e8re. Fonction de sortie \u00e9galement augment\u00e9e, peut \u00eatre utilis\u00e9e comme une banque d\u2019alimentation pour charger les t\u00e9l\u00e9phones portables\u00c9tanch\u00e9it\u00e9 IPX5 : fabriqu\u00e9e en alliage d\u2019aluminium de qualit\u00e9 a\u00e9ronautique, avec une bonne dissipation de la chaleur et une bonne r\u00e9sistance aux chocs. La conception scell\u00e9e conf\u00e8re \u00e0 la lampe de poche LED de bonnes performances d\u2019\u00e9tanch\u00e9it\u00e9 et peut r\u00e9sister aux intemp\u00e9ries telles que la pluie et la neige.<\/p>","protected":false},"featured_media":58386,"comment_status":"open","ping_status":"closed","template":"","meta":[],"product_brand":[],"product_cat":[2463],"product_tag":[],"class_list":{"0":"post-58387","1":"product","2":"type-product","3":"status-publish","4":"has-post-thumbnail","6":"product_cat-electronique","8":"first","9":"instock","10":"taxable","11":"shipping-taxable","12":"purchasable","13":"product-type-simple"},"jetpack_sharing_enabled":true,"_links":{"self":[{"href":"https:\/\/shoponlinedz.com\/en\/wp-json\/wp\/v2\/product\/58387","targetHints":{"allow":["GET"]}}],"collection":[{"href":"https:\/\/shoponlinedz.com\/en\/wp-json\/wp\/v2\/product"}],"about":[{"href":"https:\/\/shoponlinedz.com\/en\/wp-json\/wp\/v2\/types\/product"}],"replies":[{"embeddable":true,"href":"https:\/\/shoponlinedz.com\/en\/wp-json\/wp\/v2\/comments?post=58387"}],"version-history":[{"count":0,"href":"https:\/\/shoponlinedz.com\/en\/wp-json\/wp\/v2\/product\/58387\/revisions"}],"wp:featuredmedia":[{"embeddable":true,"href":"https:\/\/shoponlinedz.com\/en\/wp-json\/wp\/v2\/media\/58386"}],"wp:attachment":[{"href":"https:\/\/shoponlinedz.com\/en\/wp-json\/wp\/v2\/media?parent=58387"}],"wp:term":[{"taxonomy":"product_brand","embeddable":true,"href":"https:\/\/shoponlinedz.com\/en\/wp-json\/wp\/v2\/product_brand?post=58387"},{"taxonomy":"product_cat","embeddable":true,"href":"https:\/\/shoponlinedz.com\/en\/wp-json\/wp\/v2\/product_cat?post=58387"},{"taxonomy":"product_tag","embeddable":true,"href":"https:\/\/shoponlinedz.com\/en\/wp-json\/wp\/v2\/product_tag?post=58387"}],"curies":[{"name":"wp","href":"https:\/\/api.w.org\/{rel}","templated":true}]}}