{"id":58361,"date":"2026-01-06T16:10:41","date_gmt":"2026-01-06T16:10:41","guid":{"rendered":"https:\/\/shoponlinedz.com\/product\/outil-de-transfert-de-donnees-telephone-multi-type-micro-usb-type-c-lightning\/"},"modified":"2026-02-16T16:52:45","modified_gmt":"2026-02-16T15:52:45","slug":"outil-de-transfert-de-donnees-telephone-multi-type-micro-usb-type-c-lightning","status":"publish","type":"product","link":"https:\/\/shoponlinedz.com\/en\/product\/outil-de-transfert-de-donnees-telephone-multi-type-micro-usb-type-c-lightning\/","title":{"rendered":"Outil de transfert de donn\u00e9es, t\u00e9l\u00e9phone multi-type Micro USB Type C Lightning"},"content":{"rendered":"<figure class=\"attachment attachment--preview\" data-trix-attachment=\"{&quot;contentType&quot;:&quot;image&quot;,&quot;height&quot;:1024,&quot;url&quot;:&quot;https:\/\/sawaqli.fra1.cdn.digitaloceanspaces.com\/27232\/Data-cable-SET-CNC.jpg&quot;,&quot;width&quot;:1024}\" data-trix-content-type=\"image\"><img decoding=\"async\" class=\"aligncenter\" src=\"https:\/\/sawaqli.fra1.cdn.digitaloceanspaces.com\/27232\/Data-cable-SET-CNC.jpg\" width=\"1024\" height=\"1024\" \/><figcaption class=\"attachment__caption\"><\/figcaption><\/figure>\n<figure class=\"attachment attachment--preview\" data-trix-attachment=\"{&quot;contentType&quot;:&quot;image&quot;,&quot;height&quot;:1024,&quot;url&quot;:&quot;https:\/\/sawaqli.fra1.cdn.digitaloceanspaces.com\/27233\/Data-cable-SET-2.jpg&quot;,&quot;width&quot;:1024}\" data-trix-content-type=\"image\"><img decoding=\"async\" class=\"aligncenter\" src=\"https:\/\/sawaqli.fra1.cdn.digitaloceanspaces.com\/27233\/Data-cable-SET-2.jpg\" width=\"1024\" height=\"1024\" \/><figcaption class=\"attachment__caption\"><\/figcaption><\/figure>\n<figure class=\"attachment attachment--preview\" data-trix-attachment=\"{&quot;contentType&quot;:&quot;image&quot;,&quot;height&quot;:1024,&quot;url&quot;:&quot;https:\/\/sawaqli.fra1.cdn.digitaloceanspaces.com\/27234\/Data-cable-SET-3.jpg&quot;,&quot;width&quot;:1024}\" data-trix-content-type=\"image\"><img decoding=\"async\" class=\"aligncenter\" src=\"https:\/\/sawaqli.fra1.cdn.digitaloceanspaces.com\/27234\/Data-cable-SET-3.jpg\" width=\"1024\" height=\"1024\" \/><figcaption class=\"attachment__caption\"><\/figcaption><\/figure>\n<figure class=\"attachment attachment--preview\" data-trix-attachment=\"{&quot;contentType&quot;:&quot;image&quot;,&quot;height&quot;:1024,&quot;url&quot;:&quot;https:\/\/sawaqli.fra1.cdn.digitaloceanspaces.com\/27235\/Data-cable-SET-5.jpg&quot;,&quot;width&quot;:1024}\" data-trix-content-type=\"image\"><img decoding=\"async\" class=\"aligncenter\" src=\"https:\/\/sawaqli.fra1.cdn.digitaloceanspaces.com\/27235\/Data-cable-SET-5.jpg\" width=\"1024\" height=\"1024\" \/><figcaption class=\"attachment__caption\"><\/figcaption><\/figure>\n<figure class=\"attachment attachment--preview\" data-trix-attachment=\"{&quot;contentType&quot;:&quot;image&quot;,&quot;height&quot;:1024,&quot;url&quot;:&quot;https:\/\/sawaqli.fra1.cdn.digitaloceanspaces.com\/27236\/Data-cable-SET-6.jpg&quot;,&quot;width&quot;:1024}\" data-trix-content-type=\"image\"><img decoding=\"async\" class=\"aligncenter\" src=\"https:\/\/sawaqli.fra1.cdn.digitaloceanspaces.com\/27236\/Data-cable-SET-6.jpg\" width=\"1024\" height=\"1024\" \/><figcaption class=\"attachment__caption\"><\/figcaption><\/figure>\n<p style=\"text-align: center;\">","protected":false},"excerpt":{"rendered":"<p>\u0639\u0644\u0628\u0629 \u062a\u062e\u0632\u064a\u0646 \u0645\u062a\u0639\u062f\u062f\u0629 \u0627\u0644\u0648\u0638\u0627\u0626\u0641 \u0645\u0639 \u0643\u0627\u0628\u0644 \u0634\u062d\u0646 \u0628\u0623\u0631\u0628\u0639 \u0648\u0635\u0644\u0627\u062a\u062d\u0627\u0645\u0644 \u0647\u0627\u062a\u0641 \u0645\u062f\u0645\u062c \u0648\u0642\u0627\u0628\u0644 \u0644\u0644\u0637\u064a: \u0645\u062b\u0627\u0644\u064a \u0644\u0645\u0634\u0627\u0647\u062f\u0629 \u0627\u0644\u0641\u064a\u062f\u064a\u0648 \u0623\u0648 \u0625\u062c\u0631\u0627\u0621 \u0645\u0643\u0627\u0644\u0645\u0627\u062a \u0641\u064a\u062f\u064a\u0648 \u0628\u062f\u0648\u0646 \u0627\u0633\u062a\u062e\u062f\u0627\u0645 \u0627\u0644\u064a\u062f\u064a\u0646.\u062d\u062c\u0645 \u0635\u063a\u064a\u0631 \u064a\u0633\u0647\u0644 \u062d\u0645\u0644\u0647: \u064a\u0646\u0627\u0633\u0628 \u0627\u0644\u0633\u064a\u0627\u0631\u0629\u060c \u0627\u0644\u0645\u0643\u062a\u0628\u060c \u0627\u0644\u0645\u0642\u0647\u0649\u060c \u0623\u0648 \u0627\u0644\u0633\u0641\u0631.\u0643\u0627\u0628\u0644\u0627\u062a \u0634\u062d\u0646 \u0648\u0646\u0642\u0644 \u0628\u064a\u0627\u0646\u0627\u062a \u0642\u0627\u0628\u0644\u0629 \u0644\u0644\u062a\u0628\u062f\u064a\u0644: \u062a\u0634\u0645\u0644 4 \u0645\u0648\u0635\u0644\u0627\u062a (Android\u060c Lightning\u060c USB\u060c Type-C).\u062f\u0639\u0645 \u0627\u0644\u0634\u062d\u0646 \u0627\u0644\u0633\u0631\u064a\u0639: \u0643\u0627\u0628\u0644 Type-C \u064a\u062a\u062d\u0645\u0644 \u0637\u0627\u0642\u0629 \u0639\u0627\u0644\u064a\u0629 \u0639\u0646\u062f \u0627\u0633\u062a\u062e\u062f\u0627\u0645\u0647 \u0645\u0639 \u0634\u0627\u062d\u0646 \u0633\u0631\u064a\u0639.\u062a\u062e\u0632\u064a\u0646 \u0645\u0646\u0638\u0645: \u064a\u062d\u0648\u064a \u0623\u062f\u0648\u0627\u062a \u0645\u062a\u0646\u0648\u0639\u0629 \u0645\u062b\u0644 \u0625\u0628\u0631\u0629 \u0625\u062e\u0631\u0627\u062c SIM \u0648\u0645\u0633\u0627\u062d\u0629 \u0635\u063a\u064a\u0631\u0629 \u0644\u0634\u0631\u0627\u0626\u062d SIM \u0648\u0643\u0627\u0628\u0644\u0627\u062a.<\/p>","protected":false},"featured_media":58360,"comment_status":"open","ping_status":"closed","template":"","meta":[],"product_brand":[],"product_cat":[2463],"product_tag":[],"class_list":{"0":"post-58361","1":"product","2":"type-product","3":"status-publish","4":"has-post-thumbnail","6":"product_cat-electronique","8":"first","9":"instock","10":"taxable","11":"shipping-taxable","12":"purchasable","13":"product-type-simple"},"jetpack_sharing_enabled":true,"_links":{"self":[{"href":"https:\/\/shoponlinedz.com\/en\/wp-json\/wp\/v2\/product\/58361","targetHints":{"allow":["GET"]}}],"collection":[{"href":"https:\/\/shoponlinedz.com\/en\/wp-json\/wp\/v2\/product"}],"about":[{"href":"https:\/\/shoponlinedz.com\/en\/wp-json\/wp\/v2\/types\/product"}],"replies":[{"embeddable":true,"href":"https:\/\/shoponlinedz.com\/en\/wp-json\/wp\/v2\/comments?post=58361"}],"version-history":[{"count":0,"href":"https:\/\/shoponlinedz.com\/en\/wp-json\/wp\/v2\/product\/58361\/revisions"}],"wp:featuredmedia":[{"embeddable":true,"href":"https:\/\/shoponlinedz.com\/en\/wp-json\/wp\/v2\/media\/58360"}],"wp:attachment":[{"href":"https:\/\/shoponlinedz.com\/en\/wp-json\/wp\/v2\/media?parent=58361"}],"wp:term":[{"taxonomy":"product_brand","embeddable":true,"href":"https:\/\/shoponlinedz.com\/en\/wp-json\/wp\/v2\/product_brand?post=58361"},{"taxonomy":"product_cat","embeddable":true,"href":"https:\/\/shoponlinedz.com\/en\/wp-json\/wp\/v2\/product_cat?post=58361"},{"taxonomy":"product_tag","embeddable":true,"href":"https:\/\/shoponlinedz.com\/en\/wp-json\/wp\/v2\/product_tag?post=58361"}],"curies":[{"name":"wp","href":"https:\/\/api.w.org\/{rel}","templated":true}]}}