{"id":58263,"date":"2026-01-06T16:06:54","date_gmt":"2026-01-06T16:06:54","guid":{"rendered":"https:\/\/shoponlinedz.com\/product\/boite-repas-en-acier-inoxydable-4-couches-avec-fonction-detancheite\/"},"modified":"2026-02-16T16:52:48","modified_gmt":"2026-02-16T15:52:48","slug":"boite-repas-en-acier-inoxydable-4-couches-avec-fonction-detancheite","status":"publish","type":"product","link":"https:\/\/shoponlinedz.com\/en\/product\/boite-repas-en-acier-inoxydable-4-couches-avec-fonction-detancheite\/","title":{"rendered":"Bo\u00eete Repas en acier inoxydable 4 Couches avec Fonction d&#8217;\u00e9tanch\u00e9it\u00e9"},"content":{"rendered":"<figure class=\"attachment attachment--preview\" data-trix-attachment=\"{&quot;contentType&quot;:&quot;image&quot;,&quot;height&quot;:1024,&quot;url&quot;:&quot;https:\/\/sawaqli.fra1.cdn.digitaloceanspaces.com\/27540\/Porte-manger-4ET-CCN.jpg&quot;,&quot;width&quot;:1024}\" data-trix-content-type=\"image\"><img decoding=\"async\" class=\"aligncenter\" src=\"https:\/\/sawaqli.fra1.cdn.digitaloceanspaces.com\/27540\/Porte-manger-4ET-CCN.jpg\" width=\"1024\" height=\"1024\" \/><figcaption class=\"attachment__caption\"><\/figcaption><\/figure>\n<figure class=\"attachment attachment--preview\" data-trix-attachment=\"{&quot;contentType&quot;:&quot;image&quot;,&quot;height&quot;:1024,&quot;url&quot;:&quot;https:\/\/sawaqli.fra1.cdn.digitaloceanspaces.com\/27541\/Porte-manger-4ET-7.jpg&quot;,&quot;width&quot;:1024}\" data-trix-content-type=\"image\"><img decoding=\"async\" class=\"aligncenter\" src=\"https:\/\/sawaqli.fra1.cdn.digitaloceanspaces.com\/27541\/Porte-manger-4ET-7.jpg\" width=\"1024\" height=\"1024\" \/><figcaption class=\"attachment__caption\"><\/figcaption><\/figure>\n<figure class=\"attachment attachment--preview\" data-trix-attachment=\"{&quot;contentType&quot;:&quot;image&quot;,&quot;height&quot;:1024,&quot;url&quot;:&quot;https:\/\/sawaqli.fra1.cdn.digitaloceanspaces.com\/27542\/Porte-manger-4ET-6.jpg&quot;,&quot;width&quot;:1024}\" data-trix-content-type=\"image\"><img decoding=\"async\" class=\"aligncenter\" src=\"https:\/\/sawaqli.fra1.cdn.digitaloceanspaces.com\/27542\/Porte-manger-4ET-6.jpg\" width=\"1024\" height=\"1024\" \/><figcaption class=\"attachment__caption\"><\/figcaption><\/figure>\n<figure class=\"attachment attachment--preview\" data-trix-attachment=\"{&quot;contentType&quot;:&quot;image&quot;,&quot;height&quot;:1024,&quot;url&quot;:&quot;https:\/\/sawaqli.fra1.cdn.digitaloceanspaces.com\/27543\/Porte-manger-4ET-3.jpg&quot;,&quot;width&quot;:1024}\" data-trix-content-type=\"image\"><img decoding=\"async\" class=\"aligncenter\" src=\"https:\/\/sawaqli.fra1.cdn.digitaloceanspaces.com\/27543\/Porte-manger-4ET-3.jpg\" width=\"1024\" height=\"1024\" \/><figcaption class=\"attachment__caption\"><\/figcaption><\/figure>\n<figure class=\"attachment attachment--preview\" data-trix-attachment=\"{&quot;contentType&quot;:&quot;image&quot;,&quot;height&quot;:1024,&quot;url&quot;:&quot;https:\/\/sawaqli.fra1.cdn.digitaloceanspaces.com\/27544\/Porte-manger-4ET-2.jpg&quot;,&quot;width&quot;:1024}\" data-trix-content-type=\"image\"><img decoding=\"async\" class=\"aligncenter\" src=\"https:\/\/sawaqli.fra1.cdn.digitaloceanspaces.com\/27544\/Porte-manger-4ET-2.jpg\" width=\"1024\" height=\"1024\" \/><figcaption class=\"attachment__caption\"><\/figcaption><\/figure>\n<p style=\"text-align: center;\">","protected":false},"excerpt":{"rendered":"<p>\u0639\u0644\u0628\u0629 \u063a\u062f\u0627\u0621 \u0645\u062a\u0639\u062f\u062f\u0629 \u0627\u0644\u0637\u0628\u0642\u0627\u062a \u0628\u0623\u0633\u0644\u0648\u0628 \u0634\u0645\u0627\u0644\u064a\u0647\u064a\u0643\u0644 \u0645\u062a\u0639\u062f\u062f \u0627\u0644\u0637\u0628\u0642\u0627\u062a \u0645\u0639 \u0623\u063a\u0637\u064a\u0629 \u0645\u0627\u0646\u0639\u0629 \u0644\u0644\u062a\u0633\u0631\u0628: \u064a\u0645\u0646\u0639 \u0627\u0644\u0627\u0646\u0633\u0643\u0627\u0628 \u0648\u064a\u062d\u0627\u0641\u0638 \u0639\u0644\u0649 \u0627\u0644\u0637\u0639\u0627\u0645 \u0637\u0627\u0632\u062c\u0627\u064b.\u0623\u0644\u0648\u0627\u0646 \u0623\u0646\u064a\u0642\u0629: \u0648\u0631\u062f\u064a\u060c \u0623\u0632\u0631\u0642\u060c \u0648\u0623\u062e\u0636\u0631.\u0639\u0632\u0644 \u0645\u0632\u062f\u0648\u062c: \u0627\u0644\u0637\u0628\u0642\u0629 \u0627\u0644\u062e\u0627\u0631\u062c\u064a\u0629 \u0645\u0646 PP \u0648\u0627\u0644\u062f\u0627\u062e\u0644\u064a\u0629 \u0645\u0646 \u0627\u0644\u0641\u0648\u0644\u0627\u0630 \u0627\u0644\u0645\u0642\u0627\u0648\u0645 \u0644\u0644\u0635\u062f\u0623 \u0639\u0627\u0644\u064a \u0627\u0644\u062c\u0648\u062f\u0629.\u0633\u0639\u0627\u062a \u0645\u062a\u0639\u062f\u062f\u0629: 1000 \u0645\u0644 \u0644\u0644\u0637\u0628\u0642\u0629 \u0627\u0644\u0633\u0641\u0644\u064a\u0629 \u0648650 \u0645\u0644 \u0644\u0644\u0637\u0628\u0642\u0629 \u0627\u0644\u0639\u0644\u0648\u064a\u0629.\u0625\u0643\u0633\u0633\u0648\u0627\u0631\u0627\u062a \u0643\u0627\u0645\u0644\u0629: \u0645\u0632\u0648\u0651\u062f\u0629 \u0628\u0645\u0644\u0639\u0642\u0629\u060c \u0634\u0648\u0643\u0629\u060c \u0648\u062d\u0642\u064a\u0628\u0629 \u0645\u062e\u0635\u0635\u0629 \u0644\u0644\u0623\u062f\u0648\u0627\u062a.\u0633\u0647\u0644\u0629 \u0627\u0644\u062d\u0645\u0644 \u0648\u0627\u0644\u062a\u0643\u062f\u064a\u0633: \u0645\u062b\u0627\u0644\u064a\u0629 \u0644\u0644\u062a\u062e\u064a\u064a\u0645 \u0623\u0648 \u062a\u0648\u0635\u064a\u0644 \u0627\u0644\u0637\u0639\u0627\u0645.<\/p>","protected":false},"featured_media":58262,"comment_status":"open","ping_status":"closed","template":"","meta":[],"product_brand":[],"product_cat":[2455],"product_tag":[],"class_list":{"0":"post-58263","1":"product","2":"type-product","3":"status-publish","4":"has-post-thumbnail","6":"product_cat-maison","8":"first","9":"instock","10":"taxable","11":"shipping-taxable","12":"purchasable","13":"product-type-simple"},"jetpack_sharing_enabled":true,"_links":{"self":[{"href":"https:\/\/shoponlinedz.com\/en\/wp-json\/wp\/v2\/product\/58263","targetHints":{"allow":["GET"]}}],"collection":[{"href":"https:\/\/shoponlinedz.com\/en\/wp-json\/wp\/v2\/product"}],"about":[{"href":"https:\/\/shoponlinedz.com\/en\/wp-json\/wp\/v2\/types\/product"}],"replies":[{"embeddable":true,"href":"https:\/\/shoponlinedz.com\/en\/wp-json\/wp\/v2\/comments?post=58263"}],"version-history":[{"count":0,"href":"https:\/\/shoponlinedz.com\/en\/wp-json\/wp\/v2\/product\/58263\/revisions"}],"wp:featuredmedia":[{"embeddable":true,"href":"https:\/\/shoponlinedz.com\/en\/wp-json\/wp\/v2\/media\/58262"}],"wp:attachment":[{"href":"https:\/\/shoponlinedz.com\/en\/wp-json\/wp\/v2\/media?parent=58263"}],"wp:term":[{"taxonomy":"product_brand","embeddable":true,"href":"https:\/\/shoponlinedz.com\/en\/wp-json\/wp\/v2\/product_brand?post=58263"},{"taxonomy":"product_cat","embeddable":true,"href":"https:\/\/shoponlinedz.com\/en\/wp-json\/wp\/v2\/product_cat?post=58263"},{"taxonomy":"product_tag","embeddable":true,"href":"https:\/\/shoponlinedz.com\/en\/wp-json\/wp\/v2\/product_tag?post=58263"}],"curies":[{"name":"wp","href":"https:\/\/api.w.org\/{rel}","templated":true}]}}