{"id":58234,"date":"2026-01-06T16:05:50","date_gmt":"2026-01-06T16:05:50","guid":{"rendered":"https:\/\/shoponlinedz.com\/product\/guirlande-fleurs-a-10-pcs-2m-branchement-direct-avec-secteur-decoration-ideale-pour-chambre\/"},"modified":"2026-02-16T16:52:49","modified_gmt":"2026-02-16T15:52:49","slug":"guirlande-fleurs-a-10-pcs-2m-branchement-direct-avec-secteur-decoration-ideale-pour-chambre","status":"publish","type":"product","link":"https:\/\/shoponlinedz.com\/en\/product\/guirlande-fleurs-a-10-pcs-2m-branchement-direct-avec-secteur-decoration-ideale-pour-chambre\/","title":{"rendered":"Guirlande Fleurs \u00e0 10 Pcs &#8211; 2m &#8211; Branchement direct avec secteur d\u00e9coration id\u00e9ale pour chambre"},"content":{"rendered":"<figure class=\"attachment attachment--preview\" data-trix-attachment=\"{&quot;contentType&quot;:&quot;image&quot;,&quot;height&quot;:1024,&quot;url&quot;:&quot;https:\/\/sawa9ly.app\/storage\/62650\/Fcolor-cnc.jpg&quot;,&quot;width&quot;:1024}\" data-trix-content-type=\"image\"><img decoding=\"async\" class=\"aligncenter\" src=\"https:\/\/sawa9ly.app\/storage\/62650\/Fcolor-cnc.jpg\" width=\"1024\" height=\"1024\" \/><figcaption class=\"attachment__caption\"><\/figcaption><\/figure>\n<figure class=\"attachment attachment--preview\" data-trix-attachment=\"{&quot;contentType&quot;:&quot;image&quot;,&quot;height&quot;:1024,&quot;url&quot;:&quot;https:\/\/sawaqli.fra1.cdn.digitaloceanspaces.com\/27739\/Fleurs-colores-3.jpg&quot;,&quot;width&quot;:1024}\" data-trix-content-type=\"image\"><img decoding=\"async\" class=\"aligncenter\" src=\"https:\/\/sawaqli.fra1.cdn.digitaloceanspaces.com\/27739\/Fleurs-colores-3.jpg\" width=\"1024\" height=\"1024\" \/><figcaption class=\"attachment__caption\"><\/figcaption><\/figure>\n<figure class=\"attachment attachment--preview\" data-trix-attachment=\"{&quot;contentType&quot;:&quot;image&quot;,&quot;height&quot;:1024,&quot;url&quot;:&quot;https:\/\/sawaqli.fra1.cdn.digitaloceanspaces.com\/27740\/Fleurs-colores-2.jpg&quot;,&quot;width&quot;:1024}\" data-trix-content-type=\"image\"><img decoding=\"async\" class=\"aligncenter\" src=\"https:\/\/sawaqli.fra1.cdn.digitaloceanspaces.com\/27740\/Fleurs-colores-2.jpg\" width=\"1024\" height=\"1024\" \/><figcaption class=\"attachment__caption\"><\/figcaption><\/figure>\n<figure class=\"attachment attachment--preview\" data-trix-attachment=\"{&quot;contentType&quot;:&quot;image&quot;,&quot;height&quot;:1024,&quot;url&quot;:&quot;https:\/\/sawaqli.fra1.cdn.digitaloceanspaces.com\/27741\/Fleurs-colores-1.jpg&quot;,&quot;width&quot;:1024}\" data-trix-content-type=\"image\"><img decoding=\"async\" class=\"aligncenter\" src=\"https:\/\/sawaqli.fra1.cdn.digitaloceanspaces.com\/27741\/Fleurs-colores-1.jpg\" width=\"1024\" height=\"1024\" \/><figcaption class=\"attachment__caption\"><\/figcaption><\/figure>\n<p style=\"text-align: center;\">","protected":false},"excerpt":{"rendered":"<p>\u0633\u0644\u0633\u0644\u0629 \u0623\u0636\u0648\u0627\u0621 LED \u0639\u0644\u0649 \u0634\u0643\u0644 \u0648\u0631\u062f\u0629 \u0628\u0637\u0648\u0644 2 \u0645\u0625\u0636\u0627\u0621\u0629 \u0645\u0634\u0631\u0642\u0629 \u0648\u0639\u0645\u0631 \u0637\u0648\u064a\u0644: \u0628\u0627\u0633\u062a\u062e\u062f\u0627\u0645 \u0644\u0645\u0628\u0627\u062a LED \u0639\u0627\u0644\u064a\u0629 \u0627\u0644\u062c\u0648\u062f\u0629 \u0644\u0625\u0636\u0627\u0621\u0629 \u0642\u0648\u064a\u0629 \u0645\u0639 \u0627\u0633\u062a\u0647\u0644\u0627\u0643 \u0645\u0646\u062e\u0641\u0636 \u0644\u0644\u0637\u0627\u0642\u0629.\u062f\u064a\u0643\u0648\u0631 \u0627\u062d\u062a\u0641\u0627\u0644\u064a \u0645\u0630\u0647\u0644: \u062a\u0636\u064a\u0641 \u0644\u0645\u0633\u0629 \u0631\u0648\u0645\u0627\u0646\u0633\u064a\u0629 \u0645\u062b\u0627\u0644\u064a\u0629 \u0644\u0644\u062d\u0641\u0644\u0627\u062a \u0648\u0627\u0644\u0645\u0646\u0627\u0633\u0628\u0627\u062a \u0627\u0644\u062e\u0627\u0635\u0629.\u062e\u0627\u0645\u0629 \u0645\u0642\u0627\u0648\u0645\u0629: \u0645\u0635\u0646\u0648\u0639\u0629 \u0645\u0646 \u0645\u0627\u062f\u0629 PE \u0627\u0644\u0645\u062a\u064a\u0646\u0629 \u0648\u0627\u0644\u0645\u0642\u0627\u0648\u0645\u0629 \u0644\u0644\u062a\u0622\u0643\u0644.\u0627\u0633\u062a\u062e\u062f\u0627\u0645 \u0645\u062a\u0639\u062f\u062f: \u064a\u0645\u0643\u0646 \u062a\u0639\u0644\u064a\u0642\u0647\u0627 \u0639\u0644\u0649 \u0627\u0644\u062c\u062f\u0631\u0627\u0646 \u0623\u0648 \u0627\u0644\u0646\u0648\u0627\u0641\u0630 \u0623\u0648 \u0627\u0644\u0623\u0628\u0648\u0627\u0628 \u0623\u0648 \u0627\u0644\u0623\u0634\u062c\u0627\u0631 \u0623\u0648 \u0627\u0644\u0623\u0633\u0648\u0627\u0631 \u0644\u062a\u0632\u064a\u064a\u0646 \u0623\u064a \u0645\u0633\u0627\u062d\u0629.<\/p>","protected":false},"featured_media":58233,"comment_status":"open","ping_status":"closed","template":"","meta":[],"product_brand":[],"product_cat":[2460],"product_tag":[],"class_list":{"0":"post-58234","1":"product","2":"type-product","3":"status-publish","4":"has-post-thumbnail","6":"product_cat-decoration","8":"first","9":"instock","10":"taxable","11":"shipping-taxable","12":"purchasable","13":"product-type-simple"},"jetpack_sharing_enabled":true,"_links":{"self":[{"href":"https:\/\/shoponlinedz.com\/en\/wp-json\/wp\/v2\/product\/58234","targetHints":{"allow":["GET"]}}],"collection":[{"href":"https:\/\/shoponlinedz.com\/en\/wp-json\/wp\/v2\/product"}],"about":[{"href":"https:\/\/shoponlinedz.com\/en\/wp-json\/wp\/v2\/types\/product"}],"replies":[{"embeddable":true,"href":"https:\/\/shoponlinedz.com\/en\/wp-json\/wp\/v2\/comments?post=58234"}],"version-history":[{"count":0,"href":"https:\/\/shoponlinedz.com\/en\/wp-json\/wp\/v2\/product\/58234\/revisions"}],"wp:featuredmedia":[{"embeddable":true,"href":"https:\/\/shoponlinedz.com\/en\/wp-json\/wp\/v2\/media\/58233"}],"wp:attachment":[{"href":"https:\/\/shoponlinedz.com\/en\/wp-json\/wp\/v2\/media?parent=58234"}],"wp:term":[{"taxonomy":"product_brand","embeddable":true,"href":"https:\/\/shoponlinedz.com\/en\/wp-json\/wp\/v2\/product_brand?post=58234"},{"taxonomy":"product_cat","embeddable":true,"href":"https:\/\/shoponlinedz.com\/en\/wp-json\/wp\/v2\/product_cat?post=58234"},{"taxonomy":"product_tag","embeddable":true,"href":"https:\/\/shoponlinedz.com\/en\/wp-json\/wp\/v2\/product_tag?post=58234"}],"curies":[{"name":"wp","href":"https:\/\/api.w.org\/{rel}","templated":true}]}}