{"id":58229,"date":"2026-01-06T16:05:41","date_gmt":"2026-01-06T16:05:41","guid":{"rendered":"https:\/\/shoponlinedz.com\/product\/oreiller-de-positionnement-en-forme-de-u-aide-a-la-rotation-des-soins-aux-personnes-agees\/"},"modified":"2026-02-16T16:52:50","modified_gmt":"2026-02-16T15:52:50","slug":"oreiller-de-positionnement-en-forme-de-u-aide-a-la-rotation-des-soins-aux-personnes-agees","status":"publish","type":"product","link":"https:\/\/shoponlinedz.com\/en\/product\/oreiller-de-positionnement-en-forme-de-u-aide-a-la-rotation-des-soins-aux-personnes-agees\/","title":{"rendered":"Oreiller De Positionnement en Forme De U Aide \u00e0 La Rotation des Soins Aux Personnes \u00e2g\u00e9es"},"content":{"rendered":"<figure class=\"attachment attachment--preview\" data-trix-attachment=\"{&quot;contentType&quot;:&quot;image&quot;,&quot;height&quot;:1024,&quot;url&quot;:&quot;https:\/\/sawaqli.fra1.cdn.digitaloceanspaces.com\/27890\/Oreiller-de-retournement-cnc.jpg&quot;,&quot;width&quot;:1024}\" data-trix-content-type=\"image\"><img decoding=\"async\" class=\"aligncenter\" src=\"https:\/\/sawaqli.fra1.cdn.digitaloceanspaces.com\/27890\/Oreiller-de-retournement-cnc.jpg\" width=\"1024\" height=\"1024\" \/><figcaption class=\"attachment__caption\"><\/figcaption><\/figure>\n<figure class=\"attachment attachment--preview\" data-trix-attachment=\"{&quot;contentType&quot;:&quot;image&quot;,&quot;height&quot;:1024,&quot;url&quot;:&quot;https:\/\/sawaqli.fra1.cdn.digitaloceanspaces.com\/27891\/Oreiller-de-retournement-11.jpg&quot;,&quot;width&quot;:1024}\" data-trix-content-type=\"image\"><img decoding=\"async\" class=\"aligncenter\" src=\"https:\/\/sawaqli.fra1.cdn.digitaloceanspaces.com\/27891\/Oreiller-de-retournement-11.jpg\" width=\"1024\" height=\"1024\" \/><figcaption class=\"attachment__caption\"><\/figcaption><\/figure>\n<figure class=\"attachment attachment--preview\" data-trix-attachment=\"{&quot;contentType&quot;:&quot;image&quot;,&quot;height&quot;:1024,&quot;url&quot;:&quot;https:\/\/sawaqli.fra1.cdn.digitaloceanspaces.com\/27893\/Oreiller-de-retournement-3.jpg&quot;,&quot;width&quot;:1024}\" data-trix-content-type=\"image\"><img decoding=\"async\" class=\"aligncenter\" src=\"https:\/\/sawaqli.fra1.cdn.digitaloceanspaces.com\/27893\/Oreiller-de-retournement-3.jpg\" width=\"1024\" height=\"1024\" \/><figcaption class=\"attachment__caption\"><\/figcaption><\/figure>\n<figure class=\"attachment attachment--preview\" data-trix-attachment=\"{&quot;contentType&quot;:&quot;image&quot;,&quot;height&quot;:1024,&quot;url&quot;:&quot;https:\/\/sawaqli.fra1.cdn.digitaloceanspaces.com\/27892\/Oreiller-de-retournement-2.jpg&quot;,&quot;width&quot;:1024}\" data-trix-content-type=\"image\"><img decoding=\"async\" class=\"aligncenter\" src=\"https:\/\/sawaqli.fra1.cdn.digitaloceanspaces.com\/27892\/Oreiller-de-retournement-2.jpg\" width=\"1024\" height=\"1024\" \/><figcaption class=\"attachment__caption\"><\/figcaption><\/figure>\n<p style=\"text-align: center;\">","protected":false},"excerpt":{"rendered":"<p>\u3010Outil de soins infirmiers multifonctionnel\u3011: Le dispositif de retournement de patient ergonomique en forme de U est principalement utilis\u00e9 pour aider les patients ou les personnes \u00e2g\u00e9es \u00e0 changer facilement la position de leur corps, afin de leur faciliter le frottement de leur corps, ranger les v\u00eatements\/draps, changer les couches, soins d\u2019excr\u00e9tion , etc. De plus, nous vous avons \u00e9galement \u00e9quip\u00e9 d\u2019une sangle de levage patient parmi laquelle vous pouvez choisir, pour aider le pati\u3010Fonction suppl\u00e9mentaire\u3011 : au repos, vous pouvez le mettre sous vos pieds pour emp\u00eacher les escarres de se reproduire ; vous pouvez \u00e9galement poser vos jambes sur le tapis rotatif et vous balancer \u00e0 gauche et \u00e0 droite pour effectuer des exercices simples au lit afin d\u2019\u00e9viter l\u2019atrophie musculaire et d\u2019aggraver l\u2019\u00e9tat du patient. Lorsque vous sortez, aidez les patients \u00e0 fixer leurs jambes sur le fauteuil roulant, afin qu\u2019ils puissent \u00e9conomiser de l\u2019effort.\u3010Conception humanis\u00e9e\u3011: Il y a deux poign\u00e9es de chaque c\u00f4t\u00e9 pour faciliter l\u2019op\u00e9ration. Tout d\u2019abord, vous placez la partie sup\u00e9rieure du genou du patient dans les deux rainures de l\u2019appareil et croisez ses mains sur sa poitrine. Deuxi\u00e8mement, placez vos deux mains sur l\u2019\u00e9paule du patient et la poign\u00e9e de l\u2019appareil, et poussez fort en m\u00eame temps.\u3010Mat\u00e9riel de haute qualit\u00e9\u3011: La housse ext\u00e9rieure est disponible en cuir PU et en flanelle. La surface en cuir est plus imperm\u00e9able, tandis que la flanelle est plus chaude. L\u2019int\u00e9rieur est fait de mousse d\u2019injection hautement \u00e9lastique de haute qualit\u00e9, qui ne se d\u00e9formera pas apr\u00e8s une utilisation \u00e0 long terme. Conception \u00e0 glissi\u00e8re, facile \u00e0 d\u00e9monter et facile \u00e0 nettoyer.\u3010Personnes applicables\u3011: Cet appareil convient aux personnes \u00e2g\u00e9es et \u00e0 celles qui ne peuvent pas prendre soin d\u2019elles-m\u00eames ou rester au lit pendant une longue p\u00e9riode en raison d\u2019une paralysie des membres inf\u00e9rieurs, d\u2019une faiblesse musculaire ou d\u2019une d\u00e9t\u00e9rioration de la condition physique. C\u2019est un outil indispensable pour les soins \u00e0 domicile\/h\u00f4pital\/maison de retraite.<\/p>","protected":false},"featured_media":58228,"comment_status":"open","ping_status":"closed","template":"","meta":[],"product_brand":[],"product_cat":[2461],"product_tag":[],"class_list":{"0":"post-58229","1":"product","2":"type-product","3":"status-publish","4":"has-post-thumbnail","6":"product_cat-divers","8":"first","9":"instock","10":"taxable","11":"shipping-taxable","12":"purchasable","13":"product-type-simple"},"jetpack_sharing_enabled":true,"_links":{"self":[{"href":"https:\/\/shoponlinedz.com\/en\/wp-json\/wp\/v2\/product\/58229","targetHints":{"allow":["GET"]}}],"collection":[{"href":"https:\/\/shoponlinedz.com\/en\/wp-json\/wp\/v2\/product"}],"about":[{"href":"https:\/\/shoponlinedz.com\/en\/wp-json\/wp\/v2\/types\/product"}],"replies":[{"embeddable":true,"href":"https:\/\/shoponlinedz.com\/en\/wp-json\/wp\/v2\/comments?post=58229"}],"version-history":[{"count":0,"href":"https:\/\/shoponlinedz.com\/en\/wp-json\/wp\/v2\/product\/58229\/revisions"}],"wp:featuredmedia":[{"embeddable":true,"href":"https:\/\/shoponlinedz.com\/en\/wp-json\/wp\/v2\/media\/58228"}],"wp:attachment":[{"href":"https:\/\/shoponlinedz.com\/en\/wp-json\/wp\/v2\/media?parent=58229"}],"wp:term":[{"taxonomy":"product_brand","embeddable":true,"href":"https:\/\/shoponlinedz.com\/en\/wp-json\/wp\/v2\/product_brand?post=58229"},{"taxonomy":"product_cat","embeddable":true,"href":"https:\/\/shoponlinedz.com\/en\/wp-json\/wp\/v2\/product_cat?post=58229"},{"taxonomy":"product_tag","embeddable":true,"href":"https:\/\/shoponlinedz.com\/en\/wp-json\/wp\/v2\/product_tag?post=58229"}],"curies":[{"name":"wp","href":"https:\/\/api.w.org\/{rel}","templated":true}]}}