{"id":58154,"date":"2026-01-06T16:02:53","date_gmt":"2026-01-06T16:02:53","guid":{"rendered":"https:\/\/shoponlinedz.com\/product\/protege-chaussure-speciale-levier-vitesse-moto\/"},"modified":"2026-04-10T16:06:56","modified_gmt":"2026-04-10T15:06:56","slug":"protege-chaussure-speciale-levier-vitesse-moto","status":"publish","type":"product","link":"https:\/\/shoponlinedz.com\/en\/product\/protege-chaussure-speciale-levier-vitesse-moto\/","title":{"rendered":"Prot\u00e8ge Chaussure Sp\u00e9ciale Levier Vitesse"},"content":{"rendered":"<figure class=\"attachment attachment--preview\" data-trix-attachment=\"{&quot;contentType&quot;:&quot;image&quot;,&quot;height&quot;:1024,&quot;url&quot;:&quot;https:\/\/sawaqli.fra1.cdn.digitaloceanspaces.com\/28051\/Arayi-cnc.jpg&quot;,&quot;width&quot;:1024}\" data-trix-content-type=\"image\"><img decoding=\"async\" class=\"aligncenter\" src=\"https:\/\/sawaqli.fra1.cdn.digitaloceanspaces.com\/28051\/Arayi-cnc.jpg\" width=\"1024\" height=\"1024\" \/><figcaption class=\"attachment__caption\"><\/figcaption><\/figure>\n<figure class=\"attachment attachment--preview\" data-trix-attachment=\"{&quot;contentType&quot;:&quot;image&quot;,&quot;height&quot;:1024,&quot;url&quot;:&quot;https:\/\/sawaqli.fra1.cdn.digitaloceanspaces.com\/28052\/Arayi-4.jpg&quot;,&quot;width&quot;:1024}\" data-trix-content-type=\"image\"><img decoding=\"async\" class=\"aligncenter\" src=\"https:\/\/sawaqli.fra1.cdn.digitaloceanspaces.com\/28052\/Arayi-4.jpg\" width=\"1024\" height=\"1024\" \/><figcaption class=\"attachment__caption\"><\/figcaption><\/figure>\n<figure class=\"attachment attachment--preview\" data-trix-attachment=\"{&quot;contentType&quot;:&quot;image&quot;,&quot;height&quot;:1024,&quot;url&quot;:&quot;https:\/\/sawaqli.fra1.cdn.digitaloceanspaces.com\/28053\/Arayi-3.jpg&quot;,&quot;width&quot;:1024}\" data-trix-content-type=\"image\"><img decoding=\"async\" class=\"aligncenter\" src=\"https:\/\/sawaqli.fra1.cdn.digitaloceanspaces.com\/28053\/Arayi-3.jpg\" width=\"1024\" height=\"1024\" \/><figcaption class=\"attachment__caption\"><\/figcaption><\/figure>\n<figure class=\"attachment attachment--preview\" data-trix-attachment=\"{&quot;contentType&quot;:&quot;image&quot;,&quot;height&quot;:1024,&quot;url&quot;:&quot;https:\/\/sawaqli.fra1.cdn.digitaloceanspaces.com\/28054\/Arayi-2.jpg&quot;,&quot;width&quot;:1024}\" data-trix-content-type=\"image\"><img decoding=\"async\" class=\"aligncenter\" src=\"https:\/\/sawaqli.fra1.cdn.digitaloceanspaces.com\/28054\/Arayi-2.jpg\" width=\"1024\" height=\"1024\" \/><figcaption class=\"attachment__caption\"><\/figcaption><\/figure>\n<figure class=\"attachment attachment--preview\" data-trix-attachment=\"{&quot;contentType&quot;:&quot;image&quot;,&quot;height&quot;:1024,&quot;url&quot;:&quot;https:\/\/sawaqli.fra1.cdn.digitaloceanspaces.com\/28055\/Arayi-6.jpg&quot;,&quot;width&quot;:1024}\" data-trix-content-type=\"image\"><img decoding=\"async\" class=\"aligncenter\" src=\"https:\/\/sawaqli.fra1.cdn.digitaloceanspaces.com\/28055\/Arayi-6.jpg\" width=\"1024\" height=\"1024\" \/><figcaption class=\"attachment__caption\"><\/figcaption><\/figure>\n<p style=\"text-align: center;\">","protected":false},"excerpt":{"rendered":"<p>Pratique et portable : roulez en toute confiance avec la protection parfaite des chaussures fournie par ce prot\u00e8ge-moto. Sa forme l\u00e9g\u00e8re et compacte le rend facile \u00e0 transporter tout en prot\u00e9geant vos chaussures des rayures.Confort am\u00e9lior\u00e9 : ce prot\u00e8ge-levier vitesse moto assure un changement vitesse facile tout en offrant une excellente protection \u00e0 vos chaussures contre les rayures. Il est facile \u00e0 installer et s\u2019adapte \u00e0 la plupart des chaussures et des bottes, ce qui permet une conduite confortable et sans souci.Fiable et durable : fabriqu\u00e9 \u00e0 mat\u00e9riaux en caoutchouc haute qualit\u00e9, ce prot\u00e8ge-chaussures levier vitesse moto est antid\u00e9rapant et facile \u00e0 r\u00e9gler selon vos besoins. Il prot\u00e8ge vos chaussures des rayures et des \u00e9raflures lors des changements vitesse.Seucring sans couture : prot\u00e9gez vos chaussures en toute simplicit\u00e9 en utilisant notre couvre-levier vitesse moto. Il reste en place sans glisser et se fixe sur les lacets et la pointe du pied. Prot\u00e9gez facilement vos l\u2019usure.Am\u00e9liorez votre conduite : mettez la main sur ce prot\u00e8ge-chaussures moto qui fonctionne avec la plupart des types chaussures : baskets, bottes ou chaussures tennis. Sa couleur noire discr\u00e8te et son design tendance en font un incontournable la conduite.<\/p>","protected":false},"featured_media":58153,"comment_status":"open","ping_status":"closed","template":"","meta":[],"product_brand":[],"product_cat":[2458],"product_tag":[],"class_list":{"0":"post-58154","1":"product","2":"type-product","3":"status-publish","4":"has-post-thumbnail","6":"product_cat-accessoires-auto-moto","8":"first","9":"outofstock","10":"taxable","11":"shipping-taxable","12":"purchasable","13":"product-type-simple"},"jetpack_sharing_enabled":true,"_links":{"self":[{"href":"https:\/\/shoponlinedz.com\/en\/wp-json\/wp\/v2\/product\/58154","targetHints":{"allow":["GET"]}}],"collection":[{"href":"https:\/\/shoponlinedz.com\/en\/wp-json\/wp\/v2\/product"}],"about":[{"href":"https:\/\/shoponlinedz.com\/en\/wp-json\/wp\/v2\/types\/product"}],"replies":[{"embeddable":true,"href":"https:\/\/shoponlinedz.com\/en\/wp-json\/wp\/v2\/comments?post=58154"}],"version-history":[{"count":0,"href":"https:\/\/shoponlinedz.com\/en\/wp-json\/wp\/v2\/product\/58154\/revisions"}],"wp:featuredmedia":[{"embeddable":true,"href":"https:\/\/shoponlinedz.com\/en\/wp-json\/wp\/v2\/media\/58153"}],"wp:attachment":[{"href":"https:\/\/shoponlinedz.com\/en\/wp-json\/wp\/v2\/media?parent=58154"}],"wp:term":[{"taxonomy":"product_brand","embeddable":true,"href":"https:\/\/shoponlinedz.com\/en\/wp-json\/wp\/v2\/product_brand?post=58154"},{"taxonomy":"product_cat","embeddable":true,"href":"https:\/\/shoponlinedz.com\/en\/wp-json\/wp\/v2\/product_cat?post=58154"},{"taxonomy":"product_tag","embeddable":true,"href":"https:\/\/shoponlinedz.com\/en\/wp-json\/wp\/v2\/product_tag?post=58154"}],"curies":[{"name":"wp","href":"https:\/\/api.w.org\/{rel}","templated":true}]}}