{"id":58148,"date":"2026-01-06T16:02:39","date_gmt":"2026-01-06T16:02:39","guid":{"rendered":"https:\/\/shoponlinedz.com\/product\/bulldog-astronaute-projecteur-lampe-nebuleuses-espace-lumieres-v2\/"},"modified":"2026-02-16T16:52:52","modified_gmt":"2026-02-16T15:52:52","slug":"bulldog-astronaute-projecteur-lampe-nebuleuses-espace-lumieres-v2","status":"publish","type":"product","link":"https:\/\/shoponlinedz.com\/en\/product\/bulldog-astronaute-projecteur-lampe-nebuleuses-espace-lumieres-v2\/","title":{"rendered":"Bulldog Astronaute Projecteur Lampe N\u00e9buleuses Espace Lumi\u00e8res V2"},"content":{"rendered":"<figure class=\"attachment attachment--preview\" data-trix-attachment=\"{&quot;contentType&quot;:&quot;image&quot;,&quot;height&quot;:1024,&quot;url&quot;:&quot;https:\/\/sawaqli.fra1.cdn.digitaloceanspaces.com\/28056\/Nebula-V2-cnc.jpg&quot;,&quot;width&quot;:1024}\" data-trix-content-type=\"image\"><img decoding=\"async\" class=\"aligncenter\" src=\"https:\/\/sawaqli.fra1.cdn.digitaloceanspaces.com\/28056\/Nebula-V2-cnc.jpg\" width=\"1024\" height=\"1024\" \/><figcaption class=\"attachment__caption\"><\/figcaption><\/figure>\n<figure class=\"attachment attachment--preview\" data-trix-attachment=\"{&quot;contentType&quot;:&quot;image&quot;,&quot;height&quot;:1024,&quot;url&quot;:&quot;https:\/\/sawaqli.fra1.cdn.digitaloceanspaces.com\/28057\/Nebula-V2-7.jpg&quot;,&quot;width&quot;:1024}\" data-trix-content-type=\"image\"><img decoding=\"async\" class=\"aligncenter\" src=\"https:\/\/sawaqli.fra1.cdn.digitaloceanspaces.com\/28057\/Nebula-V2-7.jpg\" width=\"1024\" height=\"1024\" \/><figcaption class=\"attachment__caption\"><\/figcaption><\/figure>\n<figure class=\"attachment attachment--preview\" data-trix-attachment=\"{&quot;contentType&quot;:&quot;image&quot;,&quot;height&quot;:1024,&quot;url&quot;:&quot;https:\/\/sawaqli.fra1.cdn.digitaloceanspaces.com\/28058\/Nebula-V2-4.jpg&quot;,&quot;width&quot;:1024}\" data-trix-content-type=\"image\"><img decoding=\"async\" class=\"aligncenter\" src=\"https:\/\/sawaqli.fra1.cdn.digitaloceanspaces.com\/28058\/Nebula-V2-4.jpg\" width=\"1024\" height=\"1024\" \/><figcaption class=\"attachment__caption\"><\/figcaption><\/figure>\n<figure class=\"attachment attachment--preview\" data-trix-attachment=\"{&quot;contentType&quot;:&quot;image&quot;,&quot;height&quot;:1024,&quot;url&quot;:&quot;https:\/\/sawaqli.fra1.cdn.digitaloceanspaces.com\/28059\/Nebula-V2-3.jpg&quot;,&quot;width&quot;:1024}\" data-trix-content-type=\"image\"><img decoding=\"async\" class=\"aligncenter\" src=\"https:\/\/sawaqli.fra1.cdn.digitaloceanspaces.com\/28059\/Nebula-V2-3.jpg\" width=\"1024\" height=\"1024\" \/><figcaption class=\"attachment__caption\"><\/figcaption><\/figure>\n<figure class=\"attachment attachment--preview\" data-trix-attachment=\"{&quot;contentType&quot;:&quot;image&quot;,&quot;height&quot;:1024,&quot;url&quot;:&quot;https:\/\/sawaqli.fra1.cdn.digitaloceanspaces.com\/28060\/Nebula-V2-2.jpg&quot;,&quot;width&quot;:1024}\" data-trix-content-type=\"image\"><img decoding=\"async\" class=\"aligncenter\" src=\"https:\/\/sawaqli.fra1.cdn.digitaloceanspaces.com\/28060\/Nebula-V2-2.jpg\" width=\"1024\" height=\"1024\" \/><figcaption class=\"attachment__caption\"><\/figcaption><\/figure>\n<p style=\"text-align: center;\">","protected":false},"excerpt":{"rendered":"<p>Caract\u00e9ristiques sp\u00e9ciales :Comprend l\u2019effet MOON ! Plus d\u2019\u00e9toiles que dans le masque d\u2019astronaute classique D\u00e9tachableDivers effets de n\u00e9buleuse d\u2019aurore T\u00e9l\u00e9commande Deux modes de synchronisation : 45 min, 90 min Angle de projection r\u00e9glableEffets \u00e9toil\u00e9s de n\u00e9buleuse \u00e9tonnantsLe projecteur d\u2019aurore cr\u00e9era des n\u00e9buleuses color\u00e9es et impr\u00e9visibles, 5 niveaux de luminosit\u00e9, 8 couleurs brumeuses, ce qui rend on a l\u2019impression d\u2019\u00eatre dans une grande galaxie. La lumi\u00e8re du ciel d\u00e9tend non seulement l\u2019environnement de sommeil et calme les \u00e9motions des adultes et des b\u00e9b\u00e9s, mais cr\u00e9e \u00e9galement une imagination et une cr\u00e9ativit\u00e9 sans fin pour les enfants.Le projecteur de plafond convient pour les anniversaires, No\u00ebl, la f\u00eate des enfants et la d\u00e9coration de la chambre, ce qui cr\u00e9e une atmosph\u00e8re merveilleuse et \u00e9toil\u00e9e pour aider les enfants \u00e0 stimuler leur curiosit\u00e9, leur imagination et leur cr\u00e9ativit\u00e9. Elle est \u00e9galement parfaite pour la d\u00e9coration int\u00e9rieure comme luminaire d\u2019ambiance romantique et lampe de chevet.Apportez la galaxie aux enfants Le projecteur d\u2019\u00e9toiles cr\u00e9e un lieu de r\u00eave pour les enfants et renforce la cognition et l\u2019observation des enfants. Il stimule l\u2019imagination des enfants et les am\u00e8ne \u00e0 explorer la beaut\u00e9 de l\u2019univers. Veilleuse avec des mat\u00e9riaux \u00e9cologiques non toxiques, s\u00fbre \u00e0 utiliser ou au toucher, et sans bruit lors de l\u2019utilisation.<\/p>","protected":false},"featured_media":58147,"comment_status":"open","ping_status":"closed","template":"","meta":[],"product_brand":[],"product_cat":[2463],"product_tag":[],"class_list":{"0":"post-58148","1":"product","2":"type-product","3":"status-publish","4":"has-post-thumbnail","6":"product_cat-electronique","8":"first","9":"instock","10":"taxable","11":"shipping-taxable","12":"purchasable","13":"product-type-simple"},"jetpack_sharing_enabled":true,"_links":{"self":[{"href":"https:\/\/shoponlinedz.com\/en\/wp-json\/wp\/v2\/product\/58148","targetHints":{"allow":["GET"]}}],"collection":[{"href":"https:\/\/shoponlinedz.com\/en\/wp-json\/wp\/v2\/product"}],"about":[{"href":"https:\/\/shoponlinedz.com\/en\/wp-json\/wp\/v2\/types\/product"}],"replies":[{"embeddable":true,"href":"https:\/\/shoponlinedz.com\/en\/wp-json\/wp\/v2\/comments?post=58148"}],"version-history":[{"count":0,"href":"https:\/\/shoponlinedz.com\/en\/wp-json\/wp\/v2\/product\/58148\/revisions"}],"wp:featuredmedia":[{"embeddable":true,"href":"https:\/\/shoponlinedz.com\/en\/wp-json\/wp\/v2\/media\/58147"}],"wp:attachment":[{"href":"https:\/\/shoponlinedz.com\/en\/wp-json\/wp\/v2\/media?parent=58148"}],"wp:term":[{"taxonomy":"product_brand","embeddable":true,"href":"https:\/\/shoponlinedz.com\/en\/wp-json\/wp\/v2\/product_brand?post=58148"},{"taxonomy":"product_cat","embeddable":true,"href":"https:\/\/shoponlinedz.com\/en\/wp-json\/wp\/v2\/product_cat?post=58148"},{"taxonomy":"product_tag","embeddable":true,"href":"https:\/\/shoponlinedz.com\/en\/wp-json\/wp\/v2\/product_tag?post=58148"}],"curies":[{"name":"wp","href":"https:\/\/api.w.org\/{rel}","templated":true}]}}