{"id":58115,"date":"2026-01-06T16:00:55","date_gmt":"2026-01-06T16:00:55","guid":{"rendered":"https:\/\/shoponlinedz.com\/product\/al-harameen-horloge-azan-reveils-1500-villes-ecran-numerique-lcd\/"},"modified":"2026-02-16T16:52:54","modified_gmt":"2026-02-16T15:52:54","slug":"al-harameen-horloge-azan-reveils-1500-villes-ecran-numerique-lcd","status":"publish","type":"product","link":"https:\/\/shoponlinedz.com\/en\/product\/al-harameen-horloge-azan-reveils-1500-villes-ecran-numerique-lcd\/","title":{"rendered":"Al-Harameen Horloge Azan R\u00e9veils 1500 Villes \u00c9cran Num\u00e9rique LCD"},"content":{"rendered":"<figure class=\"attachment attachment--preview\" data-trix-attachment=\"{&quot;contentType&quot;:&quot;image&quot;,&quot;height&quot;:1024,&quot;url&quot;:&quot;https:\/\/sawaqli.fra1.cdn.digitaloceanspaces.com\/28219\/Harameen-cnc.jpg&quot;,&quot;width&quot;:1024}\" data-trix-content-type=\"image\"><img decoding=\"async\" class=\"aligncenter\" src=\"https:\/\/sawaqli.fra1.cdn.digitaloceanspaces.com\/28219\/Harameen-cnc.jpg\" width=\"1024\" height=\"1024\" \/><figcaption class=\"attachment__caption\"><\/figcaption><\/figure>\n<figure class=\"attachment attachment--preview\" data-trix-attachment=\"{&quot;contentType&quot;:&quot;image&quot;,&quot;height&quot;:1024,&quot;url&quot;:&quot;https:\/\/sawaqli.fra1.cdn.digitaloceanspaces.com\/28220\/Harameen-3.jpg&quot;,&quot;width&quot;:1024}\" data-trix-content-type=\"image\"><img decoding=\"async\" class=\"aligncenter\" src=\"https:\/\/sawaqli.fra1.cdn.digitaloceanspaces.com\/28220\/Harameen-3.jpg\" width=\"1024\" height=\"1024\" \/><figcaption class=\"attachment__caption\"><\/figcaption><\/figure>\n<figure class=\"attachment attachment--preview\" data-trix-attachment=\"{&quot;contentType&quot;:&quot;image&quot;,&quot;height&quot;:1024,&quot;url&quot;:&quot;https:\/\/sawaqli.fra1.cdn.digitaloceanspaces.com\/28221\/Harameen-5.jpg&quot;,&quot;width&quot;:1024}\" data-trix-content-type=\"image\"><img decoding=\"async\" class=\"aligncenter\" src=\"https:\/\/sawaqli.fra1.cdn.digitaloceanspaces.com\/28221\/Harameen-5.jpg\" width=\"1024\" height=\"1024\" \/><figcaption class=\"attachment__caption\"><\/figcaption><\/figure>\n<p style=\"text-align: center;\">","protected":false},"excerpt":{"rendered":"<p>\u0633\u0627\u0639\u0629 \u0631\u0642\u0645\u064a\u0629 \u0644\u0644\u0623\u0630\u0627\u0646 \u0648\u0627\u0644\u0648\u0642\u062a \u0648\u0627\u0644\u062a\u0627\u0631\u064a\u062e\u062a\u0636\u0628\u0637 \u0646\u0641\u0633\u0647\u0627 \u062a\u0644\u0642\u0627\u0626\u064a\u0627\u064b \u0643\u0644 \u064a\u0648\u0645: \u062a\u0635\u0645\u064a\u0645 \u062d\u062f\u064a\u062b \u0648\u0645\u0648\u062b\u0648\u0642.\u062e\u0641\u064a\u0641\u0629 \u0648\u0633\u0647\u0644\u0629 \u0627\u0644\u062d\u0645\u0644: \u0644\u0627 \u062a\u0632\u064a\u062f \u0648\u0632\u0646 \u0627\u0644\u0623\u0645\u062a\u0639\u0629 \u0623\u062b\u0646\u0627\u0621 \u0627\u0644\u0633\u0641\u0631.\u0648\u0638\u0627\u0626\u0641 \u0645\u062a\u0639\u062f\u062f\u0629: \u062a\u0639\u0631\u0636 \u0627\u0644\u0648\u0642\u062a\u060c \u0627\u0644\u062a\u0627\u0631\u064a\u062e\u060c \u0627\u0644\u064a\u0648\u0645 \u0648\u0623\u0648\u0642\u0627\u062a \u0627\u0644\u0635\u0644\u0627\u0629.1500 \u0645\u062f\u064a\u0646\u0629 \u0645\u0628\u0631\u0645\u062c\u0629: \u0645\u0639 5 \u0645\u0648\u0627\u0642\u064a\u062a \u0635\u0644\u0627\u0629 \u064a\u0648\u0645\u064a\u0629.\u0633\u0647\u0644\u0629 \u0627\u0644\u0627\u0633\u062a\u062e\u062f\u0627\u0645: \u064a\u0643\u0641\u064a \u0636\u0628\u0637 \u0627\u0644\u0648\u0642\u062a \u0648\u0627\u0644\u062a\u0627\u0631\u064a\u062e \u0648\u0627\u062e\u062a\u064a\u0627\u0631 \u0623\u0642\u0631\u0628 \u0645\u062f\u064a\u0646\u0629 \u0644\u062a\u0639\u0645\u0644 \u062a\u0644\u0642\u0627\u0626\u064a\u0627\u064b.\u0645\u0635\u0646\u0648\u0639\u0629 \u0645\u0646 \u0628\u0644\u0627\u0633\u062a\u064a\u0643 \u0642\u0648\u064a: \u0645\u0642\u0627\u0648\u0645\u0629 \u0644\u0644\u0643\u0633\u0631 \u0648\u0627\u0644\u0633\u0642\u0648\u0637..<\/p>","protected":false},"featured_media":58114,"comment_status":"open","ping_status":"closed","template":"","meta":[],"product_brand":[],"product_cat":[2463],"product_tag":[],"class_list":{"0":"post-58115","1":"product","2":"type-product","3":"status-publish","4":"has-post-thumbnail","6":"product_cat-electronique","8":"first","9":"instock","10":"taxable","11":"shipping-taxable","12":"purchasable","13":"product-type-simple"},"jetpack_sharing_enabled":true,"_links":{"self":[{"href":"https:\/\/shoponlinedz.com\/en\/wp-json\/wp\/v2\/product\/58115","targetHints":{"allow":["GET"]}}],"collection":[{"href":"https:\/\/shoponlinedz.com\/en\/wp-json\/wp\/v2\/product"}],"about":[{"href":"https:\/\/shoponlinedz.com\/en\/wp-json\/wp\/v2\/types\/product"}],"replies":[{"embeddable":true,"href":"https:\/\/shoponlinedz.com\/en\/wp-json\/wp\/v2\/comments?post=58115"}],"version-history":[{"count":0,"href":"https:\/\/shoponlinedz.com\/en\/wp-json\/wp\/v2\/product\/58115\/revisions"}],"wp:featuredmedia":[{"embeddable":true,"href":"https:\/\/shoponlinedz.com\/en\/wp-json\/wp\/v2\/media\/58114"}],"wp:attachment":[{"href":"https:\/\/shoponlinedz.com\/en\/wp-json\/wp\/v2\/media?parent=58115"}],"wp:term":[{"taxonomy":"product_brand","embeddable":true,"href":"https:\/\/shoponlinedz.com\/en\/wp-json\/wp\/v2\/product_brand?post=58115"},{"taxonomy":"product_cat","embeddable":true,"href":"https:\/\/shoponlinedz.com\/en\/wp-json\/wp\/v2\/product_cat?post=58115"},{"taxonomy":"product_tag","embeddable":true,"href":"https:\/\/shoponlinedz.com\/en\/wp-json\/wp\/v2\/product_tag?post=58115"}],"curies":[{"name":"wp","href":"https:\/\/api.w.org\/{rel}","templated":true}]}}