{"id":58032,"date":"2026-01-06T15:57:43","date_gmt":"2026-01-06T15:57:43","guid":{"rendered":"https:\/\/shoponlinedz.com\/product\/gym-sport-kit-compression-pour-hommes-3-pcs-%d8%b7%d9%82%d9%85-%d8%b1%d9%8a%d8%a7%d8%b6%d9%8a-3-%d9%82%d8%b7%d8%b9\/"},"modified":"2026-02-16T16:52:56","modified_gmt":"2026-02-16T15:52:56","slug":"gym-sport-kit-compression-pour-hommes-3-pcs-%d8%b7%d9%82%d9%85-%d8%b1%d9%8a%d8%a7%d8%b6%d9%8a-3-%d9%82%d8%b7%d8%b9","status":"publish","type":"product","link":"https:\/\/shoponlinedz.com\/en\/product\/gym-sport-kit-compression-pour-hommes-3-pcs-%d8%b7%d9%82%d9%85-%d8%b1%d9%8a%d8%a7%d8%b6%d9%8a-3-%d9%82%d8%b7%d8%b9\/","title":{"rendered":"GYM Sport Kit Compression pour Hommes 3 pcs &#8211; \u0637\u0642\u0645 \u0631\u064a\u0627\u0636\u064a 3 \u0642\u0637\u0639"},"content":{"rendered":"<figure class=\"attachment attachment--preview\" data-trix-attachment=\"{&quot;contentType&quot;:&quot;image&quot;,&quot;height&quot;:1024,&quot;url&quot;:&quot;https:\/\/sawaqli.fra1.cdn.digitaloceanspaces.com\/29168\/WhatsApp-Image-2024-10-14-at-12.37.31-(1).jpeg&quot;,&quot;width&quot;:1024}\" data-trix-content-type=\"image\"><img decoding=\"async\" class=\"aligncenter\" src=\"https:\/\/sawaqli.fra1.cdn.digitaloceanspaces.com\/29168\/WhatsApp-Image-2024-10-14-at-12.37.31-(1).jpeg\" width=\"1024\" height=\"1024\" \/><figcaption class=\"attachment__caption\"><\/figcaption><\/figure>\n<figure class=\"attachment attachment--preview\" data-trix-attachment=\"{&quot;contentType&quot;:&quot;image&quot;,&quot;height&quot;:1024,&quot;url&quot;:&quot;https:\/\/sawaqli.fra1.cdn.digitaloceanspaces.com\/28429\/Gym-set-cnc2.jpg&quot;,&quot;width&quot;:1024}\" data-trix-content-type=\"image\"><img decoding=\"async\" class=\"aligncenter\" src=\"https:\/\/sawaqli.fra1.cdn.digitaloceanspaces.com\/28429\/Gym-set-cnc2.jpg\" width=\"1024\" height=\"1024\" \/><figcaption class=\"attachment__caption\"><\/figcaption><\/figure>\n<figure class=\"attachment attachment--preview\" data-trix-attachment=\"{&quot;contentType&quot;:&quot;image&quot;,&quot;height&quot;:1024,&quot;url&quot;:&quot;https:\/\/sawaqli.fra1.cdn.digitaloceanspaces.com\/28425\/Gym-set-1.jpg&quot;,&quot;width&quot;:1024}\" data-trix-content-type=\"image\"><img decoding=\"async\" class=\"aligncenter\" src=\"https:\/\/sawaqli.fra1.cdn.digitaloceanspaces.com\/28425\/Gym-set-1.jpg\" width=\"1024\" height=\"1024\" \/><figcaption class=\"attachment__caption\"><\/figcaption><\/figure>\n<figure class=\"attachment attachment--preview\" data-trix-attachment=\"{&quot;contentType&quot;:&quot;image&quot;,&quot;height&quot;:1024,&quot;url&quot;:&quot;https:\/\/sawaqli.fra1.cdn.digitaloceanspaces.com\/28426\/Gym-set-2.jpg&quot;,&quot;width&quot;:1024}\" data-trix-content-type=\"image\"><img decoding=\"async\" class=\"aligncenter\" src=\"https:\/\/sawaqli.fra1.cdn.digitaloceanspaces.com\/28426\/Gym-set-2.jpg\" width=\"1024\" height=\"1024\" \/><figcaption class=\"attachment__caption\"><\/figcaption><\/figure>\n<figure class=\"attachment attachment--preview\" data-trix-attachment=\"{&quot;contentType&quot;:&quot;image&quot;,&quot;height&quot;:1024,&quot;url&quot;:&quot;https:\/\/sawaqli.fra1.cdn.digitaloceanspaces.com\/28427\/Gym-set-3.jpg&quot;,&quot;width&quot;:1024}\" data-trix-content-type=\"image\"><img decoding=\"async\" class=\"aligncenter\" src=\"https:\/\/sawaqli.fra1.cdn.digitaloceanspaces.com\/28427\/Gym-set-3.jpg\" width=\"1024\" height=\"1024\" \/><figcaption class=\"attachment__caption\"><\/figcaption><\/figure>\n<p style=\"text-align: center;\">","protected":false},"excerpt":{"rendered":"<p>\u273f Les t-shirts pour hommes peuvent \u00eatre adapt\u00e9s \u00e0 diff\u00e9rentes situations du quotidien (fitness \/ travail \/ affaires, loisirs ou f\u00eate) et combin\u00e9s avec diff\u00e9rents styles. Cette boutique est sp\u00e9cialis\u00e9e dans la vente de toutes sortes de v\u00eatements, \u00e0 la mode, de haute qualit\u00e9 et \u00e0 bas prix. Vous pouvez entrer dans cette boutique pour voir plus de styles de v\u00eatements et faire vos achats ensemble.\u273f Cette chemise classique polyvalente a l\u2019air simple et convient \u00e0 toutes les occasions. Les t-shirts d\u2019\u00e9t\u00e9 pour hommes sont fabriqu\u00e9s \u00e0 partir de mat\u00e9riaux de haute qualit\u00e9, sont \u00e9l\u00e9gants, doux pour la peau et durables, adapt\u00e9s \u00e0 un usage quotidien. Cette robe montre votre charme et votre style.\u273f Il est tr\u00e8s adapt\u00e9 aux loisirs et vous ne vous sentirez pas d\u00e9prim\u00e9 \u00e0 l\u2019endroit o\u00f9 vous transpirez pendant l\u2019exercice. Lorsqu\u2019il fait froid, vous pouvez le porter comme un article de base. Il est respirant et peut \u00eatre port\u00e9 toute la journ\u00e9e. Il vous fera sortir du lot, il vous rendra sexy et charmante.\u273f Peu importe que vous portiez un jean ou une salopette. Il est \u00e9galement tr\u00e8s appropri\u00e9 pour \u00eatre combin\u00e9 avec des sweats \u00e0 capuche ou des vestes d\u00e9contract\u00e9es. Une chemise pour homme cool, moderne et d\u00e9contract\u00e9e adapt\u00e9e \u00e0 l\u2019\u00e9t\u00e9, \u00e0 l\u2019automne, au printemps et \u00e0 l\u2019hiver.\u273f Le haut d\u2019\u00e9t\u00e9 pour homme est la tenue parfaite pour une promenade tranquille en ville avec votre meilleur ami ou pour le premier rendez-vous dans un caf\u00e9 branch\u00e9.TAILLES : M &#8211; L &#8211; XL &#8211; XXL &#8211; XXXL<\/p>","protected":false},"featured_media":58031,"comment_status":"open","ping_status":"closed","template":"","meta":[],"product_brand":[],"product_cat":[2468],"product_tag":[],"class_list":{"0":"post-58032","1":"product","2":"type-product","3":"status-publish","4":"has-post-thumbnail","6":"product_cat-sport","8":"first","9":"instock","10":"taxable","11":"shipping-taxable","12":"purchasable","13":"product-type-simple"},"jetpack_sharing_enabled":true,"_links":{"self":[{"href":"https:\/\/shoponlinedz.com\/en\/wp-json\/wp\/v2\/product\/58032","targetHints":{"allow":["GET"]}}],"collection":[{"href":"https:\/\/shoponlinedz.com\/en\/wp-json\/wp\/v2\/product"}],"about":[{"href":"https:\/\/shoponlinedz.com\/en\/wp-json\/wp\/v2\/types\/product"}],"replies":[{"embeddable":true,"href":"https:\/\/shoponlinedz.com\/en\/wp-json\/wp\/v2\/comments?post=58032"}],"version-history":[{"count":0,"href":"https:\/\/shoponlinedz.com\/en\/wp-json\/wp\/v2\/product\/58032\/revisions"}],"wp:featuredmedia":[{"embeddable":true,"href":"https:\/\/shoponlinedz.com\/en\/wp-json\/wp\/v2\/media\/58031"}],"wp:attachment":[{"href":"https:\/\/shoponlinedz.com\/en\/wp-json\/wp\/v2\/media?parent=58032"}],"wp:term":[{"taxonomy":"product_brand","embeddable":true,"href":"https:\/\/shoponlinedz.com\/en\/wp-json\/wp\/v2\/product_brand?post=58032"},{"taxonomy":"product_cat","embeddable":true,"href":"https:\/\/shoponlinedz.com\/en\/wp-json\/wp\/v2\/product_cat?post=58032"},{"taxonomy":"product_tag","embeddable":true,"href":"https:\/\/shoponlinedz.com\/en\/wp-json\/wp\/v2\/product_tag?post=58032"}],"curies":[{"name":"wp","href":"https:\/\/api.w.org\/{rel}","templated":true}]}}