{"id":58017,"date":"2026-01-06T15:57:11","date_gmt":"2026-01-06T15:57:11","guid":{"rendered":"https:\/\/shoponlinedz.com\/product\/lumiere-dambiance-meduse-led-veilleuse-decoration-bureau-table-carre-v2\/"},"modified":"2026-02-16T16:52:57","modified_gmt":"2026-02-16T15:52:57","slug":"lumiere-dambiance-meduse-led-veilleuse-decoration-bureau-table-carre-v2","status":"publish","type":"product","link":"https:\/\/shoponlinedz.com\/en\/product\/lumiere-dambiance-meduse-led-veilleuse-decoration-bureau-table-carre-v2\/","title":{"rendered":"Lumi\u00e8re D&#8217;Ambiance M\u00e9duse LED, Veilleuse D\u00e9coration Bureau Table , Carr\u00e9 V2"},"content":{"rendered":"<figure class=\"attachment attachment--preview\" data-trix-attachment=\"{&quot;contentType&quot;:&quot;image&quot;,&quot;height&quot;:1024,&quot;url&quot;:&quot;https:\/\/sawaqli.fra1.cdn.digitaloceanspaces.com\/28613\/Muduse-Lamp-Carre-cnc.jpg&quot;,&quot;width&quot;:1024}\" data-trix-content-type=\"image\"><img decoding=\"async\" class=\"aligncenter\" src=\"https:\/\/sawaqli.fra1.cdn.digitaloceanspaces.com\/28613\/Muduse-Lamp-Carre-cnc.jpg\" width=\"1024\" height=\"1024\" \/><figcaption class=\"attachment__caption\"><\/figcaption><\/figure>\n<figure class=\"attachment attachment--preview\" data-trix-attachment=\"{&quot;contentType&quot;:&quot;image&quot;,&quot;height&quot;:1024,&quot;url&quot;:&quot;https:\/\/sawaqli.fra1.cdn.digitaloceanspaces.com\/28614\/Muduse-Lamp-Carre-11.jpg&quot;,&quot;width&quot;:1024}\" data-trix-content-type=\"image\"><img decoding=\"async\" class=\"aligncenter\" src=\"https:\/\/sawaqli.fra1.cdn.digitaloceanspaces.com\/28614\/Muduse-Lamp-Carre-11.jpg\" width=\"1024\" height=\"1024\" \/><figcaption class=\"attachment__caption\"><\/figcaption><\/figure>\n<figure class=\"attachment attachment--preview\" data-trix-attachment=\"{&quot;contentType&quot;:&quot;image&quot;,&quot;height&quot;:1024,&quot;url&quot;:&quot;https:\/\/sawaqli.fra1.cdn.digitaloceanspaces.com\/28615\/Muduse-Lamp-Carre-10.jpg&quot;,&quot;width&quot;:1024}\" data-trix-content-type=\"image\"><img decoding=\"async\" class=\"aligncenter\" src=\"https:\/\/sawaqli.fra1.cdn.digitaloceanspaces.com\/28615\/Muduse-Lamp-Carre-10.jpg\" width=\"1024\" height=\"1024\" \/><figcaption class=\"attachment__caption\"><\/figcaption><\/figure>\n<figure class=\"attachment attachment--preview\" data-trix-attachment=\"{&quot;contentType&quot;:&quot;image&quot;,&quot;height&quot;:1024,&quot;url&quot;:&quot;https:\/\/sawaqli.fra1.cdn.digitaloceanspaces.com\/28616\/Muduse-Lamp-Carre-9.jpg&quot;,&quot;width&quot;:1024}\" data-trix-content-type=\"image\"><img decoding=\"async\" class=\"aligncenter\" src=\"https:\/\/sawaqli.fra1.cdn.digitaloceanspaces.com\/28616\/Muduse-Lamp-Carre-9.jpg\" width=\"1024\" height=\"1024\" \/><figcaption class=\"attachment__caption\"><\/figcaption><\/figure>\n<figure class=\"attachment attachment--preview\" data-trix-attachment=\"{&quot;contentType&quot;:&quot;image&quot;,&quot;height&quot;:1024,&quot;url&quot;:&quot;https:\/\/sawaqli.fra1.cdn.digitaloceanspaces.com\/28617\/Muduse-Lamp-Carre-8.jpg&quot;,&quot;width&quot;:1024}\" data-trix-content-type=\"image\"><img decoding=\"async\" class=\"aligncenter\" src=\"https:\/\/sawaqli.fra1.cdn.digitaloceanspaces.com\/28617\/Muduse-Lamp-Carre-8.jpg\" width=\"1024\" height=\"1024\" \/><figcaption class=\"attachment__caption\"><\/figcaption><\/figure>\n<p style=\"text-align: center;\">","protected":false},"excerpt":{"rendered":"<p>\u0645\u0635\u0628\u0627\u062d \u0645\u0627\u0626\u064a \u0639\u0644\u0649 \u0634\u0643\u0644 \u0642\u0646\u0627\u062f\u064a\u0644 \u0627\u0644\u0628\u062d\u0631 (Jellyfish Lamp)\u062a\u0635\u0645\u064a\u0645 \u0633\u0627\u062d\u0631: \u0642\u0646\u0627\u062f\u064a\u0644 \u0628\u062d\u0631 \u0648\u0627\u0642\u0639\u064a\u0629 \u062a\u062a\u062d\u0631\u0643 \u0645\u0639 \u0623\u0630\u0631\u0639 \u0639\u0627\u0626\u0645\u0629 \u0644\u0625\u0636\u0627\u0621\u0629 \u0645\u0628\u0647\u0631\u0629.\u0625\u0636\u0627\u0621\u0629 LED \u0645\u062a\u0639\u062f\u062f\u0629 \u0627\u0644\u0623\u0644\u0648\u0627\u0646: \u0633\u0628\u0639\u0629 \u0623\u0644\u0648\u0627\u0646 \u064a\u0645\u0643\u0646 \u062a\u062b\u0628\u064a\u062a\u0647\u0627 \u0623\u0648 \u062a\u063a\u064a\u064a\u0631\u0647\u0627 \u062a\u0644\u0642\u0627\u0626\u064a\u0627\u064b.\u0647\u062f\u0648\u0621 \u062a\u0627\u0645: \u064a\u0639\u0645\u0644 \u0628\u0645\u062d\u0631\u0643 \u0645\u0646\u062e\u0641\u0636 \u0627\u0644\u0636\u0648\u0636\u0627\u0621 \u0644\u062c\u0648 \u0645\u0631\u064a\u062d.\u064a\u062e\u0641\u0641 \u0627\u0644\u062a\u0648\u062a\u0631: \u064a\u0648\u0641\u0631 \u062a\u0623\u062b\u064a\u0631\u0627\u064b \u0645\u0647\u062f\u0626\u0627\u064b \u0644\u0644\u0623\u0637\u0641\u0627\u0644 \u0648\u0627\u0644\u0643\u0628\u0627\u0631 \u0639\u0644\u0649 \u062d\u062f \u0633\u0648\u0627\u0621.\u0647\u062f\u064a\u0629 \u0645\u062b\u0627\u0644\u064a\u0629: \u0645\u0646\u0627\u0633\u0628\u0629 \u0644\u063a\u0631\u0641 \u0627\u0644\u0646\u0648\u0645\u060c \u0627\u0644\u0645\u0643\u0627\u062a\u0628 \u0623\u0648 \u0643\u062f\u064a\u0643\u0648\u0631 \u0645\u0646\u0632\u0644\u064a \u062c\u0630\u0627\u0628.<\/p>","protected":false},"featured_media":58016,"comment_status":"open","ping_status":"closed","template":"","meta":[],"product_brand":[],"product_cat":[2463],"product_tag":[],"class_list":{"0":"post-58017","1":"product","2":"type-product","3":"status-publish","4":"has-post-thumbnail","6":"product_cat-electronique","8":"first","9":"instock","10":"taxable","11":"shipping-taxable","12":"purchasable","13":"product-type-simple"},"jetpack_sharing_enabled":true,"_links":{"self":[{"href":"https:\/\/shoponlinedz.com\/en\/wp-json\/wp\/v2\/product\/58017","targetHints":{"allow":["GET"]}}],"collection":[{"href":"https:\/\/shoponlinedz.com\/en\/wp-json\/wp\/v2\/product"}],"about":[{"href":"https:\/\/shoponlinedz.com\/en\/wp-json\/wp\/v2\/types\/product"}],"replies":[{"embeddable":true,"href":"https:\/\/shoponlinedz.com\/en\/wp-json\/wp\/v2\/comments?post=58017"}],"version-history":[{"count":0,"href":"https:\/\/shoponlinedz.com\/en\/wp-json\/wp\/v2\/product\/58017\/revisions"}],"wp:featuredmedia":[{"embeddable":true,"href":"https:\/\/shoponlinedz.com\/en\/wp-json\/wp\/v2\/media\/58016"}],"wp:attachment":[{"href":"https:\/\/shoponlinedz.com\/en\/wp-json\/wp\/v2\/media?parent=58017"}],"wp:term":[{"taxonomy":"product_brand","embeddable":true,"href":"https:\/\/shoponlinedz.com\/en\/wp-json\/wp\/v2\/product_brand?post=58017"},{"taxonomy":"product_cat","embeddable":true,"href":"https:\/\/shoponlinedz.com\/en\/wp-json\/wp\/v2\/product_cat?post=58017"},{"taxonomy":"product_tag","embeddable":true,"href":"https:\/\/shoponlinedz.com\/en\/wp-json\/wp\/v2\/product_tag?post=58017"}],"curies":[{"name":"wp","href":"https:\/\/api.w.org\/{rel}","templated":true}]}}