{"id":57986,"date":"2026-01-06T15:55:56","date_gmt":"2026-01-06T15:55:56","guid":{"rendered":"https:\/\/shoponlinedz.com\/product\/guirlande-lumineuse-a-40-led-9-m-branchement-direct-avec-secteur-etanche-decoration-ideale-pour-chambre-ampoule\/"},"modified":"2026-02-16T16:52:58","modified_gmt":"2026-02-16T15:52:58","slug":"guirlande-lumineuse-a-40-led-9-m-branchement-direct-avec-secteur-etanche-decoration-ideale-pour-chambre-ampoule","status":"publish","type":"product","link":"https:\/\/shoponlinedz.com\/en\/product\/guirlande-lumineuse-a-40-led-9-m-branchement-direct-avec-secteur-etanche-decoration-ideale-pour-chambre-ampoule\/","title":{"rendered":"Guirlande lumineuse \u00e0 40 LED &#8211; 9 m &#8211; Branchement direct avec secteur \u00e9tanche d\u00e9coration id\u00e9ale pour chambre (Ampoule)"},"content":{"rendered":"<figure class=\"attachment attachment--preview\" data-trix-attachment=\"{&quot;contentType&quot;:&quot;image&quot;,&quot;height&quot;:1024,&quot;url&quot;:&quot;https:\/\/sawaqli.fra1.cdn.digitaloceanspaces.com\/27742\/lampes-multicolor-led-cnc.jpg&quot;,&quot;width&quot;:1024}\" data-trix-content-type=\"image\"><img decoding=\"async\" class=\"aligncenter\" src=\"https:\/\/sawaqli.fra1.cdn.digitaloceanspaces.com\/27742\/lampes-multicolor-led-cnc.jpg\" width=\"1024\" height=\"1024\" \/><figcaption class=\"attachment__caption\"><\/figcaption><\/figure>\n<figure class=\"attachment attachment--preview\" data-trix-attachment=\"{&quot;contentType&quot;:&quot;image&quot;,&quot;height&quot;:1024,&quot;url&quot;:&quot;https:\/\/sawaqli.fra1.cdn.digitaloceanspaces.com\/27743\/lampes-multicolor-led-6.jpg&quot;,&quot;width&quot;:1024}\" data-trix-content-type=\"image\"><img decoding=\"async\" class=\"aligncenter\" src=\"https:\/\/sawaqli.fra1.cdn.digitaloceanspaces.com\/27743\/lampes-multicolor-led-6.jpg\" width=\"1024\" height=\"1024\" \/><figcaption class=\"attachment__caption\"><\/figcaption><\/figure>\n<figure class=\"attachment attachment--preview\" data-trix-attachment=\"{&quot;contentType&quot;:&quot;image&quot;,&quot;height&quot;:1024,&quot;url&quot;:&quot;https:\/\/sawaqli.fra1.cdn.digitaloceanspaces.com\/27744\/lampes-multicolor-led-5.jpg&quot;,&quot;width&quot;:1024}\" data-trix-content-type=\"image\"><img decoding=\"async\" class=\"aligncenter\" src=\"https:\/\/sawaqli.fra1.cdn.digitaloceanspaces.com\/27744\/lampes-multicolor-led-5.jpg\" width=\"1024\" height=\"1024\" \/><figcaption class=\"attachment__caption\"><\/figcaption><\/figure>\n<figure class=\"attachment attachment--preview\" data-trix-attachment=\"{&quot;contentType&quot;:&quot;image&quot;,&quot;height&quot;:1024,&quot;url&quot;:&quot;https:\/\/sawaqli.fra1.cdn.digitaloceanspaces.com\/27745\/lampes-multicolor-led-3.jpg&quot;,&quot;width&quot;:1024}\" data-trix-content-type=\"image\"><img decoding=\"async\" class=\"aligncenter\" src=\"https:\/\/sawaqli.fra1.cdn.digitaloceanspaces.com\/27745\/lampes-multicolor-led-3.jpg\" width=\"1024\" height=\"1024\" \/><figcaption class=\"attachment__caption\"><\/figcaption><\/figure>\n<figure class=\"attachment attachment--preview\" data-trix-attachment=\"{&quot;contentType&quot;:&quot;image&quot;,&quot;height&quot;:1024,&quot;url&quot;:&quot;https:\/\/sawaqli.fra1.cdn.digitaloceanspaces.com\/27746\/lampes-multicolor-led-2.jpg&quot;,&quot;width&quot;:1024}\" data-trix-content-type=\"image\"><img decoding=\"async\" class=\"aligncenter\" src=\"https:\/\/sawaqli.fra1.cdn.digitaloceanspaces.com\/27746\/lampes-multicolor-led-2.jpg\" width=\"1024\" height=\"1024\" \/><figcaption class=\"attachment__caption\"><\/figcaption><\/figure>\n<p style=\"text-align: center;\">","protected":false},"excerpt":{"rendered":"<p>\u0633\u0644\u0633\u0644\u0629 \u0623\u0636\u0648\u0627\u0621 \u0643\u0631\u0627\u062a \u0645\u0644\u0648\u0651\u0646\u0629 40 LED \u0628\u0637\u0648\u0644 9 \u0645\u0625\u0636\u0627\u0621\u0629 \u062f\u064a\u0643\u0648\u0631\u064a\u0629 \u0645\u0628\u0647\u062c\u0629: \u0645\u062b\u0627\u0644\u064a\u0629 \u0644\u062a\u0632\u064a\u064a\u0646 \u0627\u0644\u0645\u0646\u0627\u0632\u0644 \u0648\u0627\u0644\u062d\u062f\u0627\u0626\u0642 \u0648\u0627\u0644\u062d\u0641\u0644\u0627\u062a \u0627\u0644\u062f\u0627\u062e\u0644\u064a\u0629 \u0648\u0627\u0644\u062e\u0627\u0631\u062c\u064a\u0629.\u0633\u0647\u0644\u0629 \u0627\u0644\u0627\u0633\u062a\u062e\u062f\u0627\u0645: \u062a\u0639\u0645\u0644 \u0628\u0627\u0644\u0643\u0647\u0631\u0628\u0627\u0621 \u0627\u0644\u0645\u0646\u0632\u0644\u064a\u0629 \u0648\u064a\u0645\u0643\u0646 \u0644\u0641\u0647\u0627 \u062d\u0648\u0644 \u0627\u0644\u0646\u0628\u0627\u062a\u0627\u062a \u0623\u0648 \u0627\u0644\u0623\u062b\u0627\u062b \u0628\u0633\u0647\u0648\u0644\u0629.\u0645\u0631\u0646\u0629 \u0648\u0645\u062a\u064a\u0646\u0629: \u0627\u0644\u0633\u0644\u0643 \u0627\u0644\u0642\u0627\u0628\u0644 \u0644\u0644\u0637\u064a \u064a\u0633\u0627\u0639\u062f \u0639\u0644\u0649 \u0627\u0644\u062a\u062b\u0628\u064a\u062a \u0641\u064a \u0623\u064a \u0645\u0643\u0627\u0646.\u0623\u062c\u0648\u0627\u0621 \u0631\u0648\u0645\u0627\u0646\u0633\u064a\u0629 \u0648\u062f\u0627\u0641\u0626\u0629: \u0645\u062b\u0627\u0644\u064a\u0629 \u0644\u0644\u0623\u0639\u064a\u0627\u062f\u060c \u062d\u0641\u0644\u0627\u062a \u0627\u0644\u0632\u0648\u0627\u062c\u060c \u0623\u0648 \u062d\u062a\u0649 \u062f\u064a\u0643\u0648\u0631 \u063a\u0631\u0641 \u0627\u0644\u0646\u0648\u0645 \u0648\u0627\u0644\u0634\u0631\u0641\u0627\u062a.\u062a\u0646\u0628\u064a\u0647: \u0635\u0646\u062f\u0648\u0642 \u0627\u0644\u0628\u0637\u0627\u0631\u064a\u0627\u062a \u063a\u064a\u0631 \u0645\u0642\u0627\u0648\u0645 \u0644\u0644\u0645\u0627\u0621.<\/p>","protected":false},"featured_media":57985,"comment_status":"open","ping_status":"closed","template":"","meta":[],"product_brand":[],"product_cat":[2460],"product_tag":[],"class_list":{"0":"post-57986","1":"product","2":"type-product","3":"status-publish","4":"has-post-thumbnail","6":"product_cat-decoration","8":"first","9":"instock","10":"taxable","11":"shipping-taxable","12":"purchasable","13":"product-type-simple"},"jetpack_sharing_enabled":true,"_links":{"self":[{"href":"https:\/\/shoponlinedz.com\/en\/wp-json\/wp\/v2\/product\/57986","targetHints":{"allow":["GET"]}}],"collection":[{"href":"https:\/\/shoponlinedz.com\/en\/wp-json\/wp\/v2\/product"}],"about":[{"href":"https:\/\/shoponlinedz.com\/en\/wp-json\/wp\/v2\/types\/product"}],"replies":[{"embeddable":true,"href":"https:\/\/shoponlinedz.com\/en\/wp-json\/wp\/v2\/comments?post=57986"}],"version-history":[{"count":0,"href":"https:\/\/shoponlinedz.com\/en\/wp-json\/wp\/v2\/product\/57986\/revisions"}],"wp:featuredmedia":[{"embeddable":true,"href":"https:\/\/shoponlinedz.com\/en\/wp-json\/wp\/v2\/media\/57985"}],"wp:attachment":[{"href":"https:\/\/shoponlinedz.com\/en\/wp-json\/wp\/v2\/media?parent=57986"}],"wp:term":[{"taxonomy":"product_brand","embeddable":true,"href":"https:\/\/shoponlinedz.com\/en\/wp-json\/wp\/v2\/product_brand?post=57986"},{"taxonomy":"product_cat","embeddable":true,"href":"https:\/\/shoponlinedz.com\/en\/wp-json\/wp\/v2\/product_cat?post=57986"},{"taxonomy":"product_tag","embeddable":true,"href":"https:\/\/shoponlinedz.com\/en\/wp-json\/wp\/v2\/product_tag?post=57986"}],"curies":[{"name":"wp","href":"https:\/\/api.w.org\/{rel}","templated":true}]}}