{"id":57923,"date":"2026-01-06T15:53:33","date_gmt":"2026-01-06T15:53:33","guid":{"rendered":"https:\/\/shoponlinedz.com\/product\/guirlande-lumineuse-dexterieur-100-led-multicolore-10-m-rgb-synchronisation-de-musique\/"},"modified":"2026-02-16T16:53:02","modified_gmt":"2026-02-16T15:53:02","slug":"guirlande-lumineuse-dexterieur-100-led-multicolore-10-m-rgb-synchronisation-de-musique","status":"publish","type":"product","link":"https:\/\/shoponlinedz.com\/en\/product\/guirlande-lumineuse-dexterieur-100-led-multicolore-10-m-rgb-synchronisation-de-musique\/","title":{"rendered":"Guirlande lumineuse d&#8217;ext\u00e9rieur 100 LED multicolore 10 m RGB synchronisation de musique"},"content":{"rendered":"<figure class=\"attachment attachment--preview\" data-trix-attachment=\"{&quot;contentType&quot;:&quot;image&quot;,&quot;height&quot;:1024,&quot;url&quot;:&quot;https:\/\/sawaqli.fra1.cdn.digitaloceanspaces.com\/28832\/Strip-10m-new-CNC.jpg&quot;,&quot;width&quot;:1024}\" data-trix-content-type=\"image\"><img decoding=\"async\" class=\"aligncenter\" src=\"https:\/\/sawaqli.fra1.cdn.digitaloceanspaces.com\/28832\/Strip-10m-new-CNC.jpg\" width=\"1024\" height=\"1024\" \/><figcaption class=\"attachment__caption\"><\/figcaption><\/figure>\n<figure class=\"attachment attachment--preview\" data-trix-attachment=\"{&quot;contentType&quot;:&quot;image&quot;,&quot;height&quot;:1024,&quot;url&quot;:&quot;https:\/\/sawaqli.fra1.cdn.digitaloceanspaces.com\/28833\/Strip-10m-new-5.jpg&quot;,&quot;width&quot;:1024}\" data-trix-content-type=\"image\"><img decoding=\"async\" class=\"aligncenter\" src=\"https:\/\/sawaqli.fra1.cdn.digitaloceanspaces.com\/28833\/Strip-10m-new-5.jpg\" width=\"1024\" height=\"1024\" \/><figcaption class=\"attachment__caption\"><\/figcaption><\/figure>\n<figure class=\"attachment attachment--preview\" data-trix-attachment=\"{&quot;contentType&quot;:&quot;image&quot;,&quot;height&quot;:1024,&quot;url&quot;:&quot;https:\/\/sawaqli.fra1.cdn.digitaloceanspaces.com\/28834\/Strip-10m-new-6.jpg&quot;,&quot;width&quot;:1024}\" data-trix-content-type=\"image\"><img decoding=\"async\" class=\"aligncenter\" src=\"https:\/\/sawaqli.fra1.cdn.digitaloceanspaces.com\/28834\/Strip-10m-new-6.jpg\" width=\"1024\" height=\"1024\" \/><figcaption class=\"attachment__caption\"><\/figcaption><\/figure>\n<figure class=\"attachment attachment--preview\" data-trix-attachment=\"{&quot;contentType&quot;:&quot;image&quot;,&quot;height&quot;:1024,&quot;url&quot;:&quot;https:\/\/sawaqli.fra1.cdn.digitaloceanspaces.com\/28835\/Strip-10m-new-7.jpg&quot;,&quot;width&quot;:1024}\" data-trix-content-type=\"image\"><img decoding=\"async\" class=\"aligncenter\" src=\"https:\/\/sawaqli.fra1.cdn.digitaloceanspaces.com\/28835\/Strip-10m-new-7.jpg\" width=\"1024\" height=\"1024\" \/><figcaption class=\"attachment__caption\"><\/figcaption><\/figure>\n<figure class=\"attachment attachment--preview\" data-trix-attachment=\"{&quot;contentType&quot;:&quot;image&quot;,&quot;height&quot;:1024,&quot;url&quot;:&quot;https:\/\/sawaqli.fra1.cdn.digitaloceanspaces.com\/28836\/Strip-10m-new-8.jpg&quot;,&quot;width&quot;:1024}\" data-trix-content-type=\"image\"><img decoding=\"async\" class=\"aligncenter\" src=\"https:\/\/sawaqli.fra1.cdn.digitaloceanspaces.com\/28836\/Strip-10m-new-8.jpg\" width=\"1024\" height=\"1024\" \/><figcaption class=\"attachment__caption\"><\/figcaption><\/figure>\n<p style=\"text-align: center;\">","protected":false},"excerpt":{"rendered":"<p>Bande lumineuse LED RVB intelligente de No\u00ebl \u2013 Les guirlandes lumineuses MIHAZ sont super lumineuses et offrent un \u00e9clairage multicolore et multi-mode que vous pouvez bricoler, \u00e9clairant parfaitement votre maison dans la chambre, le toit, le belv\u00e9d\u00e8re, le porche, l\u2019all\u00e9e, la porte, la balan\u00e7oire, la cl\u00f4ture, les arbustes, la tente. Profitez de votre f\u00eate et de votre vie. REMARQUE : nous offrons un service client amical 24 heures sur 24 et une garantie d\u2019un an.T\u00e9l\u00e9commande APP et IR et utilisation facile \u2013 La guirlande lumineuse d\u2019int\u00e9rieur et d\u2019ext\u00e9rieur est livr\u00e9e avec 3 modes de contr\u00f4le (application intelligente, t\u00e9l\u00e9commande IR et contr\u00f4le USB), change librement en 16 millions de couleurs, ajuste la luminosit\u00e9, personnalise les modes (clignotant, saut, fondu, etc.) \u00e0 diff\u00e9rentes vitesses. Choisissez l\u2019ambiance lumineuse que vous aimez, utilisez-la plus facilement. Port USB adapt\u00e9 \u00e0 tous les types d\u2019appareils, plug and play.Synchronisation musicale \u2013 Minuterie \u2013 Les lumi\u00e8res de No\u00ebl multifonctions sont int\u00e9gr\u00e9es dans un microphone \u00e0 sensibilit\u00e9 r\u00e9glable, la couleur des lumi\u00e8res LED change au rythme du son et de la musique, facile \u00e0 cr\u00e9er une atmosph\u00e8re de festival. Les lumi\u00e8res LED pour chambre peuvent \u00eatre utilis\u00e9es comme un r\u00e9veil lumineux, vous pouvez r\u00e9gler l\u2019heure de r\u00e9veil et l\u2019heure de fin pour allumer\/\u00e9teindre automatiquement, votre enfant va l\u2019adorer.Fexible DIYIP67 Waterproof \u2013 Les guirlandes lumineuses \u00e0 basse tension 5 V peuvent \u00eatre utilis\u00e9es en toute s\u00e9curit\u00e9 et tordues de mani\u00e8re flexible dans n\u2019importe quelle forme que vous d\u00e9sirez. Vous pouvez couper le fil pour d\u00e9corer ce que vous voulez. De plus, les nouvelles lumi\u00e8res ext\u00e9rieures 2022 sont fabriqu\u00e9es en mat\u00e9riau \u00e9tanche IP67, adapt\u00e9es \u00e0 tous les temps. \u00c0 L\u2019EXCEPTION DU CONTR\u00d4LEUR USB<\/p>","protected":false},"featured_media":57922,"comment_status":"open","ping_status":"closed","template":"","meta":[],"product_brand":[],"product_cat":[2460],"product_tag":[],"class_list":{"0":"post-57923","1":"product","2":"type-product","3":"status-publish","4":"has-post-thumbnail","6":"product_cat-decoration","8":"first","9":"instock","10":"taxable","11":"shipping-taxable","12":"purchasable","13":"product-type-simple"},"jetpack_sharing_enabled":true,"_links":{"self":[{"href":"https:\/\/shoponlinedz.com\/en\/wp-json\/wp\/v2\/product\/57923","targetHints":{"allow":["GET"]}}],"collection":[{"href":"https:\/\/shoponlinedz.com\/en\/wp-json\/wp\/v2\/product"}],"about":[{"href":"https:\/\/shoponlinedz.com\/en\/wp-json\/wp\/v2\/types\/product"}],"replies":[{"embeddable":true,"href":"https:\/\/shoponlinedz.com\/en\/wp-json\/wp\/v2\/comments?post=57923"}],"version-history":[{"count":0,"href":"https:\/\/shoponlinedz.com\/en\/wp-json\/wp\/v2\/product\/57923\/revisions"}],"wp:featuredmedia":[{"embeddable":true,"href":"https:\/\/shoponlinedz.com\/en\/wp-json\/wp\/v2\/media\/57922"}],"wp:attachment":[{"href":"https:\/\/shoponlinedz.com\/en\/wp-json\/wp\/v2\/media?parent=57923"}],"wp:term":[{"taxonomy":"product_brand","embeddable":true,"href":"https:\/\/shoponlinedz.com\/en\/wp-json\/wp\/v2\/product_brand?post=57923"},{"taxonomy":"product_cat","embeddable":true,"href":"https:\/\/shoponlinedz.com\/en\/wp-json\/wp\/v2\/product_cat?post=57923"},{"taxonomy":"product_tag","embeddable":true,"href":"https:\/\/shoponlinedz.com\/en\/wp-json\/wp\/v2\/product_tag?post=57923"}],"curies":[{"name":"wp","href":"https:\/\/api.w.org\/{rel}","templated":true}]}}