{"id":57917,"date":"2026-01-06T15:53:22","date_gmt":"2026-01-06T15:53:22","guid":{"rendered":"https:\/\/shoponlinedz.com\/product\/pince-a-denuder-multifonction-de-178-cm-9-en-1-outil-a-denudage-pour-electriciens-professionnel\/"},"modified":"2026-02-16T16:53:02","modified_gmt":"2026-02-16T15:53:02","slug":"pince-a-denuder-multifonction-de-178-cm-9-en-1-outil-a-denudage-pour-electriciens-professionnel","status":"publish","type":"product","link":"https:\/\/shoponlinedz.com\/en\/product\/pince-a-denuder-multifonction-de-178-cm-9-en-1-outil-a-denudage-pour-electriciens-professionnel\/","title":{"rendered":"Pince \u00e0 D\u00e9nuder Multifonction de 17,8 cm 9-en-1 Outil \u00e0 D\u00e9nudage Pour \u00c9lectriciens Professionnel"},"content":{"rendered":"<figure class=\"attachment attachment--preview\" data-trix-attachment=\"{&quot;contentType&quot;:&quot;image&quot;,&quot;height&quot;:1024,&quot;url&quot;:&quot;https:\/\/sawa9ly.app\/storage\/64250\/pince-multi.jpg&quot;,&quot;width&quot;:1024}\" data-trix-content-type=\"image\"><img decoding=\"async\" class=\"aligncenter\" src=\"https:\/\/sawa9ly.app\/storage\/64250\/pince-multi.jpg\" width=\"1024\" height=\"1024\" \/><figcaption class=\"attachment__caption\"><\/figcaption><\/figure>\n<figure class=\"attachment attachment--preview\" data-trix-attachment=\"{&quot;contentType&quot;:&quot;image&quot;,&quot;height&quot;:1024,&quot;url&quot;:&quot;https:\/\/sawaqli.fra1.cdn.digitaloceanspaces.com\/28847\/Pince-a-Denuder-1.jpg&quot;,&quot;width&quot;:1024}\" data-trix-content-type=\"image\"><img decoding=\"async\" class=\"aligncenter\" src=\"https:\/\/sawaqli.fra1.cdn.digitaloceanspaces.com\/28847\/Pince-a-Denuder-1.jpg\" width=\"1024\" height=\"1024\" \/><figcaption class=\"attachment__caption\"><\/figcaption><\/figure>\n<figure class=\"attachment attachment--preview\" data-trix-attachment=\"{&quot;contentType&quot;:&quot;image&quot;,&quot;height&quot;:1024,&quot;url&quot;:&quot;https:\/\/sawaqli.fra1.cdn.digitaloceanspaces.com\/28848\/Pince-a-Denuder-6.jpg&quot;,&quot;width&quot;:1024}\" data-trix-content-type=\"image\"><img decoding=\"async\" class=\"aligncenter\" src=\"https:\/\/sawaqli.fra1.cdn.digitaloceanspaces.com\/28848\/Pince-a-Denuder-6.jpg\" width=\"1024\" height=\"1024\" \/><figcaption class=\"attachment__caption\"><\/figcaption><\/figure>\n<figure class=\"attachment attachment--preview\" data-trix-attachment=\"{&quot;contentType&quot;:&quot;image&quot;,&quot;height&quot;:1024,&quot;url&quot;:&quot;https:\/\/sawaqli.fra1.cdn.digitaloceanspaces.com\/28849\/Pince-a-Denuder-5.jpg&quot;,&quot;width&quot;:1024}\" data-trix-content-type=\"image\"><img decoding=\"async\" class=\"aligncenter\" src=\"https:\/\/sawaqli.fra1.cdn.digitaloceanspaces.com\/28849\/Pince-a-Denuder-5.jpg\" width=\"1024\" height=\"1024\" \/><figcaption class=\"attachment__caption\"><\/figcaption><\/figure>\n<figure class=\"attachment attachment--preview\" data-trix-attachment=\"{&quot;contentType&quot;:&quot;image&quot;,&quot;height&quot;:1024,&quot;url&quot;:&quot;https:\/\/sawaqli.fra1.cdn.digitaloceanspaces.com\/28850\/Pince-a-Denuder-7.jpg&quot;,&quot;width&quot;:1024}\" data-trix-content-type=\"image\"><img decoding=\"async\" class=\"aligncenter\" src=\"https:\/\/sawaqli.fra1.cdn.digitaloceanspaces.com\/28850\/Pince-a-Denuder-7.jpg\" width=\"1024\" height=\"1024\" \/><figcaption class=\"attachment__caption\"><\/figcaption><\/figure>\n<p style=\"text-align: center;\">","protected":false},"excerpt":{"rendered":"<p>Am\u00e9liorer l\u2019efficacit\u00e9: Une pince \u00e0 d\u00e9nuder pratique multifonction pour une large gamme de travaux \u00e9lectriques tels que d\u00e9nuder, couper, sertir, enrouler, desserrer, tordre et serrer des fils. Il n\u2019est pas n\u00e9cessaire de changer fr\u00e9quemment de pince lors de l\u2019utilisation, ce qui am\u00e9liore l\u2019efficacit\u00e9 du travail.Pince a denuder electricien de haute qualit\u00e9\u3011Forg\u00e9e en acier au chrome vanadium, dure, antirouille, r\u00e9sistante \u00e0 l\u2019usure et durable. Les trous de vis sur la poign\u00e9e permettent d\u2019utiliser facilement des vis et des \u00e9crous de 6 mm \u00e0 13 mm.Coupe lisse et sans bavure: Les lames pointues de la nouvelle pince \u00e0 d\u00e9nuder peuvent couper les cosses rapidement et facilement. Le d\u00e9nudage est facile et rapide sans endommager l\u2019\u00e2me du fil. La vitesse de coupe est rapide et la coupe est lisse et sans bavure.Poign\u00e9es confortables et antid\u00e9rapantes: Outil \u00e0 D\u00e9nudage Pour \u00c9lectriciens Professionnel Le design ergonomique, recouvert de caoutchouc et antid\u00e9rapant de la pince garantit une bonne prise en main. Cela permet une prise en main ferme et \u00e9vite la fatigue de la main.R\u00e9pondre \u00e0 une vari\u00e9t\u00e9 de besoins quotidiens: Ces Outil \u00e0 d\u00e9nuder professionnels peuvent r\u00e9pondre \u00e0 une vari\u00e9t\u00e9 de besoins dans la vie quotidienne ou au travail. Tels que la d\u00e9coration de la maison, la construction des travailleurs, la r\u00e9paration du moteur, la r\u00e9paration des probl\u00e8mes de c\u00e2blage, l\u2019artisanat de bricolage et ainsi de suite. Cette pince \u00e0 d\u00e9nuder professionnelle est le cadeau id\u00e9al pour les maris, les p\u00e8res, les \u00e9lectriciens et les bricoleurs.<\/p>","protected":false},"featured_media":57916,"comment_status":"open","ping_status":"closed","template":"","meta":[],"product_brand":[],"product_cat":[2466],"product_tag":[],"class_list":{"0":"post-57917","1":"product","2":"type-product","3":"status-publish","4":"has-post-thumbnail","6":"product_cat-outillage-et-bricolage","8":"first","9":"instock","10":"taxable","11":"shipping-taxable","12":"purchasable","13":"product-type-simple"},"jetpack_sharing_enabled":true,"_links":{"self":[{"href":"https:\/\/shoponlinedz.com\/en\/wp-json\/wp\/v2\/product\/57917","targetHints":{"allow":["GET"]}}],"collection":[{"href":"https:\/\/shoponlinedz.com\/en\/wp-json\/wp\/v2\/product"}],"about":[{"href":"https:\/\/shoponlinedz.com\/en\/wp-json\/wp\/v2\/types\/product"}],"replies":[{"embeddable":true,"href":"https:\/\/shoponlinedz.com\/en\/wp-json\/wp\/v2\/comments?post=57917"}],"version-history":[{"count":0,"href":"https:\/\/shoponlinedz.com\/en\/wp-json\/wp\/v2\/product\/57917\/revisions"}],"wp:featuredmedia":[{"embeddable":true,"href":"https:\/\/shoponlinedz.com\/en\/wp-json\/wp\/v2\/media\/57916"}],"wp:attachment":[{"href":"https:\/\/shoponlinedz.com\/en\/wp-json\/wp\/v2\/media?parent=57917"}],"wp:term":[{"taxonomy":"product_brand","embeddable":true,"href":"https:\/\/shoponlinedz.com\/en\/wp-json\/wp\/v2\/product_brand?post=57917"},{"taxonomy":"product_cat","embeddable":true,"href":"https:\/\/shoponlinedz.com\/en\/wp-json\/wp\/v2\/product_cat?post=57917"},{"taxonomy":"product_tag","embeddable":true,"href":"https:\/\/shoponlinedz.com\/en\/wp-json\/wp\/v2\/product_tag?post=57917"}],"curies":[{"name":"wp","href":"https:\/\/api.w.org\/{rel}","templated":true}]}}