{"id":57900,"date":"2026-01-06T15:52:44","date_gmt":"2026-01-06T15:52:44","guid":{"rendered":"https:\/\/shoponlinedz.com\/product\/cape-poncho-pluie-enfant-impermeable-anti-pluie\/"},"modified":"2026-02-16T16:53:04","modified_gmt":"2026-02-16T15:53:04","slug":"cape-poncho-pluie-enfant-impermeable-anti-pluie","status":"publish","type":"product","link":"https:\/\/shoponlinedz.com\/en\/product\/cape-poncho-pluie-enfant-impermeable-anti-pluie\/","title":{"rendered":"Cape Poncho Pluie Enfant Impermeable Anti Pluie"},"content":{"rendered":"<figure class=\"attachment attachment--preview\" data-trix-attachment=\"{&quot;contentType&quot;:&quot;image&quot;,&quot;height&quot;:1024,&quot;url&quot;:&quot;https:\/\/sawaqli.fra1.cdn.digitaloceanspaces.com\/28890\/capuche-new-v-cnc.jpg&quot;,&quot;width&quot;:1024}\" data-trix-content-type=\"image\"><img decoding=\"async\" class=\"aligncenter\" src=\"https:\/\/sawaqli.fra1.cdn.digitaloceanspaces.com\/28890\/capuche-new-v-cnc.jpg\" width=\"1024\" height=\"1024\" \/><figcaption class=\"attachment__caption\"><\/figcaption><\/figure>\n<figure class=\"attachment attachment--preview\" data-trix-attachment=\"{&quot;contentType&quot;:&quot;image&quot;,&quot;height&quot;:1024,&quot;url&quot;:&quot;https:\/\/sawaqli.fra1.cdn.digitaloceanspaces.com\/28891\/capuche-new-v-11.jpg&quot;,&quot;width&quot;:1024}\" data-trix-content-type=\"image\"><img decoding=\"async\" class=\"aligncenter\" src=\"https:\/\/sawaqli.fra1.cdn.digitaloceanspaces.com\/28891\/capuche-new-v-11.jpg\" width=\"1024\" height=\"1024\" \/><figcaption class=\"attachment__caption\"><\/figcaption><\/figure>\n<figure class=\"attachment attachment--preview\" data-trix-attachment=\"{&quot;contentType&quot;:&quot;image&quot;,&quot;height&quot;:1024,&quot;url&quot;:&quot;https:\/\/sawaqli.fra1.cdn.digitaloceanspaces.com\/28892\/capuche-new-v-10.jpg&quot;,&quot;width&quot;:1024}\" data-trix-content-type=\"image\"><img decoding=\"async\" class=\"aligncenter\" src=\"https:\/\/sawaqli.fra1.cdn.digitaloceanspaces.com\/28892\/capuche-new-v-10.jpg\" width=\"1024\" height=\"1024\" \/><figcaption class=\"attachment__caption\"><\/figcaption><\/figure>\n<figure class=\"attachment attachment--preview\" data-trix-attachment=\"{&quot;contentType&quot;:&quot;image&quot;,&quot;height&quot;:1024,&quot;url&quot;:&quot;https:\/\/sawaqli.fra1.cdn.digitaloceanspaces.com\/28893\/capuche-new-v-9.jpg&quot;,&quot;width&quot;:1024}\" data-trix-content-type=\"image\"><img decoding=\"async\" class=\"aligncenter\" src=\"https:\/\/sawaqli.fra1.cdn.digitaloceanspaces.com\/28893\/capuche-new-v-9.jpg\" width=\"1024\" height=\"1024\" \/><figcaption class=\"attachment__caption\"><\/figcaption><\/figure>\n<figure class=\"attachment attachment--preview\" data-trix-attachment=\"{&quot;contentType&quot;:&quot;image&quot;,&quot;height&quot;:1024,&quot;url&quot;:&quot;https:\/\/sawaqli.fra1.cdn.digitaloceanspaces.com\/28894\/capuche-new-v-8.jpg&quot;,&quot;width&quot;:1024}\" data-trix-content-type=\"image\"><img decoding=\"async\" class=\"aligncenter\" src=\"https:\/\/sawaqli.fra1.cdn.digitaloceanspaces.com\/28894\/capuche-new-v-8.jpg\" width=\"1024\" height=\"1024\" \/><figcaption class=\"attachment__caption\"><\/figcaption><\/figure>\n<p style=\"text-align: center;\">","protected":false},"excerpt":{"rendered":"<p>\u25cf Mat\u00e9riel: L\u2019imperm\u00e9able En Tissu Polyester Imperm\u00e9able De Haute Qualit\u00e9, Imperm\u00e9able, R\u00e9sistant \u00e0 La Salet\u00e9 Et Durable.\u25cf CONCEPTION INTELLIGENTE: Le Manteau De Pluie \u00e0 Bord De Chapeau Transparent Offre Une Bonne Vision, La Conception R\u00e9fl\u00e9chissante Rend Votre Enfant Plus S\u00fbr La Nuit, Offrant Plus De S\u00e9curit\u00e9 Et De Plaisir \u00e0 Votre Enfant, Tout En Restant Au Sec.\u25cf Ces V\u00eatements De Pluie Ne Bloqueront Pas La Ligne De Vue Des Enfants Et Le Bord Du Capuchon Peut Donner Plus De Protection Aux Enfants, Il Permet \u00e9galement \u00e0 Vos Enfants De Profiter Du Plaisir Des Jours De Pluie.\u25cf Occasion: Imperm\u00e9ables De Mode, Veste De Pluie D\u2019urgence, Gardez La Pluie Parfaite Sur Vos V\u00eatements Et Restez Au Sec Lors De La Marche, Des Voyages, Des Parcs \u00e0 Th\u00e8me, Descendez De La Voiture, De L\u2019\u00e9cole, Du V\u00e9lo, De La Moto, Du Camping, De La Randonn\u00e9e, Du Trekking, Etc.\u25cf LA S\u00c9CURIT\u00c9 D\u2019ABORD: Tous Les Produits De La Gamme KIDS Sont Uniquement Fabriqu\u00e9s Avec Des Mat\u00e9riaux Test\u00e9s Et Des Composants S\u00fbrs, La S\u00e9curit\u00e9 Des Enfants \u00e9tant Notre Priorit\u00e9.<\/p>","protected":false},"featured_media":57899,"comment_status":"open","ping_status":"closed","template":"","meta":[],"product_brand":[],"product_cat":[2461],"product_tag":[],"class_list":{"0":"post-57900","1":"product","2":"type-product","3":"status-publish","4":"has-post-thumbnail","6":"product_cat-divers","8":"first","9":"instock","10":"taxable","11":"shipping-taxable","12":"purchasable","13":"product-type-simple"},"jetpack_sharing_enabled":true,"_links":{"self":[{"href":"https:\/\/shoponlinedz.com\/en\/wp-json\/wp\/v2\/product\/57900","targetHints":{"allow":["GET"]}}],"collection":[{"href":"https:\/\/shoponlinedz.com\/en\/wp-json\/wp\/v2\/product"}],"about":[{"href":"https:\/\/shoponlinedz.com\/en\/wp-json\/wp\/v2\/types\/product"}],"replies":[{"embeddable":true,"href":"https:\/\/shoponlinedz.com\/en\/wp-json\/wp\/v2\/comments?post=57900"}],"version-history":[{"count":0,"href":"https:\/\/shoponlinedz.com\/en\/wp-json\/wp\/v2\/product\/57900\/revisions"}],"wp:featuredmedia":[{"embeddable":true,"href":"https:\/\/shoponlinedz.com\/en\/wp-json\/wp\/v2\/media\/57899"}],"wp:attachment":[{"href":"https:\/\/shoponlinedz.com\/en\/wp-json\/wp\/v2\/media?parent=57900"}],"wp:term":[{"taxonomy":"product_brand","embeddable":true,"href":"https:\/\/shoponlinedz.com\/en\/wp-json\/wp\/v2\/product_brand?post=57900"},{"taxonomy":"product_cat","embeddable":true,"href":"https:\/\/shoponlinedz.com\/en\/wp-json\/wp\/v2\/product_cat?post=57900"},{"taxonomy":"product_tag","embeddable":true,"href":"https:\/\/shoponlinedz.com\/en\/wp-json\/wp\/v2\/product_tag?post=57900"}],"curies":[{"name":"wp","href":"https:\/\/api.w.org\/{rel}","templated":true}]}}