{"id":57893,"date":"2026-01-06T15:52:31","date_gmt":"2026-01-06T15:52:31","guid":{"rendered":"https:\/\/shoponlinedz.com\/product\/led-dynamiques-bandes-lumineuses-pour-capot-de-voiture\/"},"modified":"2026-04-12T09:26:27","modified_gmt":"2026-04-12T08:26:27","slug":"led-dynamiques-bandes-lumineuses-pour-capot-de-voiture","status":"publish","type":"product","link":"https:\/\/shoponlinedz.com\/en\/product\/led-dynamiques-bandes-lumineuses-pour-capot-de-voiture\/","title":{"rendered":"LED dynamiques Bandes lumineuses pour capot de voiture"},"content":{"rendered":"<figure class=\"attachment attachment--preview\" data-trix-attachment=\"{&quot;contentType&quot;:&quot;image&quot;,&quot;height&quot;:1024,&quot;url&quot;:&quot;https:\/\/sawaqli.fra1.cdn.digitaloceanspaces.com\/28884\/car-hood-cnc.jpg&quot;,&quot;width&quot;:1024}\" data-trix-content-type=\"image\"><img decoding=\"async\" class=\"aligncenter\" src=\"https:\/\/sawaqli.fra1.cdn.digitaloceanspaces.com\/28884\/car-hood-cnc.jpg\" width=\"1024\" height=\"1024\" \/><figcaption class=\"attachment__caption\"><\/figcaption><\/figure>\n<figure class=\"attachment attachment--preview\" data-trix-attachment=\"{&quot;contentType&quot;:&quot;image&quot;,&quot;height&quot;:1024,&quot;url&quot;:&quot;https:\/\/sawaqli.fra1.cdn.digitaloceanspaces.com\/28885\/car-hood-1.jpg&quot;,&quot;width&quot;:1024}\" data-trix-content-type=\"image\"><img decoding=\"async\" class=\"aligncenter\" src=\"https:\/\/sawaqli.fra1.cdn.digitaloceanspaces.com\/28885\/car-hood-1.jpg\" width=\"1024\" height=\"1024\" \/><figcaption class=\"attachment__caption\"><\/figcaption><\/figure>\n<figure class=\"attachment attachment--preview\" data-trix-attachment=\"{&quot;contentType&quot;:&quot;image&quot;,&quot;height&quot;:1024,&quot;url&quot;:&quot;https:\/\/sawaqli.fra1.cdn.digitaloceanspaces.com\/28886\/car-hood-2.jpg&quot;,&quot;width&quot;:1024}\" data-trix-content-type=\"image\"><img decoding=\"async\" class=\"aligncenter\" src=\"https:\/\/sawaqli.fra1.cdn.digitaloceanspaces.com\/28886\/car-hood-2.jpg\" width=\"1024\" height=\"1024\" \/><figcaption class=\"attachment__caption\"><\/figcaption><\/figure>\n<figure class=\"attachment attachment--preview\" data-trix-attachment=\"{&quot;contentType&quot;:&quot;image&quot;,&quot;height&quot;:1024,&quot;url&quot;:&quot;https:\/\/sawaqli.fra1.cdn.digitaloceanspaces.com\/28887\/car-hood-3.jpg&quot;,&quot;width&quot;:1024}\" data-trix-content-type=\"image\"><img decoding=\"async\" class=\"aligncenter\" src=\"https:\/\/sawaqli.fra1.cdn.digitaloceanspaces.com\/28887\/car-hood-3.jpg\" width=\"1024\" height=\"1024\" \/><figcaption class=\"attachment__caption\"><\/figcaption><\/figure>\n<figure class=\"attachment attachment--preview\" data-trix-attachment=\"{&quot;contentType&quot;:&quot;image&quot;,&quot;height&quot;:1024,&quot;url&quot;:&quot;https:\/\/sawaqli.fra1.cdn.digitaloceanspaces.com\/28888\/car-hood-8.jpg&quot;,&quot;width&quot;:1024}\" data-trix-content-type=\"image\"><img decoding=\"async\" class=\"aligncenter\" src=\"https:\/\/sawaqli.fra1.cdn.digitaloceanspaces.com\/28888\/car-hood-8.jpg\" width=\"1024\" height=\"1024\" \/><figcaption class=\"attachment__caption\"><\/figcaption><\/figure>\n<p style=\"text-align: center;\">","protected":false},"excerpt":{"rendered":"<p>Con\u00e7ues pour un montage universel sur voiture, ces bandes lumineuses pour capot de voiture sont parfaites pour les propri\u00e9taires de voitures qui souhaitent personnaliser leur v\u00e9hicule et ajouter une touche d\u2019individualit\u00e9.Ajoutez une touche de style \u00e0 votre voiture avec ces bandes lumineuses pour capot de voiture. Sa luminosit\u00e9 et son design dynamique cr\u00e9ent un look unique, parfait pour les passionn\u00e9s de voitures.Que vous conduisiez la nuit ou que vous assistiez \u00e0 des expositions automobiles, cet \u00e9clairage de capot \u00e0 LED pour voiture est parfait pour divers sc\u00e9narios. Il offre un \u00e9clairage brillant pour la conduite de nuit, augmentant la s\u00e9curit\u00e9, et peut \u00e9galement \u00eatre utilis\u00e9 pour mettre en valeur les modifications uniques de votre voiture.Fabriqu\u00e9es avec des mat\u00e9riaux de qualit\u00e9, ces bandes lumineuses pour capot de voiture sont durables et r\u00e9sistantes aux intemp\u00e9ries, garantissant une utilisation durable. C\u2019est un accessoire indispensable pour les magasins de d\u00e9coration automobile et les ateliers de r\u00e9paration professionnels, offrant aux clients une option de modification ext\u00e9rieure de premier ordre.Ce feu de jour flexible et \u00e9tanche est fabriqu\u00e9 avec du ruban adh\u00e9sif, ce qui garantit une installation facile et un maintien s\u00fbr. Le guide LED fournit un \u00e9clairage lumineux et uniforme, am\u00e9liorant la visibilit\u00e9 et la s\u00e9curit\u00e9 sur la route.Dimensions: 1,5m.<\/p>","protected":false},"featured_media":57892,"comment_status":"open","ping_status":"closed","template":"","meta":[],"product_brand":[],"product_cat":[2458],"product_tag":[],"class_list":{"0":"post-57893","1":"product","2":"type-product","3":"status-publish","4":"has-post-thumbnail","6":"product_cat-accessoires-auto-moto","8":"first","9":"instock","10":"taxable","11":"shipping-taxable","12":"purchasable","13":"product-type-simple"},"jetpack_sharing_enabled":true,"_links":{"self":[{"href":"https:\/\/shoponlinedz.com\/en\/wp-json\/wp\/v2\/product\/57893","targetHints":{"allow":["GET"]}}],"collection":[{"href":"https:\/\/shoponlinedz.com\/en\/wp-json\/wp\/v2\/product"}],"about":[{"href":"https:\/\/shoponlinedz.com\/en\/wp-json\/wp\/v2\/types\/product"}],"replies":[{"embeddable":true,"href":"https:\/\/shoponlinedz.com\/en\/wp-json\/wp\/v2\/comments?post=57893"}],"version-history":[{"count":0,"href":"https:\/\/shoponlinedz.com\/en\/wp-json\/wp\/v2\/product\/57893\/revisions"}],"wp:featuredmedia":[{"embeddable":true,"href":"https:\/\/shoponlinedz.com\/en\/wp-json\/wp\/v2\/media\/57892"}],"wp:attachment":[{"href":"https:\/\/shoponlinedz.com\/en\/wp-json\/wp\/v2\/media?parent=57893"}],"wp:term":[{"taxonomy":"product_brand","embeddable":true,"href":"https:\/\/shoponlinedz.com\/en\/wp-json\/wp\/v2\/product_brand?post=57893"},{"taxonomy":"product_cat","embeddable":true,"href":"https:\/\/shoponlinedz.com\/en\/wp-json\/wp\/v2\/product_cat?post=57893"},{"taxonomy":"product_tag","embeddable":true,"href":"https:\/\/shoponlinedz.com\/en\/wp-json\/wp\/v2\/product_tag?post=57893"}],"curies":[{"name":"wp","href":"https:\/\/api.w.org\/{rel}","templated":true}]}}