{"id":57877,"date":"2026-01-06T15:52:10","date_gmt":"2026-01-06T15:52:10","guid":{"rendered":"https:\/\/shoponlinedz.com\/product\/blander-jus-en-forme-de-tasse-crony-300-ml-melangeur-portable-rechargeable-par-usb-mini-tasse-a-jus-etanche\/"},"modified":"2026-02-16T16:53:06","modified_gmt":"2026-02-16T15:53:06","slug":"blander-jus-en-forme-de-tasse-crony-300-ml-melangeur-portable-rechargeable-par-usb-mini-tasse-a-jus-etanche","status":"publish","type":"product","link":"https:\/\/shoponlinedz.com\/en\/product\/blander-jus-en-forme-de-tasse-crony-300-ml-melangeur-portable-rechargeable-par-usb-mini-tasse-a-jus-etanche\/","title":{"rendered":"Blander Jus en forme de tasse Crony 300 ml, m\u00e9langeur portable rechargeable par USB, mini tasse \u00e0 jus \u00e9tanche"},"content":{"rendered":"<figure class=\"attachment attachment--preview\" data-trix-attachment=\"{&quot;contentType&quot;:&quot;image&quot;,&quot;height&quot;:1024,&quot;url&quot;:&quot;https:\/\/sawaqli.fra1.cdn.digitaloceanspaces.com\/28896\/blander-juice-CNC.jpg&quot;,&quot;width&quot;:1024}\" data-trix-content-type=\"image\"><img decoding=\"async\" class=\"aligncenter\" src=\"https:\/\/sawaqli.fra1.cdn.digitaloceanspaces.com\/28896\/blander-juice-CNC.jpg\" width=\"1024\" height=\"1024\" \/><figcaption class=\"attachment__caption\"><\/figcaption><\/figure>\n<figure class=\"attachment attachment--preview\" data-trix-attachment=\"{&quot;contentType&quot;:&quot;image&quot;,&quot;height&quot;:1024,&quot;url&quot;:&quot;https:\/\/sawaqli.fra1.cdn.digitaloceanspaces.com\/28897\/blander-juice-16.jpg&quot;,&quot;width&quot;:1024}\" data-trix-content-type=\"image\"><img decoding=\"async\" class=\"aligncenter\" src=\"https:\/\/sawaqli.fra1.cdn.digitaloceanspaces.com\/28897\/blander-juice-16.jpg\" width=\"1024\" height=\"1024\" \/><figcaption class=\"attachment__caption\"><\/figcaption><\/figure>\n<figure class=\"attachment attachment--preview\" data-trix-attachment=\"{&quot;contentType&quot;:&quot;image&quot;,&quot;height&quot;:1024,&quot;url&quot;:&quot;https:\/\/sawaqli.fra1.cdn.digitaloceanspaces.com\/28898\/blander-juice-11.jpg&quot;,&quot;width&quot;:1024}\" data-trix-content-type=\"image\"><img decoding=\"async\" class=\"aligncenter\" src=\"https:\/\/sawaqli.fra1.cdn.digitaloceanspaces.com\/28898\/blander-juice-11.jpg\" width=\"1024\" height=\"1024\" \/><figcaption class=\"attachment__caption\"><\/figcaption><\/figure>\n<figure class=\"attachment attachment--preview\" data-trix-attachment=\"{&quot;contentType&quot;:&quot;image&quot;,&quot;height&quot;:1024,&quot;url&quot;:&quot;https:\/\/sawaqli.fra1.cdn.digitaloceanspaces.com\/28899\/blander-juice-2.jpg&quot;,&quot;width&quot;:1024}\" data-trix-content-type=\"image\"><img decoding=\"async\" class=\"aligncenter\" src=\"https:\/\/sawaqli.fra1.cdn.digitaloceanspaces.com\/28899\/blander-juice-2.jpg\" width=\"1024\" height=\"1024\" \/><figcaption class=\"attachment__caption\"><\/figcaption><\/figure>\n<figure class=\"attachment attachment--preview\" data-trix-attachment=\"{&quot;contentType&quot;:&quot;image&quot;,&quot;height&quot;:1024,&quot;url&quot;:&quot;https:\/\/sawaqli.fra1.cdn.digitaloceanspaces.com\/28900\/blander-juice-3.jpg&quot;,&quot;width&quot;:1024}\" data-trix-content-type=\"image\"><img decoding=\"async\" class=\"aligncenter\" src=\"https:\/\/sawaqli.fra1.cdn.digitaloceanspaces.com\/28900\/blander-juice-3.jpg\" width=\"1024\" height=\"1024\" \/><figcaption class=\"attachment__caption\"><\/figcaption><\/figure>\n<p style=\"text-align: center;\">","protected":false},"excerpt":{"rendered":"<p>\u3010PORTABLE\u3011 C\u2019est un joli et mini partenaire de cuisine pour pr\u00e9parer ou m\u00e9langer du jus d\u2019orange, du jus de raisin ou d\u2019autres jus avec de l\u2019\u00e9nergie \u00e9lectrique. Il est facile \u00e0 utiliser en appuyant sur le bouton sur le dessus et est \u00e9galement portable avec chargement par c\u00e2ble USB. Il est tr\u00e8s pratique pour la fabrication personnelle de jus de fruits.\u3010DURABLE\u3011 Il est fabriqu\u00e9 en acier inoxydable et en bons mat\u00e9riaux plastiques durables pour votre utilisation quotidienne lors de la fabrication de toutes sortes de jus de fruits. Le rotateur est dot\u00e9 d\u2019un mini moteur puissant qui prend en charge une rotation plus rapide.\u3010GAGNEZ DU TEMPS\u3011 Il est portable et rapide. Lorsque vous utilisez ce mini-outil, vous gagnerez beaucoup plus de temps en comparant avec la coupe de fruits ou d\u2019aliments \u00e0 la main. Il convient \u00e0 de nombreuses tranches d\u2019\u00e2ge pour l\u2019utiliser.\u3010CHARGE USB\u3011 C\u2019est avec une batterie Li interne qui peut \u00eatre recharg\u00e9e par c\u00e2ble USB. Il n\u2019est pas n\u00e9cessaire d\u2019utiliser une pile bouton ou une autre pile s\u00e8che. Il est tr\u00e8s simple de le charger par une banque d\u2019alimentation ou une prise murale ou m\u00eame un ordinateur portable.\u3010FACILE \u00c0 NETTOYER\u3011 Le corps est mini et l\u00e9ger et convient \u00e0 tout le monde pour l\u2019utiliser et le nettoyer. Soyez prudent lorsque vous nettoyez le corps. Veuillez \u00e9galement \u00e9viter d\u2019avoir de l\u2019eau dans la partie du port de charge USB qui est recouverte d\u2019un \u00e9tui en caoutchouc.<\/p>","protected":false},"featured_media":57876,"comment_status":"open","ping_status":"closed","template":"","meta":[],"product_brand":[],"product_cat":[2463],"product_tag":[],"class_list":{"0":"post-57877","1":"product","2":"type-product","3":"status-publish","4":"has-post-thumbnail","6":"product_cat-electronique","8":"first","9":"instock","10":"taxable","11":"shipping-taxable","12":"purchasable","13":"product-type-simple"},"jetpack_sharing_enabled":true,"_links":{"self":[{"href":"https:\/\/shoponlinedz.com\/en\/wp-json\/wp\/v2\/product\/57877","targetHints":{"allow":["GET"]}}],"collection":[{"href":"https:\/\/shoponlinedz.com\/en\/wp-json\/wp\/v2\/product"}],"about":[{"href":"https:\/\/shoponlinedz.com\/en\/wp-json\/wp\/v2\/types\/product"}],"replies":[{"embeddable":true,"href":"https:\/\/shoponlinedz.com\/en\/wp-json\/wp\/v2\/comments?post=57877"}],"version-history":[{"count":0,"href":"https:\/\/shoponlinedz.com\/en\/wp-json\/wp\/v2\/product\/57877\/revisions"}],"wp:featuredmedia":[{"embeddable":true,"href":"https:\/\/shoponlinedz.com\/en\/wp-json\/wp\/v2\/media\/57876"}],"wp:attachment":[{"href":"https:\/\/shoponlinedz.com\/en\/wp-json\/wp\/v2\/media?parent=57877"}],"wp:term":[{"taxonomy":"product_brand","embeddable":true,"href":"https:\/\/shoponlinedz.com\/en\/wp-json\/wp\/v2\/product_brand?post=57877"},{"taxonomy":"product_cat","embeddable":true,"href":"https:\/\/shoponlinedz.com\/en\/wp-json\/wp\/v2\/product_cat?post=57877"},{"taxonomy":"product_tag","embeddable":true,"href":"https:\/\/shoponlinedz.com\/en\/wp-json\/wp\/v2\/product_tag?post=57877"}],"curies":[{"name":"wp","href":"https:\/\/api.w.org\/{rel}","templated":true}]}}