{"id":57760,"date":"2026-01-06T15:47:44","date_gmt":"2026-01-06T15:47:44","guid":{"rendered":"https:\/\/shoponlinedz.com\/product\/filtre-a-eau-pour-robinet-purificateur-de-robinet-devier-sans-eclaboussures\/"},"modified":"2026-02-16T16:53:13","modified_gmt":"2026-02-16T15:53:13","slug":"filtre-a-eau-pour-robinet-purificateur-de-robinet-devier-sans-eclaboussures","status":"publish","type":"product","link":"https:\/\/shoponlinedz.com\/en\/product\/filtre-a-eau-pour-robinet-purificateur-de-robinet-devier-sans-eclaboussures\/","title":{"rendered":"Filtre \u00e0 eau pour robinet, purificateur de robinet d&#8217;\u00e9vier sans \u00e9claboussures"},"content":{"rendered":"<figure class=\"attachment attachment--preview\" data-trix-attachment=\"{&quot;contentType&quot;:&quot;image&quot;,&quot;height&quot;:1024,&quot;url&quot;:&quot;https:\/\/sawaqli.fra1.cdn.digitaloceanspaces.com\/27286\/Filtre-a-Eau-NW-cnc.jpg&quot;,&quot;width&quot;:1024}\" data-trix-content-type=\"image\"><img decoding=\"async\" class=\"aligncenter\" src=\"https:\/\/sawaqli.fra1.cdn.digitaloceanspaces.com\/27286\/Filtre-a-Eau-NW-cnc.jpg\" width=\"1024\" height=\"1024\" \/><figcaption class=\"attachment__caption\"><\/figcaption><\/figure>\n<figure class=\"attachment attachment--preview\" data-trix-attachment=\"{&quot;contentType&quot;:&quot;image&quot;,&quot;height&quot;:1024,&quot;url&quot;:&quot;https:\/\/sawaqli.fra1.cdn.digitaloceanspaces.com\/27287\/Filtre-a-Eau-NW-2.jpg&quot;,&quot;width&quot;:1024}\" data-trix-content-type=\"image\"><img decoding=\"async\" class=\"aligncenter\" src=\"https:\/\/sawaqli.fra1.cdn.digitaloceanspaces.com\/27287\/Filtre-a-Eau-NW-2.jpg\" width=\"1024\" height=\"1024\" \/><figcaption class=\"attachment__caption\"><\/figcaption><\/figure>\n<figure class=\"attachment attachment--preview\" data-trix-attachment=\"{&quot;contentType&quot;:&quot;image&quot;,&quot;height&quot;:1024,&quot;url&quot;:&quot;https:\/\/sawaqli.fra1.cdn.digitaloceanspaces.com\/27288\/Filtre-a-Eau-NW-5.jpg&quot;,&quot;width&quot;:1024}\" data-trix-content-type=\"image\"><img decoding=\"async\" class=\"aligncenter\" src=\"https:\/\/sawaqli.fra1.cdn.digitaloceanspaces.com\/27288\/Filtre-a-Eau-NW-5.jpg\" width=\"1024\" height=\"1024\" \/><figcaption class=\"attachment__caption\"><\/figcaption><\/figure>\n<figure class=\"attachment attachment--preview\" data-trix-attachment=\"{&quot;contentType&quot;:&quot;image&quot;,&quot;height&quot;:1024,&quot;url&quot;:&quot;https:\/\/sawaqli.fra1.cdn.digitaloceanspaces.com\/27289\/Filtre-a-Eau-NW-6.jpg&quot;,&quot;width&quot;:1024}\" data-trix-content-type=\"image\"><img decoding=\"async\" class=\"aligncenter\" src=\"https:\/\/sawaqli.fra1.cdn.digitaloceanspaces.com\/27289\/Filtre-a-Eau-NW-6.jpg\" width=\"1024\" height=\"1024\" \/><figcaption class=\"attachment__caption\"><\/figcaption><\/figure>\n<figure class=\"attachment attachment--preview\" data-trix-attachment=\"{&quot;contentType&quot;:&quot;image&quot;,&quot;height&quot;:1024,&quot;url&quot;:&quot;https:\/\/sawaqli.fra1.cdn.digitaloceanspaces.com\/27290\/Filtre-a-Eau-NW-7.jpg&quot;,&quot;width&quot;:1024}\" data-trix-content-type=\"image\"><img decoding=\"async\" class=\"aligncenter\" src=\"https:\/\/sawaqli.fra1.cdn.digitaloceanspaces.com\/27290\/Filtre-a-Eau-NW-7.jpg\" width=\"1024\" height=\"1024\" \/><figcaption class=\"attachment__caption\"><\/figcaption><\/figure>\n<p style=\"text-align: center;\">","protected":false},"excerpt":{"rendered":"<p>\u0641\u0644\u062a\u0631 \u0645\u064a\u0627\u0647 \u0644\u0644\u0635\u0646\u0628\u0648\u0631 \u2013 6 \u0637\u0628\u0642\u0627\u062a\u062a\u0646\u0642\u064a\u0629 \u0641\u0627\u0626\u0642\u0629: \u064a\u0632\u064a\u0644 \u0627\u0644\u0634\u0648\u0627\u0626\u0628 \u0645\u062b\u0644 \u0627\u0644\u0635\u062f\u0623 \u0648\u0627\u0644\u0631\u0648\u0627\u0633\u0628 \u0648\u0627\u0644\u0631\u0645\u0644 \u0644\u064a\u0645\u0646\u062d\u0643 \u0645\u0627\u0621\u064b \u0646\u0638\u064a\u0641\u064b\u0627 \u0648\u0635\u062d\u064a\u064b\u0627.\u062a\u0631\u0643\u064a\u0628 \u0633\u0631\u064a\u0639 \u0648\u0633\u0647\u0644: \u0628\u062f\u0648\u0646 \u0623\u062f\u0648\u0627\u062a \u0648\u0628\u0636\u0639 \u062f\u0642\u0627\u0626\u0642 \u0641\u0642\u0637\u060c \u0645\u0646\u0627\u0633\u0628 \u0644\u0644\u0635\u0646\u0627\u0628\u064a\u0631 \u0628\u0642\u0637\u0631 \u200e15\u201332\u200e \u0645\u0644\u0645.\u0627\u0642\u062a\u0635\u0627\u062f \u0641\u064a \u0627\u0644\u0645\u064a\u0627\u0647: \u062a\u0635\u0645\u064a\u0645 \u0645\u0636\u0627\u062f \u0644\u0644\u0631\u0630\u0627\u0630 \u0644\u062a\u0648\u0641\u064a\u0631 \u0627\u0644\u0645\u064a\u0627\u0647 \u0645\u0639 \u062a\u062f\u0641\u0642 \u0646\u0627\u0639\u0645 \u0648\u0635\u062f\u064a\u0642 \u0644\u0644\u0628\u064a\u0626\u0629.\u0645\u062a\u0639\u062f\u062f \u0627\u0644\u0627\u0633\u062a\u062e\u062f\u0627\u0645\u0627\u062a: \u0645\u062b\u0627\u0644\u064a \u0644\u0644\u0645\u0637\u0628\u062e \u0623\u0648 \u0627\u0644\u062d\u0645\u0627\u0645\u060c \u064a\u0639\u0645\u0644 \u0645\u0639 \u0627\u0644\u0645\u064a\u0627\u0647 \u0627\u0644\u0628\u0627\u0631\u062f\u0629 \u0648\u0627\u0644\u0633\u0627\u062e\u0646\u0629.<\/p>","protected":false},"featured_media":57759,"comment_status":"open","ping_status":"closed","template":"","meta":[],"product_brand":[],"product_cat":[2455],"product_tag":[],"class_list":{"0":"post-57760","1":"product","2":"type-product","3":"status-publish","4":"has-post-thumbnail","6":"product_cat-maison","8":"first","9":"instock","10":"taxable","11":"shipping-taxable","12":"purchasable","13":"product-type-simple"},"jetpack_sharing_enabled":true,"_links":{"self":[{"href":"https:\/\/shoponlinedz.com\/en\/wp-json\/wp\/v2\/product\/57760","targetHints":{"allow":["GET"]}}],"collection":[{"href":"https:\/\/shoponlinedz.com\/en\/wp-json\/wp\/v2\/product"}],"about":[{"href":"https:\/\/shoponlinedz.com\/en\/wp-json\/wp\/v2\/types\/product"}],"replies":[{"embeddable":true,"href":"https:\/\/shoponlinedz.com\/en\/wp-json\/wp\/v2\/comments?post=57760"}],"version-history":[{"count":0,"href":"https:\/\/shoponlinedz.com\/en\/wp-json\/wp\/v2\/product\/57760\/revisions"}],"wp:featuredmedia":[{"embeddable":true,"href":"https:\/\/shoponlinedz.com\/en\/wp-json\/wp\/v2\/media\/57759"}],"wp:attachment":[{"href":"https:\/\/shoponlinedz.com\/en\/wp-json\/wp\/v2\/media?parent=57760"}],"wp:term":[{"taxonomy":"product_brand","embeddable":true,"href":"https:\/\/shoponlinedz.com\/en\/wp-json\/wp\/v2\/product_brand?post=57760"},{"taxonomy":"product_cat","embeddable":true,"href":"https:\/\/shoponlinedz.com\/en\/wp-json\/wp\/v2\/product_cat?post=57760"},{"taxonomy":"product_tag","embeddable":true,"href":"https:\/\/shoponlinedz.com\/en\/wp-json\/wp\/v2\/product_tag?post=57760"}],"curies":[{"name":"wp","href":"https:\/\/api.w.org\/{rel}","templated":true}]}}