{"id":57696,"date":"2026-01-06T15:45:26","date_gmt":"2026-01-06T15:45:26","guid":{"rendered":"https:\/\/shoponlinedz.com\/product\/kit-accessoires-moto-anti-pluie-%d8%b7%d9%82%d9%85-%d9%85%d8%b3%d8%aa%d9%84%d8%b2%d9%85%d8%a7%d8%aa-%d8%a7%d9%84%d8%af%d8%b1%d8%a7%d8%ac%d8%a9-%d8%a7%d9%84%d9%86%d8%a7%d8%b1%d9%8a%d8%a9\/"},"modified":"2026-02-16T16:53:18","modified_gmt":"2026-02-16T15:53:18","slug":"kit-accessoires-moto-anti-pluie-%d8%b7%d9%82%d9%85-%d9%85%d8%b3%d8%aa%d9%84%d8%b2%d9%85%d8%a7%d8%aa-%d8%a7%d9%84%d8%af%d8%b1%d8%a7%d8%ac%d8%a9-%d8%a7%d9%84%d9%86%d8%a7%d8%b1%d9%8a%d8%a9","status":"publish","type":"product","link":"https:\/\/shoponlinedz.com\/en\/product\/kit-accessoires-moto-anti-pluie-%d8%b7%d9%82%d9%85-%d9%85%d8%b3%d8%aa%d9%84%d8%b2%d9%85%d8%a7%d8%aa-%d8%a7%d9%84%d8%af%d8%b1%d8%a7%d8%ac%d8%a9-%d8%a7%d9%84%d9%86%d8%a7%d8%b1%d9%8a%d8%a9\/","title":{"rendered":"Kit Accessoires moto Anti pluie \u2013 \u0637\u0642\u0645 \u0645\u0633\u062a\u0644\u0632\u0645\u0627\u062a \u0627\u0644\u062f\u0631\u0627\u062c\u0629 \u0627\u0644\u0646\u0627\u0631\u064a\u0629 \u0645\u0636\u0627\u062f \u0644\u0644\u0645\u0637\u0631 V2"},"content":{"rendered":"<figure class=\"attachment attachment--preview\" data-trix-attachment=\"{&quot;contentType&quot;:&quot;image&quot;,&quot;height&quot;:1024,&quot;url&quot;:&quot;https:\/\/sawaqli.fra1.cdn.digitaloceanspaces.com\/29388\/WhatsApp-Image-2024-10-19-at-14.08.18.jpeg&quot;,&quot;width&quot;:1024}\" data-trix-content-type=\"image\"><img decoding=\"async\" class=\"aligncenter\" src=\"https:\/\/sawaqli.fra1.cdn.digitaloceanspaces.com\/29388\/WhatsApp-Image-2024-10-19-at-14.08.18.jpeg\" width=\"1024\" height=\"1024\" \/><figcaption class=\"attachment__caption\"><\/figcaption><\/figure>\n<figure class=\"attachment attachment--preview\" data-trix-attachment=\"{&quot;contentType&quot;:&quot;image&quot;,&quot;height&quot;:1024,&quot;url&quot;:&quot;https:\/\/sawaqli.fra1.cdn.digitaloceanspaces.com\/29389\/photo_2023-05-23_18-11-52-4.jpg&quot;,&quot;width&quot;:1024}\" data-trix-content-type=\"image\"><img decoding=\"async\" class=\"aligncenter\" src=\"https:\/\/sawaqli.fra1.cdn.digitaloceanspaces.com\/29389\/photo_2023-05-23_18-11-52-4.jpg\" width=\"1024\" height=\"1024\" \/><figcaption class=\"attachment__caption\"><\/figcaption><\/figure>\n<figure class=\"attachment attachment--preview\" data-trix-attachment=\"{&quot;contentType&quot;:&quot;image&quot;,&quot;height&quot;:1024,&quot;url&quot;:&quot;https:\/\/sawaqli.fra1.cdn.digitaloceanspaces.com\/29390\/H2666f344f11b4f079e98df726f1a2f48P.jpg&quot;,&quot;width&quot;:1024}\" data-trix-content-type=\"image\"><img decoding=\"async\" class=\"aligncenter\" src=\"https:\/\/sawaqli.fra1.cdn.digitaloceanspaces.com\/29390\/H2666f344f11b4f079e98df726f1a2f48P.jpg\" width=\"1024\" height=\"1024\" \/><figcaption class=\"attachment__caption\"><\/figcaption><\/figure>\n<figure class=\"attachment attachment--preview\" data-trix-attachment=\"{&quot;contentType&quot;:&quot;image&quot;,&quot;height&quot;:1024,&quot;url&quot;:&quot;https:\/\/sawaqli.fra1.cdn.digitaloceanspaces.com\/29391\/%D8%B7%D9%82%D9%85-547%D8%A7%D9%84%D8%AF%D8%B1%D8%A7%D8%AC%D8%A7%D8%AA-%D8%A7%D9%84%D9%86%D8%A7%D8%B1%D9%8A%D8%A9.png&quot;,&quot;width&quot;:1024}\" data-trix-content-type=\"image\"><img decoding=\"async\" class=\"aligncenter\" src=\"https:\/\/sawaqli.fra1.cdn.digitaloceanspaces.com\/29391\/%D8%B7%D9%82%D9%85-547%D8%A7%D9%84%D8%AF%D8%B1%D8%A7%D8%AC%D8%A7%D8%AA-%D8%A7%D9%84%D9%86%D8%A7%D8%B1%D9%8A%D8%A9.png\" width=\"1024\" height=\"1024\" \/><figcaption class=\"attachment__caption\"><\/figcaption><\/figure>\n<figure class=\"attachment attachment--preview\" data-trix-attachment=\"{&quot;contentType&quot;:&quot;image&quot;,&quot;height&quot;:1024,&quot;url&quot;:&quot;https:\/\/sawaqli.fra1.cdn.digitaloceanspaces.com\/29392\/WhatsApp-Image-2023-01-29-at-11.00.23-AM.jpeg&quot;,&quot;width&quot;:1024}\" data-trix-content-type=\"image\"><img decoding=\"async\" class=\"aligncenter\" src=\"https:\/\/sawaqli.fra1.cdn.digitaloceanspaces.com\/29392\/WhatsApp-Image-2023-01-29-at-11.00.23-AM.jpeg\" width=\"1024\" height=\"1024\" \/><figcaption class=\"attachment__caption\"><\/figcaption><\/figure>\n<p style=\"text-align: center;\">","protected":false},"excerpt":{"rendered":"<p>1-Masque MotoMat\u00e9riau de haute qualit\u00e9Masque amovibleConfortable et durableRespirant2-Support telephoneConvient pour t\u00e9l\u00e9phone portable\/GPS \/ MP4 \/ MP5 \u00e0 fixer sur le v\u00e9lo.Convient pour v\u00e9lo\/moto avec guidon de 22-32mmLa conception rotative \u00e0 360 degr\u00e9s vous permet d\u2019ajuster l\u2019affichage \u00e0 la position la plus pratique.Installation pratique sur diff\u00e9rentes motos, aucun outil requis.3-Gants de MotoNouvelle mise \u00e0 niveau \u00e9cran Version-Touch ConceptionDESIGN R\u00c9GLABLE PoignetRespirante et anti-abrasionApplications Largement<\/p>","protected":false},"featured_media":57695,"comment_status":"open","ping_status":"closed","template":"","meta":[],"product_brand":[],"product_cat":[2458],"product_tag":[],"class_list":{"0":"post-57696","1":"product","2":"type-product","3":"status-publish","4":"has-post-thumbnail","6":"product_cat-accessoires-auto-moto","8":"first","9":"instock","10":"taxable","11":"shipping-taxable","12":"purchasable","13":"product-type-simple"},"jetpack_sharing_enabled":true,"_links":{"self":[{"href":"https:\/\/shoponlinedz.com\/en\/wp-json\/wp\/v2\/product\/57696","targetHints":{"allow":["GET"]}}],"collection":[{"href":"https:\/\/shoponlinedz.com\/en\/wp-json\/wp\/v2\/product"}],"about":[{"href":"https:\/\/shoponlinedz.com\/en\/wp-json\/wp\/v2\/types\/product"}],"replies":[{"embeddable":true,"href":"https:\/\/shoponlinedz.com\/en\/wp-json\/wp\/v2\/comments?post=57696"}],"version-history":[{"count":0,"href":"https:\/\/shoponlinedz.com\/en\/wp-json\/wp\/v2\/product\/57696\/revisions"}],"wp:featuredmedia":[{"embeddable":true,"href":"https:\/\/shoponlinedz.com\/en\/wp-json\/wp\/v2\/media\/57695"}],"wp:attachment":[{"href":"https:\/\/shoponlinedz.com\/en\/wp-json\/wp\/v2\/media?parent=57696"}],"wp:term":[{"taxonomy":"product_brand","embeddable":true,"href":"https:\/\/shoponlinedz.com\/en\/wp-json\/wp\/v2\/product_brand?post=57696"},{"taxonomy":"product_cat","embeddable":true,"href":"https:\/\/shoponlinedz.com\/en\/wp-json\/wp\/v2\/product_cat?post=57696"},{"taxonomy":"product_tag","embeddable":true,"href":"https:\/\/shoponlinedz.com\/en\/wp-json\/wp\/v2\/product_tag?post=57696"}],"curies":[{"name":"wp","href":"https:\/\/api.w.org\/{rel}","templated":true}]}}