{"id":57679,"date":"2026-01-06T15:44:39","date_gmt":"2026-01-06T15:44:39","guid":{"rendered":"https:\/\/shoponlinedz.com\/product\/genouillere-de-sport-anticollision-haute-elasticite\/"},"modified":"2026-02-16T16:53:20","modified_gmt":"2026-02-16T15:53:20","slug":"genouillere-de-sport-anticollision-haute-elasticite","status":"publish","type":"product","link":"https:\/\/shoponlinedz.com\/en\/product\/genouillere-de-sport-anticollision-haute-elasticite\/","title":{"rendered":"Genouill\u00e8re de sport Anticollision Haute \u00e9lasticit\u00e9"},"content":{"rendered":"<figure class=\"attachment attachment--preview\" data-trix-attachment=\"{&quot;contentType&quot;:&quot;image&quot;,&quot;height&quot;:1024,&quot;url&quot;:&quot;https:\/\/sawaqli.fra1.cdn.digitaloceanspaces.com\/29446\/Knee-9715-cnc.jpg&quot;,&quot;width&quot;:1024}\" data-trix-content-type=\"image\"><img decoding=\"async\" class=\"aligncenter\" src=\"https:\/\/sawaqli.fra1.cdn.digitaloceanspaces.com\/29446\/Knee-9715-cnc.jpg\" width=\"1024\" height=\"1024\" \/><figcaption class=\"attachment__caption\"><\/figcaption><\/figure>\n<figure class=\"attachment attachment--preview\" data-trix-attachment=\"{&quot;contentType&quot;:&quot;image&quot;,&quot;height&quot;:1024,&quot;url&quot;:&quot;https:\/\/sawaqli.fra1.cdn.digitaloceanspaces.com\/29447\/Knee-9715-9.jpg&quot;,&quot;width&quot;:1024}\" data-trix-content-type=\"image\"><img decoding=\"async\" class=\"aligncenter\" src=\"https:\/\/sawaqli.fra1.cdn.digitaloceanspaces.com\/29447\/Knee-9715-9.jpg\" width=\"1024\" height=\"1024\" \/><figcaption class=\"attachment__caption\"><\/figcaption><\/figure>\n<figure class=\"attachment attachment--preview\" data-trix-attachment=\"{&quot;contentType&quot;:&quot;image&quot;,&quot;height&quot;:1024,&quot;url&quot;:&quot;https:\/\/sawaqli.fra1.cdn.digitaloceanspaces.com\/29448\/Knee-9715-10.jpg&quot;,&quot;width&quot;:1024}\" data-trix-content-type=\"image\"><img decoding=\"async\" class=\"aligncenter\" src=\"https:\/\/sawaqli.fra1.cdn.digitaloceanspaces.com\/29448\/Knee-9715-10.jpg\" width=\"1024\" height=\"1024\" \/><figcaption class=\"attachment__caption\"><\/figcaption><\/figure>\n<figure class=\"attachment attachment--preview\" data-trix-attachment=\"{&quot;contentType&quot;:&quot;image&quot;,&quot;height&quot;:1024,&quot;url&quot;:&quot;https:\/\/sawaqli.fra1.cdn.digitaloceanspaces.com\/29449\/Knee-9715-13.jpg&quot;,&quot;width&quot;:1024}\" data-trix-content-type=\"image\"><img decoding=\"async\" class=\"aligncenter\" src=\"https:\/\/sawaqli.fra1.cdn.digitaloceanspaces.com\/29449\/Knee-9715-13.jpg\" width=\"1024\" height=\"1024\" \/><figcaption class=\"attachment__caption\"><\/figcaption><\/figure>\n<figure class=\"attachment attachment--preview\" data-trix-attachment=\"{&quot;contentType&quot;:&quot;image&quot;,&quot;height&quot;:1024,&quot;url&quot;:&quot;https:\/\/sawaqli.fra1.cdn.digitaloceanspaces.com\/29450\/Knee-9715-6.jpg&quot;,&quot;width&quot;:1024}\" data-trix-content-type=\"image\"><img decoding=\"async\" class=\"aligncenter\" src=\"https:\/\/sawaqli.fra1.cdn.digitaloceanspaces.com\/29450\/Knee-9715-6.jpg\" width=\"1024\" height=\"1024\" \/><figcaption class=\"attachment__caption\"><\/figcaption><\/figure>\n<p style=\"text-align: center;\">","protected":false},"excerpt":{"rendered":"<p>\u0648\u0627\u0642\u064a \u0631\u0643\u0628\u0629 \u0644\u0644\u0623\u0637\u0641\u0627\u0644 \u0639\u0627\u0644\u064a \u0627\u0644\u062d\u0645\u0627\u064a\u0629\u062a\u0635\u0645\u064a\u0645 \u0633\u0645\u064a\u0643 \u0644\u0627\u0645\u062a\u0635\u0627\u0635 \u0627\u0644\u0635\u062f\u0645\u0627\u062a \u0648\u062d\u0645\u0627\u064a\u0629 \u0627\u0644\u0631\u0643\u0628\u062a\u064a\u0646 \u0645\u0646 \u0627\u0644\u0633\u0642\u0648\u0637.\u0645\u0631\u064a\u062d \u0648\u0645\u0631\u0646 \u0645\u0639 \u0642\u062f\u0631\u0629 \u0639\u0627\u0644\u064a\u0629 \u0639\u0644\u0649 \u0627\u0645\u062a\u0635\u0627\u0635 \u0627\u0644\u0639\u0631\u0642 \u0648\u0627\u0644\u0635\u062f\u0645\u0627\u062a.\u0645\u0635\u0646\u0648\u0639 \u0645\u0646 EVA\u060c \u0628\u0648\u0644\u064a\u0633\u062a\u0631\u060c \u0648\u0644\u064a\u0643\u0631\u0627 \u0644\u0645\u062a\u0627\u0646\u0629 \u0641\u0627\u0626\u0642\u0629.\u0645\u0646\u0627\u0633\u0628 \u0644\u0644\u0631\u064a\u0627\u0636\u0629 \u0645\u062b\u0644 \u0643\u0631\u0629 \u0627\u0644\u0633\u0644\u0629 \u0623\u0648 \u0627\u0644\u062a\u0632\u0644\u062c \u0648\u063a\u064a\u0631\u0647\u0627..<\/p>","protected":false},"featured_media":57678,"comment_status":"open","ping_status":"closed","template":"","meta":[],"product_brand":[],"product_cat":[2468],"product_tag":[],"class_list":{"0":"post-57679","1":"product","2":"type-product","3":"status-publish","4":"has-post-thumbnail","6":"product_cat-sport","8":"first","9":"instock","10":"taxable","11":"shipping-taxable","12":"purchasable","13":"product-type-simple"},"jetpack_sharing_enabled":true,"_links":{"self":[{"href":"https:\/\/shoponlinedz.com\/en\/wp-json\/wp\/v2\/product\/57679","targetHints":{"allow":["GET"]}}],"collection":[{"href":"https:\/\/shoponlinedz.com\/en\/wp-json\/wp\/v2\/product"}],"about":[{"href":"https:\/\/shoponlinedz.com\/en\/wp-json\/wp\/v2\/types\/product"}],"replies":[{"embeddable":true,"href":"https:\/\/shoponlinedz.com\/en\/wp-json\/wp\/v2\/comments?post=57679"}],"version-history":[{"count":0,"href":"https:\/\/shoponlinedz.com\/en\/wp-json\/wp\/v2\/product\/57679\/revisions"}],"wp:featuredmedia":[{"embeddable":true,"href":"https:\/\/shoponlinedz.com\/en\/wp-json\/wp\/v2\/media\/57678"}],"wp:attachment":[{"href":"https:\/\/shoponlinedz.com\/en\/wp-json\/wp\/v2\/media?parent=57679"}],"wp:term":[{"taxonomy":"product_brand","embeddable":true,"href":"https:\/\/shoponlinedz.com\/en\/wp-json\/wp\/v2\/product_brand?post=57679"},{"taxonomy":"product_cat","embeddable":true,"href":"https:\/\/shoponlinedz.com\/en\/wp-json\/wp\/v2\/product_cat?post=57679"},{"taxonomy":"product_tag","embeddable":true,"href":"https:\/\/shoponlinedz.com\/en\/wp-json\/wp\/v2\/product_tag?post=57679"}],"curies":[{"name":"wp","href":"https:\/\/api.w.org\/{rel}","templated":true}]}}