{"id":57677,"date":"2026-01-06T15:44:35","date_gmt":"2026-01-06T15:44:35","guid":{"rendered":"https:\/\/shoponlinedz.com\/product\/attelle-de-poitrine-unisexe-bandouliere-reglable-elastique-respirante\/"},"modified":"2026-02-16T16:53:20","modified_gmt":"2026-02-16T15:53:20","slug":"attelle-de-poitrine-unisexe-bandouliere-reglable-elastique-respirante","status":"publish","type":"product","link":"https:\/\/shoponlinedz.com\/en\/product\/attelle-de-poitrine-unisexe-bandouliere-reglable-elastique-respirante\/","title":{"rendered":"Attelle De Poitrine Unisexe, Bandouli\u00e8re R\u00e9glable \u00e9lastique Respirante"},"content":{"rendered":"<figure class=\"attachment attachment--preview\" data-trix-attachment=\"{&quot;contentType&quot;:&quot;image&quot;,&quot;height&quot;:1024,&quot;url&quot;:&quot;https:\/\/sawaqli.fra1.cdn.digitaloceanspaces.com\/29452\/Lumbar-Waist-cnc.jpg&quot;,&quot;width&quot;:1024}\" data-trix-content-type=\"image\"><img decoding=\"async\" class=\"aligncenter\" src=\"https:\/\/sawaqli.fra1.cdn.digitaloceanspaces.com\/29452\/Lumbar-Waist-cnc.jpg\" width=\"1024\" height=\"1024\" \/><figcaption class=\"attachment__caption\"><\/figcaption><\/figure>\n<figure class=\"attachment attachment--preview\" data-trix-attachment=\"{&quot;contentType&quot;:&quot;image&quot;,&quot;height&quot;:1024,&quot;url&quot;:&quot;https:\/\/sawaqli.fra1.cdn.digitaloceanspaces.com\/30101\/2186b9d4-998e-4eb4-b839-7d1a848e3a23.jfif&quot;,&quot;width&quot;:1024}\" data-trix-content-type=\"image\"><img decoding=\"async\" class=\"aligncenter\" src=\"https:\/\/sawaqli.fra1.cdn.digitaloceanspaces.com\/30101\/2186b9d4-998e-4eb4-b839-7d1a848e3a23.jfif\" width=\"1024\" height=\"1024\" \/><figcaption class=\"attachment__caption\"><\/figcaption><\/figure>\n<figure class=\"attachment attachment--preview\" data-trix-attachment=\"{&quot;contentType&quot;:&quot;image&quot;,&quot;height&quot;:1024,&quot;url&quot;:&quot;https:\/\/sawaqli.fra1.cdn.digitaloceanspaces.com\/30102\/c62974c4-372d-4d78-99d1-0fe183b37ea1.jfif&quot;,&quot;width&quot;:1024}\" data-trix-content-type=\"image\"><img decoding=\"async\" class=\"aligncenter\" src=\"https:\/\/sawaqli.fra1.cdn.digitaloceanspaces.com\/30102\/c62974c4-372d-4d78-99d1-0fe183b37ea1.jfif\" width=\"1024\" height=\"1024\" \/><figcaption class=\"attachment__caption\"><\/figcaption><\/figure>\n<figure class=\"attachment attachment--preview\" data-trix-attachment=\"{&quot;contentType&quot;:&quot;image&quot;,&quot;height&quot;:1024,&quot;url&quot;:&quot;https:\/\/sawaqli.fra1.cdn.digitaloceanspaces.com\/30103\/1fe10f13-4049-4bc3-98f1-649889d3da88.jfif&quot;,&quot;width&quot;:1024}\" data-trix-content-type=\"image\"><img decoding=\"async\" class=\"aligncenter\" src=\"https:\/\/sawaqli.fra1.cdn.digitaloceanspaces.com\/30103\/1fe10f13-4049-4bc3-98f1-649889d3da88.jfif\" width=\"1024\" height=\"1024\" \/><figcaption class=\"attachment__caption\"><\/figcaption><\/figure>\n<p style=\"text-align: center;\">","protected":false},"excerpt":{"rendered":"<p>\u062f\u0639\u0627\u0645\u0629 \u0635\u062f\u0631 \u0637\u0628\u064a\u0629 \u0644\u0644\u0643\u0633\u0648\u0631 \u0628\u0639\u062f \u0627\u0644\u0639\u0645\u0644\u064a\u0627\u062a\u0623\u062d\u0632\u0645\u0629 \u0642\u0627\u0628\u0644\u0629 \u0644\u0644\u062a\u0639\u062f\u064a\u0644 \u0644\u062a\u0648\u0641\u064a\u0631 \u062f\u0639\u0645 \u0625\u0636\u0627\u0641\u064a.\u062f\u0639\u0645 \u0645\u062b\u0627\u0644\u064a \u0644\u0644\u0635\u062f\u0631 \u0628\u0639\u062f \u0627\u0644\u062c\u0631\u0627\u062d\u0629 \u0623\u0648 \u062d\u0627\u0644\u0627\u062a \u0643\u0633\u0631 \u0627\u0644\u0636\u0644\u0648\u0639.\u062e\u0641\u064a\u0641\u0629 \u0648\u0645\u0631\u064a\u062d\u0629 \u0628\u062a\u0635\u0645\u064a\u0645 \u0646\u062d\u064a\u0641 \u0645\u0646\u0627\u0633\u0628 \u0644\u0644\u0627\u0631\u062a\u062f\u0627\u0621 \u0627\u0644\u064a\u0648\u0645\u064a.\u062f\u0639\u0645 \u0645\u0632\u062f\u0648\u062c \u0639\u0628\u0631 \u0627\u0644\u0645\u0634\u0627\u0628\u0643 \u0648\u062d\u0632\u0627\u0645 \u0627\u0644\u0636\u063a\u0637.\u0627\u0633\u062a\u062e\u062f\u0627\u0645\u0627\u062a \u0648\u0627\u0633\u0639\u0629: \u0627\u0644\u0625\u0635\u0627\u0628\u0627\u062a \u0627\u0644\u0639\u0636\u0644\u064a\u0629\u060c \u0627\u0644\u0643\u062f\u0645\u0627\u062a\u060c \u0623\u0648 \u062d\u0627\u0644\u0627\u062a \u062e\u0644\u0639 \u0627\u0644\u0636\u0644\u0648\u0639.<\/p>","protected":false},"featured_media":57676,"comment_status":"open","ping_status":"closed","template":"","meta":[],"product_brand":[],"product_cat":[2468],"product_tag":[],"class_list":{"0":"post-57677","1":"product","2":"type-product","3":"status-publish","4":"has-post-thumbnail","6":"product_cat-sport","8":"first","9":"instock","10":"taxable","11":"shipping-taxable","12":"purchasable","13":"product-type-simple"},"jetpack_sharing_enabled":true,"_links":{"self":[{"href":"https:\/\/shoponlinedz.com\/en\/wp-json\/wp\/v2\/product\/57677","targetHints":{"allow":["GET"]}}],"collection":[{"href":"https:\/\/shoponlinedz.com\/en\/wp-json\/wp\/v2\/product"}],"about":[{"href":"https:\/\/shoponlinedz.com\/en\/wp-json\/wp\/v2\/types\/product"}],"replies":[{"embeddable":true,"href":"https:\/\/shoponlinedz.com\/en\/wp-json\/wp\/v2\/comments?post=57677"}],"version-history":[{"count":0,"href":"https:\/\/shoponlinedz.com\/en\/wp-json\/wp\/v2\/product\/57677\/revisions"}],"wp:featuredmedia":[{"embeddable":true,"href":"https:\/\/shoponlinedz.com\/en\/wp-json\/wp\/v2\/media\/57676"}],"wp:attachment":[{"href":"https:\/\/shoponlinedz.com\/en\/wp-json\/wp\/v2\/media?parent=57677"}],"wp:term":[{"taxonomy":"product_brand","embeddable":true,"href":"https:\/\/shoponlinedz.com\/en\/wp-json\/wp\/v2\/product_brand?post=57677"},{"taxonomy":"product_cat","embeddable":true,"href":"https:\/\/shoponlinedz.com\/en\/wp-json\/wp\/v2\/product_cat?post=57677"},{"taxonomy":"product_tag","embeddable":true,"href":"https:\/\/shoponlinedz.com\/en\/wp-json\/wp\/v2\/product_tag?post=57677"}],"curies":[{"name":"wp","href":"https:\/\/api.w.org\/{rel}","templated":true}]}}