{"id":57519,"date":"2026-01-06T15:38:32","date_gmt":"2026-01-06T15:38:32","guid":{"rendered":"https:\/\/shoponlinedz.com\/product\/sonnette-et-interphone-wifi-sans-fil-avec-camera-video\/"},"modified":"2026-03-26T18:19:36","modified_gmt":"2026-03-26T17:19:36","slug":"sonnette-et-interphone-wifi-sans-fil-avec-camera-video","status":"publish","type":"product","link":"https:\/\/shoponlinedz.com\/en\/product\/sonnette-et-interphone-wifi-sans-fil-avec-camera-video\/","title":{"rendered":"Sonnette et interphone Wifi Sans Fil avec cam\u00e9ra vid\u00e9o"},"content":{"rendered":"<figure class=\"attachment attachment--preview\" data-trix-attachment=\"{&quot;contentType&quot;:&quot;image&quot;,&quot;height&quot;:1024,&quot;url&quot;:&quot;https:\/\/sawaqli.fra1.cdn.digitaloceanspaces.com\/32602\/Mini-Doorbell-cnc.jpg&quot;,&quot;width&quot;:1024}\" data-trix-content-type=\"image\"><img decoding=\"async\" class=\"aligncenter\" src=\"https:\/\/sawaqli.fra1.cdn.digitaloceanspaces.com\/32602\/Mini-Doorbell-cnc.jpg\" width=\"1024\" height=\"1024\" \/><figcaption class=\"attachment__caption\"><\/figcaption><\/figure>\n<figure class=\"attachment attachment--preview\" data-trix-attachment=\"{&quot;contentType&quot;:&quot;image&quot;,&quot;height&quot;:1024,&quot;url&quot;:&quot;https:\/\/sawaqli.fra1.cdn.digitaloceanspaces.com\/32598\/Mini-Doorbell-6.jpg&quot;,&quot;width&quot;:1024}\" data-trix-content-type=\"image\"><img decoding=\"async\" class=\"aligncenter\" src=\"https:\/\/sawaqli.fra1.cdn.digitaloceanspaces.com\/32598\/Mini-Doorbell-6.jpg\" width=\"1024\" height=\"1024\" \/><figcaption class=\"attachment__caption\"><\/figcaption><\/figure>\n<figure class=\"attachment attachment--preview\" data-trix-attachment=\"{&quot;contentType&quot;:&quot;image&quot;,&quot;height&quot;:1024,&quot;url&quot;:&quot;https:\/\/sawaqli.fra1.cdn.digitaloceanspaces.com\/32599\/Mini-Doorbell-4.jpg&quot;,&quot;width&quot;:1024}\" data-trix-content-type=\"image\"><img decoding=\"async\" class=\"aligncenter\" src=\"https:\/\/sawaqli.fra1.cdn.digitaloceanspaces.com\/32599\/Mini-Doorbell-4.jpg\" width=\"1024\" height=\"1024\" \/><figcaption class=\"attachment__caption\"><\/figcaption><\/figure>\n<figure class=\"attachment attachment--preview\" data-trix-attachment=\"{&quot;contentType&quot;:&quot;image&quot;,&quot;height&quot;:1024,&quot;url&quot;:&quot;https:\/\/sawaqli.fra1.cdn.digitaloceanspaces.com\/32600\/Mini-Doorbell-1.jpg&quot;,&quot;width&quot;:1024}\" data-trix-content-type=\"image\"><img decoding=\"async\" class=\"aligncenter\" src=\"https:\/\/sawaqli.fra1.cdn.digitaloceanspaces.com\/32600\/Mini-Doorbell-1.jpg\" width=\"1024\" height=\"1024\" \/><figcaption class=\"attachment__caption\"><\/figcaption><\/figure>\n<figure class=\"attachment attachment--preview\" data-trix-attachment=\"{&quot;contentType&quot;:&quot;image&quot;,&quot;height&quot;:1024,&quot;url&quot;:&quot;https:\/\/sawaqli.fra1.cdn.digitaloceanspaces.com\/32601\/Mini-Doorbell-2.jpg&quot;,&quot;width&quot;:1024}\" data-trix-content-type=\"image\"><img decoding=\"async\" class=\"aligncenter\" src=\"https:\/\/sawaqli.fra1.cdn.digitaloceanspaces.com\/32601\/Mini-Doorbell-2.jpg\" width=\"1024\" height=\"1024\" \/><figcaption class=\"attachment__caption\"><\/figcaption><\/figure>\n<p style=\"text-align: center;\">","protected":false},"excerpt":{"rendered":"<p>Audio bidirectionnel et message vocal : la cam\u00e9ra de sonnette est \u00e9quip\u00e9e d\u2019un capteur infrarouge passif, d\u00e9tectant le moindre mouvement \u00e0 l\u2019entr\u00e9e. Lorsque le visiteur appuie sur la sonnette. Une notification sera envoy\u00e9e \u00e0 votre t\u00e9l\u00e9phone portable. La sonnette vid\u00e9o vous fournit un son bidirectionnel clair en temps r\u00e9el, vous pouvez voir, entendre et parler avec les visiteurs imm\u00e9diatement via l\u2019application du t\u00e9l\u00e9phone. Vous pouvez y r\u00e9pondre et entrer dans l\u2019interface d\u2019appel vid\u00e9o, compatible avec i-OS et appareils Android.\u3010Veille plus longue\u3011- Sonnette cam\u00e9ra trois piles AAA s\u00e8ches (piles non incluses), les piles peuvent durer environ 3 \u00e0 4 mois. Combin\u00e9es \u00e0 un design \u00e0 faible puissance, la capacit\u00e9 d\u2019endurance est grandement am\u00e9lior\u00e9e, dites adieu au remplacement fr\u00e9quent de la batterie. (Remarque : pile non incluse)Compatible Wi-Fi 2,4 GHz : connexion WiFi (seulement 2,4 GHz) pour acc\u00e9der, ne prend pas en charge le Wi-Fi 5G. La port\u00e9e Wi-Fi 2,4 GHz de la sonnette vid\u00e9o est jusqu\u2019\u00e0 20 m, elle se connecte facilement au r\u00e9seau Wi-Fi de votre maison, envoyant des flux vid\u00e9o en direct \u00e0 votre t\u00e9l\u00e9phone. Vous pouvez voir et parler au visiteur depuis le confort de votre lit, du travail ou pendant les vacances. Surveillez et partagez 4 appareils. Jusqu\u2019\u00e0 4 utilisateurs peuvent voir le flux vid\u00e9o, mais un utilisateur peut utiliser l\u2019interphone direct.\u3010Full HD 1080p et vision nocturne\u3011- La cam\u00e9ra de sonnette vid\u00e9o vous offre des images et des enregistrements vid\u00e9o cristallins. Les lumi\u00e8res infrarouges int\u00e9gr\u00e9es vous permettent de voir clairement m\u00eame dans l\u2019obscurit\u00e9. Intelligent d\u00e9tecte automatiquement la lumi\u00e8re ambiante et passe en mode vision nocturne. Vous pouvez \u00e9galement voir des coins hors de vue avec un grand angle de 70\u00b0. Prot\u00e9gez mieux votre famille et vos biensFacile \u00e0 installer et \u00e0 utiliser : cette cam\u00e9ra de sonnette sans fil prend moins de 5 minutes \u00e0 configurer sans avoir \u00e0 utiliser d\u2019outils compliqu\u00e9s. La sonnette peut \u00eatre contr\u00f4l\u00e9e par application, mod\u00e8le de travail automatique, intelligent et portable. Portable en taille et en poids. ! Veuillez noter que lorsque quelqu\u2019un appuie sur la sonnette, puis la sonnette capture la photo et vous rappelle que si personne n\u2019appuie sur la sonnette, elle ne prendra pas la photo et ne vous le rappellera pas.<\/p>","protected":false},"featured_media":57518,"comment_status":"open","ping_status":"closed","template":"","meta":[],"product_brand":[],"product_cat":[2455],"product_tag":[],"class_list":{"0":"post-57519","1":"product","2":"type-product","3":"status-publish","4":"has-post-thumbnail","6":"product_cat-maison","8":"first","9":"instock","10":"taxable","11":"shipping-taxable","12":"purchasable","13":"product-type-simple"},"jetpack_sharing_enabled":true,"_links":{"self":[{"href":"https:\/\/shoponlinedz.com\/en\/wp-json\/wp\/v2\/product\/57519","targetHints":{"allow":["GET"]}}],"collection":[{"href":"https:\/\/shoponlinedz.com\/en\/wp-json\/wp\/v2\/product"}],"about":[{"href":"https:\/\/shoponlinedz.com\/en\/wp-json\/wp\/v2\/types\/product"}],"replies":[{"embeddable":true,"href":"https:\/\/shoponlinedz.com\/en\/wp-json\/wp\/v2\/comments?post=57519"}],"version-history":[{"count":0,"href":"https:\/\/shoponlinedz.com\/en\/wp-json\/wp\/v2\/product\/57519\/revisions"}],"wp:featuredmedia":[{"embeddable":true,"href":"https:\/\/shoponlinedz.com\/en\/wp-json\/wp\/v2\/media\/57518"}],"wp:attachment":[{"href":"https:\/\/shoponlinedz.com\/en\/wp-json\/wp\/v2\/media?parent=57519"}],"wp:term":[{"taxonomy":"product_brand","embeddable":true,"href":"https:\/\/shoponlinedz.com\/en\/wp-json\/wp\/v2\/product_brand?post=57519"},{"taxonomy":"product_cat","embeddable":true,"href":"https:\/\/shoponlinedz.com\/en\/wp-json\/wp\/v2\/product_cat?post=57519"},{"taxonomy":"product_tag","embeddable":true,"href":"https:\/\/shoponlinedz.com\/en\/wp-json\/wp\/v2\/product_tag?post=57519"}],"curies":[{"name":"wp","href":"https:\/\/api.w.org\/{rel}","templated":true}]}}