{"id":57376,"date":"2026-01-06T15:33:11","date_gmt":"2026-01-06T15:33:11","guid":{"rendered":"https:\/\/shoponlinedz.com\/product\/lampe-frontale-portable-rechargeable-usb-a-5-led-avec-batterie-integree\/"},"modified":"2026-03-26T18:19:39","modified_gmt":"2026-03-26T17:19:39","slug":"lampe-frontale-portable-rechargeable-usb-a-5-led-avec-batterie-integree","status":"publish","type":"product","link":"https:\/\/shoponlinedz.com\/en\/product\/lampe-frontale-portable-rechargeable-usb-a-5-led-avec-batterie-integree\/","title":{"rendered":"Lampe frontale portable rechargeable USB \u00e0 5 LED avec batterie int\u00e9gr\u00e9e"},"content":{"rendered":"<figure class=\"attachment attachment--preview\" data-trix-attachment=\"{&quot;contentType&quot;:&quot;image&quot;,&quot;height&quot;:1024,&quot;url&quot;:&quot;https:\/\/sawaqli.fra1.cdn.digitaloceanspaces.com\/33140\/xy501-headlamp.jpg&quot;,&quot;width&quot;:1024}\" data-trix-content-type=\"image\"><img decoding=\"async\" class=\"aligncenter\" src=\"https:\/\/sawaqli.fra1.cdn.digitaloceanspaces.com\/33140\/xy501-headlamp.jpg\" width=\"1024\" height=\"1024\" \/><figcaption class=\"attachment__caption\"><\/figcaption><\/figure>\n<figure class=\"attachment attachment--preview\" data-trix-attachment=\"{&quot;contentType&quot;:&quot;image&quot;,&quot;height&quot;:1024,&quot;url&quot;:&quot;https:\/\/sawaqli.fra1.cdn.digitaloceanspaces.com\/33141\/XY501-rechargeable-headlight-(4).jpg&quot;,&quot;width&quot;:1024}\" data-trix-content-type=\"image\"><img decoding=\"async\" class=\"aligncenter\" src=\"https:\/\/sawaqli.fra1.cdn.digitaloceanspaces.com\/33141\/XY501-rechargeable-headlight-(4).jpg\" width=\"1024\" height=\"1024\" \/><figcaption class=\"attachment__caption\"><\/figcaption><\/figure>\n<figure class=\"attachment attachment--preview\" data-trix-attachment=\"{&quot;contentType&quot;:&quot;image&quot;,&quot;height&quot;:1024,&quot;url&quot;:&quot;https:\/\/sawaqli.fra1.cdn.digitaloceanspaces.com\/33142\/S523ea7583fed4cb99ca5648d834442b1L.jpg_640x640.jpg_.png&quot;,&quot;width&quot;:1024}\" data-trix-content-type=\"image\"><img decoding=\"async\" class=\"aligncenter\" src=\"https:\/\/sawaqli.fra1.cdn.digitaloceanspaces.com\/33142\/S523ea7583fed4cb99ca5648d834442b1L.jpg_640x640.jpg_.png\" width=\"1024\" height=\"1024\" \/><figcaption class=\"attachment__caption\"><\/figcaption><\/figure>\n<figure class=\"attachment attachment--preview\" data-trix-attachment=\"{&quot;contentType&quot;:&quot;image&quot;,&quot;height&quot;:1024,&quot;url&quot;:&quot;https:\/\/sawaqli.fra1.cdn.digitaloceanspaces.com\/33143\/xy501-headlamp1.jpg&quot;,&quot;width&quot;:1024}\" data-trix-content-type=\"image\"><img decoding=\"async\" class=\"aligncenter\" src=\"https:\/\/sawaqli.fra1.cdn.digitaloceanspaces.com\/33143\/xy501-headlamp1.jpg\" width=\"1024\" height=\"1024\" \/><figcaption class=\"attachment__caption\"><\/figcaption><\/figure>\n<p style=\"text-align: center;\">","protected":false},"excerpt":{"rendered":"<p>\u0645\u0635\u0628\u0627\u062d \u0623\u0645\u0627\u0645\u064a \u062e\u0641\u064a\u0641 \u0648\u0642\u0648\u064a XY501 :\u0642\u0627\u0628\u0644 \u0644\u0625\u0639\u0627\u062f\u0629 \u0627\u0644\u0634\u062d\u0646 \u0639\u0628\u0631 USB.5 \u0645\u0635\u0627\u0628\u064a\u062d LED \u0644\u0625\u0636\u0627\u0621\u0629 \u0642\u0648\u064a\u0629.\u0628\u0637\u0627\u0631\u064a\u0629 \u0645\u062f\u0645\u062c\u0629 \u0633\u0647\u0644\u0629 \u0627\u0644\u062d\u0645\u0644.\u0645\u0642\u0627\u0648\u0645 \u0644\u0644\u0645\u0627\u0621.\u0645\u062f\u0629 \u0627\u0644\u062a\u0634\u063a\u064a\u0644 : 2 \u0625\u0644\u0649 6 \u0633\u0627\u0639\u0627\u062a.\u0645\u062f\u0629 \u0627\u0644\u0634\u062d\u0646 : 2 \u0625\u0644\u0649 4 \u0633\u0627\u0639\u0627\u062a.\u0627\u0644\u0645\u0627\u062f\u0629 : ABS + PC.\u0648\u0638\u0627\u0626\u0641 \u0627\u0644\u0625\u0636\u0627\u0621\u0629 : \u0636\u0648\u0621 \u0648\u0627\u062d\u062f \u2013 4 \u0623\u0636\u0648\u0627\u0621 \u2013 5 \u0623\u0636\u0648\u0627\u0621 \u2013 5 \u0623\u0636\u0648\u0627\u0621 \u0648\u0627\u0645\u0636\u0629.\u0627\u0644\u062d\u062c\u0645 : 88 \u00d7 50 \u00d7 50 \u0645\u0645.\u0627\u0644\u0625\u0643\u0633\u0633\u0648\u0627\u0631\u0627\u062a : \u0643\u0627\u0628\u0644 \u0634\u062d\u0646 Micro USB<\/p>","protected":false},"featured_media":57375,"comment_status":"open","ping_status":"closed","template":"","meta":[],"product_brand":[],"product_cat":[2464],"product_tag":[],"class_list":{"0":"post-57376","1":"product","2":"type-product","3":"status-publish","4":"has-post-thumbnail","6":"product_cat-camping-et-randonnee","8":"first","9":"instock","10":"taxable","11":"shipping-taxable","12":"purchasable","13":"product-type-simple"},"jetpack_sharing_enabled":true,"_links":{"self":[{"href":"https:\/\/shoponlinedz.com\/en\/wp-json\/wp\/v2\/product\/57376","targetHints":{"allow":["GET"]}}],"collection":[{"href":"https:\/\/shoponlinedz.com\/en\/wp-json\/wp\/v2\/product"}],"about":[{"href":"https:\/\/shoponlinedz.com\/en\/wp-json\/wp\/v2\/types\/product"}],"replies":[{"embeddable":true,"href":"https:\/\/shoponlinedz.com\/en\/wp-json\/wp\/v2\/comments?post=57376"}],"version-history":[{"count":0,"href":"https:\/\/shoponlinedz.com\/en\/wp-json\/wp\/v2\/product\/57376\/revisions"}],"wp:featuredmedia":[{"embeddable":true,"href":"https:\/\/shoponlinedz.com\/en\/wp-json\/wp\/v2\/media\/57375"}],"wp:attachment":[{"href":"https:\/\/shoponlinedz.com\/en\/wp-json\/wp\/v2\/media?parent=57376"}],"wp:term":[{"taxonomy":"product_brand","embeddable":true,"href":"https:\/\/shoponlinedz.com\/en\/wp-json\/wp\/v2\/product_brand?post=57376"},{"taxonomy":"product_cat","embeddable":true,"href":"https:\/\/shoponlinedz.com\/en\/wp-json\/wp\/v2\/product_cat?post=57376"},{"taxonomy":"product_tag","embeddable":true,"href":"https:\/\/shoponlinedz.com\/en\/wp-json\/wp\/v2\/product_tag?post=57376"}],"curies":[{"name":"wp","href":"https:\/\/api.w.org\/{rel}","templated":true}]}}