{"id":57356,"date":"2026-01-06T15:32:23","date_gmt":"2026-01-06T15:32:23","guid":{"rendered":"https:\/\/shoponlinedz.com\/product\/hibou-lampe-frontale-led-rechargeable-1500-lumens-5-modes-etanche-ipx4\/"},"modified":"2026-03-26T18:19:40","modified_gmt":"2026-03-26T17:19:40","slug":"hibou-lampe-frontale-led-rechargeable-1500-lumens-5-modes-etanche-ipx4","status":"publish","type":"product","link":"https:\/\/shoponlinedz.com\/en\/product\/hibou-lampe-frontale-led-rechargeable-1500-lumens-5-modes-etanche-ipx4\/","title":{"rendered":"Hibou Lampe frontale LED rechargeable 1500 lumens, 5 modes, \u00e9tanche IPX4"},"content":{"rendered":"<figure class=\"attachment attachment--preview\" data-trix-attachment=\"{&quot;contentType&quot;:&quot;image&quot;,&quot;height&quot;:1024,&quot;url&quot;:&quot;https:\/\/sawaqli.fra1.cdn.digitaloceanspaces.com\/33340\/Disgne-0870.jpg&quot;,&quot;width&quot;:1024}\" data-trix-content-type=\"image\"><img decoding=\"async\" class=\"aligncenter\" src=\"https:\/\/sawaqli.fra1.cdn.digitaloceanspaces.com\/33340\/Disgne-0870.jpg\" width=\"1024\" height=\"1024\" \/><figcaption class=\"attachment__caption\"><\/figcaption><\/figure>\n<figure class=\"attachment attachment--preview\" data-trix-attachment=\"{&quot;contentType&quot;:&quot;image&quot;,&quot;height&quot;:1024,&quot;url&quot;:&quot;https:\/\/sawaqli.fra1.cdn.digitaloceanspaces.com\/33343\/boma2.jpg&quot;,&quot;width&quot;:1024}\" data-trix-content-type=\"image\"><img decoding=\"async\" class=\"aligncenter\" src=\"https:\/\/sawaqli.fra1.cdn.digitaloceanspaces.com\/33343\/boma2.jpg\" width=\"1024\" height=\"1024\" \/><figcaption class=\"attachment__caption\"><\/figcaption><\/figure>\n<figure class=\"attachment attachment--preview\" data-trix-attachment=\"{&quot;contentType&quot;:&quot;image&quot;,&quot;height&quot;:1024,&quot;url&quot;:&quot;https:\/\/sawaqli.fra1.cdn.digitaloceanspaces.com\/33344\/boma3.jpg&quot;,&quot;width&quot;:1024}\" data-trix-content-type=\"image\"><img decoding=\"async\" class=\"aligncenter\" src=\"https:\/\/sawaqli.fra1.cdn.digitaloceanspaces.com\/33344\/boma3.jpg\" width=\"1024\" height=\"1024\" \/><figcaption class=\"attachment__caption\"><\/figcaption><\/figure>\n<figure class=\"attachment attachment--preview\" data-trix-attachment=\"{&quot;contentType&quot;:&quot;image&quot;,&quot;height&quot;:1024,&quot;url&quot;:&quot;https:\/\/sawaqli.fra1.cdn.digitaloceanspaces.com\/33345\/boma1.jpg&quot;,&quot;width&quot;:1024}\" data-trix-content-type=\"image\"><img decoding=\"async\" class=\"aligncenter\" src=\"https:\/\/sawaqli.fra1.cdn.digitaloceanspaces.com\/33345\/boma1.jpg\" width=\"1024\" height=\"1024\" \/><figcaption class=\"attachment__caption\"><\/figcaption><\/figure>\n<figure class=\"attachment attachment--preview\" data-trix-attachment=\"{&quot;contentType&quot;:&quot;image&quot;,&quot;height&quot;:1024,&quot;url&quot;:&quot;https:\/\/sawaqli.fra1.cdn.digitaloceanspaces.com\/33346\/boma.jpg&quot;,&quot;width&quot;:1024}\" data-trix-content-type=\"image\"><img decoding=\"async\" class=\"aligncenter\" src=\"https:\/\/sawaqli.fra1.cdn.digitaloceanspaces.com\/33346\/boma.jpg\" width=\"1024\" height=\"1024\" \/><figcaption class=\"attachment__caption\"><\/figcaption><\/figure>\n<p style=\"text-align: center;\">","protected":false},"excerpt":{"rendered":"<p>Sp\u00e9cificationsPerle de lampe : COB + LEDLumen : 800\u00c9quipement : lumi\u00e8re forte \u2013 faible luminosit\u00e9 \u2013 flash en rafale \u2013 lumi\u00e8re rougeAlimentation : batterie s\u00e8che\/chargement USBEndurance : 3-5 heuresMat\u00e9riau : ABS\u00c9tanch\u00e9it\u00e9 : IPX4Perle de lampe : COB + LEDAlimentation : batterie s\u00e8che\/chargement USBEndurance : 3-5 heuresMat\u00e9riau : ABSFonctionnalit\u00e91. Aspect de hibou mignon2. Adoptez une ampoule COB de haute qualit\u00e9 comme m\u00e8che, lumi\u00e8re douce et non agressive.3. Plusieurs modes d\u2019\u00e9clairage, haute luminosit\u00e9, faible luminosit\u00e9, clignotant, s\u2019adaptent \u00e0 diff\u00e9rentes sc\u00e8nes d\u2019\u00e9clairage.4. M\u00e8che COB haute luminosit\u00e9, port\u00e9e d\u2019\u00e9clairage jusqu\u2019\u00e0 50 m\u00e8tres carr\u00e9sAccessoires du produit.Lampe frontale + mousqueton pour lampe frontale + c\u00e2ble de charge Type-C + sangle pour \u00e9clairage avant + \u00e9tuiSp\u00e9cificit\u00e9s\u2022 \u00c9tanche : la lampe frontale Owl est \u00e9tanche, ce qui la rend parfaite pour les activit\u00e9s de plein air dans toutes les conditions m\u00e9t\u00e9orologiques.\u2022 Mode de commutation haut\/moyen\/bas : avec trois modes de commutation diff\u00e9rents, la lampe frontale Owl offre polyvalence et commodit\u00e9 pour diverses situations.\u2022 Perles LED COB : la lampe frontale Owl utilise des perles LED COB, qui fournissent une lumi\u00e8re plus brillante et plus uniforme par rapport aux LED traditionnelles.\u2022 Angle de faisceau de 60\u00b0 : la lampe frontale Owl a un grand angle de faisceau de 60\u00b0, offrant une vue plus large et plus compl\u00e8te de l\u2019environnement.\u2022\u00c9clairage rotatif de 60\u00b0 vers le haut et vers le bas\u2022Aimant puissant \u00e0 l\u2019arri\u00e8re S\u00fbr et s\u00e9curis\u00e9\u2022Boucle cach\u00e9e \u00e0 l\u2019arri\u00e8re D\u00e9bloquez plus d\u2019applications\u2022Port de charge Type-C Charge s\u00fbre et rapide<\/p>","protected":false},"featured_media":57355,"comment_status":"open","ping_status":"closed","template":"","meta":[],"product_brand":[],"product_cat":[2464],"product_tag":[],"class_list":{"0":"post-57356","1":"product","2":"type-product","3":"status-publish","4":"has-post-thumbnail","6":"product_cat-camping-et-randonnee","8":"first","9":"instock","10":"taxable","11":"shipping-taxable","12":"purchasable","13":"product-type-simple"},"jetpack_sharing_enabled":true,"_links":{"self":[{"href":"https:\/\/shoponlinedz.com\/en\/wp-json\/wp\/v2\/product\/57356","targetHints":{"allow":["GET"]}}],"collection":[{"href":"https:\/\/shoponlinedz.com\/en\/wp-json\/wp\/v2\/product"}],"about":[{"href":"https:\/\/shoponlinedz.com\/en\/wp-json\/wp\/v2\/types\/product"}],"replies":[{"embeddable":true,"href":"https:\/\/shoponlinedz.com\/en\/wp-json\/wp\/v2\/comments?post=57356"}],"version-history":[{"count":0,"href":"https:\/\/shoponlinedz.com\/en\/wp-json\/wp\/v2\/product\/57356\/revisions"}],"wp:featuredmedia":[{"embeddable":true,"href":"https:\/\/shoponlinedz.com\/en\/wp-json\/wp\/v2\/media\/57355"}],"wp:attachment":[{"href":"https:\/\/shoponlinedz.com\/en\/wp-json\/wp\/v2\/media?parent=57356"}],"wp:term":[{"taxonomy":"product_brand","embeddable":true,"href":"https:\/\/shoponlinedz.com\/en\/wp-json\/wp\/v2\/product_brand?post=57356"},{"taxonomy":"product_cat","embeddable":true,"href":"https:\/\/shoponlinedz.com\/en\/wp-json\/wp\/v2\/product_cat?post=57356"},{"taxonomy":"product_tag","embeddable":true,"href":"https:\/\/shoponlinedz.com\/en\/wp-json\/wp\/v2\/product_tag?post=57356"}],"curies":[{"name":"wp","href":"https:\/\/api.w.org\/{rel}","templated":true}]}}