{"id":57267,"date":"2026-01-06T15:28:36","date_gmt":"2026-01-06T15:28:36","guid":{"rendered":"https:\/\/shoponlinedz.com\/product\/antenne-wifi-5g-a-gain-eleve-sma\/"},"modified":"2026-03-26T18:19:42","modified_gmt":"2026-03-26T17:19:42","slug":"antenne-wifi-5g-a-gain-eleve-sma","status":"publish","type":"product","link":"https:\/\/shoponlinedz.com\/en\/product\/antenne-wifi-5g-a-gain-eleve-sma\/","title":{"rendered":"Antenne Wifi 5G \u00e0 Gain \u00e9lev\u00e9 SMA"},"content":{"rendered":"<figure class=\"attachment attachment--preview\" data-trix-attachment=\"{&quot;contentType&quot;:&quot;image&quot;,&quot;height&quot;:1024,&quot;url&quot;:&quot;https:\/\/sawaqli.fra1.cdn.digitaloceanspaces.com\/33442\/5G-Antenna-cnc.jpg&quot;,&quot;width&quot;:1024}\" data-trix-content-type=\"image\"><img decoding=\"async\" class=\"aligncenter\" src=\"https:\/\/sawaqli.fra1.cdn.digitaloceanspaces.com\/33442\/5G-Antenna-cnc.jpg\" width=\"1024\" height=\"1024\" \/><figcaption class=\"attachment__caption\"><\/figcaption><\/figure>\n<figure class=\"attachment attachment--preview\" data-trix-attachment=\"{&quot;contentType&quot;:&quot;image&quot;,&quot;height&quot;:1024,&quot;url&quot;:&quot;https:\/\/sawaqli.fra1.cdn.digitaloceanspaces.com\/33443\/5G-Antenna-8.jpg&quot;,&quot;width&quot;:1024}\" data-trix-content-type=\"image\"><img decoding=\"async\" class=\"aligncenter\" src=\"https:\/\/sawaqli.fra1.cdn.digitaloceanspaces.com\/33443\/5G-Antenna-8.jpg\" width=\"1024\" height=\"1024\" \/><figcaption class=\"attachment__caption\"><\/figcaption><\/figure>\n<figure class=\"attachment attachment--preview\" data-trix-attachment=\"{&quot;contentType&quot;:&quot;image&quot;,&quot;height&quot;:1024,&quot;url&quot;:&quot;https:\/\/sawaqli.fra1.cdn.digitaloceanspaces.com\/33444\/5G-Antenna-3.jpg&quot;,&quot;width&quot;:1024}\" data-trix-content-type=\"image\"><img decoding=\"async\" class=\"aligncenter\" src=\"https:\/\/sawaqli.fra1.cdn.digitaloceanspaces.com\/33444\/5G-Antenna-3.jpg\" width=\"1024\" height=\"1024\" \/><figcaption class=\"attachment__caption\"><\/figcaption><\/figure>\n<figure class=\"attachment attachment--preview\" data-trix-attachment=\"{&quot;contentType&quot;:&quot;image&quot;,&quot;height&quot;:1024,&quot;url&quot;:&quot;https:\/\/sawaqli.fra1.cdn.digitaloceanspaces.com\/33445\/5G-Antenna-6.jpg&quot;,&quot;width&quot;:1024}\" data-trix-content-type=\"image\"><img decoding=\"async\" class=\"aligncenter\" src=\"https:\/\/sawaqli.fra1.cdn.digitaloceanspaces.com\/33445\/5G-Antenna-6.jpg\" width=\"1024\" height=\"1024\" \/><figcaption class=\"attachment__caption\"><\/figcaption><\/figure>\n<figure class=\"attachment attachment--preview\" data-trix-attachment=\"{&quot;contentType&quot;:&quot;image&quot;,&quot;height&quot;:1024,&quot;url&quot;:&quot;https:\/\/sawaqli.fra1.cdn.digitaloceanspaces.com\/33446\/5G-Antenna-7.jpg&quot;,&quot;width&quot;:1024}\" data-trix-content-type=\"image\"><img decoding=\"async\" class=\"aligncenter\" src=\"https:\/\/sawaqli.fra1.cdn.digitaloceanspaces.com\/33446\/5G-Antenna-7.jpg\" width=\"1024\" height=\"1024\" \/><figcaption class=\"attachment__caption\"><\/figcaption><\/figure>\n<p style=\"text-align: center;\">","protected":false},"excerpt":{"rendered":"<p>\u0647\u0648\u0627\u0626\u064a \u0634\u0628\u0643\u0629 5G \u0639\u0627\u0644\u064a \u0627\u0644\u0623\u062f\u0627\u0621\u0633\u0631\u0639\u0629 \u0641\u0627\u0626\u0642\u0629: \u0633\u0631\u0639\u0629 \u0623\u0639\u0644\u0649 10 \u0645\u0631\u0627\u062a \u0645\u0646 4G \u0645\u0639 \u0632\u0645\u0646 \u0627\u0633\u062a\u062c\u0627\u0628\u0629 \u0645\u0646\u062e\u0641\u0636.\u0643\u0633\u0628 \u0645\u0631\u062a\u0641\u0639 (18dBi): \u0645\u0633\u0627\u0641\u0629 \u0625\u0631\u0633\u0627\u0644 \u0623\u0637\u0648\u0644 \u0648\u062f\u0642\u0629 \u0639\u0627\u0644\u064a\u0629.\u0646\u0642\u0644 \u0641\u0639\u0651\u0627\u0644: \u0642\u062f\u0631\u0629 \u0623\u0639\u0644\u0649 \u0639\u0644\u0649 \u0645\u0642\u0627\u0648\u0645\u0629 \u0627\u0644\u062a\u062f\u0627\u062e\u0644.\u062a\u063a\u0637\u064a\u0629 \u0634\u0627\u0645\u0644\u0629: \u064a\u0639\u0645\u0644 \u0628\u062a\u0631\u062f\u062f\u0627\u062a 600-6000MHz \u0645\u0639 \u0645\u0648\u0635\u0644 SMA \u0631\u0623\u0633\u064a.\u0627\u0633\u062a\u062e\u062f\u0627\u0645\u0627\u062a \u0645\u062a\u0639\u062f\u062f\u0629: \u0645\u0646\u0627\u0633\u0628 \u0644\u0644\u0645\u0648\u062c\u0647\u0627\u062a\u060c \u0627\u0644\u0623\u0646\u0638\u0645\u0629 \u0627\u0644\u0644\u0627\u0633\u0644\u0643\u064a\u0629\u060c \u0627\u0644\u0645\u0646\u0627\u0632\u0644 \u0627\u0644\u0630\u0643\u064a\u0629\u060c \u0648\u0627\u0644\u0645\u0631\u0627\u0642\u0628\u0629 \u0639\u0646 \u0628\u064f\u0639\u062f.<\/p>","protected":false},"featured_media":57266,"comment_status":"open","ping_status":"closed","template":"","meta":[],"product_brand":[],"product_cat":[2463],"product_tag":[],"class_list":{"0":"post-57267","1":"product","2":"type-product","3":"status-publish","4":"has-post-thumbnail","6":"product_cat-electronique","8":"first","9":"instock","10":"taxable","11":"shipping-taxable","12":"purchasable","13":"product-type-simple"},"jetpack_sharing_enabled":true,"_links":{"self":[{"href":"https:\/\/shoponlinedz.com\/en\/wp-json\/wp\/v2\/product\/57267","targetHints":{"allow":["GET"]}}],"collection":[{"href":"https:\/\/shoponlinedz.com\/en\/wp-json\/wp\/v2\/product"}],"about":[{"href":"https:\/\/shoponlinedz.com\/en\/wp-json\/wp\/v2\/types\/product"}],"replies":[{"embeddable":true,"href":"https:\/\/shoponlinedz.com\/en\/wp-json\/wp\/v2\/comments?post=57267"}],"version-history":[{"count":0,"href":"https:\/\/shoponlinedz.com\/en\/wp-json\/wp\/v2\/product\/57267\/revisions"}],"wp:featuredmedia":[{"embeddable":true,"href":"https:\/\/shoponlinedz.com\/en\/wp-json\/wp\/v2\/media\/57266"}],"wp:attachment":[{"href":"https:\/\/shoponlinedz.com\/en\/wp-json\/wp\/v2\/media?parent=57267"}],"wp:term":[{"taxonomy":"product_brand","embeddable":true,"href":"https:\/\/shoponlinedz.com\/en\/wp-json\/wp\/v2\/product_brand?post=57267"},{"taxonomy":"product_cat","embeddable":true,"href":"https:\/\/shoponlinedz.com\/en\/wp-json\/wp\/v2\/product_cat?post=57267"},{"taxonomy":"product_tag","embeddable":true,"href":"https:\/\/shoponlinedz.com\/en\/wp-json\/wp\/v2\/product_tag?post=57267"}],"curies":[{"name":"wp","href":"https:\/\/api.w.org\/{rel}","templated":true}]}}