{"id":57239,"date":"2026-01-06T15:27:32","date_gmt":"2026-01-06T15:27:32","guid":{"rendered":"https:\/\/shoponlinedz.com\/product\/fausse-cameras-de-videosurveillance-a-energie-solaire-avec-clignotant-rouge-led\/"},"modified":"2026-03-26T18:19:43","modified_gmt":"2026-03-26T17:19:43","slug":"fausse-cameras-de-videosurveillance-a-energie-solaire-avec-clignotant-rouge-led","status":"publish","type":"product","link":"https:\/\/shoponlinedz.com\/en\/product\/fausse-cameras-de-videosurveillance-a-energie-solaire-avec-clignotant-rouge-led\/","title":{"rendered":"Fausse Cam\u00e9ras de Vid\u00e9osurveillance \u00e0 \u00e9nergie Solaire avec Clignotant Rouge LED"},"content":{"rendered":"<figure class=\"attachment attachment--preview\" data-trix-attachment=\"{&quot;contentType&quot;:&quot;image&quot;,&quot;height&quot;:1024,&quot;url&quot;:&quot;https:\/\/sawaqli.fra1.cdn.digitaloceanspaces.com\/33653\/Fake-Cam-cnc.jpg&quot;,&quot;width&quot;:1024}\" data-trix-content-type=\"image\"><img decoding=\"async\" class=\"aligncenter\" src=\"https:\/\/sawaqli.fra1.cdn.digitaloceanspaces.com\/33653\/Fake-Cam-cnc.jpg\" width=\"1024\" height=\"1024\" \/><figcaption class=\"attachment__caption\"><\/figcaption><\/figure>\n<figure class=\"attachment attachment--preview\" data-trix-attachment=\"{&quot;contentType&quot;:&quot;image&quot;,&quot;height&quot;:1024,&quot;url&quot;:&quot;https:\/\/sawaqli.fra1.cdn.digitaloceanspaces.com\/33654\/Fake-Cam-9.jpg&quot;,&quot;width&quot;:1024}\" data-trix-content-type=\"image\"><img decoding=\"async\" class=\"aligncenter\" src=\"https:\/\/sawaqli.fra1.cdn.digitaloceanspaces.com\/33654\/Fake-Cam-9.jpg\" width=\"1024\" height=\"1024\" \/><figcaption class=\"attachment__caption\"><\/figcaption><\/figure>\n<figure class=\"attachment attachment--preview\" data-trix-attachment=\"{&quot;contentType&quot;:&quot;image&quot;,&quot;height&quot;:1024,&quot;url&quot;:&quot;https:\/\/sawaqli.fra1.cdn.digitaloceanspaces.com\/33655\/Fake-Cam-8.jpg&quot;,&quot;width&quot;:1024}\" data-trix-content-type=\"image\"><img decoding=\"async\" class=\"aligncenter\" src=\"https:\/\/sawaqli.fra1.cdn.digitaloceanspaces.com\/33655\/Fake-Cam-8.jpg\" width=\"1024\" height=\"1024\" \/><figcaption class=\"attachment__caption\"><\/figcaption><\/figure>\n<figure class=\"attachment attachment--preview\" data-trix-attachment=\"{&quot;contentType&quot;:&quot;image&quot;,&quot;height&quot;:1024,&quot;url&quot;:&quot;https:\/\/sawaqli.fra1.cdn.digitaloceanspaces.com\/33656\/Fake-Cam-5.jpg&quot;,&quot;width&quot;:1024}\" data-trix-content-type=\"image\"><img decoding=\"async\" class=\"aligncenter\" src=\"https:\/\/sawaqli.fra1.cdn.digitaloceanspaces.com\/33656\/Fake-Cam-5.jpg\" width=\"1024\" height=\"1024\" \/><figcaption class=\"attachment__caption\"><\/figcaption><\/figure>\n<figure class=\"attachment attachment--preview\" data-trix-attachment=\"{&quot;contentType&quot;:&quot;image&quot;,&quot;height&quot;:1024,&quot;url&quot;:&quot;https:\/\/sawaqli.fra1.cdn.digitaloceanspaces.com\/33657\/Fake-Cam-13.jpg&quot;,&quot;width&quot;:1024}\" data-trix-content-type=\"image\"><img decoding=\"async\" class=\"aligncenter\" src=\"https:\/\/sawaqli.fra1.cdn.digitaloceanspaces.com\/33657\/Fake-Cam-13.jpg\" width=\"1024\" height=\"1024\" \/><figcaption class=\"attachment__caption\"><\/figcaption><\/figure>\n<p style=\"text-align: center;\">","protected":false},"excerpt":{"rendered":"<p>\u0643\u0627\u0645\u064a\u0631\u0627 \u0645\u0631\u0627\u0642\u0628\u0629 \u0648\u0647\u0645\u064a\u0629 \u062a\u0639\u0645\u0644 \u0628\u0627\u0644\u0637\u0627\u0642\u0629 \u0627\u0644\u0634\u0645\u0633\u064a\u0629\u0627\u0644\u062a\u0635\u0645\u064a\u0645:\u0645\u0635\u0646\u0648\u0639\u0629 \u0645\u0646 \u0645\u0648\u0627\u062f \u0639\u0627\u0644\u064a\u0629 \u0627\u0644\u062c\u0648\u062f\u0629 \u0648\u0645\u062a\u064a\u0646\u0629\u060c \u062a\u0635\u0645\u064a\u0645 \u0645\u062f\u0645\u062c \u0648\u0633\u0647\u0644 \u0627\u0644\u062a\u0631\u0643\u064a\u0628\u060c \u0648\u062a\u0628\u062f\u0648 \u0643\u0643\u0627\u0645\u064a\u0631\u0627 \u0645\u0631\u0627\u0642\u0628\u0629 \u062d\u0642\u064a\u0642\u064a\u0629.\u0627\u0644\u0627\u0633\u062a\u062e\u062f\u0627\u0645:\u0643\u0627\u0645\u064a\u0631\u0627 \u0623\u0645\u0627\u0646 \u0648\u0647\u0645\u064a\u0629 \u062a\u0639\u0645\u0644 \u0628\u0627\u0644\u0637\u0627\u0642\u0629 \u0627\u0644\u0634\u0645\u0633\u064a\u0629 \u0644\u062a\u0636\u0644\u064a\u0644 \u0627\u0644\u0644\u0635\u0648\u0635 \u0648\u0631\u062f\u0639 \u0627\u0644\u0633\u0631\u0642\u0627\u062a \u0648\u0627\u0644\u062a\u062e\u0631\u064a\u0628 \u0628\u062a\u0643\u0644\u0641\u0629 \u0645\u0646\u062e\u0641\u0636\u0629 \u0645\u0642\u0627\u0631\u0646\u0629 \u0628\u0627\u0644\u0643\u0627\u0645\u064a\u0631\u0627\u062a \u0627\u0644\u062d\u0642\u064a\u0642\u064a\u0629.\u0627\u0644\u0645\u0645\u064a\u0632\u0627\u062a:\u062d\u0644 \u0627\u0642\u062a\u0635\u0627\u062f\u064a \u0644\u0645\u0634\u0627\u0643\u0644 \u0627\u0644\u0623\u0645\u0627\u0646 \u0645\u0639 \u0645\u0638\u0647\u0631 \u0627\u062d\u062a\u0631\u0627\u0641\u064a.\u0636\u0648\u0621 \u062a\u0646\u0628\u064a\u0647 \u0645\u062f\u0645\u062c\u060c \u062a\u0635\u0645\u064a\u0645 \u0623\u0646\u064a\u0642 \u0648\u0639\u0635\u0631\u064a.\u0627\u0633\u062a\u062e\u062f\u0627\u0645 \u062f\u0627\u062e\u0644\u064a \u0648\u062e\u0627\u0631\u062c\u064a: \u0645\u062b\u0627\u0644\u064a\u0629 \u0644\u062d\u0645\u0627\u064a\u0629 \u0627\u0644\u0645\u0646\u0627\u0632\u0644\u060c \u0627\u0644\u0645\u062a\u0627\u062c\u0631\u060c \u0648\u0627\u0644\u0645\u0643\u0627\u062a\u0628.\u0642\u0627\u0628\u0644\u0629 \u0644\u0644\u062a\u062b\u0628\u064a\u062a \u0641\u064a \u0623\u0645\u0627\u0643\u0646 \u0645\u062a\u0646\u0648\u0639\u0629: \u0627\u0644\u0645\u0646\u0632\u0644\u060c \u0627\u0644\u0645\u062f\u0631\u0633\u0629\u060c \u0627\u0644\u0645\u0643\u062a\u0628\u060c \u0627\u0644\u062d\u062f\u064a\u0642\u0629.\u0627\u0644\u062a\u0634\u063a\u064a\u0644:\u062a\u062d\u062a\u0627\u062c \u0625\u0644\u0649 \u0628\u0637\u0627\u0631\u064a\u062a\u064a\u0646 \u0642\u0627\u0628\u0644\u0629 \u0644\u0644\u0634\u062d\u0646 \u0645\u0646 \u0646\u0648\u0639 AA (\u063a\u064a\u0631 \u0645\u0631\u0641\u0642\u0629)\u060c \u0648\u062a\u0639\u0645\u0644 \u0627\u0644\u0628\u0637\u0627\u0631\u064a\u0627\u062a \u0643\u062f\u0639\u0645 \u0625\u0636\u0627\u0641\u064a \u0639\u0646\u062f \u0636\u0639\u0641 \u0627\u0644\u0625\u0636\u0627\u0621\u0629 \u0627\u0644\u0634\u0645\u0633\u064a\u0629.<\/p>","protected":false},"featured_media":57238,"comment_status":"open","ping_status":"closed","template":"","meta":[],"product_brand":[],"product_cat":[2461],"product_tag":[],"class_list":{"0":"post-57239","1":"product","2":"type-product","3":"status-publish","4":"has-post-thumbnail","6":"product_cat-divers","8":"first","9":"instock","10":"taxable","11":"shipping-taxable","12":"purchasable","13":"product-type-simple"},"jetpack_sharing_enabled":true,"_links":{"self":[{"href":"https:\/\/shoponlinedz.com\/en\/wp-json\/wp\/v2\/product\/57239","targetHints":{"allow":["GET"]}}],"collection":[{"href":"https:\/\/shoponlinedz.com\/en\/wp-json\/wp\/v2\/product"}],"about":[{"href":"https:\/\/shoponlinedz.com\/en\/wp-json\/wp\/v2\/types\/product"}],"replies":[{"embeddable":true,"href":"https:\/\/shoponlinedz.com\/en\/wp-json\/wp\/v2\/comments?post=57239"}],"version-history":[{"count":0,"href":"https:\/\/shoponlinedz.com\/en\/wp-json\/wp\/v2\/product\/57239\/revisions"}],"wp:featuredmedia":[{"embeddable":true,"href":"https:\/\/shoponlinedz.com\/en\/wp-json\/wp\/v2\/media\/57238"}],"wp:attachment":[{"href":"https:\/\/shoponlinedz.com\/en\/wp-json\/wp\/v2\/media?parent=57239"}],"wp:term":[{"taxonomy":"product_brand","embeddable":true,"href":"https:\/\/shoponlinedz.com\/en\/wp-json\/wp\/v2\/product_brand?post=57239"},{"taxonomy":"product_cat","embeddable":true,"href":"https:\/\/shoponlinedz.com\/en\/wp-json\/wp\/v2\/product_cat?post=57239"},{"taxonomy":"product_tag","embeddable":true,"href":"https:\/\/shoponlinedz.com\/en\/wp-json\/wp\/v2\/product_tag?post=57239"}],"curies":[{"name":"wp","href":"https:\/\/api.w.org\/{rel}","templated":true}]}}