{"id":57222,"date":"2026-01-06T15:26:55","date_gmt":"2026-01-06T15:26:55","guid":{"rendered":"https:\/\/shoponlinedz.com\/product\/300m-wifi-routeur-sans-fil-repeteur-2-4g-repeteur-de-signal-extender-4-antenne-routeur-amplificateur-de-signal-pour-la-maison\/"},"modified":"2026-03-26T18:19:43","modified_gmt":"2026-03-26T17:19:43","slug":"300m-wifi-routeur-sans-fil-repeteur-2-4g-repeteur-de-signal-extender-4-antenne-routeur-amplificateur-de-signal-pour-la-maison","status":"publish","type":"product","link":"https:\/\/shoponlinedz.com\/en\/product\/300m-wifi-routeur-sans-fil-repeteur-2-4g-repeteur-de-signal-extender-4-antenne-routeur-amplificateur-de-signal-pour-la-maison\/","title":{"rendered":"300M Wifi routeur sans fil r\u00e9p\u00e9teur 2.4G r\u00e9p\u00e9teur de Signal Extender 4 antenne routeur amplificateur de Signal pour la maison"},"content":{"rendered":"<figure class=\"attachment attachment--preview\" data-trix-attachment=\"{&quot;contentType&quot;:&quot;image&quot;,&quot;height&quot;:1024,&quot;url&quot;:&quot;https:\/\/sawaqli.fra1.cdn.digitaloceanspaces.com\/18312\/300M-Wifi-routeur-sans-fil-1.jpg&quot;,&quot;width&quot;:1024}\" data-trix-content-type=\"image\"><img decoding=\"async\" class=\"aligncenter\" src=\"https:\/\/sawaqli.fra1.cdn.digitaloceanspaces.com\/18312\/300M-Wifi-routeur-sans-fil-1.jpg\" width=\"1024\" height=\"1024\" \/><figcaption class=\"attachment__caption\"><\/figcaption><\/figure>\n<figure class=\"attachment attachment--preview\" data-trix-attachment=\"{&quot;contentType&quot;:&quot;image&quot;,&quot;height&quot;:1024,&quot;url&quot;:&quot;https:\/\/sawaqli.fra1.cdn.digitaloceanspaces.com\/38382\/RTY5.jpg&quot;,&quot;width&quot;:1024}\" data-trix-content-type=\"image\"><img decoding=\"async\" class=\"aligncenter\" src=\"https:\/\/sawaqli.fra1.cdn.digitaloceanspaces.com\/38382\/RTY5.jpg\" width=\"1024\" height=\"1024\" \/><figcaption class=\"attachment__caption\"><\/figcaption><\/figure>\n<figure class=\"attachment attachment--preview\" data-trix-attachment=\"{&quot;contentType&quot;:&quot;image&quot;,&quot;height&quot;:1024,&quot;url&quot;:&quot;https:\/\/sawaqli.fra1.cdn.digitaloceanspaces.com\/38383\/RTY555.jpg&quot;,&quot;width&quot;:1024}\" data-trix-content-type=\"image\"><img decoding=\"async\" class=\"aligncenter\" src=\"https:\/\/sawaqli.fra1.cdn.digitaloceanspaces.com\/38383\/RTY555.jpg\" width=\"1024\" height=\"1024\" \/><figcaption class=\"attachment__caption\"><\/figcaption><\/figure>\n<figure class=\"attachment attachment--preview\" data-trix-attachment=\"{&quot;contentType&quot;:&quot;image&quot;,&quot;height&quot;:1024,&quot;url&quot;:&quot;https:\/\/sawaqli.fra1.cdn.digitaloceanspaces.com\/38384\/RTY55.jpg&quot;,&quot;width&quot;:1024}\" data-trix-content-type=\"image\"><img decoding=\"async\" class=\"aligncenter\" src=\"https:\/\/sawaqli.fra1.cdn.digitaloceanspaces.com\/38384\/RTY55.jpg\" width=\"1024\" height=\"1024\" \/><figcaption class=\"attachment__caption\"><\/figcaption><\/figure>\n<p style=\"text-align: center;\">","protected":false},"excerpt":{"rendered":"<p>\u0645\u064f\u0643\u0631\u0650\u0651\u0631 \u0625\u0634\u0627\u0631\u0629 Wi-Fi (Repeater)3 \u0623\u0648\u0636\u0627\u0639 \u062a\u0634\u063a\u064a\u0644: \u0648\u0636\u0639 \u0627\u0644\u0645\u0643\u0631\u0631 \/ \u0648\u0636\u0639 \u0627\u0644\u062a\u0648\u062c\u064a\u0647 \/ \u0648\u0636\u0639 \u0646\u0642\u0637\u0629 \u0627\u0644\u0648\u0635\u0648\u0644 (AP).\u0625\u0634\u0627\u0631\u0629 \u0642\u0648\u064a\u0629 \u0648\u062b\u0627\u0628\u062a\u0629: \u0628\u0641\u0636\u0644 4 \u0647\u0648\u0627\u0626\u064a\u0627\u062a \u062e\u0627\u0631\u062c\u064a\u0629.\u0633\u0631\u0639\u0629 \u062d\u062a\u0649 300 \u0645\u064a\u062c\u0627\u0628\u062a\/\u062b (2.4GHz).\u0645\u062a\u0648\u0627\u0641\u0642 \u0645\u0639 \u062c\u0647\u062f 100-240 \u0641\u0648\u0644\u062a \u2013 \u0646\u0648\u0639 \u0627\u0644\u0645\u0642\u0628\u0633: USA.\u0627\u0644\u062e\u0627\u0645\u0629: \u0628\u0644\u0627\u0633\u062a\u064a\u0643 \u2013 \u0627\u0644\u0644\u0648\u0646: \u0623\u0628\u064a\u0636.\u0627\u0644\u0645\u062d\u062a\u0648\u064a\u0627\u062a: \u062c\u0647\u0627\u0632 \u0645\u0643\u0631\u0631 \u0648\u0627\u062d\u062f.<\/p>","protected":false},"featured_media":57221,"comment_status":"open","ping_status":"closed","template":"","meta":[],"product_brand":[],"product_cat":[2463],"product_tag":[],"class_list":{"0":"post-57222","1":"product","2":"type-product","3":"status-publish","4":"has-post-thumbnail","6":"product_cat-electronique","8":"first","9":"instock","10":"taxable","11":"shipping-taxable","12":"purchasable","13":"product-type-simple"},"jetpack_sharing_enabled":true,"_links":{"self":[{"href":"https:\/\/shoponlinedz.com\/en\/wp-json\/wp\/v2\/product\/57222","targetHints":{"allow":["GET"]}}],"collection":[{"href":"https:\/\/shoponlinedz.com\/en\/wp-json\/wp\/v2\/product"}],"about":[{"href":"https:\/\/shoponlinedz.com\/en\/wp-json\/wp\/v2\/types\/product"}],"replies":[{"embeddable":true,"href":"https:\/\/shoponlinedz.com\/en\/wp-json\/wp\/v2\/comments?post=57222"}],"version-history":[{"count":0,"href":"https:\/\/shoponlinedz.com\/en\/wp-json\/wp\/v2\/product\/57222\/revisions"}],"wp:featuredmedia":[{"embeddable":true,"href":"https:\/\/shoponlinedz.com\/en\/wp-json\/wp\/v2\/media\/57221"}],"wp:attachment":[{"href":"https:\/\/shoponlinedz.com\/en\/wp-json\/wp\/v2\/media?parent=57222"}],"wp:term":[{"taxonomy":"product_brand","embeddable":true,"href":"https:\/\/shoponlinedz.com\/en\/wp-json\/wp\/v2\/product_brand?post=57222"},{"taxonomy":"product_cat","embeddable":true,"href":"https:\/\/shoponlinedz.com\/en\/wp-json\/wp\/v2\/product_cat?post=57222"},{"taxonomy":"product_tag","embeddable":true,"href":"https:\/\/shoponlinedz.com\/en\/wp-json\/wp\/v2\/product_tag?post=57222"}],"curies":[{"name":"wp","href":"https:\/\/api.w.org\/{rel}","templated":true}]}}