{"id":57211,"date":"2026-01-06T15:26:25","date_gmt":"2026-01-06T15:26:25","guid":{"rendered":"https:\/\/shoponlinedz.com\/product\/veilleuse-astronaute-et-lampe-de-table-en-ceramique\/"},"modified":"2026-03-26T18:19:43","modified_gmt":"2026-03-26T17:19:43","slug":"veilleuse-astronaute-et-lampe-de-table-en-ceramique","status":"publish","type":"product","link":"https:\/\/shoponlinedz.com\/en\/product\/veilleuse-astronaute-et-lampe-de-table-en-ceramique\/","title":{"rendered":"Veilleuse Astronaute et Lampe de Table en C\u00e9ramique"},"content":{"rendered":"<figure class=\"attachment attachment--preview\" data-trix-attachment=\"{&quot;contentType&quot;:&quot;image&quot;,&quot;height&quot;:1024,&quot;url&quot;:&quot;https:\/\/sawaqli.fra1.cdn.digitaloceanspaces.com\/33622\/lampe-astro-cnc.jpg&quot;,&quot;width&quot;:1024}\" data-trix-content-type=\"image\"><img decoding=\"async\" class=\"aligncenter\" src=\"https:\/\/sawaqli.fra1.cdn.digitaloceanspaces.com\/33622\/lampe-astro-cnc.jpg\" width=\"1024\" height=\"1024\" \/><figcaption class=\"attachment__caption\"><\/figcaption><\/figure>\n<figure class=\"attachment attachment--preview\" data-trix-attachment=\"{&quot;contentType&quot;:&quot;image&quot;,&quot;height&quot;:1024,&quot;url&quot;:&quot;https:\/\/sawaqli.fra1.cdn.digitaloceanspaces.com\/33623\/lampe-astro-2.jpg&quot;,&quot;width&quot;:1024}\" data-trix-content-type=\"image\"><img decoding=\"async\" class=\"aligncenter\" src=\"https:\/\/sawaqli.fra1.cdn.digitaloceanspaces.com\/33623\/lampe-astro-2.jpg\" width=\"1024\" height=\"1024\" \/><figcaption class=\"attachment__caption\"><\/figcaption><\/figure>\n<figure class=\"attachment attachment--preview\" data-trix-attachment=\"{&quot;contentType&quot;:&quot;image&quot;,&quot;height&quot;:1024,&quot;url&quot;:&quot;https:\/\/sawaqli.fra1.cdn.digitaloceanspaces.com\/33624\/lampe-astro-1.jpg&quot;,&quot;width&quot;:1024}\" data-trix-content-type=\"image\"><img decoding=\"async\" class=\"aligncenter\" src=\"https:\/\/sawaqli.fra1.cdn.digitaloceanspaces.com\/33624\/lampe-astro-1.jpg\" width=\"1024\" height=\"1024\" \/><figcaption class=\"attachment__caption\"><\/figcaption><\/figure>\n<figure class=\"attachment attachment--preview\" data-trix-attachment=\"{&quot;contentType&quot;:&quot;image&quot;,&quot;height&quot;:1024,&quot;url&quot;:&quot;https:\/\/sawaqli.fra1.cdn.digitaloceanspaces.com\/33625\/lampe-astro-4.jpg&quot;,&quot;width&quot;:1024}\" data-trix-content-type=\"image\"><img decoding=\"async\" class=\"aligncenter\" src=\"https:\/\/sawaqli.fra1.cdn.digitaloceanspaces.com\/33625\/lampe-astro-4.jpg\" width=\"1024\" height=\"1024\" \/><figcaption class=\"attachment__caption\"><\/figcaption><\/figure>\n<figure class=\"attachment attachment--preview\" data-trix-attachment=\"{&quot;contentType&quot;:&quot;image&quot;,&quot;height&quot;:1024,&quot;url&quot;:&quot;https:\/\/sawaqli.fra1.cdn.digitaloceanspaces.com\/33626\/lampe-astro-3.jpg&quot;,&quot;width&quot;:1024}\" data-trix-content-type=\"image\"><img decoding=\"async\" class=\"aligncenter\" src=\"https:\/\/sawaqli.fra1.cdn.digitaloceanspaces.com\/33626\/lampe-astro-3.jpg\" width=\"1024\" height=\"1024\" \/><figcaption class=\"attachment__caption\"><\/figcaption><\/figure>\n<p style=\"text-align: center;\">","protected":false},"excerpt":{"rendered":"<p>\u0645\u0635\u0628\u0627\u062d \u0639\u0644\u0649 \u0634\u0643\u0644 \u0631\u0627\u0626\u062f \u0641\u0636\u0627\u0621\u0627\u0644\u0645\u0645\u064a\u0632\u0627\u062a:\u062a\u0635\u0645\u064a\u0645 \u0623\u0635\u0644\u064a: \u0645\u0635\u0628\u0627\u062d \u064a\u0645\u062b\u0644 \u0631\u0627\u0626\u062f \u0641\u0636\u0627\u0621 \u0628\u0628\u062f\u0644\u0629 \u0641\u0636\u0627\u0626\u064a\u0629 \u0628\u062a\u0641\u0627\u0635\u064a\u0644 \u062f\u0642\u064a\u0642\u0629 \u0648\u0644\u0645\u0633\u0629 \u0645\u0633\u062a\u0642\u0628\u0644\u064a\u0629.\u0645\u0627\u062f\u0629 \u0639\u0627\u0644\u064a\u0629 \u0627\u0644\u062c\u0648\u062f\u0629: \u0645\u0635\u0646\u0648\u0639 \u0645\u0646 \u0627\u0644\u0633\u064a\u0631\u0627\u0645\u064a\u0643 \u0627\u0644\u0623\u0646\u064a\u0642 \u0648\u0627\u0644\u0645\u062a\u064a\u0646 \u0628\u0633\u0637\u062d \u0644\u0627\u0645\u0639 \u0646\u0627\u0639\u0645.\u0625\u0636\u0627\u0621\u0629 \u0645\u0631\u064a\u062d\u0629: \u0636\u0648\u0621 \u062f\u0627\u0641\u0626 \u0648\u0646\u0627\u0639\u0645 \u0645\u062b\u0627\u0644\u064a \u0643\u0625\u0636\u0627\u0621\u0629 \u0644\u064a\u0644\u064a\u0629 \u0641\u064a \u063a\u0631\u0641 \u0627\u0644\u0646\u0648\u0645 \u0623\u0648 \u0625\u0636\u0627\u0621\u0629 \u062f\u064a\u0643\u0648\u0631\u064a\u0629 \u0641\u064a \u0627\u0644\u0635\u0627\u0644\u0648\u0646.\u0627\u0633\u062a\u062e\u062f\u0627\u0645 \u0645\u062a\u0639\u062f\u062f: \u064a\u0639\u0645\u0644 \u0643\u0642\u0637\u0639\u0629 \u062f\u064a\u0643\u0648\u0631 \u0648\u0645\u0635\u062f\u0631 \u0625\u0636\u0627\u0621\u0629 \u0641\u064a \u0627\u0644\u0648\u0642\u062a \u0646\u0641\u0633\u0647\u060c \u0645\u062b\u0627\u0644\u064a \u0644\u0645\u062d\u0628\u064a \u0627\u0644\u0641\u0636\u0627\u0621 \u0623\u0648 \u0627\u0644\u062a\u0635\u0645\u064a\u0645 \u0627\u0644\u0639\u0635\u0631\u064a.\u0633\u0647\u0648\u0644\u0629 \u0627\u0644\u062a\u0634\u063a\u064a\u0644: \u0645\u0632\u0648\u062f \u0628\u0632\u0631 \u062a\u0634\u063a\u064a\u0644 \u0628\u0633\u064a\u0637 \u0648\u064a\u0639\u0645\u0644 \u0628\u0645\u0635\u0628\u0627\u062d LED \u0645\u0646\u062e\u0641\u0636 \u0627\u0644\u0627\u0633\u062a\u0647\u0644\u0627\u0643 (\u063a\u0627\u0644\u0628\u064b\u0627 \u0645\u0631\u0641\u0642).\u0627\u0644\u0623\u0628\u0639\u0627\u062f:\u0627\u0644\u0627\u0631\u062a\u0641\u0627\u0639: 30 \u0633\u0645.Veilleuse Astronaute et Lampe de Table en C\u00e9ramique3,700 DA3,200 DADisponibilit\u00e9 :In stockCaract\u00e9ristiquesDesign original : La lampe repr\u00e9sente un astronaute en tenue spatiale, avec des d\u00e9tails pr\u00e9cis pour un effet r\u00e9aliste et futuriste.Mat\u00e9riau de qualit\u00e9 : Fabriqu\u00e9e en c\u00e9ramique, cette lampe est \u00e0 la fois \u00e9l\u00e9gante et robuste, offrant un aspect lisse et brillant.\u00c9clairage apaisant : Dot\u00e9e d\u2019une lumi\u00e8re douce et chaleureuse, elle est id\u00e9ale comme veilleuse pour une chambre ou comme lampe d\u2019ambiance dans le salon.Polyvalence : Fonctionne aussi bien comme d\u00e9coration que comme source de lumi\u00e8re. Parfaite pour les passionn\u00e9s d\u2019astronomie ou les amateurs de design contemporain.Facilit\u00e9 d\u2019utilisation : \u00c9quip\u00e9e d\u2019un interrupteur discret et fonctionne avec une ampoule LED basse consommation (souvent incluse).DimensionsHauteur : 30 cmQuantit\u00e9 :quantit\u00e9 de Veilleuse Astronaute et Lampe de Table en C\u00e9ramique AcheterAjouter au panierCat\u00e9gorie : Maison\u00c9tiquettes : astronaute, LAMPE, VeilleuseFacebookTwitterPinterestWhatsappDescriptionAvis (0)<\/p>","protected":false},"featured_media":57210,"comment_status":"open","ping_status":"closed","template":"","meta":[],"product_brand":[],"product_cat":[2460],"product_tag":[],"class_list":{"0":"post-57211","1":"product","2":"type-product","3":"status-publish","4":"has-post-thumbnail","6":"product_cat-decoration","8":"first","9":"instock","10":"taxable","11":"shipping-taxable","12":"purchasable","13":"product-type-simple"},"jetpack_sharing_enabled":true,"_links":{"self":[{"href":"https:\/\/shoponlinedz.com\/en\/wp-json\/wp\/v2\/product\/57211","targetHints":{"allow":["GET"]}}],"collection":[{"href":"https:\/\/shoponlinedz.com\/en\/wp-json\/wp\/v2\/product"}],"about":[{"href":"https:\/\/shoponlinedz.com\/en\/wp-json\/wp\/v2\/types\/product"}],"replies":[{"embeddable":true,"href":"https:\/\/shoponlinedz.com\/en\/wp-json\/wp\/v2\/comments?post=57211"}],"version-history":[{"count":0,"href":"https:\/\/shoponlinedz.com\/en\/wp-json\/wp\/v2\/product\/57211\/revisions"}],"wp:featuredmedia":[{"embeddable":true,"href":"https:\/\/shoponlinedz.com\/en\/wp-json\/wp\/v2\/media\/57210"}],"wp:attachment":[{"href":"https:\/\/shoponlinedz.com\/en\/wp-json\/wp\/v2\/media?parent=57211"}],"wp:term":[{"taxonomy":"product_brand","embeddable":true,"href":"https:\/\/shoponlinedz.com\/en\/wp-json\/wp\/v2\/product_brand?post=57211"},{"taxonomy":"product_cat","embeddable":true,"href":"https:\/\/shoponlinedz.com\/en\/wp-json\/wp\/v2\/product_cat?post=57211"},{"taxonomy":"product_tag","embeddable":true,"href":"https:\/\/shoponlinedz.com\/en\/wp-json\/wp\/v2\/product_tag?post=57211"}],"curies":[{"name":"wp","href":"https:\/\/api.w.org\/{rel}","templated":true}]}}