{"id":57166,"date":"2026-01-06T15:24:27","date_gmt":"2026-01-06T15:24:27","guid":{"rendered":"https:\/\/shoponlinedz.com\/product\/cobra-chauffage-electrique-economique-3-resistance-1200w\/"},"modified":"2026-03-26T18:19:44","modified_gmt":"2026-03-26T17:19:44","slug":"cobra-chauffage-electrique-economique-3-resistance-1200w","status":"publish","type":"product","link":"https:\/\/shoponlinedz.com\/en\/product\/cobra-chauffage-electrique-economique-3-resistance-1200w\/","title":{"rendered":"Cobra Chauffage \u00c9lectrique \u00c9conomique 3 R\u00e9sistance 1200W"},"content":{"rendered":"<figure class=\"attachment attachment--preview\" data-trix-attachment=\"{&quot;contentType&quot;:&quot;image&quot;,&quot;height&quot;:1024,&quot;url&quot;:&quot;https:\/\/sawaqli.fra1.cdn.digitaloceanspaces.com\/33816\/Cobra-cnc-1.jpg&quot;,&quot;width&quot;:1024}\" data-trix-content-type=\"image\"><img decoding=\"async\" class=\"aligncenter\" src=\"https:\/\/sawaqli.fra1.cdn.digitaloceanspaces.com\/33816\/Cobra-cnc-1.jpg\" width=\"1024\" height=\"1024\" \/><figcaption class=\"attachment__caption\"><\/figcaption><\/figure>\n<figure class=\"attachment attachment--preview\" data-trix-attachment=\"{&quot;contentType&quot;:&quot;image&quot;,&quot;height&quot;:1024,&quot;url&quot;:&quot;https:\/\/sawaqli.fra1.cdn.digitaloceanspaces.com\/33817\/Cobra-2.jpg&quot;,&quot;width&quot;:1024}\" data-trix-content-type=\"image\"><img decoding=\"async\" class=\"aligncenter\" src=\"https:\/\/sawaqli.fra1.cdn.digitaloceanspaces.com\/33817\/Cobra-2.jpg\" width=\"1024\" height=\"1024\" \/><figcaption class=\"attachment__caption\"><\/figcaption><\/figure>\n<figure class=\"attachment attachment--preview\" data-trix-attachment=\"{&quot;contentType&quot;:&quot;image&quot;,&quot;height&quot;:1024,&quot;url&quot;:&quot;https:\/\/sawaqli.fra1.cdn.digitaloceanspaces.com\/33818\/Cobra-1.jpg&quot;,&quot;width&quot;:1024}\" data-trix-content-type=\"image\"><img decoding=\"async\" class=\"aligncenter\" src=\"https:\/\/sawaqli.fra1.cdn.digitaloceanspaces.com\/33818\/Cobra-1.jpg\" width=\"1024\" height=\"1024\" \/><figcaption class=\"attachment__caption\"><\/figcaption><\/figure>\n<figure class=\"attachment attachment--preview\" data-trix-attachment=\"{&quot;contentType&quot;:&quot;image&quot;,&quot;height&quot;:1024,&quot;url&quot;:&quot;https:\/\/sawaqli.fra1.cdn.digitaloceanspaces.com\/33848\/cobra11.jpg&quot;,&quot;width&quot;:1024}\" data-trix-content-type=\"image\"><img decoding=\"async\" class=\"aligncenter\" src=\"https:\/\/sawaqli.fra1.cdn.digitaloceanspaces.com\/33848\/cobra11.jpg\" width=\"1024\" height=\"1024\" \/><figcaption class=\"attachment__caption\"><\/figcaption><\/figure>\n<figure class=\"attachment attachment--preview\" data-trix-attachment=\"{&quot;contentType&quot;:&quot;image&quot;,&quot;height&quot;:1024,&quot;url&quot;:&quot;https:\/\/sawaqli.fra1.cdn.digitaloceanspaces.com\/33849\/cobra1.jpg&quot;,&quot;width&quot;:1024}\" data-trix-content-type=\"image\"><img decoding=\"async\" class=\"aligncenter\" src=\"https:\/\/sawaqli.fra1.cdn.digitaloceanspaces.com\/33849\/cobra1.jpg\" width=\"1024\" height=\"1024\" \/><figcaption class=\"attachment__caption\"><\/figcaption><\/figure>\n<p style=\"text-align: center;\">","protected":false},"excerpt":{"rendered":"<p>\u0645\u062f\u0641\u0623\u0629 \u0643\u0647\u0631\u0628\u0627\u0626\u064a\u0629 \u0643\u0648\u0628\u0631\u0627 1200 \u0648\u0627\u0637 \u2013 \u0627\u0642\u062a\u0635\u0627\u062f\u064a\u0629 \u0648\u0642\u0627\u0628\u0644\u0629 \u0644\u0644\u062a\u0639\u062f\u064a\u0644\u0642\u0648\u0629 1200 \u0648\u0627\u0637: \u062a\u0648\u0632\u064a\u0639 \u062d\u0631\u0627\u0631\u0629 \u0633\u0631\u064a\u0639 \u0648\u0641\u0639\u0651\u0627\u0644 \u0644\u0644\u0645\u0633\u0627\u062d\u0627\u062a \u0627\u0644\u0645\u062a\u0648\u0633\u0637\u0629.3 \u0645\u0642\u0627\u0648\u0645\u0627\u062a \u0645\u0633\u062a\u0642\u0644\u0629: \u0644\u0644\u062a\u062d\u0643\u0645 \u0628\u062f\u0631\u062c\u0627\u062a \u0627\u0644\u062d\u0631\u0627\u0631\u0629 \u0648\u0641\u0642 \u0627\u062d\u062a\u064a\u0627\u062c\u0627\u062a\u0643.\u0645\u0648\u0641\u0631\u0629 \u0644\u0644\u0637\u0627\u0642\u0629: \u0646\u0638\u0627\u0645 \u062a\u0633\u062e\u064a\u0646 \u0642\u0627\u0628\u0644 \u0644\u0644\u062a\u0639\u062f\u064a\u0644 \u064a\u0642\u0644\u0644 \u0627\u0633\u062a\u0647\u0644\u0627\u0643 \u0627\u0644\u0643\u0647\u0631\u0628\u0627\u0621.\u062a\u0635\u0645\u064a\u0645 \u0645\u062f\u0645\u062c \u0648\u062e\u0641\u064a\u0641: \u0633\u0647\u0644 \u0627\u0644\u0646\u0642\u0644 \u0628\u064a\u0646 \u0627\u0644\u063a\u0631\u0641 \u0648\u0627\u0644\u0645\u0643\u0627\u062a\u0628.\u0623\u0645\u0627\u0646 \u0643\u0627\u0645\u0644: \u0645\u0632\u0648\u062f\u0629 \u0628\u062d\u0645\u0627\u064a\u0629 \u0636\u062f \u0627\u0631\u062a\u0641\u0627\u0639 \u0627\u0644\u062d\u0631\u0627\u0631\u0629 \u0644\u0636\u0645\u0627\u0646 \u0627\u0644\u0627\u0633\u062a\u062e\u062f\u0627\u0645 \u0627\u0644\u0645\u0648\u062b\u0648\u0642.\u0645\u0645\u064a\u0632\u0627\u062a \u0625\u0636\u0627\u0641\u064a\u0629:\u062a\u0639\u062f\u062f \u0627\u0644\u0627\u0633\u062a\u062e\u062f\u0627\u0645\u0627\u062a: \u064a\u0645\u0643\u0646 \u0636\u0628\u0637 \u0627\u0644\u062d\u0631\u0627\u0631\u0629 \u062d\u0633\u0628 \u062a\u0641\u0636\u064a\u0644\u0643.\u0645\u062a\u064a\u0646\u0629 \u0648\u0637\u0648\u064a\u0644\u0629 \u0627\u0644\u0639\u0645\u0631.\u0645\u062b\u0627\u0644\u064a\u0629 \u0644\u062a\u062f\u0641\u0626\u0629 \u0627\u0644\u0623\u0645\u0627\u0643\u0646 \u0627\u0644\u0645\u0633\u062a\u0647\u062f\u0641\u0629 \u0628\u0643\u0641\u0627\u0621\u0629 \u0639\u0627\u0644\u064a\u0629.<\/p>","protected":false},"featured_media":57165,"comment_status":"open","ping_status":"closed","template":"","meta":[],"product_brand":[],"product_cat":[2455],"product_tag":[],"class_list":{"0":"post-57166","1":"product","2":"type-product","3":"status-publish","4":"has-post-thumbnail","6":"product_cat-maison","8":"first","9":"instock","10":"taxable","11":"shipping-taxable","12":"purchasable","13":"product-type-simple"},"jetpack_sharing_enabled":true,"_links":{"self":[{"href":"https:\/\/shoponlinedz.com\/en\/wp-json\/wp\/v2\/product\/57166","targetHints":{"allow":["GET"]}}],"collection":[{"href":"https:\/\/shoponlinedz.com\/en\/wp-json\/wp\/v2\/product"}],"about":[{"href":"https:\/\/shoponlinedz.com\/en\/wp-json\/wp\/v2\/types\/product"}],"replies":[{"embeddable":true,"href":"https:\/\/shoponlinedz.com\/en\/wp-json\/wp\/v2\/comments?post=57166"}],"version-history":[{"count":0,"href":"https:\/\/shoponlinedz.com\/en\/wp-json\/wp\/v2\/product\/57166\/revisions"}],"wp:featuredmedia":[{"embeddable":true,"href":"https:\/\/shoponlinedz.com\/en\/wp-json\/wp\/v2\/media\/57165"}],"wp:attachment":[{"href":"https:\/\/shoponlinedz.com\/en\/wp-json\/wp\/v2\/media?parent=57166"}],"wp:term":[{"taxonomy":"product_brand","embeddable":true,"href":"https:\/\/shoponlinedz.com\/en\/wp-json\/wp\/v2\/product_brand?post=57166"},{"taxonomy":"product_cat","embeddable":true,"href":"https:\/\/shoponlinedz.com\/en\/wp-json\/wp\/v2\/product_cat?post=57166"},{"taxonomy":"product_tag","embeddable":true,"href":"https:\/\/shoponlinedz.com\/en\/wp-json\/wp\/v2\/product_tag?post=57166"}],"curies":[{"name":"wp","href":"https:\/\/api.w.org\/{rel}","templated":true}]}}