{"id":56711,"date":"2026-01-06T15:05:56","date_gmt":"2026-01-06T15:05:56","guid":{"rendered":"https:\/\/shoponlinedz.com\/product\/lampe-de-table-arbre-lumineux-style-bonsai\/"},"modified":"2026-03-26T18:19:52","modified_gmt":"2026-03-26T17:19:52","slug":"lampe-de-table-arbre-lumineux-style-bonsai","status":"publish","type":"product","link":"https:\/\/shoponlinedz.com\/en\/product\/lampe-de-table-arbre-lumineux-style-bonsai\/","title":{"rendered":"lampe de Table Arbre lumineux style bonsa\u00ef"},"content":{"rendered":"<figure class=\"attachment attachment--preview\" data-trix-attachment=\"{&quot;contentType&quot;:&quot;image&quot;,&quot;height&quot;:1024,&quot;url&quot;:&quot;https:\/\/sawaqli.fra1.cdn.digitaloceanspaces.com\/35174\/71V8pL1yeL._AC_SL1500_-1.jpg&quot;,&quot;width&quot;:1024}\" data-trix-content-type=\"image\"><img decoding=\"async\" class=\"aligncenter\" src=\"https:\/\/sawaqli.fra1.cdn.digitaloceanspaces.com\/35174\/71V8pL1yeL._AC_SL1500_-1.jpg\" width=\"1024\" height=\"1024\" \/><figcaption class=\"attachment__caption\"><\/figcaption><\/figure>\n<figure class=\"attachment attachment--preview\" data-trix-attachment=\"{&quot;contentType&quot;:&quot;image&quot;,&quot;height&quot;:1024,&quot;url&quot;:&quot;https:\/\/sawaqli.fra1.cdn.digitaloceanspaces.com\/35173\/619TooW2ppL._AC_SL1001_.jpg&quot;,&quot;width&quot;:1024}\" data-trix-content-type=\"image\"><img decoding=\"async\" class=\"aligncenter\" src=\"https:\/\/sawaqli.fra1.cdn.digitaloceanspaces.com\/35173\/619TooW2ppL._AC_SL1001_.jpg\" width=\"1024\" height=\"1024\" \/><figcaption class=\"attachment__caption\"><\/figcaption><\/figure>\n<figure class=\"attachment attachment--preview\" data-trix-attachment=\"{&quot;contentType&quot;:&quot;image&quot;,&quot;height&quot;:1024,&quot;url&quot;:&quot;https:\/\/sawaqli.fra1.cdn.digitaloceanspaces.com\/35175\/61EM2OzFszL._AC_SL1001_.jpg&quot;,&quot;width&quot;:1024}\" data-trix-content-type=\"image\"><img decoding=\"async\" class=\"aligncenter\" src=\"https:\/\/sawaqli.fra1.cdn.digitaloceanspaces.com\/35175\/61EM2OzFszL._AC_SL1001_.jpg\" width=\"1024\" height=\"1024\" \/><figcaption class=\"attachment__caption\"><\/figcaption><\/figure>\n<figure class=\"attachment attachment--preview\" data-trix-attachment=\"{&quot;contentType&quot;:&quot;image&quot;,&quot;height&quot;:1024,&quot;url&quot;:&quot;https:\/\/sawaqli.fra1.cdn.digitaloceanspaces.com\/35176\/71GyFrBvbxL._AC_SL1001_.jpg&quot;,&quot;width&quot;:1024}\" data-trix-content-type=\"image\"><img decoding=\"async\" class=\"aligncenter\" src=\"https:\/\/sawaqli.fra1.cdn.digitaloceanspaces.com\/35176\/71GyFrBvbxL._AC_SL1001_.jpg\" width=\"1024\" height=\"1024\" \/><figcaption class=\"attachment__caption\"><\/figcaption><\/figure>\n<figure class=\"attachment attachment--preview\" data-trix-attachment=\"{&quot;contentType&quot;:&quot;image&quot;,&quot;height&quot;:1024,&quot;url&quot;:&quot;https:\/\/sawaqli.fra1.cdn.digitaloceanspaces.com\/35177\/Disgne-1085.jpg&quot;,&quot;width&quot;:1024}\" data-trix-content-type=\"image\"><img decoding=\"async\" class=\"aligncenter\" src=\"https:\/\/sawaqli.fra1.cdn.digitaloceanspaces.com\/35177\/Disgne-1085.jpg\" width=\"1024\" height=\"1024\" \/><figcaption class=\"attachment__caption\"><\/figcaption><\/figure>\n<p style=\"text-align: center;\">","protected":false},"excerpt":{"rendered":"<p>\u00c9clairage d\u00e9coratif pour arbre \u2013 Design de style bonsa\u00ef, parfait pour la d\u00e9coration sur le bureau ou la table. \u00c9clairage d\u2019arbre d\u00e9cor\u00e9 de nombreuses lumi\u00e8res LED blanc chaud. C\u2019est une excellente petite lumi\u00e8re d\u00e9corative pour arbre avec base stable, \u00e9quip\u00e9e d\u2019une prise USB, peut \u00eatre utilis\u00e9e aussi bien \u00e0 l\u2019int\u00e9rieur qu\u2019\u00e0 l\u2019ext\u00e9rieur.\u3010Branches r\u00e9glables\u3011 \u2013 R\u00e9pond aux besoins des bricoleurs gr\u00e2ce aux branches r\u00e9glables. Vous pouvez donner la forme que vous voulez ou plus naturelle.\u3010Base stable\u3011 \u2013 La base stable avec c\u00e2ble USB peut \u00eatre utilis\u00e9e aussi bien \u00e0 l\u2019int\u00e9rieur qu\u2019\u00e0 l\u2019ext\u00e9rieur.\u3010Application\u3011 \u2013 Parfait pour la maison, la chambre \u00e0 coucher, le salon, le balcon, la fen\u00eatre de balcon, la chambre de bureau, la chambre d\u2019enfant, le restaurant, la v\u00e9randa, la tonnelle, l\u2019\u00e9tag\u00e8re, , le Nouvel An, les f\u00eates, les f\u00eates d\u2019anniversaire, les c\u00e9r\u00e9monies de mariage, les d\u00eeners.\u3010Bonsai Tree Light\u3011 \u2013 Contenu : 1 x lampe LED d\u2019arbre ; 1 x c\u00e2ble USB. Hauteur : 36 LED : 45 cm, 108 LED : 50 cm<\/p>","protected":false},"featured_media":56710,"comment_status":"open","ping_status":"closed","template":"","meta":[],"product_brand":[],"product_cat":[2460],"product_tag":[],"class_list":{"0":"post-56711","1":"product","2":"type-product","3":"status-publish","4":"has-post-thumbnail","6":"product_cat-decoration","8":"first","9":"instock","10":"taxable","11":"shipping-taxable","12":"purchasable","13":"product-type-simple"},"jetpack_sharing_enabled":true,"_links":{"self":[{"href":"https:\/\/shoponlinedz.com\/en\/wp-json\/wp\/v2\/product\/56711","targetHints":{"allow":["GET"]}}],"collection":[{"href":"https:\/\/shoponlinedz.com\/en\/wp-json\/wp\/v2\/product"}],"about":[{"href":"https:\/\/shoponlinedz.com\/en\/wp-json\/wp\/v2\/types\/product"}],"replies":[{"embeddable":true,"href":"https:\/\/shoponlinedz.com\/en\/wp-json\/wp\/v2\/comments?post=56711"}],"version-history":[{"count":0,"href":"https:\/\/shoponlinedz.com\/en\/wp-json\/wp\/v2\/product\/56711\/revisions"}],"wp:featuredmedia":[{"embeddable":true,"href":"https:\/\/shoponlinedz.com\/en\/wp-json\/wp\/v2\/media\/56710"}],"wp:attachment":[{"href":"https:\/\/shoponlinedz.com\/en\/wp-json\/wp\/v2\/media?parent=56711"}],"wp:term":[{"taxonomy":"product_brand","embeddable":true,"href":"https:\/\/shoponlinedz.com\/en\/wp-json\/wp\/v2\/product_brand?post=56711"},{"taxonomy":"product_cat","embeddable":true,"href":"https:\/\/shoponlinedz.com\/en\/wp-json\/wp\/v2\/product_cat?post=56711"},{"taxonomy":"product_tag","embeddable":true,"href":"https:\/\/shoponlinedz.com\/en\/wp-json\/wp\/v2\/product_tag?post=56711"}],"curies":[{"name":"wp","href":"https:\/\/api.w.org\/{rel}","templated":true}]}}