{"id":56675,"date":"2026-01-06T15:04:21","date_gmt":"2026-01-06T15:04:21","guid":{"rendered":"https:\/\/shoponlinedz.com\/product\/eva-manteau-impermeable-a-capuche-rose\/"},"modified":"2026-03-26T18:19:52","modified_gmt":"2026-03-26T17:19:52","slug":"eva-manteau-impermeable-a-capuche-rose","status":"publish","type":"product","link":"https:\/\/shoponlinedz.com\/en\/product\/eva-manteau-impermeable-a-capuche-rose\/","title":{"rendered":"Eva Manteau imperm\u00e9able \u00e0 capuche \u2013 Rose"},"content":{"rendered":"<figure class=\"attachment attachment--preview\" data-trix-attachment=\"{&quot;contentType&quot;:&quot;image&quot;,&quot;height&quot;:1024,&quot;url&quot;:&quot;https:\/\/sawaqli.fra1.cdn.digitaloceanspaces.com\/35245\/Disgne-1090.jpg&quot;,&quot;width&quot;:1024}\" data-trix-content-type=\"image\"><img decoding=\"async\" class=\"aligncenter\" src=\"https:\/\/sawaqli.fra1.cdn.digitaloceanspaces.com\/35245\/Disgne-1090.jpg\" width=\"1024\" height=\"1024\" \/><figcaption class=\"attachment__caption\"><\/figcaption><\/figure>\n<figure class=\"attachment attachment--preview\" data-trix-attachment=\"{&quot;contentType&quot;:&quot;image&quot;,&quot;height&quot;:1024,&quot;url&quot;:&quot;https:\/\/sawaqli.fra1.cdn.digitaloceanspaces.com\/35297\/poncho111.jpg&quot;,&quot;width&quot;:1024}\" data-trix-content-type=\"image\"><img decoding=\"async\" class=\"aligncenter\" src=\"https:\/\/sawaqli.fra1.cdn.digitaloceanspaces.com\/35297\/poncho111.jpg\" width=\"1024\" height=\"1024\" \/><figcaption class=\"attachment__caption\"><\/figcaption><\/figure>\n<figure class=\"attachment attachment--preview\" data-trix-attachment=\"{&quot;contentType&quot;:&quot;image&quot;,&quot;height&quot;:1024,&quot;url&quot;:&quot;https:\/\/sawaqli.fra1.cdn.digitaloceanspaces.com\/35298\/poncho11.jpg&quot;,&quot;width&quot;:1024}\" data-trix-content-type=\"image\"><img decoding=\"async\" class=\"aligncenter\" src=\"https:\/\/sawaqli.fra1.cdn.digitaloceanspaces.com\/35298\/poncho11.jpg\" width=\"1024\" height=\"1024\" \/><figcaption class=\"attachment__caption\"><\/figcaption><\/figure>\n<figure class=\"attachment attachment--preview\" data-trix-attachment=\"{&quot;contentType&quot;:&quot;image&quot;,&quot;height&quot;:1024,&quot;url&quot;:&quot;https:\/\/sawaqli.fra1.cdn.digitaloceanspaces.com\/35299\/poncho1.jpg&quot;,&quot;width&quot;:1024}\" data-trix-content-type=\"image\"><img decoding=\"async\" class=\"aligncenter\" src=\"https:\/\/sawaqli.fra1.cdn.digitaloceanspaces.com\/35299\/poncho1.jpg\" width=\"1024\" height=\"1024\" \/><figcaption class=\"attachment__caption\"><\/figcaption><\/figure>\n<p style=\"text-align: center;\">","protected":false},"excerpt":{"rendered":"<p>imperm\u00e9able et coupe-vent : Ce manteau de pluie est un mat\u00e9riau imperm\u00e9able et coupe-vent.coupe-vent et imperm\u00e9able : Une coupe et une conception de bandes r\u00e9fl\u00e9chissantes vous rendent plus visible la nuit. La cape \u00e0 capuche coupe-vent est con\u00e7ue avec une bande r\u00e9fl\u00e9chissante, qui est tr\u00e8s adapt\u00e9e pour les voyages en plein air.conception r\u00e9fl\u00e9chissante : La conception r\u00e9fl\u00e9chissante peut mieux prot\u00e9ger la s\u00e9curit\u00e9 de votre famille. En m\u00eame temps, la conception r\u00e9fl\u00e9chissante de la cape est tr\u00e8s visible dans l\u2019obscurit\u00e9.imperm\u00e9able et respirant : Nos ponchos imperm\u00e9ables transparents sont faits de mat\u00e9riau imperm\u00e9able et respirant. La veste imperm\u00e9able est faite de tissu oxford de haute qualit\u00e9, l\u00e9ger et doux.poids l\u00e9ger : Poids l\u00e9ger, portable et imperm\u00e9able \u00e0 l\u2019eau. Le poids l\u00e9ger, la simplicit\u00e9 et l\u2019aspect pratique peuvent \u00eatre facilement pli\u00e9s.transparent : Le film transparent de cette veste de pluie est fabriqu\u00e9 \u00e0 partir d\u2019un mat\u00e9riau imperm\u00e9able, r\u00e9sistant aux rayures et \u00e0 l\u2019usure, qui ne causera aucune g\u00eane au vent. Le mat\u00e9riau transparent est tr\u00e8s l\u00e9ger et vous permet de voir la veste m\u00eame lorsque vous faites du camping.capot : Le capot transparent et la conception des bandes velcro peuvent \u00eatre coll\u00e9es, de sorte que les imperm\u00e9ables sont tr\u00e8s faciles \u00e0 porter. Capuche et capot sup\u00e9rieur, poignets \u00e9lastiques pour une protection compl\u00e8te.<\/p>","protected":false},"featured_media":56674,"comment_status":"open","ping_status":"closed","template":"","meta":[],"product_brand":[],"product_cat":[2472],"product_tag":[],"class_list":{"0":"post-56675","1":"product","2":"type-product","3":"status-publish","4":"has-post-thumbnail","6":"product_cat-produits-de-saison","8":"first","9":"instock","10":"taxable","11":"shipping-taxable","12":"purchasable","13":"product-type-simple"},"jetpack_sharing_enabled":true,"_links":{"self":[{"href":"https:\/\/shoponlinedz.com\/en\/wp-json\/wp\/v2\/product\/56675","targetHints":{"allow":["GET"]}}],"collection":[{"href":"https:\/\/shoponlinedz.com\/en\/wp-json\/wp\/v2\/product"}],"about":[{"href":"https:\/\/shoponlinedz.com\/en\/wp-json\/wp\/v2\/types\/product"}],"replies":[{"embeddable":true,"href":"https:\/\/shoponlinedz.com\/en\/wp-json\/wp\/v2\/comments?post=56675"}],"version-history":[{"count":0,"href":"https:\/\/shoponlinedz.com\/en\/wp-json\/wp\/v2\/product\/56675\/revisions"}],"wp:featuredmedia":[{"embeddable":true,"href":"https:\/\/shoponlinedz.com\/en\/wp-json\/wp\/v2\/media\/56674"}],"wp:attachment":[{"href":"https:\/\/shoponlinedz.com\/en\/wp-json\/wp\/v2\/media?parent=56675"}],"wp:term":[{"taxonomy":"product_brand","embeddable":true,"href":"https:\/\/shoponlinedz.com\/en\/wp-json\/wp\/v2\/product_brand?post=56675"},{"taxonomy":"product_cat","embeddable":true,"href":"https:\/\/shoponlinedz.com\/en\/wp-json\/wp\/v2\/product_cat?post=56675"},{"taxonomy":"product_tag","embeddable":true,"href":"https:\/\/shoponlinedz.com\/en\/wp-json\/wp\/v2\/product_tag?post=56675"}],"curies":[{"name":"wp","href":"https:\/\/api.w.org\/{rel}","templated":true}]}}