{"id":56665,"date":"2026-01-06T15:03:53","date_gmt":"2026-01-06T15:03:53","guid":{"rendered":"https:\/\/shoponlinedz.com\/product\/bande-protection-de-bord-de-portiere-de-voiture-et-de-decoration-interieure-15m\/"},"modified":"2026-03-26T18:19:53","modified_gmt":"2026-03-26T17:19:53","slug":"bande-protection-de-bord-de-portiere-de-voiture-et-de-decoration-interieure-15m","status":"publish","type":"product","link":"https:\/\/shoponlinedz.com\/en\/product\/bande-protection-de-bord-de-portiere-de-voiture-et-de-decoration-interieure-15m\/","title":{"rendered":"Bande Protection de bord de porti\u00e8re de voiture et de D\u00e9coration Int\u00e9rieure 15m"},"content":{"rendered":"<figure class=\"attachment attachment--preview\" data-trix-attachment=\"{&quot;contentType&quot;:&quot;image&quot;,&quot;height&quot;:1024,&quot;url&quot;:&quot;https:\/\/sawaqli.fra1.cdn.digitaloceanspaces.com\/35235\/Carbon-15m-cnc.jpg&quot;,&quot;width&quot;:1024}\" data-trix-content-type=\"image\"><img decoding=\"async\" class=\"aligncenter\" src=\"https:\/\/sawaqli.fra1.cdn.digitaloceanspaces.com\/35235\/Carbon-15m-cnc.jpg\" width=\"1024\" height=\"1024\" \/><figcaption class=\"attachment__caption\"><\/figcaption><\/figure>\n<figure class=\"attachment attachment--preview\" data-trix-attachment=\"{&quot;contentType&quot;:&quot;image&quot;,&quot;height&quot;:1024,&quot;url&quot;:&quot;https:\/\/sawaqli.fra1.cdn.digitaloceanspaces.com\/35236\/Carbon-15m-9.jpg&quot;,&quot;width&quot;:1024}\" data-trix-content-type=\"image\"><img decoding=\"async\" class=\"aligncenter\" src=\"https:\/\/sawaqli.fra1.cdn.digitaloceanspaces.com\/35236\/Carbon-15m-9.jpg\" width=\"1024\" height=\"1024\" \/><figcaption class=\"attachment__caption\"><\/figcaption><\/figure>\n<figure class=\"attachment attachment--preview\" data-trix-attachment=\"{&quot;contentType&quot;:&quot;image&quot;,&quot;height&quot;:1024,&quot;url&quot;:&quot;https:\/\/sawaqli.fra1.cdn.digitaloceanspaces.com\/35237\/Carbon-15m-10.jpg&quot;,&quot;width&quot;:1024}\" data-trix-content-type=\"image\"><img decoding=\"async\" class=\"aligncenter\" src=\"https:\/\/sawaqli.fra1.cdn.digitaloceanspaces.com\/35237\/Carbon-15m-10.jpg\" width=\"1024\" height=\"1024\" \/><figcaption class=\"attachment__caption\"><\/figcaption><\/figure>\n<figure class=\"attachment attachment--preview\" data-trix-attachment=\"{&quot;contentType&quot;:&quot;image&quot;,&quot;height&quot;:1024,&quot;url&quot;:&quot;https:\/\/sawaqli.fra1.cdn.digitaloceanspaces.com\/35238\/Carbon-15m-6.jpg&quot;,&quot;width&quot;:1024}\" data-trix-content-type=\"image\"><img decoding=\"async\" class=\"aligncenter\" src=\"https:\/\/sawaqli.fra1.cdn.digitaloceanspaces.com\/35238\/Carbon-15m-6.jpg\" width=\"1024\" height=\"1024\" \/><figcaption class=\"attachment__caption\"><\/figcaption><\/figure>\n<figure class=\"attachment attachment--preview\" data-trix-attachment=\"{&quot;contentType&quot;:&quot;image&quot;,&quot;height&quot;:1024,&quot;url&quot;:&quot;https:\/\/sawaqli.fra1.cdn.digitaloceanspaces.com\/35239\/Carbon-15m-12.jpg&quot;,&quot;width&quot;:1024}\" data-trix-content-type=\"image\"><img decoding=\"async\" class=\"aligncenter\" src=\"https:\/\/sawaqli.fra1.cdn.digitaloceanspaces.com\/35239\/Carbon-15m-12.jpg\" width=\"1024\" height=\"1024\" \/><figcaption class=\"attachment__caption\"><\/figcaption><\/figure>\n<p style=\"text-align: center;\">","protected":false},"excerpt":{"rendered":"<p>\u0634\u0631\u064a\u0637 \u062d\u0645\u0627\u064a\u0629 \u062d\u0648\u0627\u0641 \u0627\u0644\u0623\u0628\u0648\u0627\u0628 (U Profile)\u0645\u062a\u0639\u062f\u062f \u0627\u0644\u0627\u0633\u062a\u062e\u062f\u0627\u0645\u0627\u062a: \u0645\u0646\u0627\u0633\u0628 \u0644\u0644\u0633\u064a\u0627\u0631\u0627\u062a\u060c \u0627\u0644\u0634\u0627\u062d\u0646\u0627\u062a\u060c SUV\u060c ATV\u060c UTV\u060c \u0627\u0644\u0642\u0648\u0627\u0631\u0628\u2026 \u0644\u0644\u062d\u0645\u0627\u064a\u0629 \u0645\u0646 \u0627\u0644\u0635\u062f\u0645\u0627\u062a \u0648\u0627\u0644\u062e\u062f\u0648\u0634.\u0627\u0644\u0645\u0648\u0627\u062f: \u0645\u0637\u0627\u0637 \u0645\u0631\u0646 \u0639\u0627\u0644\u064a \u0627\u0644\u062c\u0648\u062f\u0629 \u0645\u0639 \u0645\u0634\u0627\u0628\u0643 \u0645\u0639\u062f\u0646\u064a\u0629 \u062f\u0627\u062e\u0644\u064a\u0629 \u062a\u0645\u0646\u062d \u062b\u0628\u0627\u062a\u064b\u0627 \u062f\u0648\u0646 \u0625\u062a\u0644\u0627\u0641 \u0627\u0644\u0637\u0644\u0627\u0621. \u0645\u0642\u0627\u0648\u0645 \u0644\u0644\u063a\u0633\u064a\u0644 \u0648\u0627\u0644\u0628\u0647\u062a\u0627\u0646.\u0633\u0647\u0648\u0644\u0629 \u0627\u0644\u062a\u0631\u0643\u064a\u0628: \u064a\u0645\u0643\u0646 \u0642\u0635\u0647 \u0628\u0627\u0644\u0645\u0642\u0635 \u0648\u0641\u0642 \u0627\u0644\u0637\u0648\u0644 \u0627\u0644\u0645\u0637\u0644\u0648\u0628 \u0648\u062a\u062b\u0628\u064a\u062a\u0647 \u062e\u0644\u0627\u0644 15 \u062f\u0642\u064a\u0642\u0629 \u0641\u0642\u0637.\u062a\u0635\u0645\u064a\u0645 \u0622\u0645\u0646: \u0633\u0637\u062d \u0645\u062d\u0643\u0645 \u064a\u0645\u0646\u0639 \u0627\u0644\u0627\u0646\u0632\u0644\u0627\u0642 \u0639\u0646\u062f \u0627\u0644\u0635\u0639\u0648\u062f \u0648\u0627\u0644\u0646\u0632\u0648\u0644 \u0641\u064a \u0627\u0644\u0645\u0637\u0631 \u0623\u0648 \u0627\u0644\u0637\u0648\u0627\u0631\u0626.\u062e\u064a\u0627\u0631 \u0625\u0636\u0627\u0641\u064a: \u064a\u062a\u0648\u0641\u0631 \u0628\u0634\u0631\u064a\u0637 \u0644\u0627\u0635\u0642 PVC \u0642\u0648\u064a\u060c \u0644\u0627 \u064a\u062a\u0631\u0643 \u0623\u062b\u0631\u064b\u0627 \u0639\u0646\u062f \u0627\u0644\u0625\u0632\u0627\u0644\u0629\u060c \u0645\u0642\u0627\u0648\u0645 \u0644\u0644\u0645\u0627\u0621 \u0648\u064a\u062d\u0627\u0641\u0638 \u0639\u0644\u0649 \u0646\u0638\u0627\u0641\u0629 \u0627\u0644\u0623\u0628\u0648\u0627\u0628.<\/p>","protected":false},"featured_media":56664,"comment_status":"open","ping_status":"closed","template":"","meta":[],"product_brand":[],"product_cat":[2458],"product_tag":[],"class_list":{"0":"post-56665","1":"product","2":"type-product","3":"status-publish","4":"has-post-thumbnail","6":"product_cat-accessoires-auto-moto","8":"first","9":"instock","10":"taxable","11":"shipping-taxable","12":"purchasable","13":"product-type-simple"},"jetpack_sharing_enabled":true,"_links":{"self":[{"href":"https:\/\/shoponlinedz.com\/en\/wp-json\/wp\/v2\/product\/56665","targetHints":{"allow":["GET"]}}],"collection":[{"href":"https:\/\/shoponlinedz.com\/en\/wp-json\/wp\/v2\/product"}],"about":[{"href":"https:\/\/shoponlinedz.com\/en\/wp-json\/wp\/v2\/types\/product"}],"replies":[{"embeddable":true,"href":"https:\/\/shoponlinedz.com\/en\/wp-json\/wp\/v2\/comments?post=56665"}],"version-history":[{"count":0,"href":"https:\/\/shoponlinedz.com\/en\/wp-json\/wp\/v2\/product\/56665\/revisions"}],"wp:featuredmedia":[{"embeddable":true,"href":"https:\/\/shoponlinedz.com\/en\/wp-json\/wp\/v2\/media\/56664"}],"wp:attachment":[{"href":"https:\/\/shoponlinedz.com\/en\/wp-json\/wp\/v2\/media?parent=56665"}],"wp:term":[{"taxonomy":"product_brand","embeddable":true,"href":"https:\/\/shoponlinedz.com\/en\/wp-json\/wp\/v2\/product_brand?post=56665"},{"taxonomy":"product_cat","embeddable":true,"href":"https:\/\/shoponlinedz.com\/en\/wp-json\/wp\/v2\/product_cat?post=56665"},{"taxonomy":"product_tag","embeddable":true,"href":"https:\/\/shoponlinedz.com\/en\/wp-json\/wp\/v2\/product_tag?post=56665"}],"curies":[{"name":"wp","href":"https:\/\/api.w.org\/{rel}","templated":true}]}}