{"id":56611,"date":"2026-01-06T15:01:31","date_gmt":"2026-01-06T15:01:31","guid":{"rendered":"https:\/\/shoponlinedz.com\/product\/anneau-de-dentition-en-silicone-en-forme-de-telecommande-%d8%b9%d8%b6%d8%a7%d8%b6%d8%a9-%d8%a7%d8%b7%d9%81%d8%a7%d9%84-%d9%85%d9%86-%d8%b3%d9%8a%d9%84%d9%8a%d9%83%d9%88%d9%86-%d8%b9%d9%84%d9%89\/"},"modified":"2026-03-26T18:19:53","modified_gmt":"2026-03-26T17:19:53","slug":"anneau-de-dentition-en-silicone-en-forme-de-telecommande-%d8%b9%d8%b6%d8%a7%d8%b6%d8%a9-%d8%a7%d8%b7%d9%81%d8%a7%d9%84-%d9%85%d9%86-%d8%b3%d9%8a%d9%84%d9%8a%d9%83%d9%88%d9%86-%d8%b9%d9%84%d9%89","status":"publish","type":"product","link":"https:\/\/shoponlinedz.com\/en\/product\/anneau-de-dentition-en-silicone-en-forme-de-telecommande-%d8%b9%d8%b6%d8%a7%d8%b6%d8%a9-%d8%a7%d8%b7%d9%81%d8%a7%d9%84-%d9%85%d9%86-%d8%b3%d9%8a%d9%84%d9%8a%d9%83%d9%88%d9%86-%d8%b9%d9%84%d9%89\/","title":{"rendered":"Anneau de dentition en Silicone en forme de t\u00e9l\u00e9commande &#8211; \u0639\u0636\u0627\u0636\u0629 \u0627\u0637\u0641\u0627\u0644 \u0645\u0646 \u0633\u064a\u0644\u064a\u0643\u0648\u0646 \u0639\u0644\u0649 \u0634\u0643\u0644 \u062c\u0647\u0627\u0632 \u062a\u062d\u0643\u0645"},"content":{"rendered":"<figure class=\"attachment attachment--preview\" data-trix-attachment=\"{&quot;contentType&quot;:&quot;image&quot;,&quot;height&quot;:1024,&quot;url&quot;:&quot;https:\/\/sawaqli.fra1.cdn.digitaloceanspaces.com\/35435\/Ha93c9f3592ce41c7b4993f0b5e84f1d5w.jpg&quot;,&quot;width&quot;:1024}\" data-trix-content-type=\"image\"><img decoding=\"async\" class=\"aligncenter\" src=\"https:\/\/sawaqli.fra1.cdn.digitaloceanspaces.com\/35435\/Ha93c9f3592ce41c7b4993f0b5e84f1d5w.jpg\" width=\"1024\" height=\"1024\" \/><figcaption class=\"attachment__caption\"><\/figcaption><\/figure>\n<figure class=\"attachment attachment--preview\" data-trix-attachment=\"{&quot;contentType&quot;:&quot;image&quot;,&quot;height&quot;:1024,&quot;url&quot;:&quot;https:\/\/sawaqli.fra1.cdn.digitaloceanspaces.com\/35436\/H649c43b3b35e413f905e1e3440384a122.jpg&quot;,&quot;width&quot;:1024}\" data-trix-content-type=\"image\"><img decoding=\"async\" class=\"aligncenter\" src=\"https:\/\/sawaqli.fra1.cdn.digitaloceanspaces.com\/35436\/H649c43b3b35e413f905e1e3440384a122.jpg\" width=\"1024\" height=\"1024\" \/><figcaption class=\"attachment__caption\"><\/figcaption><\/figure>\n<figure class=\"attachment attachment--preview\" data-trix-attachment=\"{&quot;contentType&quot;:&quot;image&quot;,&quot;height&quot;:1024,&quot;url&quot;:&quot;https:\/\/sawaqli.fra1.cdn.digitaloceanspaces.com\/35437\/Ha6f9d4358d154f4583f67157b4a03ae0W.jpg&quot;,&quot;width&quot;:1024}\" data-trix-content-type=\"image\"><img decoding=\"async\" class=\"aligncenter\" src=\"https:\/\/sawaqli.fra1.cdn.digitaloceanspaces.com\/35437\/Ha6f9d4358d154f4583f67157b4a03ae0W.jpg\" width=\"1024\" height=\"1024\" \/><figcaption class=\"attachment__caption\"><\/figcaption><\/figure>\n<figure class=\"attachment attachment--preview\" data-trix-attachment=\"{&quot;contentType&quot;:&quot;image&quot;,&quot;height&quot;:1024,&quot;url&quot;:&quot;https:\/\/sawaqli.fra1.cdn.digitaloceanspaces.com\/36297\/telc222.jpg&quot;,&quot;width&quot;:1024}\" data-trix-content-type=\"image\"><img decoding=\"async\" class=\"aligncenter\" src=\"https:\/\/sawaqli.fra1.cdn.digitaloceanspaces.com\/36297\/telc222.jpg\" width=\"1024\" height=\"1024\" \/><figcaption class=\"attachment__caption\"><\/figcaption><\/figure>\n<figure class=\"attachment attachment--preview\" data-trix-attachment=\"{&quot;contentType&quot;:&quot;image&quot;,&quot;height&quot;:1024,&quot;url&quot;:&quot;https:\/\/sawaqli.fra1.cdn.digitaloceanspaces.com\/36298\/telc2222.jpg&quot;,&quot;width&quot;:1024}\" data-trix-content-type=\"image\"><img decoding=\"async\" class=\"aligncenter\" src=\"https:\/\/sawaqli.fra1.cdn.digitaloceanspaces.com\/36298\/telc2222.jpg\" width=\"1024\" height=\"1024\" \/><figcaption class=\"attachment__caption\"><\/figcaption><\/figure>\n<p style=\"text-align: center;\">","protected":false},"excerpt":{"rendered":"<p>\u0642\u062f\u0651\u0645 \u0644\u0637\u0641\u0644\u0643 \u0631\u0627\u062d\u0629 \u0645\u0645\u062a\u0639\u0629 \u0648\u0641\u0639\u0651\u0627\u0644\u0629 \u062e\u0644\u0627\u0644 \u0641\u062a\u0631\u0629 \u0627\u0644\u062a\u0633\u0646\u064a\u0646 \u0645\u0639 \u062d\u0644\u0642\u0629 \u0627\u0644\u062a\u0633\u0646\u064a\u0646 \u0627\u0644\u0645\u0635\u0646\u0648\u0639\u0629 \u0645\u0646 \u0627\u0644\u0633\u064a\u0644\u064a\u0643\u0648\u0646 \u0639\u0644\u0649 \u0634\u0643\u0644 \u062c\u0647\u0627\u0632 \u062a\u062d\u0643\u0645 \u0639\u0646 \u0628\u064f\u0639\u062f! \u062a\u0645 \u062a\u0635\u0645\u064a\u0645\u0647\u0627 \u062e\u0635\u064a\u0635\u064b\u0627 \u0644\u062a\u0644\u0628\u064a\u0629 \u0627\u062d\u062a\u064a\u0627\u062c\u0627\u062a \u0627\u0644\u0635\u063a\u0627\u0631 \u0623\u062b\u0646\u0627\u0621 \u0646\u0645\u0648 \u0623\u0633\u0646\u0627\u0646\u0647\u0645\u060c \u062d\u064a\u062b \u062a\u062c\u0645\u0639 \u0628\u064a\u0646 \u0627\u0644\u0648\u0638\u064a\u0641\u0629 \u0648\u0627\u0644\u0625\u0628\u062f\u0627\u0639.\u0627\u0644\u0645\u0645\u064a\u0632\u0627\u062a \u0627\u0644\u0631\u0626\u064a\u0633\u064a\u0629:\ud83e\uddb7 \u062a\u062e\u0641\u064a\u0641 \u0641\u0639\u0627\u0644: \u0645\u0635\u0646\u0648\u0639\u0629 \u0645\u0646 \u0633\u064a\u0644\u064a\u0643\u0648\u0646 \u0646\u0627\u0639\u0645 \u0648\u0622\u0645\u0646\u060c \u062a\u0647\u062f\u0651\u0626 \u0627\u0644\u0644\u062b\u0629 \u0627\u0644\u062d\u0633\u0627\u0633\u0629 \u0648\u062a\u062e\u0641\u0641 \u0645\u0646 \u0627\u0644\u0623\u0644\u0645 \u0627\u0644\u0646\u0627\u062a\u062c \u0639\u0646 \u0627\u0644\u062a\u0633\u0646\u064a\u0646.\ud83d\udcfa \u062a\u0635\u0645\u064a\u0645 \u0641\u0631\u064a\u062f: \u0634\u0643\u0644\u0647\u0627 \u0627\u0644\u0645\u0631\u062d \u0627\u0644\u0630\u064a \u064a\u0634\u0628\u0647 \u062c\u0647\u0627\u0632 \u0627\u0644\u062a\u062d\u0643\u0645 \u0639\u0646 \u0628\u064f\u0639\u062f \u064a\u062c\u0630\u0628 \u0627\u0646\u062a\u0628\u0627\u0647 \u0627\u0644\u0623\u0637\u0641\u0627\u0644 \u0648\u064a\u0634\u063a\u0644\u0647\u0645 \u0628\u064a\u0646\u0645\u0627 \u064a\u062e\u0641\u0641 \u0622\u0644\u0627\u0645\u0647\u0645.\u2705 \u0645\u0648\u0627\u062f \u0622\u0645\u0646\u0629 \u0648\u0639\u0627\u0644\u064a\u0629 \u0627\u0644\u062c\u0648\u062f\u0629: \u062e\u0627\u0644\u064a\u0629 \u0645\u0646 BPA \u0648\u063a\u064a\u0631 \u0633\u0627\u0645\u0629\u060c \u0648\u0645\u062a\u0648\u0627\u0641\u0642\u0629 \u0645\u0639 \u0645\u0639\u0627\u064a\u064a\u0631 \u0627\u0644\u0633\u0644\u0627\u0645\u0629 \u0644\u0644\u0623\u0637\u0641\u0627\u0644.\ud83e\uddfc \u0633\u0647\u0644\u0629 \u0627\u0644\u062a\u0646\u0638\u064a\u0641: \u064a\u0645\u0643\u0646 \u063a\u0633\u0644\u0647\u0627 \u064a\u062f\u0648\u064a\u064b\u0627 \u0623\u0648 \u0641\u064a \u063a\u0633\u0627\u0644\u0629 \u0627\u0644\u0623\u0637\u0628\u0627\u0642 \u0644\u0636\u0645\u0627\u0646 \u0627\u0644\u0646\u0638\u0627\u0641\u0629 \u0627\u0644\u062a\u0627\u0645\u0629.\ud83c\udfe0 \u062e\u0641\u064a\u0641\u0629 \u0627\u0644\u0648\u0632\u0646 \u0648\u0645\u062d\u0645\u0648\u0644\u0629: \u0645\u062b\u0627\u0644\u064a\u0629 \u0644\u0644\u0627\u0633\u062a\u062e\u062f\u0627\u0645 \u0641\u064a \u0627\u0644\u0645\u0646\u0632\u0644 \u0623\u0648 \u0623\u062b\u0646\u0627\u0621 \u0627\u0644\u062e\u0631\u0648\u062c \u0623\u0648 \u0627\u0644\u0633\u0641\u0631.Mat\u00e9riau de qualit\u00e9 alimentaire s\u00e9lectionn\u00e9 : nos jouets de dentition sont fabriqu\u00e9s en silicone de qualit\u00e9 alimentaire, strictement test\u00e9s par CPC, FDA, CCPSA, etc., non toxiques, inodores et sans BPA, et peuvent \u00eatre r\u00e9frig\u00e9r\u00e9s et st\u00e9rilis\u00e9s \u00e0 la chaleur de -50 \u00b0 \u00e0 230 \u00b0Jouets de dentition mignons pour b\u00e9b\u00e9 : t\u00e9l\u00e9phone portable multicolore et t\u00e9l\u00e9commande pour b\u00e9b\u00e9 m\u00e2le et femelle. Le design de pression des bulles attire l\u2019attention du b\u00e9b\u00e9 tout en exer\u00e7ant sa capacit\u00e9 de coordinationDesign intime : l\u2019anneau de dentition pour t\u00e9l\u00e9phone portable mesure 5,8 x 12 cm et l\u2019anneau de dentition \u00e0 distance mesure 5,1 x 16,5 cm, ce qui est tr\u00e8s appropri\u00e9 pour les b\u00e9b\u00e9s. Il y a de nombreuses bosses sur le bord du jouet de dentition, ce qui peut mieux soulager l\u2019anxi\u00e9t\u00e9 de dentition du b\u00e9b\u00e9Facile \u00e0 nettoyer : lavable \u00e0 la main ou au lave-vaisselle. Il est recommand\u00e9 d\u2019utiliser de l\u2019eau bouillante ou de la vapeur pour nettoyer les jouets de dentition la premi\u00e8re fois. Le paquet contient 2 jouets \u00e0 m\u00e2cher pour b\u00e9b\u00e9 de diff\u00e9rentes couleurs et formesMeilleur cadeau pour b\u00e9b\u00e9 : lorsque votre b\u00e9b\u00e9 commence \u00e0 sucer ses doigts et \u00e0 m\u00e2cher des jouets, vous \u00eates pr\u00eat \u00e0 donner \u00e0 votre b\u00e9b\u00e9 des jouets de dentition qui exercent ses gencives. Ces adorables anneaux de dentition pour b\u00e9b\u00e9 sont parfaits comme cadeaux de f\u00eate pr\u00e9natale pour les b\u00e9b\u00e9s<\/p>","protected":false},"featured_media":56610,"comment_status":"open","ping_status":"closed","template":"","meta":[],"product_brand":[],"product_cat":[2467],"product_tag":[],"class_list":{"0":"post-56611","1":"product","2":"type-product","3":"status-publish","4":"has-post-thumbnail","6":"product_cat-maternite","8":"first","9":"instock","10":"taxable","11":"shipping-taxable","12":"purchasable","13":"product-type-simple"},"jetpack_sharing_enabled":true,"_links":{"self":[{"href":"https:\/\/shoponlinedz.com\/en\/wp-json\/wp\/v2\/product\/56611","targetHints":{"allow":["GET"]}}],"collection":[{"href":"https:\/\/shoponlinedz.com\/en\/wp-json\/wp\/v2\/product"}],"about":[{"href":"https:\/\/shoponlinedz.com\/en\/wp-json\/wp\/v2\/types\/product"}],"replies":[{"embeddable":true,"href":"https:\/\/shoponlinedz.com\/en\/wp-json\/wp\/v2\/comments?post=56611"}],"version-history":[{"count":0,"href":"https:\/\/shoponlinedz.com\/en\/wp-json\/wp\/v2\/product\/56611\/revisions"}],"wp:featuredmedia":[{"embeddable":true,"href":"https:\/\/shoponlinedz.com\/en\/wp-json\/wp\/v2\/media\/56610"}],"wp:attachment":[{"href":"https:\/\/shoponlinedz.com\/en\/wp-json\/wp\/v2\/media?parent=56611"}],"wp:term":[{"taxonomy":"product_brand","embeddable":true,"href":"https:\/\/shoponlinedz.com\/en\/wp-json\/wp\/v2\/product_brand?post=56611"},{"taxonomy":"product_cat","embeddable":true,"href":"https:\/\/shoponlinedz.com\/en\/wp-json\/wp\/v2\/product_cat?post=56611"},{"taxonomy":"product_tag","embeddable":true,"href":"https:\/\/shoponlinedz.com\/en\/wp-json\/wp\/v2\/product_tag?post=56611"}],"curies":[{"name":"wp","href":"https:\/\/api.w.org\/{rel}","templated":true}]}}