{"id":56601,"date":"2026-01-06T15:01:04","date_gmt":"2026-01-06T15:01:04","guid":{"rendered":"https:\/\/shoponlinedz.com\/product\/veilleuse-en-forme-de-panda-mignon-pour-enfants-7-couleurs\/"},"modified":"2026-03-26T18:19:54","modified_gmt":"2026-03-26T17:19:54","slug":"veilleuse-en-forme-de-panda-mignon-pour-enfants-7-couleurs","status":"publish","type":"product","link":"https:\/\/shoponlinedz.com\/en\/product\/veilleuse-en-forme-de-panda-mignon-pour-enfants-7-couleurs\/","title":{"rendered":"Veilleuse en forme de panda mignon pour enfants 7 couleurs"},"content":{"rendered":"<figure class=\"attachment attachment--preview\" data-trix-attachment=\"{&quot;contentType&quot;:&quot;image&quot;,&quot;height&quot;:1024,&quot;url&quot;:&quot;https:\/\/sawaqli.fra1.cdn.digitaloceanspaces.com\/35451\/Panda-Huhu-4.jpg&quot;,&quot;width&quot;:1024}\" data-trix-content-type=\"image\"><img decoding=\"async\" class=\"aligncenter\" src=\"https:\/\/sawaqli.fra1.cdn.digitaloceanspaces.com\/35451\/Panda-Huhu-4.jpg\" width=\"1024\" height=\"1024\" \/><figcaption class=\"attachment__caption\"><\/figcaption><\/figure>\n<figure class=\"attachment attachment--preview\" data-trix-attachment=\"{&quot;contentType&quot;:&quot;image&quot;,&quot;height&quot;:1024,&quot;url&quot;:&quot;https:\/\/sawaqli.fra1.cdn.digitaloceanspaces.com\/35452\/Panda-Huhu-5.jpg&quot;,&quot;width&quot;:1024}\" data-trix-content-type=\"image\"><img decoding=\"async\" class=\"aligncenter\" src=\"https:\/\/sawaqli.fra1.cdn.digitaloceanspaces.com\/35452\/Panda-Huhu-5.jpg\" width=\"1024\" height=\"1024\" \/><figcaption class=\"attachment__caption\"><\/figcaption><\/figure>\n<figure class=\"attachment attachment--preview\" data-trix-attachment=\"{&quot;contentType&quot;:&quot;image&quot;,&quot;height&quot;:1024,&quot;url&quot;:&quot;https:\/\/sawaqli.fra1.cdn.digitaloceanspaces.com\/35453\/Panda-Huhu-3.jpg&quot;,&quot;width&quot;:1024}\" data-trix-content-type=\"image\"><img decoding=\"async\" class=\"aligncenter\" src=\"https:\/\/sawaqli.fra1.cdn.digitaloceanspaces.com\/35453\/Panda-Huhu-3.jpg\" width=\"1024\" height=\"1024\" \/><figcaption class=\"attachment__caption\"><\/figcaption><\/figure>\n<figure class=\"attachment attachment--preview\" data-trix-attachment=\"{&quot;contentType&quot;:&quot;image&quot;,&quot;height&quot;:1024,&quot;url&quot;:&quot;https:\/\/sawaqli.fra1.cdn.digitaloceanspaces.com\/35454\/Panda-Huhu-7.jpg&quot;,&quot;width&quot;:1024}\" data-trix-content-type=\"image\"><img decoding=\"async\" class=\"aligncenter\" src=\"https:\/\/sawaqli.fra1.cdn.digitaloceanspaces.com\/35454\/Panda-Huhu-7.jpg\" width=\"1024\" height=\"1024\" \/><figcaption class=\"attachment__caption\"><\/figcaption><\/figure>\n<figure class=\"attachment attachment--preview\" data-trix-attachment=\"{&quot;contentType&quot;:&quot;image&quot;,&quot;height&quot;:1024,&quot;url&quot;:&quot;https:\/\/sawaqli.fra1.cdn.digitaloceanspaces.com\/35455\/Panda-Huhu-1.jpg&quot;,&quot;width&quot;:1024}\" data-trix-content-type=\"image\"><img decoding=\"async\" class=\"aligncenter\" src=\"https:\/\/sawaqli.fra1.cdn.digitaloceanspaces.com\/35455\/Panda-Huhu-1.jpg\" width=\"1024\" height=\"1024\" \/><figcaption class=\"attachment__caption\"><\/figcaption><\/figure>\n<p style=\"text-align: center\">","protected":false},"excerpt":{"rendered":"<p>Design mignon : la veilleuse panda super mignonne est l\u2019animal pr\u00e9f\u00e9r\u00e9 des enfants. Il s\u2019agit d\u2019une lampe extr\u00eamement mignonne en forme de panda avec des expressions personnalis\u00e9es, ce qui est amusant pour les enfants et les adultes. Cette veilleuse panda est non seulement une lampe de chevet tr\u00e8s pratique, un jouet tr\u00e8s int\u00e9ressant, mais aussi une jolie d\u00e9coration de chambre. Parfaite pour n\u2019importe quelle pi\u00e8ce de votre maison, la veilleuse panda pour enfants offre un \u00e9clairage doux et chaud qui cr\u00e9e une ambiance confortable.Veilleuse 100 % sans BPA : certifi\u00e9e CPC et CE. Notre veilleuse en silicone pour enfants est fabriqu\u00e9e en silicone doux et lavable sans aucun angle ni bords durs. Assez s\u00fbre pour les enfants et les nouveau-n\u00e9s pour la tenir et jouer. Le design monobloc des pi\u00e8ces arri\u00e8re de la veilleuse pour enfants ne peut pas tomber en raison de la traction des enfants, de la mastication, etc. Les veilleuses en silicone flexible peuvent garder sa forme originale apr\u00e8s une utilisation intensive \u00e0 long terme. Il est \u00e9cologique et respectueux de l\u2019environnement, beaucoup plus s\u00fbr pour les enfants avec charge int\u00e9gr\u00e9e.[10 couleurs avec variateur d\u2019intensit\u00e9] La lampe Panda est en 2 niveaux de luminosit\u00e9 blanc chaud et 7 modes de changement de couleur. Il suffit de l\u2019utiliser pour r\u00e9veiller votre lampe panda. Apr\u00e8s avoir activ\u00e9 le bouton inf\u00e9rieur, il suffit de taper\/presser pour allumer\/\u00e9teindre la lampe panda, les filles peuvent choisir la couleur parmi 50 %\/100 % de luminosit\u00e9 de la lumi\u00e8re chaude et 7 lumi\u00e8res capybara \u00e0 changement de couleur. Lorsque vous tapez et changez de couleur, la veilleuse pour enfants apporte du plaisir au robinet. Son interrupteur \u00e0 capteur tactile rend la veilleuse id\u00e9ale pour les t\u00e9t\u00e9es de b\u00e9b\u00e9 tard la nuit.Veilleuse pour chambre d\u2019enfant : source de lumi\u00e8re chaude s\u00e9lectionn\u00e9e de 3 000 K, parfaite pour une utilisation la nuit. La lueur douce \u00e9mise par ces veilleuse panda aide \u00e0 apaiser les b\u00e9b\u00e9s \u00e0 dormir. La lueur chaude soulage les peurs nocturnes, permettant un sommeil paisible. La lumi\u00e8re LED chaude anti-bleue ne scintille pas et ne blesse pas vos yeux. Les lumi\u00e8res panda sont sp\u00e9cialement con\u00e7ues pour cr\u00e9er un environnement calme et paisible pour votre tout-petit. l\u2019adorable veilleuse pour enfants Ajoutez une touche de fantaisie \u00e0 la d\u00e9coration de la chambre d\u2019enfant.\u3010Bon choix de cadeau pour b\u00e9b\u00e9\u3011La veilleuse panda pour enfants est tr\u00e8s \u00e9l\u00e9gante et unique comme cadeau d\u2019anniversaire ou de festival pour filles, b\u00e9b\u00e9s, d\u00e9coration de chambre d\u2019enfant. Peut emp\u00eacher les enfants de tomber pendant la nuit, \u00e9galement tr\u00e8s adapt\u00e9e pour les nouvelles mamans comme lumi\u00e8re de chambre d\u2019enfant. Lorsque les enfants re\u00e7oivent cette jolie lampe, vous verrez leurs doux sourires. Bien qu\u2019elle soit principalement destin\u00e9e aux enfants, mais je pense que beaucoup d\u2019adultes aimeraient cette jolie veilleuse pour tout-petit. La veilleuse en forme d\u2019animal en fait une chambre parfaite. \u00e9tude, chambre de b\u00e9b\u00e9 nuit D\u00e9cor<\/p>\n","protected":false},"featured_media":56600,"comment_status":"open","ping_status":"closed","template":"","meta":[],"product_brand":[],"product_cat":[2460],"product_tag":[],"class_list":{"0":"post-56601","1":"product","2":"type-product","3":"status-publish","4":"has-post-thumbnail","6":"product_cat-decoration","8":"first","9":"outofstock","10":"taxable","11":"shipping-taxable","12":"purchasable","13":"product-type-simple"},"jetpack_sharing_enabled":true,"_links":{"self":[{"href":"https:\/\/shoponlinedz.com\/en\/wp-json\/wp\/v2\/product\/56601","targetHints":{"allow":["GET"]}}],"collection":[{"href":"https:\/\/shoponlinedz.com\/en\/wp-json\/wp\/v2\/product"}],"about":[{"href":"https:\/\/shoponlinedz.com\/en\/wp-json\/wp\/v2\/types\/product"}],"replies":[{"embeddable":true,"href":"https:\/\/shoponlinedz.com\/en\/wp-json\/wp\/v2\/comments?post=56601"}],"version-history":[{"count":0,"href":"https:\/\/shoponlinedz.com\/en\/wp-json\/wp\/v2\/product\/56601\/revisions"}],"wp:featuredmedia":[{"embeddable":true,"href":"https:\/\/shoponlinedz.com\/en\/wp-json\/wp\/v2\/media\/56600"}],"wp:attachment":[{"href":"https:\/\/shoponlinedz.com\/en\/wp-json\/wp\/v2\/media?parent=56601"}],"wp:term":[{"taxonomy":"product_brand","embeddable":true,"href":"https:\/\/shoponlinedz.com\/en\/wp-json\/wp\/v2\/product_brand?post=56601"},{"taxonomy":"product_cat","embeddable":true,"href":"https:\/\/shoponlinedz.com\/en\/wp-json\/wp\/v2\/product_cat?post=56601"},{"taxonomy":"product_tag","embeddable":true,"href":"https:\/\/shoponlinedz.com\/en\/wp-json\/wp\/v2\/product_tag?post=56601"}],"curies":[{"name":"wp","href":"https:\/\/api.w.org\/{rel}","templated":true}]}}