{"id":56592,"date":"2026-01-06T15:00:31","date_gmt":"2026-01-06T15:00:31","guid":{"rendered":"https:\/\/shoponlinedz.com\/product\/tablette-a-dessin-interactive-et-calculatrice-educative-pour-enfants\/"},"modified":"2026-03-26T18:19:54","modified_gmt":"2026-03-26T17:19:54","slug":"tablette-a-dessin-interactive-et-calculatrice-educative-pour-enfants","status":"publish","type":"product","link":"https:\/\/shoponlinedz.com\/en\/product\/tablette-a-dessin-interactive-et-calculatrice-educative-pour-enfants\/","title":{"rendered":"Tablette a d\u00e9ssin int\u00e9ractive et calculatrice \u00e9ducative pour enfants"},"content":{"rendered":"<figure class=\"attachment attachment--preview\" data-trix-attachment=\"{&quot;contentType&quot;:&quot;image&quot;,&quot;height&quot;:1024,&quot;url&quot;:&quot;https:\/\/sawaqli.fra1.cdn.digitaloceanspaces.com\/35443\/Disgne-1046.jpg&quot;,&quot;width&quot;:1024}\" data-trix-content-type=\"image\"><img decoding=\"async\" class=\"aligncenter\" src=\"https:\/\/sawaqli.fra1.cdn.digitaloceanspaces.com\/35443\/Disgne-1046.jpg\" width=\"1024\" height=\"1024\" \/><figcaption class=\"attachment__caption\"><\/figcaption><\/figure>\n<figure class=\"attachment attachment--preview\" data-trix-attachment=\"{&quot;contentType&quot;:&quot;image&quot;,&quot;height&quot;:1024,&quot;url&quot;:&quot;https:\/\/sawaqli.fra1.cdn.digitaloceanspaces.com\/35444\/H40fcbbbd55734840b236ef3023eb1db7C.png&quot;,&quot;width&quot;:1024}\" data-trix-content-type=\"image\"><img decoding=\"async\" class=\"aligncenter\" src=\"https:\/\/sawaqli.fra1.cdn.digitaloceanspaces.com\/35444\/H40fcbbbd55734840b236ef3023eb1db7C.png\" width=\"1024\" height=\"1024\" \/><figcaption class=\"attachment__caption\"><\/figcaption><\/figure>\n<figure class=\"attachment attachment--preview\" data-trix-attachment=\"{&quot;contentType&quot;:&quot;image&quot;,&quot;height&quot;:1024,&quot;url&quot;:&quot;https:\/\/sawaqli.fra1.cdn.digitaloceanspaces.com\/35445\/Hbd7f3fcf0e66487e9c7eeab40609e917D.jpg&quot;,&quot;width&quot;:1024}\" data-trix-content-type=\"image\"><img decoding=\"async\" class=\"aligncenter\" src=\"https:\/\/sawaqli.fra1.cdn.digitaloceanspaces.com\/35445\/Hbd7f3fcf0e66487e9c7eeab40609e917D.jpg\" width=\"1024\" height=\"1024\" \/><figcaption class=\"attachment__caption\"><\/figcaption><\/figure>\n<figure class=\"attachment attachment--preview\" data-trix-attachment=\"{&quot;contentType&quot;:&quot;image&quot;,&quot;height&quot;:1024,&quot;url&quot;:&quot;https:\/\/sawaqli.fra1.cdn.digitaloceanspaces.com\/35446\/H656fa7b1425c4b7ca13adf74de5cf919N-1-(1).jpg&quot;,&quot;width&quot;:1024}\" data-trix-content-type=\"image\"><img decoding=\"async\" class=\"aligncenter\" src=\"https:\/\/sawaqli.fra1.cdn.digitaloceanspaces.com\/35446\/H656fa7b1425c4b7ca13adf74de5cf919N-1-(1).jpg\" width=\"1024\" height=\"1024\" \/><figcaption class=\"attachment__caption\"><\/figcaption><\/figure>\n<figure class=\"attachment attachment--preview\" data-trix-attachment=\"{&quot;contentType&quot;:&quot;image&quot;,&quot;height&quot;:1024,&quot;url&quot;:&quot;https:\/\/sawaqli.fra1.cdn.digitaloceanspaces.com\/35447\/H656fa7b1425c4b7ca13adf74de5cf919N-1.jpg&quot;,&quot;width&quot;:1024}\" data-trix-content-type=\"image\"><img decoding=\"async\" class=\"aligncenter\" src=\"https:\/\/sawaqli.fra1.cdn.digitaloceanspaces.com\/35447\/H656fa7b1425c4b7ca13adf74de5cf919N-1.jpg\" width=\"1024\" height=\"1024\" \/><figcaption class=\"attachment__caption\"><\/figcaption><\/figure>\n<p style=\"text-align: center;\">","protected":false},"excerpt":{"rendered":"<p>\u0627\u0645\u0646\u062d \u0637\u0641\u0644\u0643 \u062a\u062c\u0631\u0628\u0629 \u062a\u0639\u0644\u064a\u0645\u064a\u0629 \u0648\u062a\u0631\u0641\u064a\u0647\u064a\u0629 \u0645\u0645\u064a\u0632\u0629 \u0645\u0639 \u0627\u0644\u0644\u0648\u062d\u0629 \u0627\u0644\u062a\u0641\u0627\u0639\u0644\u064a\u0629 \u0644\u0644\u0631\u0633\u0645 \u0648\u0627\u0644\u0622\u0644\u0629 \u0627\u0644\u062d\u0627\u0633\u0628\u0629 \u0627\u0644\u062a\u0639\u0644\u064a\u0645\u064a\u0629 \u0644\u0644\u0623\u0637\u0641\u0627\u0644! \u062a\u0635\u0645\u064a\u0645 \u0645\u0628\u062a\u0643\u0631 \u064a\u062c\u0645\u0639 \u0628\u064a\u0646 \u0627\u0644\u0645\u0631\u062d \u0648\u0627\u0644\u062a\u0639\u0644\u064a\u0645 \u0644\u064a\u0643\u0648\u0646 \u0627\u0644\u0631\u0641\u064a\u0642 \u0627\u0644\u0645\u062b\u0627\u0644\u064a \u0644\u0637\u0641\u0644\u0643 \u0641\u064a \u0627\u0644\u0645\u0646\u0632\u0644 \u0623\u0648 \u0623\u062b\u0646\u0627\u0621 \u0627\u0644\u062a\u0646\u0642\u0644.\u0627\u0644\u0645\u0645\u064a\u0632\u0627\u062a \u0627\u0644\u0631\u0626\u064a\u0633\u064a\u0629:\u270d\ufe0f \u0644\u0648\u062d\u0629 \u0631\u0633\u0645 \u062a\u0641\u0627\u0639\u0644\u064a\u0629: \u062a\u064f\u062d\u0641\u0651\u0632 \u0627\u0644\u0625\u0628\u062f\u0627\u0639 \u0648\u062a\u0633\u0627\u0639\u062f \u0627\u0644\u0637\u0641\u0644 \u0639\u0644\u0649 \u062a\u0637\u0648\u064a\u0631 \u0645\u0647\u0627\u0631\u0627\u062a\u0647 \u0627\u0644\u0641\u0646\u064a\u0629 \u0645\u0646 \u062e\u0644\u0627\u0644 \u0627\u0644\u0631\u0633\u0645 \u0627\u0644\u062d\u0631.\ud83e\uddee \u0622\u0644\u0629 \u062d\u0627\u0633\u0628\u0629 \u062a\u0639\u0644\u064a\u0645\u064a\u0629: \u062a\u064f\u0633\u0627\u0639\u062f \u0627\u0644\u0623\u0637\u0641\u0627\u0644 \u0639\u0644\u0649 \u062a\u0639\u0644\u0645 \u0627\u0644\u0639\u0645\u0644\u064a\u0627\u062a \u0627\u0644\u062d\u0633\u0627\u0628\u064a\u0629 \u0627\u0644\u0623\u0633\u0627\u0633\u064a\u0629 \u0628\u0637\u0631\u064a\u0642\u0629 \u0633\u0647\u0644\u0629 \u0648\u0645\u0645\u062a\u0639\u0629.\ud83d\udcda \u062a\u0639\u0644\u064a\u0645 \u0648\u062a\u0631\u0641\u064a\u0647 \u0641\u064a \u062c\u0647\u0627\u0632 \u0648\u0627\u062d\u062f: \u0645\u0632\u064a\u062c \u0645\u062b\u0627\u0644\u064a \u0628\u064a\u0646 \u0627\u0644\u0644\u0639\u0628 \u0648\u0627\u0644\u062a\u0639\u0644\u064a\u0645\u060c \u0645\u0645\u0627 \u064a\u0639\u0632\u0632 \u0646\u0645\u0648 \u0627\u0644\u0637\u0641\u0644 \u0627\u0644\u0630\u0647\u0646\u064a \u0648\u0627\u0644\u0625\u0628\u062f\u0627\u0639\u064a.\u2705 \u062a\u0635\u0645\u064a\u0645 \u0645\u0631\u064a\u062d \u0648\u0622\u0645\u0646: \u0645\u0648\u0627\u062f \u0645\u062a\u064a\u0646\u0629 \u0648\u0622\u0645\u0646\u0629 \u0644\u0644\u0623\u0637\u0641\u0627\u0644\u060c \u0645\u0639 \u0632\u0648\u0627\u064a\u0627 \u0646\u0627\u0639\u0645\u0629 \u0644\u0636\u0645\u0627\u0646 \u0627\u0644\u0627\u0633\u062a\u062e\u062f\u0627\u0645 \u0627\u0644\u0622\u0645\u0646.\ud83c\udf92 \u062e\u0641\u064a\u0641\u0629 \u0627\u0644\u0648\u0632\u0646 \u0648\u0645\u062d\u0645\u0648\u0644\u0629: \u0633\u0647\u0644\u0629 \u0627\u0644\u062d\u0645\u0644 \u0644\u0644\u0627\u0633\u062a\u062e\u062f\u0627\u0645 \u0641\u064a \u0627\u0644\u0645\u062f\u0631\u0633\u0629\u060c \u0627\u0644\u0645\u0646\u0632\u0644\u060c \u0623\u0648 \u0623\u062b\u0646\u0627\u0621 \u0627\u0644\u0633\u0641\u0631.\ud83d\udd0b \u062a\u0648\u0641\u064a\u0631 \u0627\u0644\u0637\u0627\u0642\u0629: \u0628\u0637\u0627\u0631\u064a\u0629 \u062a\u062f\u0648\u0645 \u0637\u0648\u064a\u0644\u0627\u064b \u0644\u0636\u0645\u0627\u0646 \u0633\u0627\u0639\u0627\u062a \u0645\u0646 \u0627\u0644\u0645\u062a\u0639\u0629 \u0648\u0627\u0644\u062a\u0639\u0644\u0645.\u0644\u0645\u0627\u0630\u0627 \u062a\u062e\u062a\u0627\u0631 \u0647\u0630\u0647 \u0627\u0644\u0644\u0648\u062d\u0629 \u0627\u0644\u062a\u0641\u0627\u0639\u0644\u064a\u0629\u061f\u0645\u0639 \u0647\u0630\u0627 \u0627\u0644\u0645\u0646\u062a\u062c\u060c \u0644\u0646 \u064a\u0643\u0648\u0646 \u0627\u0644\u062a\u0639\u0644\u0645 \u0645\u0645\u0644\u0627\u064b \u0628\u0639\u062f \u0627\u0644\u0622\u0646! \u0641\u0647\u0648 \u064a\u0639\u0632\u0632 \u0627\u0644\u0625\u0628\u062f\u0627\u0639\u060c \u064a\u064f\u0646\u0645\u0651\u064a \u0627\u0644\u0645\u0647\u0627\u0631\u0627\u062a \u0627\u0644\u062d\u0633\u0627\u0628\u064a\u0629\u060c \u0648\u064a\u064f\u0642\u062f\u0651\u0645 \u062a\u062c\u0631\u0628\u0629 \u062a\u0639\u0644\u064a\u0645\u064a\u0629 \u0645\u0645\u062a\u0639\u0629 \u0644\u0637\u0641\u0644\u0643.<\/p>","protected":false},"featured_media":56591,"comment_status":"open","ping_status":"closed","template":"","meta":[],"product_brand":[],"product_cat":[2459],"product_tag":[],"class_list":{"0":"post-56592","1":"product","2":"type-product","3":"status-publish","4":"has-post-thumbnail","6":"product_cat-jouet-gaming","8":"first","9":"instock","10":"taxable","11":"shipping-taxable","12":"purchasable","13":"product-type-simple"},"jetpack_sharing_enabled":true,"_links":{"self":[{"href":"https:\/\/shoponlinedz.com\/en\/wp-json\/wp\/v2\/product\/56592","targetHints":{"allow":["GET"]}}],"collection":[{"href":"https:\/\/shoponlinedz.com\/en\/wp-json\/wp\/v2\/product"}],"about":[{"href":"https:\/\/shoponlinedz.com\/en\/wp-json\/wp\/v2\/types\/product"}],"replies":[{"embeddable":true,"href":"https:\/\/shoponlinedz.com\/en\/wp-json\/wp\/v2\/comments?post=56592"}],"version-history":[{"count":0,"href":"https:\/\/shoponlinedz.com\/en\/wp-json\/wp\/v2\/product\/56592\/revisions"}],"wp:featuredmedia":[{"embeddable":true,"href":"https:\/\/shoponlinedz.com\/en\/wp-json\/wp\/v2\/media\/56591"}],"wp:attachment":[{"href":"https:\/\/shoponlinedz.com\/en\/wp-json\/wp\/v2\/media?parent=56592"}],"wp:term":[{"taxonomy":"product_brand","embeddable":true,"href":"https:\/\/shoponlinedz.com\/en\/wp-json\/wp\/v2\/product_brand?post=56592"},{"taxonomy":"product_cat","embeddable":true,"href":"https:\/\/shoponlinedz.com\/en\/wp-json\/wp\/v2\/product_cat?post=56592"},{"taxonomy":"product_tag","embeddable":true,"href":"https:\/\/shoponlinedz.com\/en\/wp-json\/wp\/v2\/product_tag?post=56592"}],"curies":[{"name":"wp","href":"https:\/\/api.w.org\/{rel}","templated":true}]}}