{"id":56565,"date":"2026-01-06T14:59:14","date_gmt":"2026-01-06T14:59:14","guid":{"rendered":"https:\/\/shoponlinedz.com\/product\/etagere-de-salle-de-bain-au-dessus-des-toilettes-a-3-niveaux\/"},"modified":"2026-03-26T18:19:54","modified_gmt":"2026-03-26T17:19:54","slug":"etagere-de-salle-de-bain-au-dessus-des-toilettes-a-3-niveaux","status":"publish","type":"product","link":"https:\/\/shoponlinedz.com\/en\/product\/etagere-de-salle-de-bain-au-dessus-des-toilettes-a-3-niveaux\/","title":{"rendered":"\u00c9tag\u00e8re de salle de bain au-dessus des toilettes \u00e0 3 niveaux"},"content":{"rendered":"<figure class=\"attachment attachment--preview\" data-trix-attachment=\"{&quot;contentType&quot;:&quot;image&quot;,&quot;height&quot;:1024,&quot;url&quot;:&quot;https:\/\/sawaqli.fra1.cdn.digitaloceanspaces.com\/35409\/Toilet-Rack-Nw-cnc.jpg&quot;,&quot;width&quot;:1024}\" data-trix-content-type=\"image\"><img decoding=\"async\" class=\"aligncenter\" src=\"https:\/\/sawaqli.fra1.cdn.digitaloceanspaces.com\/35409\/Toilet-Rack-Nw-cnc.jpg\" width=\"1024\" height=\"1024\" \/><figcaption class=\"attachment__caption\"><\/figcaption><\/figure>\n<figure class=\"attachment attachment--preview\" data-trix-attachment=\"{&quot;contentType&quot;:&quot;image&quot;,&quot;height&quot;:1024,&quot;url&quot;:&quot;https:\/\/sawaqli.fra1.cdn.digitaloceanspaces.com\/35410\/Toilet-Rack-Nw-3.jpg&quot;,&quot;width&quot;:1024}\" data-trix-content-type=\"image\"><img decoding=\"async\" class=\"aligncenter\" src=\"https:\/\/sawaqli.fra1.cdn.digitaloceanspaces.com\/35410\/Toilet-Rack-Nw-3.jpg\" width=\"1024\" height=\"1024\" \/><figcaption class=\"attachment__caption\"><\/figcaption><\/figure>\n<figure class=\"attachment attachment--preview\" data-trix-attachment=\"{&quot;contentType&quot;:&quot;image&quot;,&quot;height&quot;:1024,&quot;url&quot;:&quot;https:\/\/sawaqli.fra1.cdn.digitaloceanspaces.com\/35411\/Toilet-Rack-Nw-4.jpg&quot;,&quot;width&quot;:1024}\" data-trix-content-type=\"image\"><img decoding=\"async\" class=\"aligncenter\" src=\"https:\/\/sawaqli.fra1.cdn.digitaloceanspaces.com\/35411\/Toilet-Rack-Nw-4.jpg\" width=\"1024\" height=\"1024\" \/><figcaption class=\"attachment__caption\"><\/figcaption><\/figure>\n<figure class=\"attachment attachment--preview\" data-trix-attachment=\"{&quot;contentType&quot;:&quot;image&quot;,&quot;height&quot;:1024,&quot;url&quot;:&quot;https:\/\/sawaqli.fra1.cdn.digitaloceanspaces.com\/35412\/Toilet-Rack-Nw-5.jpg&quot;,&quot;width&quot;:1024}\" data-trix-content-type=\"image\"><img decoding=\"async\" class=\"aligncenter\" src=\"https:\/\/sawaqli.fra1.cdn.digitaloceanspaces.com\/35412\/Toilet-Rack-Nw-5.jpg\" width=\"1024\" height=\"1024\" \/><figcaption class=\"attachment__caption\"><\/figcaption><\/figure>\n<figure class=\"attachment attachment--preview\" data-trix-attachment=\"{&quot;contentType&quot;:&quot;image&quot;,&quot;height&quot;:1024,&quot;url&quot;:&quot;https:\/\/sawaqli.fra1.cdn.digitaloceanspaces.com\/35413\/Toilet-Rack-Nw-6.jpg&quot;,&quot;width&quot;:1024}\" data-trix-content-type=\"image\"><img decoding=\"async\" class=\"aligncenter\" src=\"https:\/\/sawaqli.fra1.cdn.digitaloceanspaces.com\/35413\/Toilet-Rack-Nw-6.jpg\" width=\"1024\" height=\"1024\" \/><figcaption class=\"attachment__caption\"><\/figcaption><\/figure>\n<p style=\"text-align: center;\">","protected":false},"excerpt":{"rendered":"<p>\u0631\u0641 \u062d\u0645\u0627\u0645 \u0645\u062a\u0639\u062f\u062f \u0627\u0644\u0627\u0633\u062a\u062e\u062f\u0627\u0645\u0627\u062a\u062a\u0648\u0633\u064a\u0639 \u0627\u0644\u0645\u0633\u0627\u062d\u0629: \u0623\u0628\u0639\u0627\u062f 50.5 \u00d7 24.5 \u00d7 169.5 \u0633\u0645 \u0644\u062a\u0648\u0641\u064a\u0631 \u0627\u0644\u0645\u0633\u0627\u062d\u0629 \u0641\u0648\u0642 \u0627\u0644\u0645\u0631\u062d\u0627\u0636.\u062a\u062e\u0632\u064a\u0646 \u0645\u062a\u0639\u062f\u062f: \u064a\u062d\u062a\u0648\u064a \u0639\u0644\u0649 3 \u0631\u0641\u0648\u0641 \u0645\u0641\u062a\u0648\u062d\u0629 \u06482 \u062e\u0637\u0627\u0641\u0627\u062a \u0644\u062a\u0639\u0644\u064a\u0642 \u0627\u0644\u0623\u062f\u0648\u0627\u062a \u0627\u0644\u064a\u0648\u0645\u064a\u0629.\u0628\u0646\u064a\u0629 \u0642\u0648\u064a\u0629: \u0645\u0635\u0646\u0648\u0639 \u0645\u0646 \u0627\u0644\u0641\u0648\u0644\u0627\u0630 \u0627\u0644\u0643\u0631\u0628\u0648\u0646\u064a \u0627\u0644\u0645\u0637\u0644\u064a \u0627\u0644\u0645\u0642\u0627\u0648\u0645 \u0644\u0644\u0635\u062f\u0623 \u0648\u0627\u0644\u0635\u062f\u0645\u0629.\u0627\u0633\u062a\u062e\u062f\u0627\u0645 \u0645\u062a\u0639\u062f\u062f: \u064a\u0645\u0643\u0646 \u0648\u0636\u0639\u0647 \u0641\u0648\u0642 \u0627\u0644\u0645\u0631\u062d\u0627\u0636 \u0623\u0648 \u0627\u0644\u063a\u0633\u0627\u0644\u0629 \u0623\u0648 \u0641\u064a \u0627\u0644\u0645\u0637\u0628\u062e \u0648\u0627\u0644\u0634\u0631\u0641\u0629 \u0648\u0627\u0644\u0635\u0627\u0644\u0629.\u062a\u062c\u0645\u064a\u0639 \u0633\u0647\u0644: \u062a\u0631\u0643\u064a\u0628 \u0628\u0633\u064a\u0637 \u0648\u062e\u0641\u064a\u0641 \u0627\u0644\u0648\u0632\u0646 \u062f\u0648\u0646 \u0627\u0644\u062d\u0627\u062c\u0629 \u0644\u0623\u062f\u0648\u0627\u062a \u0645\u0639\u0642\u062f\u0629.<\/p>","protected":false},"featured_media":56564,"comment_status":"open","ping_status":"closed","template":"","meta":[],"product_brand":[],"product_cat":[2455],"product_tag":[],"class_list":{"0":"post-56565","1":"product","2":"type-product","3":"status-publish","4":"has-post-thumbnail","6":"product_cat-maison","8":"first","9":"instock","10":"taxable","11":"shipping-taxable","12":"purchasable","13":"product-type-simple"},"jetpack_sharing_enabled":true,"_links":{"self":[{"href":"https:\/\/shoponlinedz.com\/en\/wp-json\/wp\/v2\/product\/56565","targetHints":{"allow":["GET"]}}],"collection":[{"href":"https:\/\/shoponlinedz.com\/en\/wp-json\/wp\/v2\/product"}],"about":[{"href":"https:\/\/shoponlinedz.com\/en\/wp-json\/wp\/v2\/types\/product"}],"replies":[{"embeddable":true,"href":"https:\/\/shoponlinedz.com\/en\/wp-json\/wp\/v2\/comments?post=56565"}],"version-history":[{"count":0,"href":"https:\/\/shoponlinedz.com\/en\/wp-json\/wp\/v2\/product\/56565\/revisions"}],"wp:featuredmedia":[{"embeddable":true,"href":"https:\/\/shoponlinedz.com\/en\/wp-json\/wp\/v2\/media\/56564"}],"wp:attachment":[{"href":"https:\/\/shoponlinedz.com\/en\/wp-json\/wp\/v2\/media?parent=56565"}],"wp:term":[{"taxonomy":"product_brand","embeddable":true,"href":"https:\/\/shoponlinedz.com\/en\/wp-json\/wp\/v2\/product_brand?post=56565"},{"taxonomy":"product_cat","embeddable":true,"href":"https:\/\/shoponlinedz.com\/en\/wp-json\/wp\/v2\/product_cat?post=56565"},{"taxonomy":"product_tag","embeddable":true,"href":"https:\/\/shoponlinedz.com\/en\/wp-json\/wp\/v2\/product_tag?post=56565"}],"curies":[{"name":"wp","href":"https:\/\/api.w.org\/{rel}","templated":true}]}}