{"id":56543,"date":"2026-01-06T14:58:16","date_gmt":"2026-01-06T14:58:16","guid":{"rendered":"https:\/\/shoponlinedz.com\/product\/manette-de-jeu-mobile-gamesir-g8-galileo-type-c-pour-android-et-iphone-15\/"},"modified":"2026-03-26T18:19:55","modified_gmt":"2026-03-26T17:19:55","slug":"manette-de-jeu-mobile-gamesir-g8-galileo-type-c-pour-android-et-iphone-15","status":"publish","type":"product","link":"https:\/\/shoponlinedz.com\/en\/product\/manette-de-jeu-mobile-gamesir-g8-galileo-type-c-pour-android-et-iphone-15\/","title":{"rendered":"Manette de jeu mobile GameSir G8 Galileo Type-C pour Android et iPhone 15"},"content":{"rendered":"<figure class=\"attachment attachment--preview\" data-trix-attachment=\"{&quot;contentType&quot;:&quot;image&quot;,&quot;height&quot;:1024,&quot;url&quot;:&quot;https:\/\/sawa9ly.app\/storage\/62557\/GamesirG8-cnc.jpg&quot;,&quot;width&quot;:1024}\" data-trix-content-type=\"image\"><img decoding=\"async\" class=\"aligncenter\" src=\"https:\/\/sawa9ly.app\/storage\/62557\/GamesirG8-cnc.jpg\" width=\"1024\" height=\"1024\" \/><figcaption class=\"attachment__caption\"><\/figcaption><\/figure>\n<figure class=\"attachment attachment--preview\" data-trix-attachment=\"{&quot;contentType&quot;:&quot;image&quot;,&quot;height&quot;:1024,&quot;url&quot;:&quot;https:\/\/sawaqli.fra1.cdn.digitaloceanspaces.com\/35691\/Gamesir-G8-4.jpg&quot;,&quot;width&quot;:1024}\" data-trix-content-type=\"image\"><img decoding=\"async\" class=\"aligncenter\" src=\"https:\/\/sawaqli.fra1.cdn.digitaloceanspaces.com\/35691\/Gamesir-G8-4.jpg\" width=\"1024\" height=\"1024\" \/><figcaption class=\"attachment__caption\"><\/figcaption><\/figure>\n<figure class=\"attachment attachment--preview\" data-trix-attachment=\"{&quot;contentType&quot;:&quot;image&quot;,&quot;height&quot;:1024,&quot;url&quot;:&quot;https:\/\/sawaqli.fra1.cdn.digitaloceanspaces.com\/35692\/Gamesir-G8-5.jpg&quot;,&quot;width&quot;:1024}\" data-trix-content-type=\"image\"><img decoding=\"async\" class=\"aligncenter\" src=\"https:\/\/sawaqli.fra1.cdn.digitaloceanspaces.com\/35692\/Gamesir-G8-5.jpg\" width=\"1024\" height=\"1024\" \/><figcaption class=\"attachment__caption\"><\/figcaption><\/figure>\n<figure class=\"attachment attachment--preview\" data-trix-attachment=\"{&quot;contentType&quot;:&quot;image&quot;,&quot;height&quot;:1024,&quot;url&quot;:&quot;https:\/\/sawaqli.fra1.cdn.digitaloceanspaces.com\/35693\/Gamesir-G8-6.jpg&quot;,&quot;width&quot;:1024}\" data-trix-content-type=\"image\"><img decoding=\"async\" class=\"aligncenter\" src=\"https:\/\/sawaqli.fra1.cdn.digitaloceanspaces.com\/35693\/Gamesir-G8-6.jpg\" width=\"1024\" height=\"1024\" \/><figcaption class=\"attachment__caption\"><\/figcaption><\/figure>\n<figure class=\"attachment attachment--preview\" data-trix-attachment=\"{&quot;contentType&quot;:&quot;image&quot;,&quot;height&quot;:1024,&quot;url&quot;:&quot;https:\/\/sawaqli.fra1.cdn.digitaloceanspaces.com\/35694\/Gamesir-G8-7.jpg&quot;,&quot;width&quot;:1024}\" data-trix-content-type=\"image\"><img decoding=\"async\" class=\"aligncenter\" src=\"https:\/\/sawaqli.fra1.cdn.digitaloceanspaces.com\/35694\/Gamesir-G8-7.jpg\" width=\"1024\" height=\"1024\" \/><figcaption class=\"attachment__caption\"><\/figcaption><\/figure>\n<p style=\"text-align: center;\">","protected":false},"excerpt":{"rendered":"<p>Compatibilit\u00e9 : compatible avec la plupart des appareils Android et la s\u00e9rie iPhone 15, et nous recommandons d\u2019utiliser le G8 sans coque ou d\u2019utiliser la coque \u00e0 moins de 1 mm. *Attention : lorsque vous utilisez l\u2019application GameSir, veuillez utiliser la version du firmware 129.55-1.4, et l\u2019application GameSir est uniquement destin\u00e9e au syst\u00e8me Android, pas \u00e0 iOS. Joysticks \u00e0 effet Hall\/d\u00e9clencheur \u00e0 effet Hall : les joysticks \u00e0 effet Hall GameSir offrent un contr\u00f4le pr\u00e9cis \u00e0 360\u00b0, offrant la pr\u00e9cision et la durabilit\u00e9 que les joueurs mobiles exigent. Et les d\u00e9clencheurs analogiques \u00e0 effet Hall offrent une douceur et une r\u00e9activit\u00e9 in\u00e9gal\u00e9es, vous donnant un avantage concurrentiel dans n\u2019importe quel jeu.Port Type-C mobile : le port Type-C mobile de pointe garantit une connexion fiable \u00e0 vos appareils de jeu, offrant une fluidit\u00e9 et une fiabilit\u00e9 in\u00e9gal\u00e9es. Branchez-le simplement et plongez-vous dans le jeu avec une confiance in\u00e9branlable. Chargement direct et prise audio 3,5 mm : se connecte au port USB-C de votre t\u00e9l\u00e9phone pour un jeu ultra-r\u00e9actif et garantit que votre jeu est ininterrompu. Chargez pendant que vous jouez et utilisez vos \u00e9couteurs pr\u00e9f\u00e9r\u00e9s. Fa\u00e7ades magn\u00e9tiques amovibles : rehaussez votre G8 Galileo pour l\u2019adapter \u00e0 votre style unique avec des fa\u00e7ades magn\u00e9tiques amovibles. Changez-les sans effort pour garder votre configuration de jeu fra\u00eeche et exaltante, tout comme vous personnaliseriez votre personnage dans le jeu. Mappages \u00e0 la vol\u00e9e : le G8 Galileo dispose de 2 boutons suppl\u00e9mentaires pour une personnalisation rapide dans le jeu sans logiciel. Programmable instantan\u00e9ment. Boutons mappables : A\/B\/X\/Y\/LB\/RB\/LT\/RT\/LS\/RS\/Affichage\/Menu\/Capture\/D-Pad. Multi-plateformes et jeux pris en charge : jouez aux jeux Xbox, PlayStation et PC avec prise en charge de Steam Link, NVIDIA GeForce Now et Amazon Luna. Prend en charge tous les jeux pris en charge par le contr\u00f4leur comme Diablo Immortal, Minecraft, Fortnite, Genshin Impact, etc. Taille de t\u00e9l\u00e9phone compatible (sans \u00e9tui de t\u00e9l\u00e9phone) : 110-185 mm de longueur ; 13 mm ou moins de profondeur ; profondeur de l\u2019appareil photo du t\u00e9l\u00e9phone \u2264 5 mm. Taille du G8 : 217*107*54 mm \/ 8,54*4,21*2,13 pouces<\/p>","protected":false},"featured_media":56542,"comment_status":"open","ping_status":"closed","template":"","meta":[],"product_brand":[],"product_cat":[2459],"product_tag":[],"class_list":{"0":"post-56543","1":"product","2":"type-product","3":"status-publish","4":"has-post-thumbnail","6":"product_cat-jouet-gaming","8":"first","9":"instock","10":"taxable","11":"shipping-taxable","12":"purchasable","13":"product-type-simple"},"jetpack_sharing_enabled":true,"_links":{"self":[{"href":"https:\/\/shoponlinedz.com\/en\/wp-json\/wp\/v2\/product\/56543","targetHints":{"allow":["GET"]}}],"collection":[{"href":"https:\/\/shoponlinedz.com\/en\/wp-json\/wp\/v2\/product"}],"about":[{"href":"https:\/\/shoponlinedz.com\/en\/wp-json\/wp\/v2\/types\/product"}],"replies":[{"embeddable":true,"href":"https:\/\/shoponlinedz.com\/en\/wp-json\/wp\/v2\/comments?post=56543"}],"version-history":[{"count":0,"href":"https:\/\/shoponlinedz.com\/en\/wp-json\/wp\/v2\/product\/56543\/revisions"}],"wp:featuredmedia":[{"embeddable":true,"href":"https:\/\/shoponlinedz.com\/en\/wp-json\/wp\/v2\/media\/56542"}],"wp:attachment":[{"href":"https:\/\/shoponlinedz.com\/en\/wp-json\/wp\/v2\/media?parent=56543"}],"wp:term":[{"taxonomy":"product_brand","embeddable":true,"href":"https:\/\/shoponlinedz.com\/en\/wp-json\/wp\/v2\/product_brand?post=56543"},{"taxonomy":"product_cat","embeddable":true,"href":"https:\/\/shoponlinedz.com\/en\/wp-json\/wp\/v2\/product_cat?post=56543"},{"taxonomy":"product_tag","embeddable":true,"href":"https:\/\/shoponlinedz.com\/en\/wp-json\/wp\/v2\/product_tag?post=56543"}],"curies":[{"name":"wp","href":"https:\/\/api.w.org\/{rel}","templated":true}]}}