{"id":56502,"date":"2026-01-06T14:56:33","date_gmt":"2026-01-06T14:56:33","guid":{"rendered":"https:\/\/shoponlinedz.com\/product\/lumiere-ambiante-rgb-pour-linterieur-de-voiture-avec-telecommande-app-controle\/"},"modified":"2026-03-26T18:19:55","modified_gmt":"2026-03-26T17:19:55","slug":"lumiere-ambiante-rgb-pour-linterieur-de-voiture-avec-telecommande-app-controle","status":"publish","type":"product","link":"https:\/\/shoponlinedz.com\/en\/product\/lumiere-ambiante-rgb-pour-linterieur-de-voiture-avec-telecommande-app-controle\/","title":{"rendered":"Lumi\u00e8re Ambiante RGB Pour l\u2019Int\u00e9rieur de Voiture avec T\u00e9l\u00e9commande + APP Contr\u00f4le"},"content":{"rendered":"<figure class=\"attachment attachment--preview\" data-trix-attachment=\"{&quot;contentType&quot;:&quot;image&quot;,&quot;height&quot;:1024,&quot;url&quot;:&quot;https:\/\/sawaqli.fra1.cdn.digitaloceanspaces.com\/35662\/LED-Running-cnc.jpg&quot;,&quot;width&quot;:1024}\" data-trix-content-type=\"image\"><img decoding=\"async\" class=\"aligncenter\" src=\"https:\/\/sawaqli.fra1.cdn.digitaloceanspaces.com\/35662\/LED-Running-cnc.jpg\" width=\"1024\" height=\"1024\" \/><figcaption class=\"attachment__caption\"><\/figcaption><\/figure>\n<figure class=\"attachment attachment--preview\" data-trix-attachment=\"{&quot;contentType&quot;:&quot;image&quot;,&quot;height&quot;:1024,&quot;url&quot;:&quot;https:\/\/sawaqli.fra1.cdn.digitaloceanspaces.com\/35663\/LED-Running-3.jpg&quot;,&quot;width&quot;:1024}\" data-trix-content-type=\"image\"><img decoding=\"async\" class=\"aligncenter\" src=\"https:\/\/sawaqli.fra1.cdn.digitaloceanspaces.com\/35663\/LED-Running-3.jpg\" width=\"1024\" height=\"1024\" \/><figcaption class=\"attachment__caption\"><\/figcaption><\/figure>\n<figure class=\"attachment attachment--preview\" data-trix-attachment=\"{&quot;contentType&quot;:&quot;image&quot;,&quot;height&quot;:1024,&quot;url&quot;:&quot;https:\/\/sawaqli.fra1.cdn.digitaloceanspaces.com\/35664\/LED-Running-4.jpg&quot;,&quot;width&quot;:1024}\" data-trix-content-type=\"image\"><img decoding=\"async\" class=\"aligncenter\" src=\"https:\/\/sawaqli.fra1.cdn.digitaloceanspaces.com\/35664\/LED-Running-4.jpg\" width=\"1024\" height=\"1024\" \/><figcaption class=\"attachment__caption\"><\/figcaption><\/figure>\n<figure class=\"attachment attachment--preview\" data-trix-attachment=\"{&quot;contentType&quot;:&quot;image&quot;,&quot;height&quot;:1024,&quot;url&quot;:&quot;https:\/\/sawaqli.fra1.cdn.digitaloceanspaces.com\/35665\/LED-Running-6.jpg&quot;,&quot;width&quot;:1024}\" data-trix-content-type=\"image\"><img decoding=\"async\" class=\"aligncenter\" src=\"https:\/\/sawaqli.fra1.cdn.digitaloceanspaces.com\/35665\/LED-Running-6.jpg\" width=\"1024\" height=\"1024\" \/><figcaption class=\"attachment__caption\"><\/figcaption><\/figure>\n<figure class=\"attachment attachment--preview\" data-trix-attachment=\"{&quot;contentType&quot;:&quot;image&quot;,&quot;height&quot;:1024,&quot;url&quot;:&quot;https:\/\/sawaqli.fra1.cdn.digitaloceanspaces.com\/35666\/LED-Running-5.jpg&quot;,&quot;width&quot;:1024}\" data-trix-content-type=\"image\"><img decoding=\"async\" class=\"aligncenter\" src=\"https:\/\/sawaqli.fra1.cdn.digitaloceanspaces.com\/35666\/LED-Running-5.jpg\" width=\"1024\" height=\"1024\" \/><figcaption class=\"attachment__caption\"><\/figcaption><\/figure>\n<p style=\"text-align: center;\">","protected":false},"excerpt":{"rendered":"<p>\u2605 \u3010T\u00e9l\u00e9commande RVB + Contr\u00f4le APP 64 couleurs Fibre optique Int\u00e9rieur de la voiture Lumi\u00e8re ambiante\u3011 La connexion Bluetooth vous permet de jouer avec 16 millions de couleurs, de d\u00e9finir le mode de plusieurs sc\u00e8nes via l\u2019application \u201cLotus Lantern\u201d. D\u2019autres fonctions comme le clignotement, le r\u00e9glage de la minuterie, la synchronisation de la musique sont pr\u00eates \u00e0 \u00eatre explor\u00e9es. Allumez la lumi\u00e8re en appuyant sur l\u2019allume-cigare, \u00e9teignez l\u2019interrupteur lorsque la lumi\u00e8re n\u2019est pas utilis\u00e9e.\u2605 \u3010Fibre optique d\u00e9coupable et flexible\u3011 Haute fibre optique avec ailette de 0,5 mm d\u2019\u00e9paisseur, fixez facilement la fibre optique dans le b\u00e2illon du panneau de porte. Avec un clip de 1 mm, faites co\u00efncider la fibre optique avec l\u2019espace du panneau de porte, ferme, ne tombe pas facilement. Utilisation du grattoir pour fixer la fibre optique dans l\u2019espace du panneau de porte. Lors de la coupe, assurez-vous que 12 mm est compl\u00e8tement ins\u00e9r\u00e9 dans la source de lumi\u00e8re, puis coupez l\u2019ailette.\u2605 \u301064 couleurs et fonction de m\u00e9moire\u3011 Des couleurs de bricolage infiniment plus de 16 millions de couleurs et de tons diff\u00e9rents pour la s\u00e9lection, vous pouvez personnaliser vos propres modes de couleurs uniques pour une am\u00e9lioration parfaite pour la mise \u00e0 niveau de votre voiture. Avec la puce m\u00e9moire, apr\u00e8s avoir r\u00e9gl\u00e9 les couleurs, red\u00e9marrez la lumi\u00e8re avec le dernier r\u00e9glage.\u2605 \u3010Synchroniser avec la musique\u3011 Mode musique unique, micro haute sensibilit\u00e9 int\u00e9gr\u00e9, spectre avec lumi\u00e8re et couleurs s\u2019ajustant automatiquement en fonction du son ambiant, puis les lumi\u00e8res LED changeront de couleurs en suivant le rythme de la musique, donneront \u00e0 votre amoureux ou \u00e0 votre famille une surprise et ambiance romantique dans une nuit sp\u00e9ciale.\u2605 \u3010Luminosit\u00e9 r\u00e9glable\u3011 Diff\u00e9rents niveaux de luminosit\u00e9 pour facultatif, tamiser \/ \u00e9claircir la lumi\u00e8re. Vous aimerez une lumi\u00e8re plus sombre pendant que votre enfant dort, une lumi\u00e8re moyenne pendant que vous regardez un film. La lumi\u00e8re la plus brillante pour la vie quotidienne. Personnalisez la luminosit\u00e9 de chaque sc\u00e8ne et prot\u00e9gez la vue.<\/p>","protected":false},"featured_media":56501,"comment_status":"open","ping_status":"closed","template":"","meta":[],"product_brand":[],"product_cat":[2458],"product_tag":[],"class_list":{"0":"post-56502","1":"product","2":"type-product","3":"status-publish","4":"has-post-thumbnail","6":"product_cat-accessoires-auto-moto","8":"first","9":"instock","10":"taxable","11":"shipping-taxable","12":"purchasable","13":"product-type-simple"},"jetpack_sharing_enabled":true,"_links":{"self":[{"href":"https:\/\/shoponlinedz.com\/en\/wp-json\/wp\/v2\/product\/56502","targetHints":{"allow":["GET"]}}],"collection":[{"href":"https:\/\/shoponlinedz.com\/en\/wp-json\/wp\/v2\/product"}],"about":[{"href":"https:\/\/shoponlinedz.com\/en\/wp-json\/wp\/v2\/types\/product"}],"replies":[{"embeddable":true,"href":"https:\/\/shoponlinedz.com\/en\/wp-json\/wp\/v2\/comments?post=56502"}],"version-history":[{"count":0,"href":"https:\/\/shoponlinedz.com\/en\/wp-json\/wp\/v2\/product\/56502\/revisions"}],"wp:featuredmedia":[{"embeddable":true,"href":"https:\/\/shoponlinedz.com\/en\/wp-json\/wp\/v2\/media\/56501"}],"wp:attachment":[{"href":"https:\/\/shoponlinedz.com\/en\/wp-json\/wp\/v2\/media?parent=56502"}],"wp:term":[{"taxonomy":"product_brand","embeddable":true,"href":"https:\/\/shoponlinedz.com\/en\/wp-json\/wp\/v2\/product_brand?post=56502"},{"taxonomy":"product_cat","embeddable":true,"href":"https:\/\/shoponlinedz.com\/en\/wp-json\/wp\/v2\/product_cat?post=56502"},{"taxonomy":"product_tag","embeddable":true,"href":"https:\/\/shoponlinedz.com\/en\/wp-json\/wp\/v2\/product_tag?post=56502"}],"curies":[{"name":"wp","href":"https:\/\/api.w.org\/{rel}","templated":true}]}}