{"id":56469,"date":"2026-01-06T14:55:09","date_gmt":"2026-01-06T14:55:09","guid":{"rendered":"https:\/\/shoponlinedz.com\/product\/aspirateur-de-voiture-a-main-21-000-pa-sans-fil-avec-batterie-rechargeable\/"},"modified":"2026-03-26T18:19:56","modified_gmt":"2026-03-26T17:19:56","slug":"aspirateur-de-voiture-a-main-21-000-pa-sans-fil-avec-batterie-rechargeable","status":"publish","type":"product","link":"https:\/\/shoponlinedz.com\/en\/product\/aspirateur-de-voiture-a-main-21-000-pa-sans-fil-avec-batterie-rechargeable\/","title":{"rendered":"Aspirateur de voiture \u00e0 main 21 000 Pa sans fil avec batterie rechargeable"},"content":{"rendered":"<figure class=\"attachment attachment--preview\" data-trix-attachment=\"{&quot;contentType&quot;:&quot;image&quot;,&quot;height&quot;:1024,&quot;url&quot;:&quot;https:\/\/sawaqli.fra1.cdn.digitaloceanspaces.com\/36063\/Vaccum-Max-cnc.jpg&quot;,&quot;width&quot;:1024}\" data-trix-content-type=\"image\"><img decoding=\"async\" class=\"aligncenter\" src=\"https:\/\/sawaqli.fra1.cdn.digitaloceanspaces.com\/36063\/Vaccum-Max-cnc.jpg\" width=\"1024\" height=\"1024\" \/><figcaption class=\"attachment__caption\"><\/figcaption><\/figure>\n<figure class=\"attachment attachment--preview\" data-trix-attachment=\"{&quot;contentType&quot;:&quot;image&quot;,&quot;height&quot;:1024,&quot;url&quot;:&quot;https:\/\/sawaqli.fra1.cdn.digitaloceanspaces.com\/36064\/Vaccum-Max-4.jpg&quot;,&quot;width&quot;:1024}\" data-trix-content-type=\"image\"><img decoding=\"async\" class=\"aligncenter\" src=\"https:\/\/sawaqli.fra1.cdn.digitaloceanspaces.com\/36064\/Vaccum-Max-4.jpg\" width=\"1024\" height=\"1024\" \/><figcaption class=\"attachment__caption\"><\/figcaption><\/figure>\n<figure class=\"attachment attachment--preview\" data-trix-attachment=\"{&quot;contentType&quot;:&quot;image&quot;,&quot;height&quot;:1024,&quot;url&quot;:&quot;https:\/\/sawaqli.fra1.cdn.digitaloceanspaces.com\/36065\/Vaccum-Max-1.jpg&quot;,&quot;width&quot;:1024}\" data-trix-content-type=\"image\"><img decoding=\"async\" class=\"aligncenter\" src=\"https:\/\/sawaqli.fra1.cdn.digitaloceanspaces.com\/36065\/Vaccum-Max-1.jpg\" width=\"1024\" height=\"1024\" \/><figcaption class=\"attachment__caption\"><\/figcaption><\/figure>\n<figure class=\"attachment attachment--preview\" data-trix-attachment=\"{&quot;contentType&quot;:&quot;image&quot;,&quot;height&quot;:1024,&quot;url&quot;:&quot;https:\/\/sawaqli.fra1.cdn.digitaloceanspaces.com\/36066\/Vaccum-Max-3.jpg&quot;,&quot;width&quot;:1024}\" data-trix-content-type=\"image\"><img decoding=\"async\" class=\"aligncenter\" src=\"https:\/\/sawaqli.fra1.cdn.digitaloceanspaces.com\/36066\/Vaccum-Max-3.jpg\" width=\"1024\" height=\"1024\" \/><figcaption class=\"attachment__caption\"><\/figcaption><\/figure>\n<figure class=\"attachment attachment--preview\" data-trix-attachment=\"{&quot;contentType&quot;:&quot;image&quot;,&quot;height&quot;:1024,&quot;url&quot;:&quot;https:\/\/sawaqli.fra1.cdn.digitaloceanspaces.com\/36067\/Vaccum-Max-5.jpg&quot;,&quot;width&quot;:1024}\" data-trix-content-type=\"image\"><img decoding=\"async\" class=\"aligncenter\" src=\"https:\/\/sawaqli.fra1.cdn.digitaloceanspaces.com\/36067\/Vaccum-Max-5.jpg\" width=\"1024\" height=\"1024\" \/><figcaption class=\"attachment__caption\"><\/figcaption><\/figure>\n<p style=\"text-align: center;\">","protected":false},"excerpt":{"rendered":"<p>Aspiration puissante pour un nettoyage en profondeur : l\u2019aspirateur \u00e0 main Meleg Otthon, avec son aspiration de 18,5 V\/130 W, \u00e9limine facilement la poussi\u00e8re, la salet\u00e9 et les poils d\u2019animaux des tapis, des escaliers et des int\u00e9rieurs de voiture, les gardant impeccables.Sans fil et portable : notre design sans fil \u00e9limine les c\u00e2bles emm\u00eal\u00e9s et la mobilit\u00e9 limit\u00e9e. L\u00e9ger et compact, l\u2019aspirateur \u00e0 main Meleg Otthon est parfait pour les nettoyages rapides et les t\u00e2ches en d\u00e9placement.Batterie rechargeable longue dur\u00e9e : avec jusqu\u2019\u00e0 18 minutes d\u2019autonomie par charge, cet aspirateur rechargeable offre des sessions de nettoyage ininterrompues. Profitez d\u2019une puissance constante et d\u2019une recharge facile.Nettoyage polyvalent pour la maison et la voiture : cet aspirateur polyvalent g\u00e8re plusieurs surfaces et types de d\u00e9bris, des tapis de salon aux tissus d\u2019ameublement de voiture et aux escaliers. Diff\u00e9rents accessoires assurent un nettoyage complet.Entretien facile et \u00e9limination hygi\u00e9nique : dot\u00e9 d\u2019un filtre lavable et d\u2019un r\u00e9servoir \u00e0 poussi\u00e8re convivial, l\u2019entretien est un jeu d\u2019enfant. Videz le r\u00e9cipient en un clic et lavez r\u00e9guli\u00e8rement le filtre pour un nettoyage hygi\u00e9nique et efficace.Passez la souris pour zoomer<\/p>","protected":false},"featured_media":56468,"comment_status":"open","ping_status":"closed","template":"","meta":[],"product_brand":[],"product_cat":[2458],"product_tag":[],"class_list":{"0":"post-56469","1":"product","2":"type-product","3":"status-publish","4":"has-post-thumbnail","6":"product_cat-accessoires-auto-moto","8":"first","9":"instock","10":"taxable","11":"shipping-taxable","12":"purchasable","13":"product-type-simple"},"jetpack_sharing_enabled":true,"_links":{"self":[{"href":"https:\/\/shoponlinedz.com\/en\/wp-json\/wp\/v2\/product\/56469","targetHints":{"allow":["GET"]}}],"collection":[{"href":"https:\/\/shoponlinedz.com\/en\/wp-json\/wp\/v2\/product"}],"about":[{"href":"https:\/\/shoponlinedz.com\/en\/wp-json\/wp\/v2\/types\/product"}],"replies":[{"embeddable":true,"href":"https:\/\/shoponlinedz.com\/en\/wp-json\/wp\/v2\/comments?post=56469"}],"version-history":[{"count":0,"href":"https:\/\/shoponlinedz.com\/en\/wp-json\/wp\/v2\/product\/56469\/revisions"}],"wp:featuredmedia":[{"embeddable":true,"href":"https:\/\/shoponlinedz.com\/en\/wp-json\/wp\/v2\/media\/56468"}],"wp:attachment":[{"href":"https:\/\/shoponlinedz.com\/en\/wp-json\/wp\/v2\/media?parent=56469"}],"wp:term":[{"taxonomy":"product_brand","embeddable":true,"href":"https:\/\/shoponlinedz.com\/en\/wp-json\/wp\/v2\/product_brand?post=56469"},{"taxonomy":"product_cat","embeddable":true,"href":"https:\/\/shoponlinedz.com\/en\/wp-json\/wp\/v2\/product_cat?post=56469"},{"taxonomy":"product_tag","embeddable":true,"href":"https:\/\/shoponlinedz.com\/en\/wp-json\/wp\/v2\/product_tag?post=56469"}],"curies":[{"name":"wp","href":"https:\/\/api.w.org\/{rel}","templated":true}]}}