{"id":56427,"date":"2026-01-06T14:52:55","date_gmt":"2026-01-06T14:52:55","guid":{"rendered":"https:\/\/shoponlinedz.com\/product\/moniteur-de-vue-numerique-de-voiture-tft-lcd-43-pour-camera-de-recul\/"},"modified":"2026-03-26T18:19:57","modified_gmt":"2026-03-26T17:19:57","slug":"moniteur-de-vue-numerique-de-voiture-tft-lcd-43-pour-camera-de-recul","status":"publish","type":"product","link":"https:\/\/shoponlinedz.com\/en\/product\/moniteur-de-vue-numerique-de-voiture-tft-lcd-43-pour-camera-de-recul\/","title":{"rendered":"Moniteur de vue num\u00e9rique de voiture TFT LCD 4,3 pour cam\u00e9ra de recul"},"content":{"rendered":"<figure class=\"attachment attachment--preview\" data-trix-attachment=\"{&quot;contentType&quot;:&quot;image&quot;,&quot;height&quot;:1024,&quot;url&quot;:&quot;https:\/\/sawaqli.fra1.cdn.digitaloceanspaces.com\/36125\/CTC-593-cnc---Copie.jpg&quot;,&quot;width&quot;:1024}\" data-trix-content-type=\"image\"><img decoding=\"async\" class=\"aligncenter\" src=\"https:\/\/sawaqli.fra1.cdn.digitaloceanspaces.com\/36125\/CTC-593-cnc---Copie.jpg\" width=\"1024\" height=\"1024\" \/><figcaption class=\"attachment__caption\"><\/figcaption><\/figure>\n<figure class=\"attachment attachment--preview\" data-trix-attachment=\"{&quot;contentType&quot;:&quot;image&quot;,&quot;height&quot;:1024,&quot;url&quot;:&quot;https:\/\/sawaqli.fra1.cdn.digitaloceanspaces.com\/36129\/CTC-593-8---Copie.jpg&quot;,&quot;width&quot;:1024}\" data-trix-content-type=\"image\"><img decoding=\"async\" class=\"aligncenter\" src=\"https:\/\/sawaqli.fra1.cdn.digitaloceanspaces.com\/36129\/CTC-593-8---Copie.jpg\" width=\"1024\" height=\"1024\" \/><figcaption class=\"attachment__caption\"><\/figcaption><\/figure>\n<figure class=\"attachment attachment--preview\" data-trix-attachment=\"{&quot;contentType&quot;:&quot;image&quot;,&quot;height&quot;:1024,&quot;url&quot;:&quot;https:\/\/sawaqli.fra1.cdn.digitaloceanspaces.com\/36130\/CTC-593-7---Copie.jpg&quot;,&quot;width&quot;:1024}\" data-trix-content-type=\"image\"><img decoding=\"async\" class=\"aligncenter\" src=\"https:\/\/sawaqli.fra1.cdn.digitaloceanspaces.com\/36130\/CTC-593-7---Copie.jpg\" width=\"1024\" height=\"1024\" \/><figcaption class=\"attachment__caption\"><\/figcaption><\/figure>\n<figure class=\"attachment attachment--preview\" data-trix-attachment=\"{&quot;contentType&quot;:&quot;image&quot;,&quot;height&quot;:1024,&quot;url&quot;:&quot;https:\/\/sawaqli.fra1.cdn.digitaloceanspaces.com\/36131\/CTC-593-5---Copie.jpg&quot;,&quot;width&quot;:1024}\" data-trix-content-type=\"image\"><img decoding=\"async\" class=\"aligncenter\" src=\"https:\/\/sawaqli.fra1.cdn.digitaloceanspaces.com\/36131\/CTC-593-5---Copie.jpg\" width=\"1024\" height=\"1024\" \/><figcaption class=\"attachment__caption\"><\/figcaption><\/figure>\n<figure class=\"attachment attachment--preview\" data-trix-attachment=\"{&quot;contentType&quot;:&quot;image&quot;,&quot;height&quot;:1024,&quot;url&quot;:&quot;https:\/\/sawaqli.fra1.cdn.digitaloceanspaces.com\/36132\/CTC-593-4---Copie.jpg&quot;,&quot;width&quot;:1024}\" data-trix-content-type=\"image\"><img decoding=\"async\" class=\"aligncenter\" src=\"https:\/\/sawaqli.fra1.cdn.digitaloceanspaces.com\/36132\/CTC-593-4---Copie.jpg\" width=\"1024\" height=\"1024\" \/><figcaption class=\"attachment__caption\"><\/figcaption><\/figure>\n<p style=\"text-align: center\">","protected":false},"excerpt":{"rendered":"<p>\u00c9cran TFT 4,3 pouces pour une image claire et nette, rapport d\u2019affichage: 16:9, r\u00e9solution de pixels: 480 x 272, chipset universel compatible avec les syst\u00e8mes vid\u00e9o PAL et NTSCMoniteur de voiture avec pare-soleil, peut voir plus clair m\u00eame par temps ensoleill\u00e9, un support avec autocollant adh\u00e9sif en bas pour le coller dans la voiture, r\u00e9glable \u00e0 180 degr\u00e9s, zone visible : 72 x 53 mmLe moniteur dispose de deux entr\u00e9es vid\u00e9o V1\/V2, V2 a la priorit\u00e9, donc normalement la cam\u00e9ra de recul est c\u00e2bl\u00e9e \u00e0 V2, vous pouvez c\u00e2bler une autre cam\u00e9ra avant\/lat\u00e9rale \u00e0 V1, lorsque vous conduisez, vous pouvez voir l\u2019avant par V1, lorsque vous allumez et \u00e9teignez, le V2 fonctionnera automatiquement sur et hors tensionMoniteur TFT LCD et syst\u00e8me de cam\u00e9ra de recul sans fil pour voiture, DVD, VCD, STB, r\u00e9cepteur satellite, la plupart des \u00e9crans TFT et autres \u00e9quipements vid\u00e9o. Conseils : retirez le film protecteur lors de l\u2019utilisationMoniteur de voiture avec puce intelligente int\u00e9gr\u00e9e qui allume automatiquement l\u2019\u00e9cran si n\u00e9cessaire, emp\u00eache fortement les accidents pour vous \u00e9viter les pertes ou les probl\u00e8mes inutiles lorsque vous conduisez en marche arri\u00e8re en \u00e9vitant les enfants, la circulation, les pi\u00e9tons, les jouets et les animaux domestiques<\/p>","protected":false},"featured_media":56426,"comment_status":"open","ping_status":"closed","template":"","meta":[],"product_brand":[],"product_cat":[2458],"product_tag":[],"class_list":{"0":"post-56427","1":"product","2":"type-product","3":"status-publish","4":"has-post-thumbnail","6":"product_cat-accessoires-auto-moto","8":"first","9":"outofstock","10":"taxable","11":"shipping-taxable","12":"purchasable","13":"product-type-simple"},"jetpack_sharing_enabled":true,"_links":{"self":[{"href":"https:\/\/shoponlinedz.com\/en\/wp-json\/wp\/v2\/product\/56427","targetHints":{"allow":["GET"]}}],"collection":[{"href":"https:\/\/shoponlinedz.com\/en\/wp-json\/wp\/v2\/product"}],"about":[{"href":"https:\/\/shoponlinedz.com\/en\/wp-json\/wp\/v2\/types\/product"}],"replies":[{"embeddable":true,"href":"https:\/\/shoponlinedz.com\/en\/wp-json\/wp\/v2\/comments?post=56427"}],"version-history":[{"count":0,"href":"https:\/\/shoponlinedz.com\/en\/wp-json\/wp\/v2\/product\/56427\/revisions"}],"wp:featuredmedia":[{"embeddable":true,"href":"https:\/\/shoponlinedz.com\/en\/wp-json\/wp\/v2\/media\/56426"}],"wp:attachment":[{"href":"https:\/\/shoponlinedz.com\/en\/wp-json\/wp\/v2\/media?parent=56427"}],"wp:term":[{"taxonomy":"product_brand","embeddable":true,"href":"https:\/\/shoponlinedz.com\/en\/wp-json\/wp\/v2\/product_brand?post=56427"},{"taxonomy":"product_cat","embeddable":true,"href":"https:\/\/shoponlinedz.com\/en\/wp-json\/wp\/v2\/product_cat?post=56427"},{"taxonomy":"product_tag","embeddable":true,"href":"https:\/\/shoponlinedz.com\/en\/wp-json\/wp\/v2\/product_tag?post=56427"}],"curies":[{"name":"wp","href":"https:\/\/api.w.org\/{rel}","templated":true}]}}