{"id":56247,"date":"2026-01-06T14:45:28","date_gmt":"2026-01-06T14:45:28","guid":{"rendered":"https:\/\/shoponlinedz.com\/product\/ensemble-de-boxe-pour-enfants-sac-de-frappe-suspendu-avec-gants-jeu-de-3-pieces-%d8%b7%d9%82%d9%85-%d9%83%d9%8a%d8%b3-%d9%85%d9%84%d8%a7%d9%83%d9%85%d8%a9-3-%d9%82%d8%b7%d8%b9\/"},"modified":"2026-03-26T18:20:00","modified_gmt":"2026-03-26T17:20:00","slug":"ensemble-de-boxe-pour-enfants-sac-de-frappe-suspendu-avec-gants-jeu-de-3-pieces-%d8%b7%d9%82%d9%85-%d9%83%d9%8a%d8%b3-%d9%85%d9%84%d8%a7%d9%83%d9%85%d8%a9-3-%d9%82%d8%b7%d8%b9","status":"publish","type":"product","link":"https:\/\/shoponlinedz.com\/en\/product\/ensemble-de-boxe-pour-enfants-sac-de-frappe-suspendu-avec-gants-jeu-de-3-pieces-%d8%b7%d9%82%d9%85-%d9%83%d9%8a%d8%b3-%d9%85%d9%84%d8%a7%d9%83%d9%85%d8%a9-3-%d9%82%d8%b7%d8%b9\/","title":{"rendered":"Ensemble de Boxe pour Enfants Sac de Frappe Suspendu avec Gants Jeu de 3 Pi\u00e8ces \u2013 \u0637\u0642\u0645 \u0643\u064a\u0633 \u0645\u0644\u0627\u0643\u0645\u0629 3 \u0642\u0637\u0639"},"content":{"rendered":"<figure class=\"attachment attachment--preview\" data-trix-attachment=\"{&quot;contentType&quot;:&quot;image&quot;,&quot;height&quot;:1024,&quot;url&quot;:&quot;https:\/\/sawaqli.fra1.cdn.digitaloceanspaces.com\/36579\/Box-medium-cnc.jpg&quot;,&quot;width&quot;:1024}\" data-trix-content-type=\"image\"><img decoding=\"async\" class=\"aligncenter\" src=\"https:\/\/sawaqli.fra1.cdn.digitaloceanspaces.com\/36579\/Box-medium-cnc.jpg\" width=\"1024\" height=\"1024\" \/><figcaption class=\"attachment__caption\"><\/figcaption><\/figure>\n<figure class=\"attachment attachment--preview\" data-trix-attachment=\"{&quot;contentType&quot;:&quot;image&quot;,&quot;height&quot;:1024,&quot;url&quot;:&quot;https:\/\/sawaqli.fra1.cdn.digitaloceanspaces.com\/36580\/Box-medium-4.jpg&quot;,&quot;width&quot;:1024}\" data-trix-content-type=\"image\"><img decoding=\"async\" class=\"aligncenter\" src=\"https:\/\/sawaqli.fra1.cdn.digitaloceanspaces.com\/36580\/Box-medium-4.jpg\" width=\"1024\" height=\"1024\" \/><figcaption class=\"attachment__caption\"><\/figcaption><\/figure>\n<figure class=\"attachment attachment--preview\" data-trix-attachment=\"{&quot;contentType&quot;:&quot;image&quot;,&quot;height&quot;:1024,&quot;url&quot;:&quot;https:\/\/sawaqli.fra1.cdn.digitaloceanspaces.com\/36581\/Box-medium-1.jpg&quot;,&quot;width&quot;:1024}\" data-trix-content-type=\"image\"><img decoding=\"async\" class=\"aligncenter\" src=\"https:\/\/sawaqli.fra1.cdn.digitaloceanspaces.com\/36581\/Box-medium-1.jpg\" width=\"1024\" height=\"1024\" \/><figcaption class=\"attachment__caption\"><\/figcaption><\/figure>\n<figure class=\"attachment attachment--preview\" data-trix-attachment=\"{&quot;contentType&quot;:&quot;image&quot;,&quot;height&quot;:1024,&quot;url&quot;:&quot;https:\/\/sawaqli.fra1.cdn.digitaloceanspaces.com\/36582\/Box-medium-2.jpg&quot;,&quot;width&quot;:1024}\" data-trix-content-type=\"image\"><img decoding=\"async\" class=\"aligncenter\" src=\"https:\/\/sawaqli.fra1.cdn.digitaloceanspaces.com\/36582\/Box-medium-2.jpg\" width=\"1024\" height=\"1024\" \/><figcaption class=\"attachment__caption\"><\/figcaption><\/figure>\n<figure class=\"attachment attachment--preview\" data-trix-attachment=\"{&quot;contentType&quot;:&quot;image&quot;,&quot;height&quot;:1024,&quot;url&quot;:&quot;https:\/\/sawaqli.fra1.cdn.digitaloceanspaces.com\/36583\/Box-medium-3.jpg&quot;,&quot;width&quot;:1024}\" data-trix-content-type=\"image\"><img decoding=\"async\" class=\"aligncenter\" src=\"https:\/\/sawaqli.fra1.cdn.digitaloceanspaces.com\/36583\/Box-medium-3.jpg\" width=\"1024\" height=\"1024\" \/><figcaption class=\"attachment__caption\"><\/figcaption><\/figure>\n<p style=\"text-align: center;\">","protected":false},"excerpt":{"rendered":"<p>Ensemble Complet : Comprend un sac de frappe suspendu et une paire de gants de boxe adapt\u00e9s aux enfants.Mat\u00e9riaux Durables : Fabriqu\u00e9 avec des mat\u00e9riaux robustes pour r\u00e9sister aux coups r\u00e9p\u00e9t\u00e9s, assurant une longue dur\u00e9e de vie.S\u00e9curit\u00e9 Optimale : Les gants sont con\u00e7us pour prot\u00e9ger les mains des enfants, offrant un rembourrage ad\u00e9quat pour \u00e9viter les blessures.Facile \u00e0 Installer : Le sac de frappe est simple \u00e0 suspendre, permettant une installation rapide \u00e0 l\u2019int\u00e9rieur ou \u00e0 l\u2019ext\u00e9rieur.D\u00e9veloppement Physique : Aide \u00e0 am\u00e9liorer la coordination \u0153il-main, la force physique et la concentration chez les enfants.<\/p>","protected":false},"featured_media":56246,"comment_status":"open","ping_status":"closed","template":"","meta":[],"product_brand":[],"product_cat":[2459],"product_tag":[],"class_list":{"0":"post-56247","1":"product","2":"type-product","3":"status-publish","4":"has-post-thumbnail","6":"product_cat-jouet-gaming","8":"first","9":"instock","10":"taxable","11":"shipping-taxable","12":"purchasable","13":"product-type-simple"},"jetpack_sharing_enabled":true,"_links":{"self":[{"href":"https:\/\/shoponlinedz.com\/en\/wp-json\/wp\/v2\/product\/56247","targetHints":{"allow":["GET"]}}],"collection":[{"href":"https:\/\/shoponlinedz.com\/en\/wp-json\/wp\/v2\/product"}],"about":[{"href":"https:\/\/shoponlinedz.com\/en\/wp-json\/wp\/v2\/types\/product"}],"replies":[{"embeddable":true,"href":"https:\/\/shoponlinedz.com\/en\/wp-json\/wp\/v2\/comments?post=56247"}],"version-history":[{"count":0,"href":"https:\/\/shoponlinedz.com\/en\/wp-json\/wp\/v2\/product\/56247\/revisions"}],"wp:featuredmedia":[{"embeddable":true,"href":"https:\/\/shoponlinedz.com\/en\/wp-json\/wp\/v2\/media\/56246"}],"wp:attachment":[{"href":"https:\/\/shoponlinedz.com\/en\/wp-json\/wp\/v2\/media?parent=56247"}],"wp:term":[{"taxonomy":"product_brand","embeddable":true,"href":"https:\/\/shoponlinedz.com\/en\/wp-json\/wp\/v2\/product_brand?post=56247"},{"taxonomy":"product_cat","embeddable":true,"href":"https:\/\/shoponlinedz.com\/en\/wp-json\/wp\/v2\/product_cat?post=56247"},{"taxonomy":"product_tag","embeddable":true,"href":"https:\/\/shoponlinedz.com\/en\/wp-json\/wp\/v2\/product_tag?post=56247"}],"curies":[{"name":"wp","href":"https:\/\/api.w.org\/{rel}","templated":true}]}}