{"id":56197,"date":"2026-01-06T14:43:29","date_gmt":"2026-01-06T14:43:29","guid":{"rendered":"https:\/\/shoponlinedz.com\/product\/machine-a-pates-noodle-electrique-portative-en-acier-inoxydable\/"},"modified":"2026-03-26T18:20:01","modified_gmt":"2026-03-26T17:20:01","slug":"machine-a-pates-noodle-electrique-portative-en-acier-inoxydable","status":"publish","type":"product","link":"https:\/\/shoponlinedz.com\/en\/product\/machine-a-pates-noodle-electrique-portative-en-acier-inoxydable\/","title":{"rendered":"Machine \u00e0 p\u00e2tes Noodle \u00e9lectrique portative en acier inoxydable"},"content":{"rendered":"<figure class=\"attachment attachment--preview\" data-trix-attachment=\"{&quot;contentType&quot;:&quot;image&quot;,&quot;height&quot;:1024,&quot;url&quot;:&quot;https:\/\/sawaqli.fra1.cdn.digitaloceanspaces.com\/36024\/Noodle-cnc.jpg&quot;,&quot;width&quot;:1024}\" data-trix-content-type=\"image\"><img decoding=\"async\" class=\"aligncenter\" src=\"https:\/\/sawaqli.fra1.cdn.digitaloceanspaces.com\/36024\/Noodle-cnc.jpg\" width=\"1024\" height=\"1024\" \/><figcaption class=\"attachment__caption\"><\/figcaption><\/figure>\n<figure class=\"attachment attachment--preview\" data-trix-attachment=\"{&quot;contentType&quot;:&quot;image&quot;,&quot;height&quot;:1024,&quot;url&quot;:&quot;https:\/\/sawaqli.fra1.cdn.digitaloceanspaces.com\/36025\/Noodle-2-1.jpg&quot;,&quot;width&quot;:1024}\" data-trix-content-type=\"image\"><img decoding=\"async\" class=\"aligncenter\" src=\"https:\/\/sawaqli.fra1.cdn.digitaloceanspaces.com\/36025\/Noodle-2-1.jpg\" width=\"1024\" height=\"1024\" \/><figcaption class=\"attachment__caption\"><\/figcaption><\/figure>\n<figure class=\"attachment attachment--preview\" data-trix-attachment=\"{&quot;contentType&quot;:&quot;image&quot;,&quot;height&quot;:1024,&quot;url&quot;:&quot;https:\/\/sawaqli.fra1.cdn.digitaloceanspaces.com\/36026\/Noodle-7.jpg&quot;,&quot;width&quot;:1024}\" data-trix-content-type=\"image\"><img decoding=\"async\" class=\"aligncenter\" src=\"https:\/\/sawaqli.fra1.cdn.digitaloceanspaces.com\/36026\/Noodle-7.jpg\" width=\"1024\" height=\"1024\" \/><figcaption class=\"attachment__caption\"><\/figcaption><\/figure>\n<figure class=\"attachment attachment--preview\" data-trix-attachment=\"{&quot;contentType&quot;:&quot;image&quot;,&quot;height&quot;:1024,&quot;url&quot;:&quot;https:\/\/sawaqli.fra1.cdn.digitaloceanspaces.com\/36027\/Noodle-6.jpg&quot;,&quot;width&quot;:1024}\" data-trix-content-type=\"image\"><img decoding=\"async\" class=\"aligncenter\" src=\"https:\/\/sawaqli.fra1.cdn.digitaloceanspaces.com\/36027\/Noodle-6.jpg\" width=\"1024\" height=\"1024\" \/><figcaption class=\"attachment__caption\"><\/figcaption><\/figure>\n<figure class=\"attachment attachment--preview\" data-trix-attachment=\"{&quot;contentType&quot;:&quot;image&quot;,&quot;height&quot;:1024,&quot;url&quot;:&quot;https:\/\/sawaqli.fra1.cdn.digitaloceanspaces.com\/36028\/Noodle-5.jpg&quot;,&quot;width&quot;:1024}\" data-trix-content-type=\"image\"><img decoding=\"async\" class=\"aligncenter\" src=\"https:\/\/sawaqli.fra1.cdn.digitaloceanspaces.com\/36028\/Noodle-5.jpg\" width=\"1024\" height=\"1024\" \/><figcaption class=\"attachment__caption\"><\/figcaption><\/figure>\n<p style=\"text-align: center;\">","protected":false},"excerpt":{"rendered":"<p>\u0622\u0644\u0629 \u0643\u0647\u0631\u0628\u0627\u0626\u064a\u0629 \u0644\u0635\u0646\u0639 \u0627\u0644\u0645\u0639\u0643\u0631\u0648\u0646\u0629:\u0633\u0631\u064a\u0639\u0629 \u0648\u0641\u0639\u0627\u0644\u0629: \u0633\u0631\u0639\u0629 \u0633\u062d\u0628 \u0641\u0627\u0631\u063a\u0629 5.5 \u0645\u0645\/\u062b\u0627\u0646\u064a\u0629 \u0644\u062a\u062d\u0636\u064a\u0631 \u0627\u0644\u0645\u0639\u0643\u0631\u0648\u0646\u0629 \u0628\u0633\u0631\u0639\u0629 \u0648\u062f\u0648\u0646 \u062c\u0647\u062f.\u0645\u062d\u0645\u0648\u0644\u0629 \u0648\u0635\u063a\u064a\u0631\u0629 \u0627\u0644\u062d\u062c\u0645: \u0633\u0647\u0644\u0629 \u0627\u0644\u062a\u062e\u0632\u064a\u0646 \u0648\u0627\u0644\u062d\u0645\u0644 \u0644\u0644\u0627\u0633\u062a\u0645\u062a\u0627\u0639 \u0628\u0645\u0639\u0643\u0631\u0648\u0646\u0629 \u0637\u0627\u0632\u062c\u0629 \u0641\u064a \u0623\u064a \u0645\u0643\u0627\u0646.\u0645\u0635\u0646\u0648\u0639\u0629 \u0645\u0646 \u0627\u0644\u0641\u0648\u0644\u0627\u0630 \u0627\u0644\u0645\u0642\u0627\u0648\u0645 \u0644\u0644\u0635\u062f\u0623 304: \u0645\u0642\u0627\u0648\u0645\u0629 \u0644\u0644\u062a\u0622\u0643\u0644 \u0648\u0639\u0645\u0631 \u0627\u0633\u062a\u062e\u062f\u0627\u0645 \u0637\u0648\u064a\u0644.\u0627\u0633\u062a\u062e\u062f\u0627\u0645 \u0645\u062a\u0639\u062f\u062f: \u062a\u062d\u0636\u064a\u0631 \u0645\u0639\u0643\u0631\u0648\u0646\u0629\u060c \u0646\u0648\u062f\u0644\u0632 hele \u0648\u062d\u062a\u0649 \u0627\u0644\u0646\u0642\u0627\u0646\u0642 \u0628\u0633\u0647\u0648\u0644\u0629.\u0628\u0637\u0627\u0631\u064a\u0629 \u0644\u064a\u062b\u064a\u0648\u0645 \u0645\u062f\u0645\u062c\u0629: \u0644\u0635\u0646\u0639 \u0627\u0644\u0645\u0639\u0643\u0631\u0648\u0646\u0629 \u062a\u0644\u0642\u0627\u0626\u064a\u0627\u064b \u0648\u0628\u0633\u0647\u0648\u0644\u0629.<\/p>","protected":false},"featured_media":56196,"comment_status":"open","ping_status":"closed","template":"","meta":[],"product_brand":[],"product_cat":[2456],"product_tag":[],"class_list":{"0":"post-56197","1":"product","2":"type-product","3":"status-publish","4":"has-post-thumbnail","6":"product_cat-cuisine","8":"first","9":"instock","10":"taxable","11":"shipping-taxable","12":"purchasable","13":"product-type-simple"},"jetpack_sharing_enabled":true,"_links":{"self":[{"href":"https:\/\/shoponlinedz.com\/en\/wp-json\/wp\/v2\/product\/56197","targetHints":{"allow":["GET"]}}],"collection":[{"href":"https:\/\/shoponlinedz.com\/en\/wp-json\/wp\/v2\/product"}],"about":[{"href":"https:\/\/shoponlinedz.com\/en\/wp-json\/wp\/v2\/types\/product"}],"replies":[{"embeddable":true,"href":"https:\/\/shoponlinedz.com\/en\/wp-json\/wp\/v2\/comments?post=56197"}],"version-history":[{"count":0,"href":"https:\/\/shoponlinedz.com\/en\/wp-json\/wp\/v2\/product\/56197\/revisions"}],"wp:featuredmedia":[{"embeddable":true,"href":"https:\/\/shoponlinedz.com\/en\/wp-json\/wp\/v2\/media\/56196"}],"wp:attachment":[{"href":"https:\/\/shoponlinedz.com\/en\/wp-json\/wp\/v2\/media?parent=56197"}],"wp:term":[{"taxonomy":"product_brand","embeddable":true,"href":"https:\/\/shoponlinedz.com\/en\/wp-json\/wp\/v2\/product_brand?post=56197"},{"taxonomy":"product_cat","embeddable":true,"href":"https:\/\/shoponlinedz.com\/en\/wp-json\/wp\/v2\/product_cat?post=56197"},{"taxonomy":"product_tag","embeddable":true,"href":"https:\/\/shoponlinedz.com\/en\/wp-json\/wp\/v2\/product_tag?post=56197"}],"curies":[{"name":"wp","href":"https:\/\/api.w.org\/{rel}","templated":true}]}}