{"id":56007,"date":"2026-01-06T14:34:46","date_gmt":"2026-01-06T14:34:46","guid":{"rendered":"https:\/\/shoponlinedz.com\/product\/boite-a-lunch-electrique-portable-avec-2-recipients-amovibles-en-acier-inoxydable-%d8%b9%d9%84%d8%a8%d8%a9-%d8%aa%d8%b3%d8%ae%d9%8a%d9%86-%d8%b7%d8%b9%d8%a7%d9%85\/"},"modified":"2026-03-26T18:20:08","modified_gmt":"2026-03-26T17:20:08","slug":"boite-a-lunch-electrique-portable-avec-2-recipients-amovibles-en-acier-inoxydable-%d8%b9%d9%84%d8%a8%d8%a9-%d8%aa%d8%b3%d8%ae%d9%8a%d9%86-%d8%b7%d8%b9%d8%a7%d9%85","status":"publish","type":"product","link":"https:\/\/shoponlinedz.com\/en\/product\/boite-a-lunch-electrique-portable-avec-2-recipients-amovibles-en-acier-inoxydable-%d8%b9%d9%84%d8%a8%d8%a9-%d8%aa%d8%b3%d8%ae%d9%8a%d9%86-%d8%b7%d8%b9%d8%a7%d9%85\/","title":{"rendered":"Bo\u00eete \u00e0 Lunch \u00c9lectrique Portable avec 2 R\u00e9cipients Amovibles en Acier Inoxydable \u2013 \u0639\u0644\u0628\u0629 \u062a\u0633\u062e\u064a\u0646 \u0637\u0639\u0627\u0645"},"content":{"rendered":"<figure class=\"attachment attachment--preview\" data-trix-attachment=\"{&quot;contentType&quot;:&quot;image&quot;,&quot;height&quot;:1024,&quot;url&quot;:&quot;https:\/\/sawaqli.fra1.cdn.digitaloceanspaces.com\/37184\/Cooking-Box-CNC.jpg&quot;,&quot;width&quot;:1024}\" data-trix-content-type=\"image\"><img decoding=\"async\" class=\"aligncenter\" src=\"https:\/\/sawaqli.fra1.cdn.digitaloceanspaces.com\/37184\/Cooking-Box-CNC.jpg\" width=\"1024\" height=\"1024\" \/><figcaption class=\"attachment__caption\"><\/figcaption><\/figure>\n<figure class=\"attachment attachment--preview\" data-trix-attachment=\"{&quot;contentType&quot;:&quot;image&quot;,&quot;height&quot;:1024,&quot;url&quot;:&quot;https:\/\/sawaqli.fra1.cdn.digitaloceanspaces.com\/37185\/Cooking-Box-1.jpg&quot;,&quot;width&quot;:1024}\" data-trix-content-type=\"image\"><img decoding=\"async\" class=\"aligncenter\" src=\"https:\/\/sawaqli.fra1.cdn.digitaloceanspaces.com\/37185\/Cooking-Box-1.jpg\" width=\"1024\" height=\"1024\" \/><figcaption class=\"attachment__caption\"><\/figcaption><\/figure>\n<figure class=\"attachment attachment--preview\" data-trix-attachment=\"{&quot;contentType&quot;:&quot;image&quot;,&quot;height&quot;:1024,&quot;url&quot;:&quot;https:\/\/sawaqli.fra1.cdn.digitaloceanspaces.com\/37186\/Cooking-Box-6.jpg&quot;,&quot;width&quot;:1024}\" data-trix-content-type=\"image\"><img decoding=\"async\" class=\"aligncenter\" src=\"https:\/\/sawaqli.fra1.cdn.digitaloceanspaces.com\/37186\/Cooking-Box-6.jpg\" width=\"1024\" height=\"1024\" \/><figcaption class=\"attachment__caption\"><\/figcaption><\/figure>\n<figure class=\"attachment attachment--preview\" data-trix-attachment=\"{&quot;contentType&quot;:&quot;image&quot;,&quot;height&quot;:1024,&quot;url&quot;:&quot;https:\/\/sawaqli.fra1.cdn.digitaloceanspaces.com\/37187\/Cooking-Box-11.jpg&quot;,&quot;width&quot;:1024}\" data-trix-content-type=\"image\"><img decoding=\"async\" class=\"aligncenter\" src=\"https:\/\/sawaqli.fra1.cdn.digitaloceanspaces.com\/37187\/Cooking-Box-11.jpg\" width=\"1024\" height=\"1024\" \/><figcaption class=\"attachment__caption\"><\/figcaption><\/figure>\n<figure class=\"attachment attachment--preview\" data-trix-attachment=\"{&quot;contentType&quot;:&quot;image&quot;,&quot;height&quot;:1024,&quot;url&quot;:&quot;https:\/\/sawaqli.fra1.cdn.digitaloceanspaces.com\/37188\/Cooking-Box-3.jpg&quot;,&quot;width&quot;:1024}\" data-trix-content-type=\"image\"><img decoding=\"async\" class=\"aligncenter\" src=\"https:\/\/sawaqli.fra1.cdn.digitaloceanspaces.com\/37188\/Cooking-Box-3.jpg\" width=\"1024\" height=\"1024\" \/><figcaption class=\"attachment__caption\"><\/figcaption><\/figure>\n<p style=\"text-align: center;\">","protected":false},"excerpt":{"rendered":"<p>\ud83c\udf71 \u062d\u0627\u0641\u0638\u0629 \u0637\u0639\u0627\u0645 \u0643\u0647\u0631\u0628\u0627\u0626\u064a\u0629 \u0628\u0633\u0639\u0629 1.5 \u0644\u062a\u0631 \u2013 \u062a\u0633\u062e\u064a\u0646 \u0633\u0631\u064a\u0639 \u062d\u0627\u0641\u0638 \u0639\u0644\u0649 \u0648\u062c\u0628\u0627\u062a\u0643 \u0633\u0627\u062e\u0646\u0629 \u0648\u0634\u0647\u064a\u0629 \u0623\u064a\u0646\u0645\u0627 \u0643\u0646\u062a \u0645\u0639 \u0647\u0630\u0647 \u0627\u0644\u062d\u0627\u0641\u0638\u0629 \u0627\u0644\u0639\u0645\u0644\u064a\u0629 \u0630\u0627\u062a \u0627\u0644\u062a\u0635\u0645\u064a\u0645 \u0627\u0644\u0645\u0642\u0627\u0648\u0645 \u0644\u0644\u062a\u0633\u0631\u0628.\u2728 \u0627\u0644\u0645\u0645\u064a\u0632\u0627\u062a:\u0645\u0648\u0627\u062f \u0622\u0645\u0646\u0629 \u0644\u0644\u0637\u0639\u0627\u0645: \u0628\u0644\u0627\u0633\u062a\u064a\u0643 PP \u0645\u062a\u064a\u0646 \u0648\u0641\u0648\u0644\u0627\u0630 \u0645\u0642\u0627\u0648\u0645 \u0644\u0644\u0635\u062f\u0623 304.\u0633\u0639\u0629 1.5 \u0644\u062a\u0631 \u0645\u0639 \u0642\u0633\u0645\u064a\u0646 \ud83c\udf72: \u0644\u0641\u0635\u0644 \u0623\u0646\u0648\u0627\u0639 \u0627\u0644\u0637\u0639\u0627\u0645 \u0627\u0644\u0645\u062e\u062a\u0644\u0641\u0629.\u062a\u0642\u0646\u064a\u0629 \u062a\u0633\u062e\u064a\u0646 PTC \u26a1: \u062a\u0633\u062e\u064a\u0646 \u0645\u062a\u0633\u0627\u0648\u064d \u0648\u0633\u0631\u064a\u0639 \u062e\u0644\u0627\u0644 30-50 \u062f\u0642\u064a\u0642\u0629.\u062a\u0635\u0645\u064a\u0645 \u0645\u0642\u0627\u0648\u0645 \u0644\u0644\u062a\u0633\u0631\u0628 \ud83d\udca7: \u0645\u0639 \u062d\u0644\u0642\u0629 \u0625\u062d\u0643\u0627\u0645 \u0644\u0645\u0646\u0639 \u0627\u0646\u0633\u0643\u0627\u0628 \u0627\u0644\u0633\u0648\u0627\u0626\u0644.\u0633\u0647\u0644\u0629 \u0627\u0644\u062a\u0646\u0638\u064a\u0641: \u0627\u0644\u0623\u0648\u0639\u064a\u0629 \u0642\u0627\u0628\u0644\u0629 \u0644\u0644\u0625\u0632\u0627\u0644\u0629 \u0648\u063a\u0633\u0644\u0647\u0627 \u0641\u064a \u063a\u0633\u0627\u0644\u0629 \u0627\u0644\u0635\u062d\u0648\u0646.<\/p>","protected":false},"featured_media":56006,"comment_status":"open","ping_status":"closed","template":"","meta":[],"product_brand":[],"product_cat":[2456],"product_tag":[],"class_list":{"0":"post-56007","1":"product","2":"type-product","3":"status-publish","4":"has-post-thumbnail","6":"product_cat-cuisine","8":"first","9":"instock","10":"taxable","11":"shipping-taxable","12":"purchasable","13":"product-type-simple"},"jetpack_sharing_enabled":true,"_links":{"self":[{"href":"https:\/\/shoponlinedz.com\/en\/wp-json\/wp\/v2\/product\/56007","targetHints":{"allow":["GET"]}}],"collection":[{"href":"https:\/\/shoponlinedz.com\/en\/wp-json\/wp\/v2\/product"}],"about":[{"href":"https:\/\/shoponlinedz.com\/en\/wp-json\/wp\/v2\/types\/product"}],"replies":[{"embeddable":true,"href":"https:\/\/shoponlinedz.com\/en\/wp-json\/wp\/v2\/comments?post=56007"}],"version-history":[{"count":0,"href":"https:\/\/shoponlinedz.com\/en\/wp-json\/wp\/v2\/product\/56007\/revisions"}],"wp:featuredmedia":[{"embeddable":true,"href":"https:\/\/shoponlinedz.com\/en\/wp-json\/wp\/v2\/media\/56006"}],"wp:attachment":[{"href":"https:\/\/shoponlinedz.com\/en\/wp-json\/wp\/v2\/media?parent=56007"}],"wp:term":[{"taxonomy":"product_brand","embeddable":true,"href":"https:\/\/shoponlinedz.com\/en\/wp-json\/wp\/v2\/product_brand?post=56007"},{"taxonomy":"product_cat","embeddable":true,"href":"https:\/\/shoponlinedz.com\/en\/wp-json\/wp\/v2\/product_cat?post=56007"},{"taxonomy":"product_tag","embeddable":true,"href":"https:\/\/shoponlinedz.com\/en\/wp-json\/wp\/v2\/product_tag?post=56007"}],"curies":[{"name":"wp","href":"https:\/\/api.w.org\/{rel}","templated":true}]}}